{"id":306,"date":"2015-11-24T18:02:44","date_gmt":"2015-11-24T17:02:44","guid":{"rendered":"http:\/\/agora.xtec.cat\/credv\/?page_id=306"},"modified":"2021-06-08T12:59:36","modified_gmt":"2021-06-08T10:59:36","slug":"equip","status":"publish","type":"page","link":"https:\/\/agora.xtec.cat\/credv\/equip\/","title":{"rendered":"Equip"},"content":{"rendered":"<p style=\"text-align: justify;\">El CREDV \/ CRE ONCE Barcelona est\u00e0 format per un conjunt d&#8217;equips de professionals i serveis, que de manera coordinada, duen a terme la tasca encomanada.<\/p>\n<p style=\"text-align: justify;\">Aquests equips de professionals i serveis s\u00f3n els seg\u00fcents:<\/p>\n<ul>\n<li style=\"text-align: justify;\"><strong>Direcci\u00f3.<\/strong><\/li>\n<\/ul>\n<p style=\"text-align: justify;\">La Direcci\u00f3 del CRE ONCE Barcelona, formada per un director i una directora t\u00e8cnica Pedag\u00f2gica de ONCE, tal com est\u00e0 regulat pel Conveni signat el 17 de maig de 2013, entre el Departament d&#8217;Ensenyament de la Generalitat de Catalunya i l&#8217;ONCE, \u00e9s qui coordina i gestiona el CREDV.<\/p>\n<ul>\n<li style=\"text-align: justify;\"><strong>Equip Psicopedag\u00f2gic.<\/strong><\/li>\n<\/ul>\n<p style=\"text-align: justify;\">Aquest equip multidisciplinari, ubicat a la seu central del CREDV \/ CRE ONCE Barcelona i amb un \u00e0mbit d&#8217;actuaci\u00f3 de tot Catalunya, est\u00e0 format per psicopedagogues, treballadores socials, psic\u00f2legs i un pedagog, tant professionals ONCE com de Generalitat.<\/p>\n<ul>\n<li style=\"text-align: justify;\"><strong>Professorat del CREDV \/ CRE ONCE Barcelona.<\/strong><\/li>\n<\/ul>\n<p style=\"text-align: justify;\">El grup de professionals del CREDV \/ CRE ONCE Barcelona s\u00f3n itinerants i s&#8217;organitzen en funci\u00f3 dels Serveis Territorials del Departament d&#8217;Ensenyament, existents a Catalunya. Es distingeixen Equips de mestres de suport a Barcelona, Tarragona, Girona i Lleida.<\/p>\n<p style=\"text-align: justify; padding-left: 30px;\"><strong>c.1) Equip de Barcelona.<\/strong><\/p>\n<p style=\"text-align: justify; padding-left: 30px;\">Aquest equip est\u00e0 ubicat a la seu del CRE, edifici ONCE Catalunya (Barcelona) i est\u00e0 constitu\u00eft pels seg\u00fcents subequips:<\/p>\n<ul style=\"list-style-type: square;\">\n<li style=\"text-align: justify; padding-left: 30px;\"><strong>Equip d&#8217;Atenci\u00f3 Preco\u00e7.<\/strong> At\u00e9n l&#8217;etapa de 0 a 3 anys. El seu \u00e0mbit d&#8217;intervenci\u00f3 s\u00f3n hospitals, escoles infantils, CDIAP, etc., dels diferents Serveis Territorials que configuren la prov\u00edncia de Barcelona. Des d&#8217;aquest equip, tamb\u00e9 es realitza molta intervenci\u00f3 directa amb fam\u00edlies i nens \/ es, en les mateixes instal\u00b7lacions del CREDV \/ CRE ONCE Barcelona.<\/li>\n<li style=\"text-align: justify; padding-left: 30px;\"><strong>Equip de Catalunya Central \/ Vall\u00e8s Oriental-Maresme, Equip de Baix Llobregat \/ Vall\u00e8s Occidental, Equip de Consorci \/ Barcelona Comarques.<\/strong> Aquests equips, tal com el seu nom indica, ofereixen el seu suport, tant als centres educatius ordinaris, com d&#8217;educaci\u00f3 especial, ubicats en aquest territori. Format per mestres itinerants.<\/li>\n<li style=\"text-align: justify; padding-left: 30px;\"><strong>Equip d&#8217;Atenci\u00f3 a la Sordceguesa.<\/strong> D&#8217;aquest equip formen part professionals, anomenades PESZ (Professionals Especialistes en Sordceguesa de la zona) i mediadores de FOAPS que ofereixen el seu suport als mestres itinerants que atenen a l&#8217;alumnat amb sordceguesa i a persones adultes amb el reconeixement de sordceguesa. Aquestes professionals intervenen en l&#8217;\u00e0mbit de tot Catalunya i en tota la zona d&#8217;influ\u00e8ncia del CRE ONCE Barcelona.<\/li>\n<li style=\"text-align: justify; padding-left: 30px;\"><strong>Equip d&#8217;Adults<\/strong>. Format per mestres itinerants que ofereixen suport a persones adultes que compleixen els criteris d&#8217;afiliaci\u00f3 a l&#8217;ONCE. Aquest equip nom\u00e9s interv\u00e9 amb la pr\u00e8via sol\u00b7licitud de l&#8217;alumnat at\u00e8s.<\/li>\n<li style=\"text-align: justify; padding-left: 30px;\"><strong>T\u00e8cnics i professorat especialitzat.<\/strong> Equip format per diferents professionals especialistes que ofereixen el seu suport a la resta d&#8217;equips de professionals. Aquests especialistes s\u00f3n: instructors tiflot\u00e8cnics; professor d&#8217;inform\u00e0tica; especialistes en Educaci\u00f3 Musical; T\u00e8cnics en Rehabilitaci\u00f3 Integral; especialistes d&#8217;Educaci\u00f3 F\u00edsica, mestre referent de Ci\u00e8ncies, especialista de Matem\u00e0tiques i mestra referent d&#8217;Educaci\u00f3 Visual i Pl\u00e0stica.<\/li>\n<\/ul>\n<p style=\"text-align: justify; padding-left: 30px;\"><strong>c.2) Equip de Girona.<\/strong><\/p>\n<p style=\"text-align: justify; padding-left: 30px;\">L&#8217;\u00e0mbit d&#8217;intervenci\u00f3 d&#8217;aquest equip \u00e9s el Servei Territorial de Girona. Disposa d&#8217;una subseu del CREDV \/ CRE ONCE Barcelona a Girona ciutat, situada al Servei Educatiu del Giron\u00e8s i ha estat format per professionals. Cada un d&#8217;aquests at\u00e9n una zona assignada i compten amb la col\u00b7laboraci\u00f3 directa d&#8217;alguns Centres de Recursos Pedag\u00f2gics de la prov\u00edncia.<\/p>\n<p style=\"text-align: justify; padding-left: 30px;\"><strong>c.3) Equip de Lleida.<\/strong><\/p>\n<p style=\"text-align: justify; padding-left: 30px;\">Format per diversos professionals. Aquest equip tamb\u00e9 disposa d&#8217;una subseu del CREDV \/ CRE ONCE Barcelona, a Lleida ciutat, situada al Servei Educatiu del Segri\u00e0.<\/p>\n<p style=\"text-align: justify; padding-left: 30px;\"><strong>c.4) Equip de Tarragona.<\/strong><\/p>\n<p style=\"text-align: justify; padding-left: 30px;\">L&#8217;\u00e0mbit d&#8217;intervenci\u00f3 d&#8217;aquest equip es concreta en els Serveis Territorials de Tarragona i el de les Terres de l&#8217;Ebre. Est\u00e0 format per mestres. Es disposa d&#8217;una subseu del CREDV \/ CRE ONCE Barcelona a Tarragona ciutat (DAP Onze Tarragona) i una altra a Tortosa (Servei Educatiu de les Terres de l&#8217;Ebre).<\/p>\n<p style=\"text-align: justify; padding-left: 30px;\">La subseu del CREDV \/ CRE ONCE Barcelona a Tarragona, a m\u00e9s d&#8217;estar constitu\u00efda per professorat itinerant, tamb\u00e9 est\u00e0 formada per treballadores socials, psic\u00f2leg, psicopedagoga, t\u00e8cnics de rehabilitaci\u00f3 visual i instructors tiflot\u00e8cnics, que ofereixen suport espec\u00edfic en la tasca del professorat itinerant i amb un \u00e0mbit d&#8217;actuaci\u00f3 en els Serveis Territorials de Tarragona, Lleida i Terres de l&#8217;Ebre.<\/p>\n<ul>\n<li style=\"text-align: justify;\"><strong>Serveis.<\/strong><\/li>\n<\/ul>\n<p style=\"text-align: justify;\">Amb l&#8217;objectiu d&#8217;oferir recursos de qualitat, el CREDV-CRE ONCE Barcelona disposa dels seg\u00fcents Serveis, tant per als seus professionals com per a l&#8217;alumnat at\u00e8s:<\/p>\n<ul style=\"list-style-type: square;\">\n<li style=\"text-align: justify;\"><strong>SECC (Servei d&#8217;Escolaritat Combinada \/ Compartida).<\/strong> Servei que s&#8217;ofereix a tot l&#8217;alumnat que cursa estudis obligatoris i que, per necessitats derivades de la seva discapacitat visual, requereix d&#8217;uns aprenentatges espec\u00edfics i t\u00e8cniques instrumentals, de manera intensiva, durant un per\u00edode de temps determinat.<\/li>\n<li style=\"text-align: justify;\"><strong>SARDT (Servei d&#8217;Adaptaci\u00f3 i Recursos Did\u00e0ctics i Tecnol\u00f2gics)<\/strong>. Principalment, aquest Servei t\u00e9 la funci\u00f3 d&#8217;elaborar i adaptar els materials did\u00e0ctics accessibles (llibres de text, apunts, llibres de lectura, etc), que l&#8217;alumnat amb discapacitat visual greu precisa per seguir els seus estudis amb normalitat. A m\u00e9s, tamb\u00e9 s&#8217;adapten tota la varietat de proves d&#8217;acc\u00e9s (PAU, CFGM, CFGS, etc.) compet\u00e8ncies b\u00e0siques, avaluacions diagn\u00f2stiques, proves de nivell d&#8217;idiomes, etc.<\/li>\n<li style=\"text-align: justify;\"><strong>Servei d&#8217;Investigaci\u00f3 Did\u00e0ctica. Coordinat pel Pedagog del CREDV \/ CRE ONCE Barcelona<\/strong>. La seva funci\u00f3 principal \u00e9s la recerca, el disseny i l&#8217;elaboraci\u00f3 de nous materials \u00fatils per a l&#8217;\u00e0mbit educatiu. La seva tasca va dirigida, tant a professionals del CREDV \/ CRE ONCE Barcelona, com a professionals externs. S&#8217;ha col\u00b7laborat en les investigacions d&#8217;\u00e0mbit nacional sobre l&#8217;esbarjo inclusiu i la did\u00e0ctica del Braille.<\/li>\n<li style=\"text-align: justify;\"><strong>Servei de Formaci\u00f3.<\/strong> Gestiona tota l&#8217;oferta de formaci\u00f3 interna i externa del CREDV \/ CRE ONCE Barcelona. La major part de formacions, seminaris i grups de treball que s&#8217;organitzen han tingut el corresponent reconeixement per part del Departament d&#8217;Ensenyament.<\/li>\n<li style=\"text-align: justify;\"><strong>Servei TIC.<\/strong> T\u00e9 com a objectiu principal garantir que l&#8217;alumnat amb discapacitat visual pugui accedir amb normalitat a la informaci\u00f3 digitalitzada, utilitzant les eines pertinents. Entre les diverses activitats espec\u00edfiques que des d&#8217;aquest servei es duen a terme destaquem: xerrades de difusi\u00f3 de l&#8217;\u00fas de les tecnologies a l&#8217;aula; assessoraments i an\u00e0lisi de continguts digitals d&#8217;editorials; jornades sobre aplicacions espec\u00edfiques per a l&#8217;aprenentatge curricular, en alumnes amb discapacitat visual, etc. Tamb\u00e9 hem de tenir en compte que aquest servei forma part del grup accedeixo, d&#8217;\u00e0mbit nacional i, a m\u00e9s, tenint en compte la transversalitat d&#8217;aquesta tem\u00e0tica, participa directament en gaireb\u00e9 totes les activitats, ja vagin adre\u00e7ades a l&#8217;alumnat, a les fam\u00edlies, aix\u00ed com al professorat, organitzades pel CREDV \/ CRE ONCE Barcelona.<\/li>\n<\/ul>\n<p>&nbsp;<\/p>\n<ul>\n<li style=\"text-align: justify;\"><strong>Altres.<\/strong><\/li>\n<\/ul>\n<ul style=\"list-style-type: square;\">\n<li style=\"text-align: justify;\"><strong>Educadores.<\/strong> El CREDV \/ CRE ONCE Barcelona tamb\u00e9 compta amb educadores que ofereixen suport a qualsevol necessitat complement\u00e0ria a la tasca educativa que es presti.<\/li>\n<li style=\"text-align: justify;\"><strong>Aula Biblioteca.<\/strong> Les seves principals funcions s\u00f3n: pr\u00e9stec de llibres en Braille i \/ o format sonor; afavorir i potenciar la lectura entre l&#8217;alumnat; potenciar l&#8217;\u00fas de les biblioteques p\u00fabliques; recopilaci\u00f3 de publicacions t\u00e8cniques especialitzades, etc. Es coordinen activitats amb la Delegaci\u00f3 Territorial de l&#8217;ONCE a Catalunya, el Club de Lectura, etc.<\/li>\n<\/ul>\n","protected":false},"excerpt":{"rendered":"<p>El CREDV \/ CRE ONCE Barcelona est\u00e0 format per un conjunt d&#8217;equips de professionals i serveis, que de manera coordinada, duen a terme la tasca encomanada.<br \/>\nAquests equips de professionals i serveis s\u00f3n els seg\u00fcents:<\/p>\n<ul>\n<li style=\"text-align: justify;\">Direcci\u00f3.<\/li>\n<\/ul>\n<p>La Direcci\u00f3 del CRE ONCE Barcelona, formada per un director&hellip;  <a href=\"https:\/\/agora.xtec.cat\/credv\/equip\/\" title=\"Read Equip\">Llegeix m\u00e9s\u00bb<\/a><\/p>\n","protected":false},"author":1,"featured_media":0,"parent":0,"menu_order":28,"comment_status":"closed","ping_status":"closed","template":"","meta":{"_bbp_topic_count":0,"_bbp_reply_count":0,"_bbp_total_topic_count":0,"_bbp_total_reply_count":0,"_bbp_voice_count":0,"_bbp_anonymous_reply_count":0,"_bbp_topic_count_hidden":0,"_bbp_reply_count_hidden":0,"_bbp_forum_subforum_count":0,"footnotes":""},"class_list":["post-306","page","type-page","status-publish","hentry"],"post_mailing_queue_ids":[],"_links":{"self":[{"href":"https:\/\/agora.xtec.cat\/credv\/wp-json\/wp\/v2\/pages\/306","targetHints":{"allow":["GET"]}}],"collection":[{"href":"https:\/\/agora.xtec.cat\/credv\/wp-json\/wp\/v2\/pages"}],"about":[{"href":"https:\/\/agora.xtec.cat\/credv\/wp-json\/wp\/v2\/types\/page"}],"author":[{"embeddable":true,"href":"https:\/\/agora.xtec.cat\/credv\/wp-json\/wp\/v2\/users\/1"}],"replies":[{"embeddable":true,"href":"https:\/\/agora.xtec.cat\/credv\/wp-json\/wp\/v2\/comments?post=306"}],"version-history":[{"count":3,"href":"https:\/\/agora.xtec.cat\/credv\/wp-json\/wp\/v2\/pages\/306\/revisions"}],"predecessor-version":[{"id":9246,"href":"https:\/\/agora.xtec.cat\/credv\/wp-json\/wp\/v2\/pages\/306\/revisions\/9246"}],"wp:attachment":[{"href":"https:\/\/agora.xtec.cat\/credv\/wp-json\/wp\/v2\/media?parent=306"}],"curies":[{"name":"wp","href":"https:\/\/api.w.org\/{rel}","templated":true}]}}