{"id":12119,"date":"2026-01-20T20:41:26","date_gmt":"2026-01-20T19:41:26","guid":{"rendered":"https:\/\/agora.xtec.cat\/credv\/?page_id=12119"},"modified":"2026-01-20T20:41:26","modified_gmt":"2026-01-20T19:41:26","slug":"presentacio-del-servei-educatiu","status":"publish","type":"page","link":"https:\/\/agora.xtec.cat\/credv\/presentacio-del-servei-educatiu\/","title":{"rendered":"Presentaci\u00f3 del Servei Educatiu"},"content":{"rendered":"<h3>Presentaci\u00f3 del Servei i introducci\u00f3 a la discapacitat visual<\/h3>\n<p>En Manel Eiximeno, Director del Servei Educatiu, i na Irene Ginebra, Directora Pedag\u00f2gica, ens fan una presentaci\u00f3 breu del Servei.<\/p>\n<p><iframe loading=\"lazy\" src=\"\/\/www.youtube.com\/embed\/ljF4KCvhtW4\" width=\"410\" height=\"230\" allowfullscreen=\"allowfullscreen\"><\/iframe><iframe loading=\"lazy\" src=\"\/\/www.youtube.com\/embed\/IWCq81AG8Jc\" width=\"410\" height=\"230\" allowfullscreen=\"allowfullscreen\"><\/iframe><\/p>\n<p>A continuaci\u00f3 podeu veure una breu presentaci\u00f3 de la discapacitat visual.<\/p>\n<p><iframe loading=\"lazy\" src=\"\/\/www.youtube.com\/embed\/b_z6OgvgBs4\" width=\"560\" height=\"314\" allowfullscreen=\"allowfullscreen\"><\/iframe><\/p>\n<p>Aquestes infografies resumeixen la nostra misi\u00f3.<\/p>\n<h3><a href=\"https:\/\/drive.google.com\/file\/d\/1SuKLz_P_Qq1AOSgeEdjuUl6cXsMEINKn\/view?usp=sharing\"><img loading=\"lazy\" decoding=\"async\" class=\"alignleft wp-image-12129 size-large\" src=\"https:\/\/agora.xtec.cat\/credv\/wp-content\/uploads\/usu1287\/2026\/01\/1r.-Panell-exposicio-84-x-204-cm-Qui-som2_page-0001-422x1024.jpg\" alt=\"\" width=\"422\" height=\"1024\" srcset=\"https:\/\/agora.xtec.cat\/credv\/wp-content\/uploads\/usu1287\/2026\/01\/1r.-Panell-exposicio-84-x-204-cm-Qui-som2_page-0001-422x1024.jpg 422w, https:\/\/agora.xtec.cat\/credv\/wp-content\/uploads\/usu1287\/2026\/01\/1r.-Panell-exposicio-84-x-204-cm-Qui-som2_page-0001-124x300.jpg 124w, https:\/\/agora.xtec.cat\/credv\/wp-content\/uploads\/usu1287\/2026\/01\/1r.-Panell-exposicio-84-x-204-cm-Qui-som2_page-0001-768x1865.jpg 768w, https:\/\/agora.xtec.cat\/credv\/wp-content\/uploads\/usu1287\/2026\/01\/1r.-Panell-exposicio-84-x-204-cm-Qui-som2_page-0001-843x2048.jpg 843w, https:\/\/agora.xtec.cat\/credv\/wp-content\/uploads\/usu1287\/2026\/01\/1r.-Panell-exposicio-84-x-204-cm-Qui-som2_page-0001.jpg 1024w\" sizes=\"auto, (max-width: 422px) 100vw, 422px\" \/><\/a><\/h3>\n<p><a href=\"https:\/\/drive.google.com\/file\/d\/1eTMkFkp1URBo0AM4qY6U-qj5Ko3kABRn\/view?usp=sharing\"><img loading=\"lazy\" decoding=\"async\" class=\"alignnone wp-image-12130 size-large\" src=\"https:\/\/agora.xtec.cat\/credv\/wp-content\/uploads\/usu1287\/2026\/01\/2n-Roda.-Panell-exposicio-84-x-204-cm_page-0001-422x1024.jpg\" alt=\"\" width=\"422\" height=\"1024\" srcset=\"https:\/\/agora.xtec.cat\/credv\/wp-content\/uploads\/usu1287\/2026\/01\/2n-Roda.-Panell-exposicio-84-x-204-cm_page-0001-422x1024.jpg 422w, https:\/\/agora.xtec.cat\/credv\/wp-content\/uploads\/usu1287\/2026\/01\/2n-Roda.-Panell-exposicio-84-x-204-cm_page-0001-124x300.jpg 124w, https:\/\/agora.xtec.cat\/credv\/wp-content\/uploads\/usu1287\/2026\/01\/2n-Roda.-Panell-exposicio-84-x-204-cm_page-0001-768x1865.jpg 768w, https:\/\/agora.xtec.cat\/credv\/wp-content\/uploads\/usu1287\/2026\/01\/2n-Roda.-Panell-exposicio-84-x-204-cm_page-0001-843x2048.jpg 843w, https:\/\/agora.xtec.cat\/credv\/wp-content\/uploads\/usu1287\/2026\/01\/2n-Roda.-Panell-exposicio-84-x-204-cm_page-0001.jpg 1024w\" sizes=\"auto, (max-width: 422px) 100vw, 422px\" \/><\/a><\/p>\n<h3><\/h3>\n<h3><\/h3>\n<h3>Instal\u00b7lacions del CREDV-CRE ONCE Barcelona<\/h3>\n<p>Les instal\u00b7lacions del CREDV disposen de diferents espais per donar suport a l&#8217;alumnat amb discapacitat visual des d&#8217;edats primerenques fins que s\u00f3n m\u00e9s grans. \u00c0rees de joc, d&#8217;experimentaci\u00f3, per practicar coneixements espec\u00edfics (tecnologia, visual i pl\u00e0stica, m\u00fasica, ci\u00e8ncies, etc.) i tamb\u00e9 per fer esport.<\/p>\n<p><iframe loading=\"lazy\" src=\"\/\/www.youtube.com\/embed\/3l7-xt_w1NE?si=KQgfsKKaYXUSl6eg\" width=\"560\" height=\"314\" allowfullscreen=\"allowfullscreen\"><\/iframe><\/p>\n<p>Fem una ullada a la breu presentaci\u00f3 dels recursos materials que permeten donar suport a l&#8217;alumnat amb discapacitat visual.<\/p>\n<p><iframe loading=\"lazy\" src=\"\/\/www.youtube.com\/embed\/6ZgzpDCmuvs?si=090nK_TEtZrpm6gY\" width=\"560\" height=\"314\" allowfullscreen=\"allowfullscreen\"><\/iframe><\/p>\n<h3>Alguns documents que ens poden orientar<\/h3>\n<p>El <a href=\"https:\/\/drive.google.com\/file\/d\/1pB5jKcc3VLrHuxnRiV4oXKWrzo9GI6lt\/view?usp=sharing\">Llibret &#8220;Mira&#8221;<\/a> ens dona orientacions per acompanyar i ajudar a una persona amb discapacitat visual.<\/p>\n<p>La i<span style=\"font-family: inherit; font-size: 1em;\">nfografia <\/span><a style=\"font-family: inherit; font-size: 1em;\" href=\"https:\/\/drive.google.com\/file\/d\/1PasNUcZjgylKQiYnhH-gaSG91lzGbE3W\/view?usp=sharing\">&#8220;Senyals d&#8217;alerta&#8221;<\/a> presenta de forma senzilla aquells senyals que ens poden fer sospitar que hi ha alguna dificultat visual.<\/p>\n<p>A m\u00e9s, tamb\u00e9 podeu consultar els enlla\u00e7os a les orientacions b\u00e0siques per a l&#8217;alumnat amb discapacitat visual elaborades per l&#8217;equip psicopedag\u00f2gic del CREDV i tamb\u00e9 us dirigim als passos d&#8217;entrada al Servei del CREDV.<\/p>\n<ul>\n<li><a href=\"https:\/\/agora.xtec.cat\/credv\/guies\/guies-dinteres\/\">Orientacions per a alumnat amb discapacitat visual<\/a><\/li>\n<li><a href=\"https:\/\/agora.xtec.cat\/credv\/guies\/orientacions\/\">Entrada al Servei. Equip Psicopedag\u00f2gic<\/a><\/li>\n<\/ul>\n<p><a href=\"https:\/\/drive.google.com\/file\/d\/1pB5jKcc3VLrHuxnRiV4oXKWrzo9GI6lt\/view\"><img loading=\"lazy\" decoding=\"async\" class=\"alignleft wp-image-12125 size-medium\" src=\"https:\/\/agora.xtec.cat\/credv\/wp-content\/uploads\/usu1287\/2026\/01\/mira-e1768935872851-300x172.png\" alt=\"Portada mira\" width=\"300\" height=\"172\" srcset=\"https:\/\/agora.xtec.cat\/credv\/wp-content\/uploads\/usu1287\/2026\/01\/mira-e1768935872851-300x172.png 300w, https:\/\/agora.xtec.cat\/credv\/wp-content\/uploads\/usu1287\/2026\/01\/mira-e1768935872851-1024x587.png 1024w, https:\/\/agora.xtec.cat\/credv\/wp-content\/uploads\/usu1287\/2026\/01\/mira-e1768935872851-768x440.png 768w, https:\/\/agora.xtec.cat\/credv\/wp-content\/uploads\/usu1287\/2026\/01\/mira-e1768935872851.png 1190w\" sizes=\"auto, (max-width: 300px) 100vw, 300px\" \/><\/a><\/p>\n<p><a href=\"https:\/\/drive.google.com\/file\/d\/1PasNUcZjgylKQiYnhH-gaSG91lzGbE3W\/view\"><img loading=\"lazy\" decoding=\"async\" class=\"aligncenter wp-image-12127 size-medium\" src=\"https:\/\/agora.xtec.cat\/credv\/wp-content\/uploads\/usu1287\/2026\/01\/SENYALS-e1768936653771-266x300.png\" alt=\"Senyals d'alerta\" width=\"266\" height=\"300\" srcset=\"https:\/\/agora.xtec.cat\/credv\/wp-content\/uploads\/usu1287\/2026\/01\/SENYALS-e1768936653771-266x300.png 266w, https:\/\/agora.xtec.cat\/credv\/wp-content\/uploads\/usu1287\/2026\/01\/SENYALS-e1768936653771.png 618w\" sizes=\"auto, (max-width: 266px) 100vw, 266px\" \/><\/a><\/p>\n<p>&nbsp;<\/p>\n","protected":false},"excerpt":{"rendered":"<p>Presentaci\u00f3 del Servei i introducci\u00f3 a la discapacitat visual<br \/>\nEn Manel Eiximeno, Director del Servei Educatiu, i na Irene Ginebra, Directora Pedag\u00f2gica, ens fan una presentaci\u00f3 breu del Servei.<\/p>\n<p>A continuaci\u00f3 podeu veure una breu presentaci\u00f3 de la discapacitat visual.<\/p>\n<p>Aquestes infografies resumeixen la nostra misi\u00f3.<br \/>\n<a href=\"https:\/\/drive.google.com\/file\/d\/1SuKLz_P_Qq1AOSgeEdjuUl6cXsMEINKn\/view?usp=sharing\"><\/a><br \/>\n<a href=\"https:\/\/drive.google.com\/file\/d\/1eTMkFkp1URBo0AM4qY6U-qj5Ko3kABRn\/view?usp=sharing\"><\/a><\/p>\n<p>Instal\u00b7lacions&hellip;  <a href=\"https:\/\/agora.xtec.cat\/credv\/presentacio-del-servei-educatiu\/\" title=\"Read Presentaci\u00f3 del Servei Educatiu\">Llegeix m\u00e9s\u00bb<\/a><\/p>\n","protected":false},"author":1,"featured_media":0,"parent":0,"menu_order":0,"comment_status":"closed","ping_status":"closed","template":"","meta":{"_bbp_topic_count":0,"_bbp_reply_count":0,"_bbp_total_topic_count":0,"_bbp_total_reply_count":0,"_bbp_voice_count":0,"_bbp_anonymous_reply_count":0,"_bbp_topic_count_hidden":0,"_bbp_reply_count_hidden":0,"_bbp_forum_subforum_count":0,"footnotes":""},"class_list":["post-12119","page","type-page","status-publish","hentry"],"post_mailing_queue_ids":[],"_links":{"self":[{"href":"https:\/\/agora.xtec.cat\/credv\/wp-json\/wp\/v2\/pages\/12119","targetHints":{"allow":["GET"]}}],"collection":[{"href":"https:\/\/agora.xtec.cat\/credv\/wp-json\/wp\/v2\/pages"}],"about":[{"href":"https:\/\/agora.xtec.cat\/credv\/wp-json\/wp\/v2\/types\/page"}],"author":[{"embeddable":true,"href":"https:\/\/agora.xtec.cat\/credv\/wp-json\/wp\/v2\/users\/1"}],"replies":[{"embeddable":true,"href":"https:\/\/agora.xtec.cat\/credv\/wp-json\/wp\/v2\/comments?post=12119"}],"version-history":[{"count":6,"href":"https:\/\/agora.xtec.cat\/credv\/wp-json\/wp\/v2\/pages\/12119\/revisions"}],"predecessor-version":[{"id":12132,"href":"https:\/\/agora.xtec.cat\/credv\/wp-json\/wp\/v2\/pages\/12119\/revisions\/12132"}],"wp:attachment":[{"href":"https:\/\/agora.xtec.cat\/credv\/wp-json\/wp\/v2\/media?parent=12119"}],"curies":[{"name":"wp","href":"https:\/\/api.w.org\/{rel}","templated":true}]}}