{"id":12002,"date":"2025-10-27T16:13:01","date_gmt":"2025-10-27T15:13:01","guid":{"rendered":"https:\/\/agora.xtec.cat\/credv\/?page_id=12002"},"modified":"2026-01-21T12:13:53","modified_gmt":"2026-01-21T11:13:53","slug":"jornada-40-anys-i-mes-enlla","status":"publish","type":"page","link":"https:\/\/agora.xtec.cat\/credv\/jornada-40-anys-i-mes-enlla\/","title":{"rendered":"Jornada 40 anys i m\u00e9s enll\u00e0"},"content":{"rendered":"<style>\ntable, tr, td{<br \/>border: none;<br \/>}<br \/><\/style>\n<p><img loading=\"lazy\" decoding=\"async\" class=\"aligncenter wp-image-12005 size-full\" src=\"https:\/\/agora.xtec.cat\/credv\/wp-content\/uploads\/usu1287\/2025\/10\/portada-e1761580197868.png\" alt=\"\" width=\"1718\" height=\"604\" \/><\/p>\n<h2 style=\"text-align: center;\"><span style=\"color: #000000;\"><strong>STREAMING de la Jornada del 19 de novembre de 2025<\/strong><\/span><\/h2>\n<p><iframe loading=\"lazy\" title=\"40 ANYS FENT EQUIP 19 NOVEMBRE\" width=\"500\" height=\"281\" src=\"https:\/\/www.youtube.com\/embed\/972mtUR1BB8?feature=oembed\" frameborder=\"0\" allow=\"accelerometer; autoplay; clipboard-write; encrypted-media; gyroscope; picture-in-picture; web-share\" referrerpolicy=\"strict-origin-when-cross-origin\" allowfullscreen><\/iframe><\/p>\n<h3 style=\"text-align: center;\"><\/h3>\n<h4 style=\"text-align: center;\">#40anysCREDVONCE<\/h4>\n<h6 style=\"text-align: center;\"><\/h6>\n<h2 style=\"padding-left: 80px; text-align: center;\"><strong><span style=\"color: #0000ff;\">LA NOSTRA HIST\u00d2RIA <\/span><\/strong>No us perdeu el recull d&#8217;articles<\/h2>\n<h6 style=\"text-align: center;\"><span lang=\"CA\" data-olk-copy-source=\"MessageBody\">\ud83d\udd17<\/span> <a title=\"https:\/\/forms.office.com\/e\/0tD15PJnX2\" href=\"https:\/\/agora.xtec.cat\/credv\/40-aniversari\/comunicacio-premsa\/\" data-auth=\"NotApplicable\" data-linkindex=\"0\"><span lang=\"CA\">Hist\u00f2ria en articles \u201c40 ANYS I M\u00c9S ENLL\u00c0\u201d<\/span><\/a><\/h6>\n<p>&nbsp;<\/p>\n<h3><img loading=\"lazy\" decoding=\"async\" class=\"aligncenter wp-image-12008 size-full\" src=\"https:\/\/agora.xtec.cat\/credv\/wp-content\/uploads\/usu1287\/2025\/10\/Diapositiva3-1-e1761585847510.jpg\" alt=\"8:45 h - 9:30 h Acreditacions Vest\u00edbul de l\u2019Auditori ONCE Catalunya 9:30 h - 10:00 h Benvinguda institucional 10:00 h \u2013 11:15 h Aprenentage: l\u2019art de connectar cor i cervell de manera inclusiva Ponents: Dra. Marta Portero Tresserra, coordinadora de la Unitat de Psicobiologia de la Universitat Aut\u00f2noma de Barcelona. Sra. Prudens Mart\u00ednez Guijarro, Servei Educatiu de Nou Barris, Departament d\u2019Educaci\u00f3 i Formaci\u00f3 Professional. Mentora DUA i membre de la Comunitat CAST UDL 11:15 h \u2013 11:30 h Recull d\u2019actes commemoratius del 40 aniversari 11:30 h \u2013 12:45 h Taula rodona: Aprenentatges amb suport, traject\u00f2ries transformadores Relats d\u2019experi\u00e8ncies de persones amb discapacitat visual que han rebut suport educatiu espec\u00edfic del CREDV-CRE ONCE Barcelona 12:45 h \u2013 13:00 h Veus que fan cam\u00ed 13:00 h \u2013 14:00 h Intel\u00b7lig\u00e8ncia Artificial i Inclusi\u00f3: reptes de present i escenaris de futur en educaci\u00f3 Ponent: Dr. Miquel \u00c0ngel Prats Fernandez, Professor titular de la Universitat Ramon Llull; coordinador del M\u00e0ster de Lideratge de la Innovaci\u00f3 Pedag\u00f2gica i Direcci\u00f3 de Centres Educatius 14:00 h Clausura \" width=\"1278\" height=\"695\" srcset=\"https:\/\/agora.xtec.cat\/credv\/wp-content\/uploads\/usu1287\/2025\/10\/Diapositiva3-1-e1761585847510.jpg 1278w, https:\/\/agora.xtec.cat\/credv\/wp-content\/uploads\/usu1287\/2025\/10\/Diapositiva3-1-e1761585847510-300x163.jpg 300w, https:\/\/agora.xtec.cat\/credv\/wp-content\/uploads\/usu1287\/2025\/10\/Diapositiva3-1-e1761585847510-1024x557.jpg 1024w, https:\/\/agora.xtec.cat\/credv\/wp-content\/uploads\/usu1287\/2025\/10\/Diapositiva3-1-e1761585847510-768x418.jpg 768w\" sizes=\"auto, (max-width: 1278px) 100vw, 1278px\" \/><\/h3>\n<h3><\/h3>\n<h5>Descarrega&#8217;t el programa en format PDF: <a href=\"https:\/\/drive.google.com\/file\/d\/1MbAU54UoOY-TOVwgg8tthnd3cOEJi1NB\/view?usp=sharing\">Programa Jornada Commemorativa: 40 anys i m\u00e9s enll\u00e0<\/a><\/h5>\n<p>&nbsp;<\/p>\n<h2>CONDUCTORS DE LA JORNADA<\/h2>\n<table style=\"width: 100%; border: none; border-color: white;\">\n<tbody>\n<tr>\n<td style=\"width: 50%;\"><img loading=\"lazy\" decoding=\"async\" class=\"wp-image-12011 size-medium aligncenter\" src=\"https:\/\/agora.xtec.cat\/credv\/wp-content\/uploads\/usu1287\/2025\/10\/rodona-presentador-300x300.jpg\" alt=\"\" width=\"300\" height=\"300\" srcset=\"https:\/\/agora.xtec.cat\/credv\/wp-content\/uploads\/usu1287\/2025\/10\/rodona-presentador-300x300.jpg 300w, https:\/\/agora.xtec.cat\/credv\/wp-content\/uploads\/usu1287\/2025\/10\/rodona-presentador-150x150.jpg 150w, https:\/\/agora.xtec.cat\/credv\/wp-content\/uploads\/usu1287\/2025\/10\/rodona-presentador.jpg 456w\" sizes=\"auto, (max-width: 300px) 100vw, 300px\" \/><\/td>\n<td style=\"width: 50%;\"><img loading=\"lazy\" decoding=\"async\" class=\"wp-image-12010 size-medium aligncenter\" src=\"https:\/\/agora.xtec.cat\/credv\/wp-content\/uploads\/usu1287\/2025\/10\/presentadora-asha-300x300.jpg\" alt=\"\" width=\"300\" height=\"300\" srcset=\"https:\/\/agora.xtec.cat\/credv\/wp-content\/uploads\/usu1287\/2025\/10\/presentadora-asha-300x300.jpg 300w, https:\/\/agora.xtec.cat\/credv\/wp-content\/uploads\/usu1287\/2025\/10\/presentadora-asha-150x150.jpg 150w, https:\/\/agora.xtec.cat\/credv\/wp-content\/uploads\/usu1287\/2025\/10\/presentadora-asha.jpg 456w\" sizes=\"auto, (max-width: 300px) 100vw, 300px\" \/><\/td>\n<\/tr>\n<tr>\n<td style=\"width: 50%;\"><strong>Miquel Gonz\u00e1lez Richart<\/strong>, periodista<\/td>\n<td style=\"width: 50%;\"><strong>Asha Mir\u00f3<\/strong>, escriptora i t\u00e8cnica del Departament d\u2019Educaci\u00f3 i Formaci\u00f3 Professional.<\/td>\n<\/tr>\n<\/tbody>\n<\/table>\n<h3><\/h3>\n<h2>PON\u00c8NCIES CONVIDADES<\/h2>\n<h3><strong>Aprenentage: l\u2019art de connectar cor i cervell de manera inclusiva<\/strong><\/h3>\n<p>&nbsp;<\/p>\n<table style=\"width: 100%; border-collapse: collapse; border: none;\">\n<tbody>\n<tr>\n<td style=\"width: 50%;\"><img loading=\"lazy\" decoding=\"async\" class=\"aligncenter wp-image-12012 size-medium\" src=\"https:\/\/agora.xtec.cat\/credv\/wp-content\/uploads\/usu1287\/2025\/10\/MARTA-PORTERO-300x300.png\" alt=\"\" width=\"300\" height=\"300\" srcset=\"https:\/\/agora.xtec.cat\/credv\/wp-content\/uploads\/usu1287\/2025\/10\/MARTA-PORTERO-300x300.png 300w, https:\/\/agora.xtec.cat\/credv\/wp-content\/uploads\/usu1287\/2025\/10\/MARTA-PORTERO-150x150.png 150w, https:\/\/agora.xtec.cat\/credv\/wp-content\/uploads\/usu1287\/2025\/10\/MARTA-PORTERO.png 456w\" sizes=\"auto, (max-width: 300px) 100vw, 300px\" \/><\/td>\n<td style=\"width: 50%;\"><strong><img loading=\"lazy\" decoding=\"async\" class=\"aligncenter wp-image-12013 size-medium\" src=\"https:\/\/agora.xtec.cat\/credv\/wp-content\/uploads\/usu1287\/2025\/10\/prudens-300x300.jpg\" alt=\"\" width=\"300\" height=\"300\" srcset=\"https:\/\/agora.xtec.cat\/credv\/wp-content\/uploads\/usu1287\/2025\/10\/prudens-300x300.jpg 300w, https:\/\/agora.xtec.cat\/credv\/wp-content\/uploads\/usu1287\/2025\/10\/prudens-150x150.jpg 150w, https:\/\/agora.xtec.cat\/credv\/wp-content\/uploads\/usu1287\/2025\/10\/prudens.jpg 456w\" sizes=\"auto, (max-width: 300px) 100vw, 300px\" \/><\/strong><\/td>\n<\/tr>\n<tr>\n<td style=\"width: 50%;\"><strong>Dra. Marta Portero Tresserra,<\/strong> coordinadora de la Unitat de Psicobiologia de la Universitat Aut\u00f2noma de Barcelona.<\/td>\n<td style=\"width: 50%;\"><strong>Sra. Prudens Mart\u00ednez Guijarro, <\/strong>Servei Educatiu de Nou Barris, Departament d\u2019Educaci\u00f3 i Formaci\u00f3 Professional. Mentora DUA i membre de la Comunitat CAST UDL<\/td>\n<\/tr>\n<\/tbody>\n<\/table>\n<p>&nbsp;<\/p>\n<h3><strong>Intel\u00b7lig\u00e8ncia Artificial i Inclusi\u00f3: reptes de present i escenaris de \u00a0futur en educaci\u00f3 <\/strong><\/h3>\n<p><img loading=\"lazy\" decoding=\"async\" class=\"wp-image-12028 size-full aligncenter\" src=\"https:\/\/agora.xtec.cat\/credv\/wp-content\/uploads\/usu1287\/2025\/10\/MIQUEL-ANGEL-PRAT2.png.jpg\" alt=\"\" width=\"456\" height=\"456\" srcset=\"https:\/\/agora.xtec.cat\/credv\/wp-content\/uploads\/usu1287\/2025\/10\/MIQUEL-ANGEL-PRAT2.png.jpg 456w, https:\/\/agora.xtec.cat\/credv\/wp-content\/uploads\/usu1287\/2025\/10\/MIQUEL-ANGEL-PRAT2.png-300x300.jpg 300w, https:\/\/agora.xtec.cat\/credv\/wp-content\/uploads\/usu1287\/2025\/10\/MIQUEL-ANGEL-PRAT2.png-150x150.jpg 150w\" sizes=\"auto, (max-width: 456px) 100vw, 456px\" \/><\/p>\n<table style=\"border-collapse: collapse; width: 100%;\">\n<tbody>\n<tr>\n<td style=\"width: 25%;\"><\/td>\n<td style=\"width: 50%;\"><strong>Dr. Miquel \u00c0ngel Prats Fernandez, <\/strong>Professor titular de la Universitat Ramon Llull; coordinador del M\u00e0ster de Lideratge de la Innovaci\u00f3 Pedag\u00f2gica i Direcci\u00f3 de Centres Educatius<\/td>\n<td style=\"width: 33.3333%;\"><\/td>\n<\/tr>\n<\/tbody>\n<\/table>\n<h2>TAULA RODONA<\/h2>\n<h3>Aprenentatges amb suport, traject\u00f2ries transformadores<\/h3>\n<p>Comptarem amb una taula rodona amb relats d&#8217;experi\u00e8ncies de persones amb discapacitat visual que han rebut suport educatiu espec\u00edfic del CREDV-CRE ONCE Barcelona, moderada per la <strong>Sra. Merc\u00e8 Montan\u00e9 Giralt<\/strong>, cap d&#8217;Inspecci\u00f3 d&#8217;Impuls i coordinaci\u00f3 de Xarxes Educatives de la Subdirecci\u00f3 General de la Inspecci\u00f3 d&#8217;Educaci\u00f3 i Inspectora d&#8217;aquest Servei Educatiu, i <strong>Sra. Irene Ginebra Coma<\/strong>, directora t\u00e8cnica pedag\u00f2gica del CRE ONCE Barcelona i del Servei Educatiu CREDV.<\/p>\n<p>A la taula participaran: Ver\u00f2nica Barrag\u00e1n Gil, \u00d2scar Chicote Cuevas, Alexander Guijarro Torrente, Forti\u00e0 Prat Planas, Ana Selvi Solsona, Heilel Daniel Sierra Garc\u00eda<\/p>\n<p>&nbsp;<\/p>\n<h2>VEUS QUE FAN CAM\u00cd<\/h2>\n<div style=\"width: 100%;\">\n<div style=\"position: relative; padding-bottom: 56.25%; padding-top: 0; height: 0;\"><iframe loading=\"lazy\" style=\"position: absolute; top: 0; left: 0; width: 100%; height: 100%;\" title=\"Mapa sonor 40 anys\" src=\"https:\/\/view.genially.com\/68e53b7e3adc6b65e4d887a3\" width=\"1200px\" height=\"675px\" frameborder=\"0\" scrolling=\"yes\" allowfullscreen=\"allowfullscreen\"><\/iframe><\/div>\n<\/div>\n<p>&nbsp;<\/p>\n","protected":false},"excerpt":{"rendered":"<p>table, tr, td{border: none;}<\/p>\n<p>STREAMING de la Jornada del 19 de novembre de 2025<\/p>\n<p>#40anysCREDVONCE<\/p>\n<p>LA NOSTRA HIST\u00d2RIA No us perdeu el recull d&#8217;articles<br \/>\n\ud83d\udd17 <a title=\"https:\/\/forms.office.com\/e\/0tD15PJnX2\" href=\"https:\/\/agora.xtec.cat\/credv\/40-aniversari\/comunicacio-premsa\/\" data-auth=\"NotApplicable\" data-linkindex=\"0\">Hist\u00f2ria en articles \u201c40 ANYS I M\u00c9S ENLL\u00c0\u201d<\/a><br \/>\n&nbsp;<\/p>\n<p>Descarrega&#8217;t el programa en format PDF: <a href=\"https:\/\/drive.google.com\/file\/d\/1MbAU54UoOY-TOVwgg8tthnd3cOEJi1NB\/view?usp=sharing\">Programa Jornada Commemorativa: 40 anys i&hellip;  <a href=\"https:\/\/agora.xtec.cat\/credv\/jornada-40-anys-i-mes-enlla\/\" title=\"Read Jornada 40 anys i m\u00e9s enll\u00e0\">Llegeix m\u00e9s\u00bb<\/a><\/p>\n","protected":false},"author":1,"featured_media":0,"parent":0,"menu_order":0,"comment_status":"closed","ping_status":"closed","template":"","meta":{"_bbp_topic_count":0,"_bbp_reply_count":0,"_bbp_total_topic_count":0,"_bbp_total_reply_count":0,"_bbp_voice_count":0,"_bbp_anonymous_reply_count":0,"_bbp_topic_count_hidden":0,"_bbp_reply_count_hidden":0,"_bbp_forum_subforum_count":0,"footnotes":""},"class_list":["post-12002","page","type-page","status-publish","hentry"],"post_mailing_queue_ids":[],"_links":{"self":[{"href":"https:\/\/agora.xtec.cat\/credv\/wp-json\/wp\/v2\/pages\/12002","targetHints":{"allow":["GET"]}}],"collection":[{"href":"https:\/\/agora.xtec.cat\/credv\/wp-json\/wp\/v2\/pages"}],"about":[{"href":"https:\/\/agora.xtec.cat\/credv\/wp-json\/wp\/v2\/types\/page"}],"author":[{"embeddable":true,"href":"https:\/\/agora.xtec.cat\/credv\/wp-json\/wp\/v2\/users\/1"}],"replies":[{"embeddable":true,"href":"https:\/\/agora.xtec.cat\/credv\/wp-json\/wp\/v2\/comments?post=12002"}],"version-history":[{"count":7,"href":"https:\/\/agora.xtec.cat\/credv\/wp-json\/wp\/v2\/pages\/12002\/revisions"}],"predecessor-version":[{"id":12146,"href":"https:\/\/agora.xtec.cat\/credv\/wp-json\/wp\/v2\/pages\/12002\/revisions\/12146"}],"wp:attachment":[{"href":"https:\/\/agora.xtec.cat\/credv\/wp-json\/wp\/v2\/media?parent=12002"}],"curies":[{"name":"wp","href":"https:\/\/api.w.org\/{rel}","templated":true}]}}