{"id":11348,"date":"2025-01-14T23:00:25","date_gmt":"2025-01-14T22:00:25","guid":{"rendered":"https:\/\/agora.xtec.cat\/credv\/?page_id=11348"},"modified":"2025-07-08T13:12:33","modified_gmt":"2025-07-08T11:12:33","slug":"educacio-fisica","status":"publish","type":"page","link":"https:\/\/agora.xtec.cat\/credv\/educacio-fisica\/","title":{"rendered":"Educaci\u00f3 f\u00edsica"},"content":{"rendered":"<h2>Alguns v\u00eddeos d&#8217;inter\u00e8s<\/h2>\n<p>Veurem en els seg\u00fcents v\u00eddeos com fem un circuit i fem de guia d&#8217;esqu\u00ed<\/p>\n<p><iframe loading=\"lazy\" title=\"CREDV-CRE ONCE BARCELONA. Educaci\u00f3 f\u00edsica. 2016 CIRCUIT\" width=\"500\" height=\"281\" src=\"https:\/\/www.youtube.com\/embed\/XaIdrQFxh8M?feature=oembed\" frameborder=\"0\" allow=\"accelerometer; autoplay; clipboard-write; encrypted-media; gyroscope; picture-in-picture; web-share\" referrerpolicy=\"strict-origin-when-cross-origin\" allowfullscreen><\/iframe><\/p>\n<p><iframe loading=\"lazy\" title=\"CREDV-CRE ONCE BARCELONA. Educaci\u00f3 f\u00edsica. V\u00cdDEO GUIATGE D&#039;ESQU\u00cd 1\" width=\"500\" height=\"281\" src=\"https:\/\/www.youtube.com\/embed\/9EAfy_euQJA?feature=oembed\" frameborder=\"0\" allow=\"accelerometer; autoplay; clipboard-write; encrypted-media; gyroscope; picture-in-picture; web-share\" referrerpolicy=\"strict-origin-when-cross-origin\" allowfullscreen><\/iframe><\/p>\n<h2>Jocs per a l&#8217;EVA<\/h2>\n<p>Aquest \u00e9s un recull de jocs motrius amb l\u2019adaptaci\u00f3 per a que pugui jugar alumnat amb ceguesa. Aquests 21 jocs donen recursos suficients per tal de poder fer que qualsevol joc motriu sigui inclusiu per a un infant amb ceguesa dins un grup classe.<\/p>\n<p>Podeu descarregar la\u00a0<a href=\"https:\/\/drive.google.com\/file\/d\/19U73QkjwWbCwzCBOSDOHPjtk6BId8MHC\/view?usp=sharing\">carpeta de jocs per a l\u2019Eva<\/a>.<\/p>\n<p><img loading=\"lazy\" decoding=\"async\" class=\"wp-image-10375\" src=\"https:\/\/agora.xtec.cat\/credv\/wp-content\/uploads\/usu1287\/2022\/02\/Portada-e1643715158119.jpg\" alt=\"Portada de la carpeta de l'Eva\" width=\"400\" height=\"374\" srcset=\"https:\/\/agora.xtec.cat\/credv\/wp-content\/uploads\/usu1287\/2022\/02\/Portada-e1643715158119.jpg 578w, https:\/\/agora.xtec.cat\/credv\/wp-content\/uploads\/usu1287\/2022\/02\/Portada-e1643715158119-300x281.jpg 300w\" sizes=\"auto, (max-width: 400px) 100vw, 400px\" \/><br \/>\nPortada careta de l&#8217;Eva<\/p>\n<p>&nbsp;<\/p>\n<p>Veiem la mostra d&#8217;alguns jocs en els seg\u00fcents v\u00eddeos: el joc de Stop i el b\u00e8isbol.<\/p>\n<p><iframe loading=\"lazy\" title=\"CREDV-CRE ONCE BARCELONA. Educaci\u00f3 f\u00edsica. 2016 STOP\" width=\"500\" height=\"281\" src=\"https:\/\/www.youtube.com\/embed\/r06MzBvVoNQ?feature=oembed\" frameborder=\"0\" allow=\"accelerometer; autoplay; clipboard-write; encrypted-media; gyroscope; picture-in-picture; web-share\" referrerpolicy=\"strict-origin-when-cross-origin\" allowfullscreen><\/iframe><\/p>\n<p>&nbsp;<\/p>\n<p><iframe loading=\"lazy\" title=\"CREDV-CRE ONCE BARCELONA. Educaci\u00f3 f\u00edsica. 2016 BEISBOL\" width=\"500\" height=\"281\" src=\"https:\/\/www.youtube.com\/embed\/NYMci2BmCLg?feature=oembed\" frameborder=\"0\" allow=\"accelerometer; autoplay; clipboard-write; encrypted-media; gyroscope; picture-in-picture; web-share\" referrerpolicy=\"strict-origin-when-cross-origin\" allowfullscreen><\/iframe><\/p>\n<p>&nbsp;<\/p>\n<h2>Carpeta de sensibilitzaci\u00f3<\/h2>\n<p>Aquest recurs per a portar a terme activitats de sensibilitzaci\u00f3 cap a la discapacitat visual i la sordceguesa en forma de propostes relacionades amb l\u2019educaci\u00f3 f\u00edsica.<\/p>\n<p>Les activitats de sensibilitzaci\u00f3 volen fomentar actituds positives i solid\u00e0ries basades en el respecte a la diversitat, evitar l\u2019aparici\u00f3 de conductes negatives mitjan\u00e7ant el seu component l\u00fadic i participatiu, tot experimentant i vivenciant les limitacions perceptives de les persones amb discapacitat visual i sordceguesa, per tal que despr\u00e9s puguin valorar les seves capacitats.<\/p>\n<p>Podeu\u00a0<a href=\"https:\/\/drive.google.com\/file\/d\/1axJ4tFKyjpahADui0uW508DKvtbLFuGz\/view?usp=sharing\">descarregar la carpeta sensibilitzaci\u00f3<\/a>.<\/p>\n<p><img loading=\"lazy\" decoding=\"async\" class=\"wp-image-10370\" src=\"https:\/\/agora.xtec.cat\/credv\/wp-content\/uploads\/usu1287\/2022\/01\/portada-sensibilitzacio-e1643797122646.jpg\" alt=\"Portada de la careta sensibilitzadora\" width=\"253\" height=\"366\" \/><br \/>\nPortada sensibilitzaci\u00f3<\/p>\n<h2>Carpeta goalball<\/h2>\n<p>Un valu\u00f3s recurs per a l\u2019ensenyament de l\u2019Educaci\u00f3 F\u00edsica mitjan\u00e7ant la pr\u00e0ctica de l\u2019esport per a tothom.<\/p>\n<p>Podeu descarregar la\u00a0<a href=\"https:\/\/drive.google.com\/file\/d\/1CAeSVl5xEOlcgG_mR9Li5ZmfPdhTV0wx\/view?usp=sharing\">carpeta El Goalball a l\u2019escola<\/a>.<\/p>\n<p><img loading=\"lazy\" decoding=\"async\" class=\"wp-image-10355\" src=\"https:\/\/agora.xtec.cat\/credv\/wp-content\/uploads\/usu1287\/2022\/01\/Portada-300x211.png\" alt=\"Goalball\" width=\"400\" height=\"281\" srcset=\"https:\/\/agora.xtec.cat\/credv\/wp-content\/uploads\/usu1287\/2022\/01\/Portada-300x211.png 300w, https:\/\/agora.xtec.cat\/credv\/wp-content\/uploads\/usu1287\/2022\/01\/Portada-1024x719.png 1024w, https:\/\/agora.xtec.cat\/credv\/wp-content\/uploads\/usu1287\/2022\/01\/Portada-768x539.png 768w, https:\/\/agora.xtec.cat\/credv\/wp-content\/uploads\/usu1287\/2022\/01\/Portada.png 1152w\" sizes=\"auto, (max-width: 400px) 100vw, 400px\" \/><br \/>\nGoalball<\/p>\n<p>&nbsp;<\/p>\n<p>&nbsp;<\/p>\n","protected":false},"excerpt":{"rendered":"<p>Alguns v\u00eddeos d&#8217;inter\u00e8s<br \/>\nVeurem en els seg\u00fcents v\u00eddeos com fem un circuit i fem de guia d&#8217;esqu\u00ed<\/p>\n<p>Jocs per a l&#8217;EVA<br \/>\nAquest \u00e9s un recull de jocs motrius amb l\u2019adaptaci\u00f3 per a que pugui jugar alumnat amb ceguesa. Aquests 21 jocs donen recursos suficients per tal de poder&hellip;  <a href=\"https:\/\/agora.xtec.cat\/credv\/educacio-fisica\/\" title=\"Read Educaci\u00f3 f\u00edsica\">Llegeix m\u00e9s\u00bb<\/a><\/p>\n","protected":false},"author":1,"featured_media":0,"parent":0,"menu_order":0,"comment_status":"closed","ping_status":"closed","template":"","meta":{"_bbp_topic_count":0,"_bbp_reply_count":0,"_bbp_total_topic_count":0,"_bbp_total_reply_count":0,"_bbp_voice_count":0,"_bbp_anonymous_reply_count":0,"_bbp_topic_count_hidden":0,"_bbp_reply_count_hidden":0,"_bbp_forum_subforum_count":0,"footnotes":""},"class_list":["post-11348","page","type-page","status-publish","hentry"],"post_mailing_queue_ids":[],"_links":{"self":[{"href":"https:\/\/agora.xtec.cat\/credv\/wp-json\/wp\/v2\/pages\/11348","targetHints":{"allow":["GET"]}}],"collection":[{"href":"https:\/\/agora.xtec.cat\/credv\/wp-json\/wp\/v2\/pages"}],"about":[{"href":"https:\/\/agora.xtec.cat\/credv\/wp-json\/wp\/v2\/types\/page"}],"author":[{"embeddable":true,"href":"https:\/\/agora.xtec.cat\/credv\/wp-json\/wp\/v2\/users\/1"}],"replies":[{"embeddable":true,"href":"https:\/\/agora.xtec.cat\/credv\/wp-json\/wp\/v2\/comments?post=11348"}],"version-history":[{"count":7,"href":"https:\/\/agora.xtec.cat\/credv\/wp-json\/wp\/v2\/pages\/11348\/revisions"}],"predecessor-version":[{"id":11833,"href":"https:\/\/agora.xtec.cat\/credv\/wp-json\/wp\/v2\/pages\/11348\/revisions\/11833"}],"wp:attachment":[{"href":"https:\/\/agora.xtec.cat\/credv\/wp-json\/wp\/v2\/media?parent=11348"}],"curies":[{"name":"wp","href":"https:\/\/api.w.org\/{rel}","templated":true}]}}