{"id":11114,"date":"2024-11-11T18:40:14","date_gmt":"2024-11-11T17:40:14","guid":{"rendered":"https:\/\/agora.xtec.cat\/credv\/?page_id=11114"},"modified":"2025-01-27T18:32:49","modified_gmt":"2025-01-27T17:32:49","slug":"lema-40-aniversari","status":"publish","type":"page","link":"https:\/\/agora.xtec.cat\/credv\/40-aniversari\/lema-40-aniversari\/","title":{"rendered":"Lema 40 anys"},"content":{"rendered":"<h1 style=\"text-align: center;\"><b><span data-contrast=\"none\">CONVOCAT\u00d2RIA I BASES\u00a0<\/span><\/b><span data-ccp-props=\"{&quot;201341983&quot;:0,&quot;335551550&quot;:2,&quot;335551620&quot;:2,&quot;335559685&quot;:39,&quot;335559731&quot;:0,&quot;335559739&quot;:0,&quot;335559740&quot;:259,&quot;335559991&quot;:10}\">\u00a0<\/span><\/h1>\n<h2 style=\"text-align: center;\"><span data-contrast=\"none\">CONCURS LEMA 40 ANYS<\/span><span data-ccp-props=\"{&quot;201341983&quot;:0,&quot;335551550&quot;:2,&quot;335551620&quot;:2,&quot;335559685&quot;:38,&quot;335559731&quot;:0,&quot;335559739&quot;:0,&quot;335559740&quot;:259,&quot;335559991&quot;:10}\">\u00a0<\/span><\/h2>\n<p>&nbsp;<\/p>\n<p><span data-contrast=\"none\">Amb motiu del 40\u00e8 aniversari de la signatura del primer conveni i del centre espec\u00edfic Joan Amades, en un ventall ampli d\u2019activitats que volem organitzar, hem pensat que en tot esdeveniment important, ens cal disposar d\u2019un esl\u00f2gan commemoratiu que ens pugui acompanyar al llarg del 2025. Per aquest motiu fem un concurs per trobar el lema dels 40 anys.<\/span><span data-ccp-props=\"{&quot;201341983&quot;:0,&quot;335559685&quot;:38,&quot;335559731&quot;:0,&quot;335559739&quot;:0,&quot;335559740&quot;:259,&quot;335559991&quot;:10}\">\u00a0<\/span><\/p>\n<h2><\/h2>\n<h2><b><span data-contrast=\"none\">Qui pot participar?\u00a0<\/span><\/b><span data-ccp-props=\"{&quot;201341983&quot;:0,&quot;335559685&quot;:-5,&quot;335559739&quot;:13,&quot;335559740&quot;:248,&quot;335559991&quot;:10}\">\u00a0<\/span><\/h2>\n<p><span data-contrast=\"none\">Alumnes atesos pel Servei Educatiu CREDV \u2013 CRE ONCE Barcelona i les seves fam\u00edlies.<\/span><span data-ccp-props=\"{&quot;201341983&quot;:0,&quot;335559685&quot;:10,&quot;335559739&quot;:56,&quot;335559740&quot;:247,&quot;335559991&quot;:10}\">\u00a0<\/span><\/p>\n<h2><b><span data-contrast=\"none\">Com pots participar?\u00a0<\/span><\/b><span data-ccp-props=\"{&quot;201341983&quot;:0,&quot;335559685&quot;:-5,&quot;335559739&quot;:13,&quot;335559740&quot;:248,&quot;335559991&quot;:10}\">\u00a0<\/span><\/h2>\n<ol>\n<li style=\"list-style-type: none;\">\n<ol>\n<li data-leveltext=\"%1.\" data-font=\"Calibri\" data-listid=\"1\" data-list-defn-props=\"{&quot;134224900&quot;:false,&quot;335551500&quot;:3355443,&quot;335552541&quot;:0,&quot;335559685&quot;:705,&quot;469769226&quot;:&quot;Calibri&quot;,&quot;469769242&quot;:[65533,0],&quot;469777803&quot;:&quot;left&quot;,&quot;469777804&quot;:&quot;%1.&quot;,&quot;469777815&quot;:&quot;hybridMultilevel&quot;}\" aria-setsize=\"-1\" data-aria-posinset=\"1\" data-aria-level=\"1\"><span data-contrast=\"none\">Per participar, accedeix a Concurs lema 40 \u00e8 Aniversari a la p\u00e0gina web NODES CREDV ONCE Barcelona, i omple el formulari de participaci\u00f3. L\u2019enlla\u00e7 \u00e9s el seg\u00fcent: <\/span><a href=\"https:\/\/forms.office.com\/e\/7rWivKFLyV\"><span data-contrast=\"none\">https:\/\/forms.office.com\/e\/7rWivKFLyV<\/span><\/a><span data-ccp-props=\"{&quot;201341983&quot;:0,&quot;335559739&quot;:16,&quot;335559740&quot;:247,&quot;335559991&quot;:360}\">\u00a0<\/span><\/li>\n<li><span data-contrast=\"none\">Pots participar amb un m\u00e0xim de dos lemes, els quals han de ser de la teva autoria i haur\u00e0s de cedir els drets d&#8217;explotaci\u00f3 dels mateixos.\u00a0<\/span><span data-ccp-props=\"{&quot;201341983&quot;:0,&quot;335559739&quot;:16,&quot;335559740&quot;:247,&quot;335559991&quot;:360}\">\u00a0<\/span><\/li>\n<li data-leveltext=\"%1.\" data-font=\"Calibri\" data-listid=\"1\" data-list-defn-props=\"{&quot;134224900&quot;:false,&quot;335551500&quot;:3355443,&quot;335552541&quot;:0,&quot;335559685&quot;:705,&quot;469769226&quot;:&quot;Calibri&quot;,&quot;469769242&quot;:[65533,0],&quot;469777803&quot;:&quot;left&quot;,&quot;469777804&quot;:&quot;%1.&quot;,&quot;469777815&quot;:&quot;hybridMultilevel&quot;}\" aria-setsize=\"-1\" data-aria-posinset=\"3\" data-aria-level=\"1\"><span data-contrast=\"none\">No est\u00e0 perm\u00e8s utilitzar lemes sotmesos a drets de propietat intel\u00b7lectual, sense haver adquirit pr\u00e8viament autoritzaci\u00f3 expressa dels propietaris.<\/span><span data-ccp-props=\"{&quot;201341983&quot;:0,&quot;335559739&quot;:16,&quot;335559740&quot;:247,&quot;335559991&quot;:360}\">\u00a0<\/span><\/li>\n<li><span data-contrast=\"none\">La longitud ha de ser com a m\u00e0xim de 50 car\u00e0cters.<\/span><span data-ccp-props=\"{&quot;201341983&quot;:0,&quot;335559739&quot;:16,&quot;335559740&quot;:247,&quot;335559991&quot;:360}\">\u00a0<\/span><\/li>\n<li data-leveltext=\"%1.\" data-font=\"Calibri\" data-listid=\"1\" data-list-defn-props=\"{&quot;134224900&quot;:false,&quot;335551500&quot;:3355443,&quot;335552541&quot;:0,&quot;335559685&quot;:705,&quot;469769226&quot;:&quot;Calibri&quot;,&quot;469769242&quot;:[65533,0],&quot;469777803&quot;:&quot;left&quot;,&quot;469777804&quot;:&quot;%1.&quot;,&quot;469777815&quot;:&quot;hybridMultilevel&quot;}\" aria-setsize=\"-1\" data-aria-posinset=\"5\" data-aria-level=\"1\"><span data-contrast=\"none\">El lema ha d&#8217;estar redactat en catal\u00e0.<\/span><span data-ccp-props=\"{&quot;201341983&quot;:0,&quot;335559739&quot;:16,&quot;335559740&quot;:247,&quot;335559991&quot;:360}\">\u00a0<\/span><\/li>\n<\/ol>\n<\/li>\n<\/ol>\n<h2 aria-level=\"1\"><b><span data-contrast=\"none\">Criteris de valoraci\u00f3 i proc\u00e9s\u00a0<\/span><\/b><span data-ccp-props=\"{&quot;134245418&quot;:true,&quot;134245529&quot;:true,&quot;201341983&quot;:0,&quot;335559740&quot;:259}\">\u00a0<\/span><\/h2>\n<p><span data-contrast=\"none\">Es valorar\u00e0 l&#8217;originalitat de l\u2019esl\u00f2gan, la relaci\u00f3 amb l\u2019objectiu de la celebraci\u00f3, la claredat del missatge i que representi la tasca del Servei Educatiu.\u00a0<\/span><span data-ccp-props=\"{&quot;201341983&quot;:0,&quot;335559685&quot;:10,&quot;335559739&quot;:16,&quot;335559740&quot;:247,&quot;335559991&quot;:10}\">\u00a0<\/span><\/p>\n<p><span data-contrast=\"none\">El jurat es reserva el dret de descartar els lemes que no compleixin amb els requisits m\u00ednims exigits.\u00a0<\/span><span data-ccp-props=\"{&quot;201341983&quot;:0,&quot;335559685&quot;:10,&quot;335559739&quot;:16,&quot;335559740&quot;:247,&quot;335559991&quot;:10}\">\u00a0<\/span><\/p>\n<p><span data-contrast=\"none\">El proc\u00e9s de selecci\u00f3 es realitzar\u00e0 en dues etapes:\u00a0<\/span><span data-ccp-props=\"{&quot;201341983&quot;:0,&quot;335559685&quot;:10,&quot;335559739&quot;:16,&quot;335559740&quot;:247,&quot;335559991&quot;:10}\">\u00a0<\/span><\/p>\n<ol>\n<li style=\"list-style-type: none;\">\n<ol>\n<li data-leveltext=\"%1.\" data-font=\"Calibri\" data-listid=\"2\" data-list-defn-props=\"{&quot;134224900&quot;:false,&quot;335551500&quot;:3355443,&quot;335552541&quot;:0,&quot;335559685&quot;:1418,&quot;469769226&quot;:&quot;Calibri&quot;,&quot;469769242&quot;:[65533,0],&quot;469777803&quot;:&quot;left&quot;,&quot;469777804&quot;:&quot;%1.&quot;,&quot;469777815&quot;:&quot;hybridMultilevel&quot;}\" aria-setsize=\"-1\" data-aria-posinset=\"1\" data-aria-level=\"1\"><span data-contrast=\"none\">En una primera fase, una comissi\u00f3 del CREDV CRE ONCE Barcelona escollir\u00e0 els 5 lemes finalistes.<\/span><span data-ccp-props=\"{&quot;201341983&quot;:0,&quot;335559685&quot;:1778,&quot;335559739&quot;:16,&quot;335559740&quot;:247,&quot;335559991&quot;:360}\">\u00a0<\/span><\/li>\n<li><span data-contrast=\"none\">En una segona fase, aquests lemes finalistes es sotmetran a votaci\u00f3 general de l\u2019alumnat i fam\u00edlies ateses pel CREDV CRE ONCE Barcelona mitjan\u00e7ant un formulari que ser\u00e0 publicat a la web del concurs i que es far\u00e0 arribar per correu electr\u00f2nic DINANTIA. El guanyador\/a sortir\u00e0 d\u2019aquesta votaci\u00f3 final.<\/span><span data-ccp-props=\"{&quot;201341983&quot;:0,&quot;335559685&quot;:1778,&quot;335559739&quot;:16,&quot;335559740&quot;:247,&quot;335559991&quot;:360}\">\u00a0<\/span><\/li>\n<\/ol>\n<\/li>\n<\/ol>\n<h2><b><span data-contrast=\"none\">Terminis\u00a0<\/span><\/b><span data-ccp-props=\"{&quot;201341983&quot;:0,&quot;335559685&quot;:-5,&quot;335559739&quot;:13,&quot;335559740&quot;:248,&quot;335559991&quot;:10}\">\u00a0<\/span><\/h2>\n<p><span data-contrast=\"none\">El calendari que se seguir\u00e0 durant el proc\u00e9s del concurs i selecci\u00f3 dels lemes presentats<\/span> <span data-contrast=\"none\">\u00e9s el seg\u00fcent:\u00a0<\/span><span data-ccp-props=\"{&quot;201341983&quot;:0,&quot;335559685&quot;:10,&quot;335559739&quot;:16,&quot;335559740&quot;:247,&quot;335559991&quot;:10}\">\u00a0<\/span><\/p>\n<ol>\n<li style=\"list-style-type: none;\">\n<ol>\n<li data-leveltext=\"%1.\" data-font=\"Calibri\" data-listid=\"3\" data-list-defn-props=\"{&quot;134224900&quot;:false,&quot;335551500&quot;:3355443,&quot;335552541&quot;:0,&quot;335559685&quot;:705,&quot;469769226&quot;:&quot;Calibri&quot;,&quot;469769242&quot;:[65533,0],&quot;469777803&quot;:&quot;left&quot;,&quot;469777804&quot;:&quot;%1.&quot;,&quot;469777815&quot;:&quot;hybridMultilevel&quot;}\" aria-setsize=\"-1\" data-aria-posinset=\"1\" data-aria-level=\"1\"><span data-contrast=\"none\">Inici del concurs: <strong>11 de NOVEMBRE de 2024.<\/strong><\/span><span data-ccp-props=\"{&quot;201341983&quot;:0,&quot;335559739&quot;:16,&quot;335559740&quot;:247,&quot;335559991&quot;:360}\">\u00a0<\/span><\/li>\n<li><span data-contrast=\"none\">Termini de presentaci\u00f3 de lemes concursants: <strong>11 de DESEMBRE de 2024<\/strong>. <span style=\"color: #ff0000;\"><strong>FASE FINALITZADA!<\/strong><\/span><\/span><span data-ccp-props=\"{&quot;201341983&quot;:0,&quot;335559739&quot;:16,&quot;335559740&quot;:247,&quot;335559991&quot;:360}\">\u00a0<\/span><\/li>\n<li data-leveltext=\"%1.\" data-font=\"Calibri\" data-listid=\"3\" data-list-defn-props=\"{&quot;134224900&quot;:false,&quot;335551500&quot;:3355443,&quot;335552541&quot;:0,&quot;335559685&quot;:705,&quot;469769226&quot;:&quot;Calibri&quot;,&quot;469769242&quot;:[65533,0],&quot;469777803&quot;:&quot;left&quot;,&quot;469777804&quot;:&quot;%1.&quot;,&quot;469777815&quot;:&quot;hybridMultilevel&quot;}\" aria-setsize=\"-1\" data-aria-posinset=\"3\" data-aria-level=\"1\"><span data-contrast=\"none\">Valoraci\u00f3 del jurat i elecci\u00f3 dels 5 lemes finalistes: <strong>13 de DESEMBRE 2024<\/strong>.<\/span><span style=\"color: #ff0000;\"><strong> FASE FINALITZADA!<\/strong><\/span><\/li>\n<li><span data-contrast=\"none\">Tancament de la votaci\u00f3 p\u00fablica entre els 5 finalistes: <strong>13 de GENER de 2025<\/strong>.<\/span><span data-ccp-props=\"{&quot;201341983&quot;:0,&quot;335559739&quot;:16,&quot;335559740&quot;:247,&quot;335559991&quot;:360}\">\u00a0<span style=\"color: #ff0000;\"><b><span style=\"color: #0000ff;\">FASE INICIADA: Podeu votar a l&#8217;enlla\u00e7<\/span> <a href=\"https:\/\/forms.office.com\/e\/RpPnX55fpQ\">https:\/\/forms.office.com\/e\/RpPnX55fpQ<\/a>. <strong>FASE FINALITZADA!<\/strong><\/b><\/span><\/span><\/li>\n<li data-leveltext=\"%1.\" data-font=\"Calibri\" data-listid=\"3\" data-list-defn-props=\"{&quot;134224900&quot;:false,&quot;335551500&quot;:3355443,&quot;335552541&quot;:0,&quot;335559685&quot;:705,&quot;469769226&quot;:&quot;Calibri&quot;,&quot;469769242&quot;:[65533,0],&quot;469777803&quot;:&quot;left&quot;,&quot;469777804&quot;:&quot;%1.&quot;,&quot;469777815&quot;:&quot;hybridMultilevel&quot;}\" aria-setsize=\"-1\" data-aria-posinset=\"5\" data-aria-level=\"1\"><span data-contrast=\"none\">Comunicaci\u00f3 p\u00fablica del guanyador\/a: del <strong>14 al 17 de GENER de 2025<\/strong>. <span style=\"color: #ff0000;\"><b><strong>FASE FINALITZADA!<\/strong><\/b><\/span><\/span><span data-ccp-props=\"{&quot;201341983&quot;:0,&quot;335559739&quot;:16,&quot;335559740&quot;:247,&quot;335559991&quot;:360}\">\u00a0<\/span><\/li>\n<\/ol>\n<\/li>\n<\/ol>\n<p><span data-contrast=\"none\">L&#8217;organitzaci\u00f3 es reserva el dret de modificar els terminis anteriors, comunicant-ho amb suficient antelaci\u00f3 si fos el cas, aix\u00ed com els possibles motius.<\/span><span data-ccp-props=\"{&quot;201341983&quot;:0,&quot;335551550&quot;:6,&quot;335551620&quot;:6,&quot;335559685&quot;:-5,&quot;335559737&quot;:-4,&quot;335559739&quot;:71,&quot;335559740&quot;:237,&quot;335559991&quot;:10}\">\u00a0<\/span><\/p>\n<h2><b><span data-contrast=\"none\">Membres del Jurat\u00a0<\/span><\/b><span data-ccp-props=\"{&quot;201341983&quot;:0,&quot;335559685&quot;:-5,&quot;335559739&quot;:13,&quot;335559740&quot;:248,&quot;335559991&quot;:10}\">\u00a0<\/span><\/h2>\n<p><span data-contrast=\"none\">El jurat esta format pels membres de l<\/span><span data-contrast=\"none\">&#8216;Equip de direcci\u00f3 del Centre i la Comissi\u00f3 organitzadora dels actes del 40 \u00e8 aniversari.<\/span><span data-ccp-props=\"{&quot;201341983&quot;:0,&quot;335559685&quot;:10,&quot;335559739&quot;:70,&quot;335559740&quot;:247,&quot;335559991&quot;:10}\">\u00a0<\/span><\/p>\n<h2><b><span data-contrast=\"none\">Premi\u00a0<\/span><\/b><span data-ccp-props=\"{&quot;201341983&quot;:0,&quot;335559685&quot;:-5,&quot;335559739&quot;:13,&quot;335559740&quot;:248,&quot;335559991&quot;:10}\">\u00a0<\/span><\/h2>\n<p><span data-contrast=\"none\">El lema premiat rebr\u00e0 un xec regal amb un import de 75 \u20ac per comprar productes a la botiga de l\u2019ONCE.<\/span><span data-ccp-props=\"{&quot;201341983&quot;:0,&quot;335559685&quot;:10,&quot;335559739&quot;:16,&quot;335559740&quot;:247,&quot;335559991&quot;:10}\">\u00a0<\/span><\/p>\n<h2><b><span data-contrast=\"none\">Desenlla\u00e7<\/span><\/b><span data-ccp-props=\"{&quot;201341983&quot;:0,&quot;335559685&quot;:-5,&quot;335559739&quot;:13,&quot;335559740&quot;:248,&quot;335559991&quot;:10}\">\u00a0<\/span><\/h2>\n<p><span data-contrast=\"none\">Finalitzada la votaci\u00f3 p\u00fablica, la comunicaci\u00f3 final es produir\u00e0 del 14 al 17 de gener de 2025. Es comunicar\u00e0 via correu electr\u00f2nic al guanyador\/a, i igualment es faran p\u00fablics els resultats en el web NODES del CREDV i les xarxes.\u00a0<\/span><span data-ccp-props=\"{&quot;201341983&quot;:0,&quot;335559685&quot;:0,&quot;335559731&quot;:0,&quot;335559739&quot;:16,&quot;335559740&quot;:247,&quot;335559991&quot;:10}\">\u00a0<\/span><\/p>\n<h2><b><span data-contrast=\"none\">Propietat intel\u00b7lectual<\/span><\/b><span data-ccp-props=\"{&quot;201341983&quot;:0,&quot;335559685&quot;:-5,&quot;335559739&quot;:13,&quot;335559740&quot;:248,&quot;335559991&quot;:10}\">\u00a0<\/span><\/h2>\n<p><span data-contrast=\"none\">La persona guanyadora del concurs cedeix tots els drets del lema presentat als organitzadors del 40 \u00e8 Aniversari que passaran a ser propietaris dels drets. L\u2019autor\/a tamb\u00e9 cedeix els drets de manipulaci\u00f3, edici\u00f3, exposici\u00f3 i reproducci\u00f3.<\/span><span data-ccp-props=\"{&quot;201341983&quot;:0,&quot;335551550&quot;:6,&quot;335551620&quot;:6,&quot;335559685&quot;:-5,&quot;335559737&quot;:-4,&quot;335559739&quot;:71,&quot;335559740&quot;:237,&quot;335559991&quot;:10}\">\u00a0<\/span><\/p>\n<p><span data-contrast=\"none\">El nom del guanyador\/a ser\u00e0 publicat a la web NODES del CREDV CRE ONCE Barcelona.<\/span><\/p>\n<h2><b><span data-contrast=\"none\">Treballs no premiats<\/span><\/b><span data-ccp-props=\"{&quot;201341983&quot;:0,&quot;335559685&quot;:-5,&quot;335559739&quot;:13,&quot;335559740&quot;:248,&quot;335559991&quot;:10}\">\u00a0<\/span><\/h2>\n<p><span data-contrast=\"none\">Es procedir\u00e0 a una publicaci\u00f3 de tots els lemes presentats a la web NODES del CREDV CRE ONCE Barcelona.<\/span><\/p>\n<h2><b><span data-contrast=\"none\">Acceptaci\u00f3 de les bases del concurs<\/span><\/b><span data-ccp-props=\"{&quot;201341983&quot;:0,&quot;335559685&quot;:-15,&quot;335559731&quot;:0,&quot;335559739&quot;:13,&quot;335559740&quot;:248,&quot;335559991&quot;:10}\">\u00a0<\/span><\/h2>\n<p><span data-contrast=\"none\">La participaci\u00f3 al concurs porta impl\u00edcit l\u2019acceptaci\u00f3 de totes les seves bases i la decisi\u00f3 del jurat. Tota q\u00fcesti\u00f3 no prevista a les presents bases ser\u00e0 resolta pel jurat.<\/span><span data-ccp-props=\"{&quot;201341983&quot;:0,&quot;335559685&quot;:-5,&quot;335559739&quot;:13,&quot;335559740&quot;:248,&quot;335559991&quot;:10}\">\u00a0<\/span><span data-ccp-props=\"{&quot;201341983&quot;:0,&quot;335559685&quot;:-5,&quot;335559739&quot;:13,&quot;335559740&quot;:248,&quot;335559991&quot;:10}\">\u00a0<\/span><\/p>\n<p>&nbsp;<\/p>\n<p><strong>Comit\u00e8 organitzador<\/strong><span data-ccp-props=\"{&quot;201341983&quot;:0,&quot;335559685&quot;:-5,&quot;335559739&quot;:13,&quot;335559740&quot;:248,&quot;335559991&quot;:10}\">\u00a0<\/span><\/p>\n<hr \/>\n<h4>LEMES PRESENTATS!<\/h4>\n<ol>\n<li>40 anys il\u00b7luminant futurs: Educaci\u00f3 amb Passi\u00f3, Inclusi\u00f3 amb Prop\u00f2sit!<\/li>\n<li>40 anys sentint amb tu. La teva visi\u00f3, la nostra missi\u00f3.<\/li>\n<li>Gracias por permitirnos avanzar sin l\u00edmites y sin miedos<\/li>\n<li>40 anys treballant per la inclusi\u00f3 de les persones amb discapacitat visual. I seguim&#8230;<\/li>\n<li>En motiu del quarant\u00e8 jo m&#8217;omplo d&#8217;orgull del que soc i del que ser\u00e9 gracies al CREDV.<\/li>\n<li>Normalizar e incluir<\/li>\n<li>Al CREDV pots veure al final del t\u00fanel<\/li>\n<li>40 a\u00f1os aprendiendo y caminando juntos<\/li>\n<li>40 anys compartint mirades<\/li>\n<li>Ajudar per fer un m\u00f3n millor<\/li>\n<li>40 anys d\u2019innovaci\u00f3 educativa: Impulsant la inclusi\u00f3, inspirant el futur<\/li>\n<li>40 anys de la m\u00e0 de qui ens guia i motiva a crear.<\/li>\n<li>Nuestras esperanzas e ilusiones las aliment\u00e1is vosotros<\/li>\n<li>De la integraci\u00f3 a la inclusi\u00f3. 40 anys al costat de les persones amb discapacitat visual.<\/li>\n<li>Todos juntos podemos<\/li>\n<li>40 anys compartint vincles i somnis.<\/li>\n<li>40 anys caminant juntes<\/li>\n<\/ol>\n<hr \/>\n<h4>LEMA GUANYADOR!<\/h4>\n<p>&nbsp;<\/p>\n<table style=\"width: 100%; border-collapse: collapse; border-style: solid; border-color: #261313; background-color: #8bf573;\">\n<tbody>\n<tr>\n<td style=\"width: 100%; text-align: center;\"><strong>INNOVACI\u00d3 EDUCATIVA: IMPULSANT INCLUSI\u00d3, INSPIRANT FUTUR<\/strong><\/p>\n<p><strong>S\u00f2nia Monte Galiano\u00a0<\/strong><\/td>\n<\/tr>\n<\/tbody>\n<\/table>\n<p>&nbsp;<\/p>\n","protected":false},"excerpt":{"rendered":"<p>CONVOCAT\u00d2RIA I BASES\u00a0\u00a0<br \/>\nCONCURS LEMA 40 ANYS\u00a0<br \/>\n&nbsp;<br \/>\nAmb motiu del 40\u00e8 aniversari de la signatura del primer conveni i del centre espec\u00edfic Joan Amades, en un ventall ampli d\u2019activitats que volem organitzar, hem pensat que en tot esdeveniment important, ens cal disposar d\u2019un esl\u00f2gan commemoratiu que ens&hellip;  <a href=\"https:\/\/agora.xtec.cat\/credv\/40-aniversari\/lema-40-aniversari\/\" title=\"Read Lema 40 anys\">Llegeix m\u00e9s\u00bb<\/a><\/p>\n","protected":false},"author":1,"featured_media":0,"parent":10878,"menu_order":0,"comment_status":"closed","ping_status":"closed","template":"","meta":{"_bbp_topic_count":0,"_bbp_reply_count":0,"_bbp_total_topic_count":0,"_bbp_total_reply_count":0,"_bbp_voice_count":0,"_bbp_anonymous_reply_count":0,"_bbp_topic_count_hidden":0,"_bbp_reply_count_hidden":0,"_bbp_forum_subforum_count":0,"footnotes":""},"class_list":["post-11114","page","type-page","status-publish","hentry"],"post_mailing_queue_ids":[],"_links":{"self":[{"href":"https:\/\/agora.xtec.cat\/credv\/wp-json\/wp\/v2\/pages\/11114","targetHints":{"allow":["GET"]}}],"collection":[{"href":"https:\/\/agora.xtec.cat\/credv\/wp-json\/wp\/v2\/pages"}],"about":[{"href":"https:\/\/agora.xtec.cat\/credv\/wp-json\/wp\/v2\/types\/page"}],"author":[{"embeddable":true,"href":"https:\/\/agora.xtec.cat\/credv\/wp-json\/wp\/v2\/users\/1"}],"replies":[{"embeddable":true,"href":"https:\/\/agora.xtec.cat\/credv\/wp-json\/wp\/v2\/comments?post=11114"}],"version-history":[{"count":6,"href":"https:\/\/agora.xtec.cat\/credv\/wp-json\/wp\/v2\/pages\/11114\/revisions"}],"predecessor-version":[{"id":11416,"href":"https:\/\/agora.xtec.cat\/credv\/wp-json\/wp\/v2\/pages\/11114\/revisions\/11416"}],"up":[{"embeddable":true,"href":"https:\/\/agora.xtec.cat\/credv\/wp-json\/wp\/v2\/pages\/10878"}],"wp:attachment":[{"href":"https:\/\/agora.xtec.cat\/credv\/wp-json\/wp\/v2\/media?parent=11114"}],"curies":[{"name":"wp","href":"https:\/\/api.w.org\/{rel}","templated":true}]}}