{"id":10988,"date":"2024-05-28T23:22:00","date_gmt":"2024-05-28T21:22:00","guid":{"rendered":"https:\/\/agora.xtec.cat\/credv\/?page_id=10988"},"modified":"2025-11-17T14:31:23","modified_gmt":"2025-11-17T13:31:23","slug":"comunicacio-premsa","status":"publish","type":"page","link":"https:\/\/agora.xtec.cat\/credv\/40-aniversari\/comunicacio-premsa\/","title":{"rendered":"Hist\u00f2ria"},"content":{"rendered":"<h2 style=\"text-align: center;\">40 ANYS FENT EQUIP (1985-2025)<\/h2>\n<p>&nbsp;<\/p>\n<p>En aquest apartat anirem escrivint la hist\u00f2ria partint de les mirades dels diferents \u00e0mbits del CREDV-CRE ONCE Barcelona. Esports, M\u00fasica, Tecnologia, &#8230;<\/p>\n<p>La nostra hist\u00f2ria comen\u00e7a ara fa 40 anys &#8230;<\/p>\n<p>En el primer article en Manel Eiximeno Moreso, Director del CREDV-CRE ONCE Barcelona, fa un recull del cam\u00ed realitzat i en els articles que segueixen relatem aquest cam\u00ed amb l&#8217;\u00f2ptica dels diferents equips i professionals que formen part del CREDV-CRE ONCE Barcelona.<\/p>\n<p>No us perdeu aquest recull!<\/p>\n<ol>\n<li><a href=\"https:\/\/drive.google.com\/file\/d\/1AT9T8-XZD59V2Cik92--UiEWgEOnw-o7\/view?usp=sharing\">40 ANYS fent equip. (Manel Eiximeno)<\/a>.<\/li>\n<li><a href=\"https:\/\/drive.google.com\/file\/d\/1kgz9YWvIYXYV2X4vitfjQyhfMHdvjIe5\/view?usp=sharing\">40 ANYS. Una aposta pionera. (Carme Guinea).<\/a><\/li>\n<li><a href=\"https:\/\/drive.google.com\/file\/d\/1STqD1jIeyifQJDPwneF9zuKX9sM0Nngu\/view?usp=sharing\">40 ANYS. El marc d&#8217;actuaci\u00f3. (Irene Ginebra)<\/a>.<\/li>\n<li><a href=\"https:\/\/drive.google.com\/file\/d\/1aNDGdVk2T_AfVRj5oaNqtm4wbOivKvy6\/view?usp=sharing\">40 ANYS. De l&#8217;EAP d&#8217;invidents a l&#8217;equip psicopedag\u00f2gic. (G. Catal\u00e0, F. Mena)<\/a>.<\/li>\n<li><a href=\"https:\/\/drive.google.com\/file\/d\/1DVPdGZXRl4JdY6iyF3t5LrXp7YpIqKs4\/view?usp=sharing\">40 ANYS. Com m\u00e9s aviat millor. (M. Morral, T. Ribera)<\/a>.<\/li>\n<li><a href=\"https:\/\/drive.google.com\/file\/d\/1lqpk7rW8dSLIRuTXW3LC5G8hOaJqMOEK\/view?usp=sharing\">40 ANYS. La psicologia i el professional de la psicologia al CRE. (Rafael Pallero).<\/a><\/li>\n<li><a href=\"https:\/\/drive.google.com\/file\/d\/1M4jTtc0Buj1eVHIrInqhaw9GtTeWzWCL\/view?usp=sharing\">40 ANYS. L&#8217;autonomia personal. (Laura Blanco)<\/a>.<\/li>\n<li><a href=\"https:\/\/drive.google.com\/file\/d\/1ewEucvspLpwmG5yLzpgbxAOnYd6Fxhx8\/view?usp=sharing\">40 ANYS. El coordinador de cas. (R. Coma, R. Estrada, M. Orta)<\/a>.<\/li>\n<li><a href=\"https:\/\/drive.google.com\/file\/d\/1oWzgUMCBwxqECaY90H3_5HqFk4nm7UVC\/view?usp=sharing\">40 ANYS. L&#8217;atenci\u00f3 a persones adultes. (Equip Atenci\u00f3 Persones Adultes)<\/a>.<\/li>\n<li><a href=\"https:\/\/drive.google.com\/file\/d\/1od9pih26ivyhEYYeKjlR_fmWrT9r6um2\/view?usp=sharing\">40 ANYS. Una mirada \u00fanica sobre la pluri i la multi discapacitat. (T. Iba\u00f1ez, G. Prats)<\/a>.<\/li>\n<li><a href=\"https:\/\/drive.google.com\/file\/d\/1UndllRRmxUZcB-k_qbjfutTi_moVpIsa\/view?usp=sharing\">40 ANYS. Atenci\u00f3 a l&#8217;alumnat amb sordceguesa. (C. Iglesias, S. Vicente)<\/a>.<\/li>\n<li><a href=\"https:\/\/drive.google.com\/file\/d\/1D2d1DdmTFmN5sylfChmlydO9BGtZgT1R\/view?usp=sharing\">40 ANYS. L&#8217;aprenentatge del braille. (M. Dom\u00e8nech, R. Estrada, R. Gallart, L. Nadal, L. Melchor)<\/a>.<\/li>\n<li><a href=\"https:\/\/drive.google.com\/file\/d\/1krX0jBkH0SKH8MuepbL76_0Xmjlr3HSu\/view?usp=sharing\">40 ANYS. Punt a punt. (Marta Baldrich)<\/a>.<\/li>\n<li><a href=\"https:\/\/drive.google.com\/file\/d\/16Ms_nnMoqnHZfbTwtLaxHh9akAQK6azd\/view?usp=sharing\">40 ANYS. Educaci\u00f3 musical i discapacitat visual. (Isidre Vall\u00e8s)<\/a>.<\/li>\n<li><a href=\"https:\/\/drive.google.com\/file\/d\/1Z_e5wmkTkT004cexfsDHGPtszVOY5QiZ\/view?usp=sharing\">40 ANYS. L&#8217;activitat f\u00edsica i 40 anys d&#8217;evoluci\u00f3. (A. Blanco, D. Huguet).<\/a><\/li>\n<li><a href=\"https:\/\/drive.google.com\/file\/d\/1oejq-M_gTpY3ikB9cJR6Op0MZWLs9SOj\/view?usp=sharing\">40 ANYS. Serveis TIC i tiflotecnologia. (MT Corbella, S Boix, R. Garcia).<\/a><\/li>\n<\/ol>\n<p>&nbsp;<\/p>\n","protected":false},"excerpt":{"rendered":"<p>40 ANYS FENT EQUIP (1985-2025)<br \/>\n&nbsp;<br \/>\nEn aquest apartat anirem escrivint la hist\u00f2ria partint de les mirades dels diferents \u00e0mbits del CREDV-CRE ONCE Barcelona. Esports, M\u00fasica, Tecnologia, &#8230;<br \/>\nLa nostra hist\u00f2ria comen\u00e7a ara fa 40 anys &#8230;<br \/>\nEn el primer article en Manel Eiximeno Moreso, Director del CREDV-CRE ONCE&hellip;  <a href=\"https:\/\/agora.xtec.cat\/credv\/40-aniversari\/comunicacio-premsa\/\" title=\"Read Hist\u00f2ria\">Llegeix m\u00e9s\u00bb<\/a><\/p>\n","protected":false},"author":1,"featured_media":0,"parent":10878,"menu_order":0,"comment_status":"closed","ping_status":"closed","template":"","meta":{"_bbp_topic_count":0,"_bbp_reply_count":0,"_bbp_total_topic_count":0,"_bbp_total_reply_count":0,"_bbp_voice_count":0,"_bbp_anonymous_reply_count":0,"_bbp_topic_count_hidden":0,"_bbp_reply_count_hidden":0,"_bbp_forum_subforum_count":0,"footnotes":""},"class_list":["post-10988","page","type-page","status-publish","hentry"],"post_mailing_queue_ids":[],"_links":{"self":[{"href":"https:\/\/agora.xtec.cat\/credv\/wp-json\/wp\/v2\/pages\/10988","targetHints":{"allow":["GET"]}}],"collection":[{"href":"https:\/\/agora.xtec.cat\/credv\/wp-json\/wp\/v2\/pages"}],"about":[{"href":"https:\/\/agora.xtec.cat\/credv\/wp-json\/wp\/v2\/types\/page"}],"author":[{"embeddable":true,"href":"https:\/\/agora.xtec.cat\/credv\/wp-json\/wp\/v2\/users\/1"}],"replies":[{"embeddable":true,"href":"https:\/\/agora.xtec.cat\/credv\/wp-json\/wp\/v2\/comments?post=10988"}],"version-history":[{"count":6,"href":"https:\/\/agora.xtec.cat\/credv\/wp-json\/wp\/v2\/pages\/10988\/revisions"}],"predecessor-version":[{"id":12077,"href":"https:\/\/agora.xtec.cat\/credv\/wp-json\/wp\/v2\/pages\/10988\/revisions\/12077"}],"up":[{"embeddable":true,"href":"https:\/\/agora.xtec.cat\/credv\/wp-json\/wp\/v2\/pages\/10878"}],"wp:attachment":[{"href":"https:\/\/agora.xtec.cat\/credv\/wp-json\/wp\/v2\/media?parent=10988"}],"curies":[{"name":"wp","href":"https:\/\/api.w.org\/{rel}","templated":true}]}}