{"id":10981,"date":"2024-05-28T23:19:20","date_gmt":"2024-05-28T21:19:20","guid":{"rendered":"https:\/\/agora.xtec.cat\/credv\/?page_id=10981"},"modified":"2024-12-17T17:01:16","modified_gmt":"2024-12-17T16:01:16","slug":"organitzacio","status":"publish","type":"page","link":"https:\/\/agora.xtec.cat\/credv\/40-aniversari\/organitzacio\/","title":{"rendered":"Direcci\u00f3 i Comissi\u00f3 organitzadora"},"content":{"rendered":"<p>Ens presentem!<\/p>\n<h2 style=\"text-align: center;\"><strong>La Junta Rectora del conveni Departament d\u2019Educaci\u00f3-ONCE<\/strong><\/h2>\n<ul>\n<li>Sr. Manel Eiximeno, Director del CRE ONCE Barcelona i responsable del Servei Educatiu Compartit Departament d\u2019Educaci\u00f3-ONCE (CREDV-CRE)<\/li>\n<li>Sra. Susana Tarapiello, Directora General d\u2019Educaci\u00f3 Inclusiva, Departament Educaci\u00f3 i Formaci\u00f3 Professional<\/li>\n<li>Sr. Enric Bot\u00ed, Delegat de l\u2019ONCE a Catalunya<\/li>\n<li>Sra. Hort\u00e8nsia L\u00f3pez, Sotsdirectora General de Planificaci\u00f3 i Gesti\u00f3 d\u2019Educaci\u00f3 Inclusiva<\/li>\n<li>Sra. M.Dolors Blasco, Cap de Servei d&#8217;Equips d&#8217;Assessorament Psicopedag\u00f2gics i Serveis Educatius Espec\u00edfics, que actua com a secret\u00e0ria de la Junta Rectora<\/li>\n<\/ul>\n<p><img loading=\"lazy\" decoding=\"async\" class=\"aligncenter wp-image-11188 size-full\" src=\"https:\/\/agora.xtec.cat\/credv\/wp-content\/uploads\/usu1287\/2024\/11\/junta1-e1732981233304.jpg\" alt=\"Imatge de la Junta Rectora\" width=\"2016\" height=\"833\" srcset=\"https:\/\/agora.xtec.cat\/credv\/wp-content\/uploads\/usu1287\/2024\/11\/junta1-e1732981233304.jpg 2016w, https:\/\/agora.xtec.cat\/credv\/wp-content\/uploads\/usu1287\/2024\/11\/junta1-e1732981233304-300x124.jpg 300w, https:\/\/agora.xtec.cat\/credv\/wp-content\/uploads\/usu1287\/2024\/11\/junta1-e1732981233304-1024x423.jpg 1024w, https:\/\/agora.xtec.cat\/credv\/wp-content\/uploads\/usu1287\/2024\/11\/junta1-e1732981233304-768x317.jpg 768w, https:\/\/agora.xtec.cat\/credv\/wp-content\/uploads\/usu1287\/2024\/11\/junta1-e1732981233304-1536x635.jpg 1536w\" sizes=\"auto, (max-width: 2016px) 100vw, 2016px\" \/><\/p>\n<p>&nbsp;<\/p>\n<h3 style=\"text-align: center;\"><strong>La Direcci\u00f3 del CREDV &#8211; CRE ONCE Barcelona. Manel Eiximeno Moreso<\/strong><\/h3>\n<p><img loading=\"lazy\" decoding=\"async\" class=\"size-full wp-image-10984 aligncenter\" src=\"https:\/\/agora.xtec.cat\/credv\/wp-content\/uploads\/usu1287\/2024\/05\/Manel.jpg\" alt=\"\" width=\"265\" height=\"190\" \/><\/p>\n<p>&nbsp;<\/p>\n<h3 style=\"text-align: center;\"><strong>Direcci\u00f3 T\u00e8cnica Pedag\u00f2gica. Na Irene Ginebra Coma<\/strong><\/h3>\n<p><img loading=\"lazy\" decoding=\"async\" class=\"wp-image-11189 aligncenter\" src=\"https:\/\/agora.xtec.cat\/credv\/wp-content\/uploads\/usu1287\/2024\/11\/Irene.jpg\" alt=\"Irene Ginebra\" width=\"252\" height=\"189\" srcset=\"https:\/\/agora.xtec.cat\/credv\/wp-content\/uploads\/usu1287\/2024\/11\/Irene.jpg 1600w, https:\/\/agora.xtec.cat\/credv\/wp-content\/uploads\/usu1287\/2024\/11\/Irene-300x225.jpg 300w, https:\/\/agora.xtec.cat\/credv\/wp-content\/uploads\/usu1287\/2024\/11\/Irene-1024x768.jpg 1024w, https:\/\/agora.xtec.cat\/credv\/wp-content\/uploads\/usu1287\/2024\/11\/Irene-768x576.jpg 768w, https:\/\/agora.xtec.cat\/credv\/wp-content\/uploads\/usu1287\/2024\/11\/Irene-1536x1152.jpg 1536w, https:\/\/agora.xtec.cat\/credv\/wp-content\/uploads\/usu1287\/2024\/11\/Irene-200x150.jpg 200w\" sizes=\"auto, (max-width: 252px) 100vw, 252px\" \/><\/p>\n<p>&nbsp;<\/p>\n<p>Comissi\u00f3 organitzadora de les activitats dels 40 Anys:<\/p>\n<ul>\n<li>Manel Eiximeno Moreso. Director CRE ONCE Barcelona, responsable Servei Educatiu Departament Educaci\u00f3 i Formaci\u00f3 Professional \u2013 ONCE<\/li>\n<li>Irene Ginebra Coma. Directora T\u00e8cnica Pedag\u00f2gica<\/li>\n<li>M Lourdes Caseny Ferrando. T\u00e8cnica Servei de Suports i Mesures per a la Inclusi\u00f3, Subdirecci\u00f3 General de Planificaci\u00f3 i Gesti\u00f3 d&#8217;Educaci\u00f3 Inclusiva<\/li>\n<li>S\u00edlvia Bassols Ginesta. Servei d\u2019atenci\u00f3 a les fam\u00edlies CREDV\/CRE ONCE Barcelona<\/li>\n<li>M Teresa Corbella Roqueta. Coordinadora Servei TIC, CREDV\/CRE ONCE Barcelona<\/li>\n<li><span style=\"font-family: inherit; font-size: 1em;\">David Huguet Mora.\u00a0<\/span>Especialista d\u2019Educaci\u00f3 F\u00edsica CREDV\/CRE ONCE Barcelona<\/li>\n<li>Francesc Mena Berbegall. Equip Psicopedag\u00f2gic, CREDV\/CRE ONCE Barcelona<\/li>\n<li>N\u00faria Dar\u00f3 Boada. Suport administratiu<\/li>\n<\/ul>\n<p>&nbsp;<\/p>\n<p>&nbsp;<\/p>\n","protected":false},"excerpt":{"rendered":"<p>Ens presentem!<br \/>\nLa Junta Rectora del conveni Departament d\u2019Educaci\u00f3-ONCE<\/p>\n<ul>\n<li>Sr. Manel Eiximeno, Director del CRE ONCE Barcelona i responsable del Servei Educatiu Compartit Departament d\u2019Educaci\u00f3-ONCE (CREDV-CRE)<\/li>\n<li>Sra. Susana Tarapiello, Directora General d\u2019Educaci\u00f3 Inclusiva, Departament Educaci\u00f3 i Formaci\u00f3 Professional<\/li>\n<li>Sr. Enric Bot\u00ed, Delegat de l\u2019ONCE a Catalunya<\/li>\n<li>Sra. Hort\u00e8nsia L\u00f3pez, Sotsdirectora&hellip;  <a href=\"https:\/\/agora.xtec.cat\/credv\/40-aniversari\/organitzacio\/\" title=\"Read Direcci\u00f3 i Comissi\u00f3 organitzadora\">Llegeix m\u00e9s\u00bb<\/a><br \/>\n","protected":false},"author":1,"featured_media":0,"parent":10878,"menu_order":0,"comment_status":"closed","ping_status":"closed","template":"","meta":{"_bbp_topic_count":0,"_bbp_reply_count":0,"_bbp_total_topic_count":0,"_bbp_total_reply_count":0,"_bbp_voice_count":0,"_bbp_anonymous_reply_count":0,"_bbp_topic_count_hidden":0,"_bbp_reply_count_hidden":0,"_bbp_forum_subforum_count":0,"footnotes":""},"class_list":["post-10981","page","type-page","status-publish","hentry"],"post_mailing_queue_ids":[],"_links":{"self":[{"href":"https:\/\/agora.xtec.cat\/credv\/wp-json\/wp\/v2\/pages\/10981","targetHints":{"allow":["GET"]}}],"collection":[{"href":"https:\/\/agora.xtec.cat\/credv\/wp-json\/wp\/v2\/pages"}],"about":[{"href":"https:\/\/agora.xtec.cat\/credv\/wp-json\/wp\/v2\/types\/page"}],"author":[{"embeddable":true,"href":"https:\/\/agora.xtec.cat\/credv\/wp-json\/wp\/v2\/users\/1"}],"replies":[{"embeddable":true,"href":"https:\/\/agora.xtec.cat\/credv\/wp-json\/wp\/v2\/comments?post=10981"}],"version-history":[{"count":6,"href":"https:\/\/agora.xtec.cat\/credv\/wp-json\/wp\/v2\/pages\/10981\/revisions"}],"predecessor-version":[{"id":11277,"href":"https:\/\/agora.xtec.cat\/credv\/wp-json\/wp\/v2\/pages\/10981\/revisions\/11277"}],"up":[{"embeddable":true,"href":"https:\/\/agora.xtec.cat\/credv\/wp-json\/wp\/v2\/pages\/10878"}],"wp:attachment":[{"href":"https:\/\/agora.xtec.cat\/credv\/wp-json\/wp\/v2\/media?parent=10981"}],"curies":[{"name":"wp","href":"https:\/\/api.w.org\/{rel}","templated":true}]}}