{"id":10979,"date":"2024-05-28T23:10:39","date_gmt":"2024-05-28T21:10:39","guid":{"rendered":"https:\/\/agora.xtec.cat\/credv\/?page_id=10979"},"modified":"2026-01-21T14:22:21","modified_gmt":"2026-01-21T13:22:21","slug":"presentacio-de-recursos","status":"publish","type":"page","link":"https:\/\/agora.xtec.cat\/credv\/40-aniversari\/presentacio-de-recursos\/","title":{"rendered":"Presentaci\u00f3 de recursos"},"content":{"rendered":"<h4 style=\"padding-left: 40px; text-align: left;\"><a href=\"https:\/\/agora.xtec.cat\/credv\/presentacio-del-servei-educatiu\/\">EL SERVEI EDUCATIU<\/a><\/h4>\n<h2><img loading=\"lazy\" decoding=\"async\" class=\"alignnone wp-image-9772\" src=\"https:\/\/agora.xtec.cat\/credv\/wp-content\/uploads\/usu1287\/2020\/11\/35anys-e1736890875751.png\" alt=\"Edifici CRE ONCE\" width=\"581\" height=\"324\" srcset=\"https:\/\/agora.xtec.cat\/credv\/wp-content\/uploads\/usu1287\/2020\/11\/35anys-e1736890875751.png 518w, https:\/\/agora.xtec.cat\/credv\/wp-content\/uploads\/usu1287\/2020\/11\/35anys-e1736890875751-300x167.png 300w\" sizes=\"auto, (max-width: 581px) 100vw, 581px\" \/><\/h2>\n<h4 style=\"text-align: left; padding-left: 40px;\"><a href=\"https:\/\/agora.xtec.cat\/credv\/recursos-atencio-precoc\/\">ATENCI\u00d3 PRECO\u00c7<\/a> \u00a0\u00a0 \u00a0\u00a0 \u00a0\u00a0 \u00a0\u00a0 \u00a0\u00a0 \u00a0\u00a0<a href=\"https:\/\/agora.xtec.cat\/credv\/categoria\/complementaries-ei\/\">EDUCACI\u00d3 INFANTIL<\/a><\/h4>\n<ul>\n<li style=\"list-style-type: none;\">\n<ul>\n<li style=\"list-style-type: none;\"><\/li>\n<\/ul>\n<\/li>\n<\/ul>\n<p><img loading=\"lazy\" decoding=\"async\" class=\"alignnone wp-image-10936\" src=\"https:\/\/agora.xtec.cat\/credv\/wp-content\/uploads\/usu1287\/2024\/04\/central-blau-aturant-scaled.jpg\" alt=\"\" width=\"580\" height=\"435\" srcset=\"https:\/\/agora.xtec.cat\/credv\/wp-content\/uploads\/usu1287\/2024\/04\/central-blau-aturant-scaled.jpg 2560w, https:\/\/agora.xtec.cat\/credv\/wp-content\/uploads\/usu1287\/2024\/04\/central-blau-aturant-300x225.jpg 300w, https:\/\/agora.xtec.cat\/credv\/wp-content\/uploads\/usu1287\/2024\/04\/central-blau-aturant-1024x768.jpg 1024w, https:\/\/agora.xtec.cat\/credv\/wp-content\/uploads\/usu1287\/2024\/04\/central-blau-aturant-768x576.jpg 768w, https:\/\/agora.xtec.cat\/credv\/wp-content\/uploads\/usu1287\/2024\/04\/central-blau-aturant-1536x1152.jpg 1536w, https:\/\/agora.xtec.cat\/credv\/wp-content\/uploads\/usu1287\/2024\/04\/central-blau-aturant-2048x1536.jpg 2048w, https:\/\/agora.xtec.cat\/credv\/wp-content\/uploads\/usu1287\/2024\/04\/central-blau-aturant-200x150.jpg 200w\" sizes=\"auto, (max-width: 580px) 100vw, 580px\" \/><\/p>\n<h4 style=\"padding-left: 40px;\"><a href=\"https:\/\/agora.xtec.cat\/credv\/tecnologia-i-tiflotecnologia-competencia-digital\/\">TECNOLOGIA,\u00a0TIFLOTECNOLOGIA I ACCESSIBILITAT<\/a><\/h4>\n<h2><img loading=\"lazy\" decoding=\"async\" class=\"alignnone wp-image-9154\" src=\"https:\/\/agora.xtec.cat\/credv\/wp-content\/uploads\/usu1287\/2017\/11\/Aumentar-tu-productividad-con-Mecanograf\u00eda-posici\u00f3n-de-las-manos.jpg\" alt=\"\" width=\"581\" height=\"363\" srcset=\"https:\/\/agora.xtec.cat\/credv\/wp-content\/uploads\/usu1287\/2017\/11\/Aumentar-tu-productividad-con-Mecanograf\u00eda-posici\u00f3n-de-las-manos.jpg 800w, https:\/\/agora.xtec.cat\/credv\/wp-content\/uploads\/usu1287\/2017\/11\/Aumentar-tu-productividad-con-Mecanograf\u00eda-posici\u00f3n-de-las-manos-300x188.jpg 300w, https:\/\/agora.xtec.cat\/credv\/wp-content\/uploads\/usu1287\/2017\/11\/Aumentar-tu-productividad-con-Mecanograf\u00eda-posici\u00f3n-de-las-manos-768x480.jpg 768w\" sizes=\"auto, (max-width: 581px) 100vw, 581px\" \/><\/h2>\n<h4 style=\"padding-left: 40px;\"><a href=\"https:\/\/agora.xtec.cat\/credv\/educacio-fisica\/\">EDUCACI\u00d3 F\u00cdSICA<\/a><\/h4>\n<h2><img loading=\"lazy\" decoding=\"async\" class=\"alignnone wp-image-10936\" src=\"https:\/\/agora.xtec.cat\/credv\/wp-content\/uploads\/usu1287\/2024\/04\/central-blau-aturant-scaled.jpg\" alt=\"\" width=\"580\" height=\"435\" srcset=\"https:\/\/agora.xtec.cat\/credv\/wp-content\/uploads\/usu1287\/2024\/04\/central-blau-aturant-scaled.jpg 2560w, https:\/\/agora.xtec.cat\/credv\/wp-content\/uploads\/usu1287\/2024\/04\/central-blau-aturant-300x225.jpg 300w, https:\/\/agora.xtec.cat\/credv\/wp-content\/uploads\/usu1287\/2024\/04\/central-blau-aturant-1024x768.jpg 1024w, https:\/\/agora.xtec.cat\/credv\/wp-content\/uploads\/usu1287\/2024\/04\/central-blau-aturant-768x576.jpg 768w, https:\/\/agora.xtec.cat\/credv\/wp-content\/uploads\/usu1287\/2024\/04\/central-blau-aturant-1536x1152.jpg 1536w, https:\/\/agora.xtec.cat\/credv\/wp-content\/uploads\/usu1287\/2024\/04\/central-blau-aturant-2048x1536.jpg 2048w, https:\/\/agora.xtec.cat\/credv\/wp-content\/uploads\/usu1287\/2024\/04\/central-blau-aturant-200x150.jpg 200w\" sizes=\"auto, (max-width: 580px) 100vw, 580px\" \/><\/h2>\n<h2 style=\"padding-left: 40px;\"><\/h2>\n<h4 style=\"padding-left: 40px;\">MATEM\u00c0TIQUES<\/h4>\n<ul>\n<li style=\"list-style-type: none;\">\n<ul>\n<li style=\"list-style-type: none;\">\n<ul>\n<li><a href=\"https:\/\/drive.google.com\/file\/d\/1sfkrR7lTmRnX_CsTQFrf4T0vM0qG4k2q\/view?usp=sharing\">Orientacions metodol\u00f2giques en l&#8217;\u00e0rea de matem\u00e0tiques a ESO<\/a><\/li>\n<li><a href=\"https:\/\/drive.google.com\/file\/d\/1C8kLr9EyvQDqgyU5ZsdDFBsXhvoVNWY5\/view\">Treballem geometria plana amb la goma de dibuix i el cartab\u00f3<\/a><\/li>\n<li><a href=\"https:\/\/www.youtube.com\/@creoncebarcelona-credv-mat2077\/videos\">Treballem amb EDICO (Editor cient\u00edfic ONCE)<\/a><\/li>\n<\/ul>\n<\/li>\n<\/ul>\n<\/li>\n<\/ul>\n<h4><img loading=\"lazy\" decoding=\"async\" class=\"alignnone wp-image-11400\" src=\"https:\/\/agora.xtec.cat\/credv\/wp-content\/uploads\/usu1287\/2025\/01\/EDICO.jpg\" alt=\"Edico pantalla inicio\" width=\"580\" height=\"433\" srcset=\"https:\/\/agora.xtec.cat\/credv\/wp-content\/uploads\/usu1287\/2025\/01\/EDICO.jpg 260w, https:\/\/agora.xtec.cat\/credv\/wp-content\/uploads\/usu1287\/2025\/01\/EDICO-200x150.jpg 200w\" sizes=\"auto, (max-width: 580px) 100vw, 580px\" \/><\/h4>\n<h4 style=\"padding-left: 40px;\">VISUAL I PL\u00c0STICA<\/h4>\n<ul>\n<li style=\"list-style-type: none;\">\n<ul>\n<li style=\"list-style-type: none;\">\n<ul>\n<li><a href=\"https:\/\/drive.google.com\/file\/d\/1Coqzw9cQUgcHbhnaNnOyj7ODEHTysWyu\/view?usp=sharing\">Recull de recursos i materials<\/a><\/li>\n<\/ul>\n<\/li>\n<\/ul>\n<\/li>\n<\/ul>\n<h2><img loading=\"lazy\" decoding=\"async\" class=\"alignnone wp-image-9350\" src=\"https:\/\/agora.xtec.cat\/credv\/wp-content\/uploads\/usu1287\/2019\/03\/rodones-pl\u00e0stica1.jpg\" alt=\"Rodones pl\u00e0stica1\" width=\"581\" height=\"372\" \/><\/h2>\n","protected":false},"excerpt":{"rendered":"<p><a href=\"https:\/\/agora.xtec.cat\/credv\/presentacio-del-servei-educatiu\/\">EL SERVEI EDUCATIU<\/a><\/p>\n<p><a href=\"https:\/\/agora.xtec.cat\/credv\/recursos-atencio-precoc\/\">ATENCI\u00d3 PRECO\u00c7<\/a> \u00a0\u00a0 \u00a0\u00a0 \u00a0\u00a0 \u00a0\u00a0 \u00a0\u00a0 \u00a0\u00a0<a href=\"https:\/\/agora.xtec.cat\/credv\/categoria\/complementaries-ei\/\">EDUCACI\u00d3 INFANTIL<\/a><\/p>\n<ul>\n<li style=\"list-style-type: none;\">\n<ul>\n<li style=\"list-style-type: none;\"><\/li>\n<\/ul>\n<\/li>\n<\/ul>\n<p><a href=\"https:\/\/agora.xtec.cat\/credv\/tecnologia-i-tiflotecnologia-competencia-digital\/\">TECNOLOGIA,\u00a0TIFLOTECNOLOGIA I ACCESSIBILITAT<\/a><\/p>\n<p><a href=\"https:\/\/agora.xtec.cat\/credv\/educacio-fisica\/\">EDUCACI\u00d3 F\u00cdSICA<\/a><\/p>\n<p>MATEM\u00c0TIQUES<\/p>\n<ul>\n<li style=\"list-style-type: none;\">\n<ul>\n<li style=\"list-style-type: none;\">\n<ul>\n<li><a href=\"https:\/\/drive.google.com\/file\/d\/1sfkrR7lTmRnX_CsTQFrf4T0vM0qG4k2q\/view?usp=sharing\">Orientacions metodol\u00f2giques en l&#8217;\u00e0rea de matem\u00e0tiques a ESO<\/a><\/li>\n<li><a href=\"https:\/\/drive.google.com\/file\/d\/1C8kLr9EyvQDqgyU5ZsdDFBsXhvoVNWY5\/view\">Treballem geometria plana amb la goma de dibuix i el&hellip;  <a href=\"https:\/\/agora.xtec.cat\/credv\/40-aniversari\/presentacio-de-recursos\/\" title=\"Read Presentaci\u00f3 de recursos\">Llegeix m\u00e9s\u00bb<\/a><br \/>\n","protected":false},"author":1,"featured_media":0,"parent":10878,"menu_order":0,"comment_status":"closed","ping_status":"closed","template":"","meta":{"_bbp_topic_count":0,"_bbp_reply_count":0,"_bbp_total_topic_count":0,"_bbp_total_reply_count":0,"_bbp_voice_count":0,"_bbp_anonymous_reply_count":0,"_bbp_topic_count_hidden":0,"_bbp_reply_count_hidden":0,"_bbp_forum_subforum_count":0,"footnotes":""},"class_list":["post-10979","page","type-page","status-publish","hentry"],"post_mailing_queue_ids":[],"_links":{"self":[{"href":"https:\/\/agora.xtec.cat\/credv\/wp-json\/wp\/v2\/pages\/10979","targetHints":{"allow":["GET"]}}],"collection":[{"href":"https:\/\/agora.xtec.cat\/credv\/wp-json\/wp\/v2\/pages"}],"about":[{"href":"https:\/\/agora.xtec.cat\/credv\/wp-json\/wp\/v2\/types\/page"}],"author":[{"embeddable":true,"href":"https:\/\/agora.xtec.cat\/credv\/wp-json\/wp\/v2\/users\/1"}],"replies":[{"embeddable":true,"href":"https:\/\/agora.xtec.cat\/credv\/wp-json\/wp\/v2\/comments?post=10979"}],"version-history":[{"count":6,"href":"https:\/\/agora.xtec.cat\/credv\/wp-json\/wp\/v2\/pages\/10979\/revisions"}],"predecessor-version":[{"id":12091,"href":"https:\/\/agora.xtec.cat\/credv\/wp-json\/wp\/v2\/pages\/10979\/revisions\/12091"}],"up":[{"embeddable":true,"href":"https:\/\/agora.xtec.cat\/credv\/wp-json\/wp\/v2\/pages\/10878"}],"wp:attachment":[{"href":"https:\/\/agora.xtec.cat\/credv\/wp-json\/wp\/v2\/media?parent=10979"}],"curies":[{"name":"wp","href":"https:\/\/api.w.org\/{rel}","templated":true}]}}