{"id":10965,"date":"2024-05-28T20:06:16","date_gmt":"2024-05-28T18:06:16","guid":{"rendered":"https:\/\/agora.xtec.cat\/credv\/?page_id=10965"},"modified":"2025-05-06T13:41:32","modified_gmt":"2025-05-06T11:41:32","slug":"seus-territorials","status":"publish","type":"page","link":"https:\/\/agora.xtec.cat\/credv\/40-aniversari\/seus-territorials\/","title":{"rendered":"Seus territorials"},"content":{"rendered":"<p><img loading=\"lazy\" decoding=\"async\" class=\"aligncenter wp-image-11480\" src=\"https:\/\/agora.xtec.cat\/credv\/wp-content\/uploads\/usu1287\/2025\/02\/serveisterr.jpg\" alt=\"Mapa de Catalunya dels diferents Serveis Territorials. Alt Pirineu i Aran. Baix Llobregat, Barcelon\u00e8s, Catalunya Central, Girona, Lleida, Maresme-Vall\u00e8s Oriental, Pened\u00e8s, Tarragona, Terres de l'Ebre, Vall\u00e8s Occidental, Consorci d'Educaci\u00f3 de Barcelona\" width=\"483\" height=\"413\" srcset=\"https:\/\/agora.xtec.cat\/credv\/wp-content\/uploads\/usu1287\/2025\/02\/serveisterr.jpg 1020w, https:\/\/agora.xtec.cat\/credv\/wp-content\/uploads\/usu1287\/2025\/02\/serveisterr-300x257.jpg 300w, https:\/\/agora.xtec.cat\/credv\/wp-content\/uploads\/usu1287\/2025\/02\/serveisterr-768x657.jpg 768w\" sizes=\"auto, (max-width: 483px) 100vw, 483px\" \/><\/p>\n<p>Estem organitzant un seguit de jornades als Serveis Territorials d&#8217;Educaci\u00f3 per donar-nos a con\u00e8ixer i mostrar la tasca del Servei Educatiu CREDV\/ONCE Barcelona.<\/p>\n<p>A mesura que tinguem la programaci\u00f3 us mantindreu informats.<\/p>\n<p>De moment, us podeu reservar la data!!!<\/p>\n<p>Calendari d&#8217;activitats a les seus territorials:<\/p>\n<ul>\n<li style=\"list-style-type: none;\">\n<ul style=\"list-style-type: disc;\">\n<li>03\/04\/2025 40 ANYS: Jornada Serveis Territorials d&#8217;Educaci\u00f3 a <strong>GIRONA<\/strong><\/li>\n<li>15\/05\/2025 40 ANYS: Jornada Serveis Territorials d&#8217;Educaci\u00f3 a les <strong>TERRES DE L\u2019EBRE<\/strong><\/li>\n<li>20\/05\/2025 40 ANYS: Jornada Serveis Territorials d&#8217;Educaci\u00f3 a <strong>LLEIDA<\/strong><\/li>\n<li>21\/05\/2025 40 ANYS: Jornada Serveis Territorials d&#8217;Educaci\u00f3 al <strong>BAIX LLOBREGAT<\/strong><\/li>\n<li>29\/05\/2025\u00a0 40 ANYS: Jornada Serveis Territorials d&#8217;Educaci\u00f3 a <strong>TARRAGONA<\/strong><\/li>\n<\/ul>\n<\/li>\n<\/ul>\n<p>&nbsp;<\/p>\n<h2>Jornada Serveis Territorials d&#8217;Educaci\u00f3 a Terres de l&#8217;Ebre<\/h2>\n<p style=\"padding-left: 40px;\">Data: dijous, 15 de maig de 2025<\/p>\n<p style=\"padding-left: 40px;\">Horari: 11:00 h a 13:30 h<\/p>\n<p style=\"padding-left: 40px;\">Lloc: Sala Actes SSTT Terres de l&#8217;Ebre, c\/ de la Mare de D\u00e9u de la Provid\u00e8ncia, 5-9 &#8211; Tortosa (Tarragona)<\/p>\n<p style=\"padding-left: 40px;\"><iframe loading=\"lazy\" style=\"border: 0;\" src=\"https:\/\/www.google.com\/maps\/embed?pb=!1m18!1m12!1m3!1d6039.224594348632!2d0.5228114772924966!3d40.81451273133151!2m3!1f0!2f0!3f0!3m2!1i1024!2i768!4f13.1!3m3!1m2!1s0x12a0e4a06dfc3ec9%3A0x17b753e7db7e0d19!2sServeis%20Territorials%20d'Ensenyament%20a%20les%20Terres%20de%20l'Ebre!5e0!3m2!1sca!2ses!4v1746522035605!5m2!1sca!2ses\" width=\"600\" height=\"450\" allowfullscreen=\"allowfullscreen\"><\/iframe><\/p>\n<h4 style=\"padding-left: 40px;\">Programa:<\/h4>\n<p style=\"padding-left: 40px;\"><strong>Projecci\u00f3 del v\u00eddeo<\/strong> traject\u00f2ria &#8220;40 anys fent equip&#8221;<\/p>\n<p style=\"padding-left: 40px;\"><strong>Benvinguda<\/strong> per part dels SSTT del Departament d&#8217;Educaci\u00f3 i Formaci\u00f3 Professional de Terres de l&#8217;Ebre i de la Direcci\u00f3 CRE ONCE Barcelona, Servei Educatiu Espec\u00edfic CREDV &#8211; ONCE.<\/p>\n<p style=\"padding-left: 40px;\"><strong>Xerrada informativa<\/strong><br \/>\nPer part de l\u2019equip de professionals del CREDV CRE ONCE BARCELONA, subseu Terres de l&#8217;Ebre CREDV-ONCE, amb la col\u00b7laboraci\u00f3 de:<\/p>\n<ul>\n<li style=\"list-style-type: none;\">\n<ul>\n<li style=\"list-style-type: none;\">\n<ul>\n<li>CEE Sant Jordi (Jes\u00fas).<\/li>\n<li>Escola P\u00fablica P\u00e0mies (Ginestar).<\/li>\n<li>Col\u00b7legi Sagrat Cor (Amposta).<\/li>\n<li>Experi\u00e8ncies de fam\u00edlies i alumnes.<\/li>\n<\/ul>\n<\/li>\n<\/ul>\n<\/li>\n<\/ul>\n<p style=\"padding-left: 40px;\">En finalitzar la jornada, es podr\u00e0 visitar l\u2019exposici\u00f3 de material espec\u00edfic per al suport de l&#8217;alumnat amb discapacitat visual.<\/p>\n<p>&nbsp;<\/p>\n<h2>Jornada Serveis Territorials d&#8217;Educaci\u00f3 a Girona<\/h2>\n<p style=\"padding-left: 40px;\">Data: dijous, 3 d&#8217;abril de 2025<\/p>\n<p style=\"padding-left: 40px;\">Horari: 10:00 h a 12:00 h<\/p>\n<p style=\"padding-left: 40px;\">Lloc: Auditori Josep Irla, \u00a0Edifici Generalitat. Pla\u00e7a Pompeu Fabra, 1 \u2013 17002 Girona<\/p>\n<p style=\"padding-left: 40px;\">Aforament segons web: 148 persones<\/p>\n<p style=\"padding-left: 40px;\"><iframe loading=\"lazy\" style=\"border: 0;\" src=\"https:\/\/www.google.com\/maps\/embed?pb=!1m18!1m12!1m3!1d2965.8889699113124!2d2.8185898773226143!3d41.98119355895133!2m3!1f0!2f0!3f0!3m2!1i1024!2i768!4f13.1!3m3!1m2!1s0x12bae6def1c4e22f%3A0x770d342e34176fc7!2sAuditorio%20Josep%20Irla!5e0!3m2!1ses!2ses!4v1743411462078!5m2!1ses!2ses\" width=\"400\" height=\"300\" allowfullscreen=\"allowfullscreen\"><\/iframe><\/p>\n<h4 style=\"padding-left: 40px;\">Programa:<\/h4>\n<p style=\"padding-left: 40px;\"><strong>Benvinguda<\/strong> per part del Director dels ST del Departament d&#8217;Educaci\u00f3 i Formaci\u00f3 Professional a Girona, Sr. Miquel Marc\u00e9 Castillo.<br \/>\n<strong>Acte de presentaci\u00f3 del servei<\/strong> on es compartir\u00e0 la traject\u00f2ria en l\u2019\u00e0mbit educatiu a c\u00e0rrec de:<\/p>\n<p style=\"padding-left: 80px;\">\u2022 Manel Eiximeno, director del CREDV CRE ONCE Barcelona.<br \/>\n\u2022 Irene Ginebra, directora pedag\u00f2gica del CREDV CRE ONCE Barcelona.<\/p>\n<p style=\"padding-left: 40px;\"><strong>Xerrada informativa<\/strong><br \/>\nPer part de l\u2019equip de professionals del CREDV CRE ONCE BARCELONA, subseu Girona<br \/>\n<strong>Intervencions: Testimonis i experi\u00e8ncies<\/strong><br \/>\n\u2022 Fam\u00edlies i alumnes.<br \/>\n\u2022 Representants de centres educatius:<\/p>\n<p style=\"padding-left: 80px;\">o Escola Pinya de Rosa (Blanes).<br \/>\no Institut-Escola Greda (Olot).<br \/>\no Centre d\u2019Educaci\u00f3 Especial Mare de D\u00e9u del Mont (Vilafant).<\/p>\n<p style=\"padding-left: 40px;\">\u2022 CDIAP Giron\u00e8s (Fundaci\u00f3 Ramon Noguera)<br \/>\n\u2022 Hospital Josep Trueta de Girona.<br \/>\n<strong>Cloenda<\/strong><br \/>\nA c\u00e0rrec de la Sra. Ester Rafel, Coordinadora de Serveis Educatius i Formaci\u00f3 al Departament d&#8217;Educaci\u00f3 i Formaci\u00f3 Professional als Serveis Territorials de Girona.<br \/>\nEn acabar, es podr\u00e0 visitar l\u2019<strong>exposici\u00f3 de material al pati de les Magn\u00f2lies.<\/strong><\/p>\n<p style=\"padding-left: 40px;\">Us podeu descarregar el <a href=\"https:\/\/drive.google.com\/file\/d\/1KyOp-ucG24aSMelBedwZ4-SHfJVcvz57\/view?usp=sharing\">Programa de la sessi\u00f3 a Girona<\/a>.<\/p>\n<p style=\"padding-left: 40px;\">Veieu la noticia de la <a href=\"https:\/\/agora.xtec.cat\/credv\/portada\/40-anys-fent-equip-una-jornada-per-celebrar-la-trajectoria-compartida-a-girona\/\">Jornada en aquest article.<\/a><\/p>\n","protected":false},"excerpt":{"rendered":"<p>Estem organitzant un seguit de jornades als Serveis Territorials d&#8217;Educaci\u00f3 per donar-nos a con\u00e8ixer i mostrar la tasca del Servei Educatiu CREDV\/ONCE Barcelona.<br \/>\nA mesura que tinguem la programaci\u00f3 us mantindreu informats.<br \/>\nDe moment, us podeu reservar la data!!!<br \/>\nCalendari d&#8217;activitats a les seus territorials:<\/p>\n<ul>\n<li style=\"list-style-type: none;\">\n<ul style=\"list-style-type:&hellip;  <a href=\"https:\/\/agora.xtec.cat\/credv\/40-aniversari\/seus-territorials\/\" title=\"Read Seus territorials\">Llegeix m\u00e9s\u00bb<\/a><\/p>\n","protected":false},"author":1,"featured_media":0,"parent":10878,"menu_order":0,"comment_status":"closed","ping_status":"closed","template":"","meta":{"_bbp_topic_count":0,"_bbp_reply_count":0,"_bbp_total_topic_count":0,"_bbp_total_reply_count":0,"_bbp_voice_count":0,"_bbp_anonymous_reply_count":0,"_bbp_topic_count_hidden":0,"_bbp_reply_count_hidden":0,"_bbp_forum_subforum_count":0,"footnotes":""},"class_list":["post-10965","page","type-page","status-publish","hentry"],"post_mailing_queue_ids":[],"_links":{"self":[{"href":"https:\/\/agora.xtec.cat\/credv\/wp-json\/wp\/v2\/pages\/10965","targetHints":{"allow":["GET"]}}],"collection":[{"href":"https:\/\/agora.xtec.cat\/credv\/wp-json\/wp\/v2\/pages"}],"about":[{"href":"https:\/\/agora.xtec.cat\/credv\/wp-json\/wp\/v2\/types\/page"}],"author":[{"embeddable":true,"href":"https:\/\/agora.xtec.cat\/credv\/wp-json\/wp\/v2\/users\/1"}],"replies":[{"embeddable":true,"href":"https:\/\/agora.xtec.cat\/credv\/wp-json\/wp\/v2\/comments?post=10965"}],"version-history":[{"count":6,"href":"https:\/\/agora.xtec.cat\/credv\/wp-json\/wp\/v2\/pages\/10965\/revisions"}],"predecessor-version":[{"id":11747,"href":"https:\/\/agora.xtec.cat\/credv\/wp-json\/wp\/v2\/pages\/10965\/revisions\/11747"}],"up":[{"embeddable":true,"href":"https:\/\/agora.xtec.cat\/credv\/wp-json\/wp\/v2\/pages\/10878"}],"wp:attachment":[{"href":"https:\/\/agora.xtec.cat\/credv\/wp-json\/wp\/v2\/media?parent=10965"}],"curies":[{"name":"wp","href":"https:\/\/api.w.org\/{rel}","templated":true}]}}