{"id":10878,"date":"2024-05-28T19:56:48","date_gmt":"2024-05-28T17:56:48","guid":{"rendered":"https:\/\/agora.xtec.cat\/credv\/?page_id=10878"},"modified":"2025-07-08T14:23:46","modified_gmt":"2025-07-08T12:23:46","slug":"40-aniversari","status":"publish","type":"page","link":"https:\/\/agora.xtec.cat\/credv\/40-aniversari\/","title":{"rendered":"40 anys"},"content":{"rendered":"<div class=\"wp-block-columns is-layout-flex wp-container-8 wp-block-columns-is-layout-flex\">\n<div class=\"wp-block-column is-layout-flow wp-block-column-is-layout-flow\">\n<div class=\"wp-block-columns is-layout-flex wp-container-6 wp-block-columns-is-layout-flex\">\n<div class=\"wp-block-column is-layout-flow wp-block-column-is-layout-flow\">\n<div class=\"wp-block-columns is-layout-flex wp-container-4 wp-block-columns-is-layout-flex\">\n<div class=\"wp-block-column is-layout-flow wp-block-column-is-layout-flow\">\n<div class=\"wp-block-columns is-layout-flex wp-container-2 wp-block-columns-is-layout-flex\">\n<div class=\"wp-block-column is-layout-flow wp-block-column-is-layout-flow\">\n<div class=\"wp-block-getwid-section alignfull alignfull getwid-init\">\n<div class=\"wp-block-getwid-section__wrapper\">\n<div class=\"wp-block-getwid-section__inner-wrapper\">\n<div class=\"wp-block-getwid-section__content\">\n<div class=\"wp-block-getwid-section__inner-content\">\n<table style=\"width: 100%; border-collapse: collapse; border-style: solid; border-color: #5021d1; background-color: #2739e3;\">\n<tbody>\n<tr>\n<td style=\"width: 25%;\"><a href=\"https:\/\/agora.xtec.cat\/credv\/40-aniversari\/organitzacio\/\"><span style=\"color: #ffffff;\">DIRECCI\u00d3<\/span><\/a><\/td>\n<td style=\"width: 25%;\"><a href=\"https:\/\/agora.xtec.cat\/credv\/40-aniversari\/comunicacio-premsa\/\"><span style=\"color: #ffffff;\">HIST\u00d2RIA<\/span><\/a><\/td>\n<td style=\"width: 25%;\"><span style=\"color: #ffffff;\">INSCRIPCIONS<\/span><\/td>\n<td style=\"width: 25%;\"><a href=\"https:\/\/agora.xtec.cat\/credv\/40-aniversari\/contacte-40-anys\/\"><span style=\"color: #ffffff;\">CONTACTE<\/span><\/a><\/td>\n<\/tr>\n<\/tbody>\n<\/table>\n<hr id=\"block-280137ba-97b7-4e30-ab57-a8db627fadd5\" class=\"wp-block-separator has-text-color has-alpha-channel-opacity has-background is-style-wide\" \/>\n<h1 class=\"wp-block-getwid-advanced-heading has-custom-font-size\" style=\"text-align: center;\"><span class=\"wp-block-getwid-advanced-heading__content has-text-color\"><strong>40 Anys del CREDV &#8211; CRE ONCE Barcelona<\/strong><\/span><\/h1>\n<h1 class=\"wp-block-getwid-advanced-heading has-custom-font-size\" style=\"text-align: center;\"><span class=\"wp-block-getwid-advanced-heading__content has-text-color\"><strong>#CREDVONCE40<\/strong><\/span><\/h1>\n<hr id=\"block-e4e1e879-6e81-4be6-88d7-9e1d92f25c37\" class=\"wp-block-separator has-text-color has-alpha-channel-opacity has-background is-style-wide\" \/>\n<\/div>\n<\/div>\n<\/div>\n<\/div>\n<\/div>\n<\/div>\n<\/div>\n<\/div>\n<\/div>\n<\/div>\n<\/div>\n<\/div>\n<\/div>\n<p><img loading=\"lazy\" decoding=\"async\" class=\"aligncenter wp-image-11395 size-full\" src=\"https:\/\/agora.xtec.cat\/credv\/wp-content\/uploads\/usu1287\/2025\/01\/LOGOLEMA-1.jpg\" alt=\"Logo 40 anys. Innovaci\u00f3 educativa: impulsant inclusi\u00f3, inspirant futur\" width=\"697\" height=\"411\" srcset=\"https:\/\/agora.xtec.cat\/credv\/wp-content\/uploads\/usu1287\/2025\/01\/LOGOLEMA-1.jpg 697w, https:\/\/agora.xtec.cat\/credv\/wp-content\/uploads\/usu1287\/2025\/01\/LOGOLEMA-1-300x177.jpg 300w\" sizes=\"auto, (max-width: 697px) 100vw, 697px\" \/><\/p>\n<p>&nbsp;<\/p>\n<p>Amb motiu del 40\u00e8 aniversari de la signatura del primer conveni i del centre espec\u00edfic Joan Amades, 19 de novembre de 1985, des del CREDV-CRE ONCE Barcelona, organitzarem un seguit d&#8217;activitats per a tot l&#8217;any 2025, per commemorar aquest esdeveniment.<\/p>\n<p>&nbsp;<\/p>\n<table style=\"width: 100%; border-collapse: collapse; background-color: #b6f2eb;\">\n<tbody>\n<tr>\n<td style=\"width: 100%; text-align: center;\">\n<h2><strong>L&#8217;agenda d&#8217;aquesta commemoraci\u00f3 inclour\u00e0 jornades, activitats esportives, musicals, pon\u00e8ncies i una exposici\u00f3 de materials del CREDV \u2013 CRE ONCE Barcelona durant l&#8217;any 2025. <\/strong><\/h2>\n<\/td>\n<\/tr>\n<\/tbody>\n<\/table>\n<h2><\/h2>\n<h2>\r\n\t<div class=\"slideshow_container slideshow_container_style-light\" style=\"height: 300px; \" data-slideshow-id=\"10883\" data-style-name=\"style-light\" data-style-version=\"2.3.1\" >\r\n\r\n\t\t\t\t\t<div class=\"slideshow_loading_icon\"><\/div>\r\n\t\t\r\n\t\t<div class=\"slideshow_content\" style=\"display: none;\">\r\n\r\n\t\t\t<div class=\"slideshow_view\">\r\n\t\t\t\t<div class=\"slideshow_slide slideshow_slide_image\">\r\n\t\t\t\t\t\t\t\t\t\t\t<img src=\"https:\/\/agora.xtec.cat\/credv\/wp-content\/uploads\/usu1287\/2020\/04\/Camins-3.png\" alt=\"Camins 3\" width=\"523\" height=\"688\" \/>\r\n\t\t\t\t\t\t\t\t\t\t<div class=\"slideshow_description_box slideshow_transparent\">\r\n\t\t\t\t\t\t<div class=\"slideshow_title\">Camins 3<\/div>\t\t\t\t\t\t\t\t\t\t\t<\/div>\r\n\t\t\t\t<\/div>\r\n\r\n\t\t\t\t\t\t<div style=\"clear: both;\"><\/div><\/div><div class=\"slideshow_view\">\r\n\t\t\t\t<div class=\"slideshow_slide slideshow_slide_image\">\r\n\t\t\t\t\t\t\t\t\t\t\t<img src=\"https:\/\/agora.xtec.cat\/credv\/wp-content\/uploads\/usu1287\/2023\/05\/mates5.jpg\" alt=\"Treballem amb la maleta\" width=\"708\" height=\"750\" \/>\r\n\t\t\t\t\t\t\t\t\t\t<div class=\"slideshow_description_box slideshow_transparent\">\r\n\t\t\t\t\t\t<div class=\"slideshow_title\">Material de matem\u00e0tiques<\/div>\t\t\t\t\t\t\t\t\t\t\t<\/div>\r\n\t\t\t\t<\/div>\r\n\r\n\t\t\t\t\t\t<div style=\"clear: both;\"><\/div><\/div><div class=\"slideshow_view\">\r\n\t\t\t\t<div class=\"slideshow_slide slideshow_slide_image\">\r\n\t\t\t\t\t\t\t\t\t\t\t<img src=\"https:\/\/agora.xtec.cat\/credv\/wp-content\/uploads\/usu1287\/2024\/04\/IMG-20240302-WA0028.jpg\" alt=\"Tecnologia\" width=\"1536\" height=\"2048\" \/>\r\n\t\t\t\t\t\t\t\t\t\t<div class=\"slideshow_description_box slideshow_transparent\">\r\n\t\t\t\t\t\t<div class=\"slideshow_title\">Tecnologia<\/div>\t\t\t\t\t\t\t\t\t\t\t<\/div>\r\n\t\t\t\t<\/div>\r\n\r\n\t\t\t\t\t\t<div style=\"clear: both;\"><\/div><\/div><div class=\"slideshow_view\">\r\n\t\t\t\t<div class=\"slideshow_slide slideshow_slide_image\">\r\n\t\t\t\t\t\t\t\t\t\t\t<img src=\"https:\/\/agora.xtec.cat\/credv\/wp-content\/uploads\/usu1287\/2023\/07\/IMG-20230701-WA0037.jpg\" alt=\"Taller de sensibilitzaci\u00f3\" width=\"2048\" height=\"1536\" \/>\r\n\t\t\t\t\t\t\t\t\t\t<div class=\"slideshow_description_box slideshow_transparent\">\r\n\t\t\t\t\t\t<div class=\"slideshow_title\">Taller de sensibilitzaci\u00f3<\/div>\t\t\t\t\t\t\t\t\t\t\t<\/div>\r\n\t\t\t\t<\/div>\r\n\r\n\t\t\t\t\t\t<div style=\"clear: both;\"><\/div><\/div><div class=\"slideshow_view\">\r\n\t\t\t\t<div class=\"slideshow_slide slideshow_slide_image\">\r\n\t\t\t\t\t\t\t\t\t\t\t<img src=\"https:\/\/agora.xtec.cat\/credv\/wp-content\/uploads\/usu1287\/2023\/07\/contetv3.png\" alt=\"Conte adaptat\" width=\"1009\" height=\"603\" \/>\r\n\t\t\t\t\t\t\t\t\t\t<div class=\"slideshow_description_box slideshow_transparent\">\r\n\t\t\t\t\t\t<div class=\"slideshow_title\">Llegim contes amb les mans<\/div>\t\t\t\t\t\t\t\t\t\t\t<\/div>\r\n\t\t\t\t<\/div>\r\n\r\n\t\t\t\t\t\t<div style=\"clear: both;\"><\/div><\/div>\r\n\t\t<\/div>\r\n\r\n\t\t<div class=\"slideshow_controlPanel slideshow_transparent\" style=\"display: none;\"><ul><li class=\"slideshow_togglePlay\" data-play-text=\"Visualitza\" data-pause-text=\"Pausa\"><\/li><\/ul><\/div>\r\n\r\n\t\t<div class=\"slideshow_button slideshow_previous slideshow_transparent\" role=\"button\" data-previous-text=\"Anterior\" style=\"display: none;\"><\/div>\r\n\t\t<div class=\"slideshow_button slideshow_next slideshow_transparent\" role=\"button\" data-next-text=\"Seg\u00fcent\" style=\"display: none;\"><\/div>\r\n\r\n\t\t<div class=\"slideshow_pagination\" style=\"display: none;\" data-go-to-text=\"V\u00e9s a la diapositiva\"><div class=\"slideshow_pagination_center\"><\/div><\/div>\r\n\r\n\t\t<!-- WordPress Slideshow Version 2.3.1 -->\r\n\r\n\t\t\t<\/div>\r\n\r\n<\/h2>\n<p>&nbsp;<\/p>\n<p><span style=\"font-family: inherit; font-size: 1em;\">Fam\u00edlies, alumnat, professionals i entorn educatiu, compartirem amb tots vosaltres una agenda d&#8217;activitats que anirem implementant al llarg del curs 2025-26.<br \/>\nEn aquest espai us informarem dels diferents esdeveniments i la manera de participar-hi.<\/span><\/p>\n<p><span style=\"font-family: inherit; font-size: 1em;\">Us esperem!<\/span><\/p>\n<p>&nbsp;<\/p>\n<table class=\" aligncenter\" style=\"width: 100%; border-collapse: collapse;\">\n<tbody>\n<tr>\n<td style=\"width: 33.3333%;\"><img loading=\"lazy\" decoding=\"async\" class=\"aligncenter wp-image-11119 size-large\" src=\"https:\/\/agora.xtec.cat\/credv\/wp-content\/uploads\/usu1287\/2024\/11\/Diapositiva3-2-1024x576.jpg\" alt=\"\" width=\"1024\" height=\"576\" srcset=\"https:\/\/agora.xtec.cat\/credv\/wp-content\/uploads\/usu1287\/2024\/11\/Diapositiva3-2-1024x576.jpg 1024w, https:\/\/agora.xtec.cat\/credv\/wp-content\/uploads\/usu1287\/2024\/11\/Diapositiva3-2-300x169.jpg 300w, https:\/\/agora.xtec.cat\/credv\/wp-content\/uploads\/usu1287\/2024\/11\/Diapositiva3-2-768x432.jpg 768w, https:\/\/agora.xtec.cat\/credv\/wp-content\/uploads\/usu1287\/2024\/11\/Diapositiva3-2.jpg 1280w\" sizes=\"auto, (max-width: 1024px) 100vw, 1024px\" \/><\/p>\n<h3 style=\"text-align: center;\"><a href=\"https:\/\/agora.xtec.cat\/credv\/40-aniversari\/activitats\/\"><strong>CALENDARI D&#8217;ACTIVITATS<\/strong><\/a><\/h3>\n<\/td>\n<td style=\"width: 33.3333%;\">\n<h3><img loading=\"lazy\" decoding=\"async\" class=\"wp-image-11555 size-full aligncenter\" src=\"https:\/\/agora.xtec.cat\/credv\/wp-content\/uploads\/usu1287\/2025\/04\/news.jpg\" alt=\"Tablet amb NEWS\" width=\"275\" height=\"183\" \/><\/h3>\n<h3 style=\"text-align: center;\"><a href=\"https:\/\/agora.xtec.cat\/credv\/categoria\/tallers-i-activitats-40-anys\/\"><strong>RECULL DE NOT\u00cdCIES<\/strong><\/a><\/h3>\n<\/td>\n<td style=\"width: 33.3333%;\"><img loading=\"lazy\" decoding=\"async\" class=\"aligncenter wp-image-11120 size-full\" src=\"https:\/\/agora.xtec.cat\/credv\/wp-content\/uploads\/usu1287\/2024\/11\/Diapositiva4-1.jpg\" alt=\"Mapa de Catalunya\" width=\"1280\" height=\"720\" srcset=\"https:\/\/agora.xtec.cat\/credv\/wp-content\/uploads\/usu1287\/2024\/11\/Diapositiva4-1.jpg 1280w, https:\/\/agora.xtec.cat\/credv\/wp-content\/uploads\/usu1287\/2024\/11\/Diapositiva4-1-300x169.jpg 300w, https:\/\/agora.xtec.cat\/credv\/wp-content\/uploads\/usu1287\/2024\/11\/Diapositiva4-1-1024x576.jpg 1024w, https:\/\/agora.xtec.cat\/credv\/wp-content\/uploads\/usu1287\/2024\/11\/Diapositiva4-1-768x432.jpg 768w\" sizes=\"auto, (max-width: 1280px) 100vw, 1280px\" \/><\/p>\n<h3 style=\"text-align: center;\"><a href=\"https:\/\/agora.xtec.cat\/credv\/40-aniversari\/seus-territorials\/\"><strong>SERVEIS TERRITORIALS<\/strong><\/a><\/h3>\n<\/td>\n<\/tr>\n<tr>\n<td style=\"width: 33.3333%;\">\n<h3 style=\"text-align: center;\"><img loading=\"lazy\" decoding=\"async\" class=\"alignleft wp-image-11859 size-full\" src=\"https:\/\/agora.xtec.cat\/credv\/wp-content\/uploads\/usu1287\/2025\/07\/PORTADA.jpg\" alt=\"mATERIAL ESPEC\u00cdFIC PER A ALUMNAT AMB DISCAPACITAT VISUAL GREU\" width=\"1138\" height=\"502\" srcset=\"https:\/\/agora.xtec.cat\/credv\/wp-content\/uploads\/usu1287\/2025\/07\/PORTADA.jpg 1138w, https:\/\/agora.xtec.cat\/credv\/wp-content\/uploads\/usu1287\/2025\/07\/PORTADA-300x132.jpg 300w, https:\/\/agora.xtec.cat\/credv\/wp-content\/uploads\/usu1287\/2025\/07\/PORTADA-1024x452.jpg 1024w, https:\/\/agora.xtec.cat\/credv\/wp-content\/uploads\/usu1287\/2025\/07\/PORTADA-768x339.jpg 768w\" sizes=\"auto, (max-width: 1138px) 100vw, 1138px\" \/><\/h3>\n<h3><a href=\"https:\/\/agora.xtec.cat\/credv\/exposicio-40-anys\/\"><strong>EXPOSICI\u00d3 DE MATERIALS &#8220;40 ANYS&#8221;<\/strong><\/a><\/h3>\n<\/td>\n<td style=\"width: 33.3333%;\">\n<h3 style=\"text-align: center;\"><img loading=\"lazy\" decoding=\"async\" class=\"wp-image-9349 aligncenter\" src=\"https:\/\/agora.xtec.cat\/credv\/wp-content\/uploads\/usu1287\/2019\/03\/rodones-pl\u00e0stica-2-e1738691947816.jpg\" alt=\"Mural de rodones de colors i textures\" width=\"226\" height=\"197\" srcset=\"https:\/\/agora.xtec.cat\/credv\/wp-content\/uploads\/usu1287\/2019\/03\/rodones-pl\u00e0stica-2-e1738691947816.jpg 1608w, https:\/\/agora.xtec.cat\/credv\/wp-content\/uploads\/usu1287\/2019\/03\/rodones-pl\u00e0stica-2-e1738691947816-300x262.jpg 300w, https:\/\/agora.xtec.cat\/credv\/wp-content\/uploads\/usu1287\/2019\/03\/rodones-pl\u00e0stica-2-e1738691947816-768x670.jpg 768w, https:\/\/agora.xtec.cat\/credv\/wp-content\/uploads\/usu1287\/2019\/03\/rodones-pl\u00e0stica-2-e1738691947816-1024x893.jpg 1024w, https:\/\/agora.xtec.cat\/credv\/wp-content\/uploads\/usu1287\/2019\/03\/rodones-pl\u00e0stica-2-e1738691947816-1536x1339.jpg 1536w\" sizes=\"auto, (max-width: 226px) 100vw, 226px\" \/><a style=\"font-size: 1.375em; font-weight: bold; text-align: center;\" href=\"https:\/\/agora.xtec.cat\/credv\/40-aniversari\/presentacio-de-recursos\/\"><strong>RECURSOS<\/strong><\/a><\/h3>\n<\/td>\n<td style=\"width: 33.3333%;\"><img loading=\"lazy\" decoding=\"async\" class=\"aligncenter wp-image-11121 \" src=\"https:\/\/agora.xtec.cat\/credv\/wp-content\/uploads\/usu1287\/2024\/11\/Diapositiva2-1.jpg\" alt=\"Idea lema braille\" width=\"311\" height=\"175\" srcset=\"https:\/\/agora.xtec.cat\/credv\/wp-content\/uploads\/usu1287\/2024\/11\/Diapositiva2-1.jpg 1280w, https:\/\/agora.xtec.cat\/credv\/wp-content\/uploads\/usu1287\/2024\/11\/Diapositiva2-1-300x169.jpg 300w, https:\/\/agora.xtec.cat\/credv\/wp-content\/uploads\/usu1287\/2024\/11\/Diapositiva2-1-1024x576.jpg 1024w, https:\/\/agora.xtec.cat\/credv\/wp-content\/uploads\/usu1287\/2024\/11\/Diapositiva2-1-768x432.jpg 768w\" sizes=\"auto, (max-width: 311px) 100vw, 311px\" \/><\/p>\n<h3 style=\"text-align: center;\"><a href=\"https:\/\/agora.xtec.cat\/credv\/40-aniversari\/lema-40-aniversari\/\"><strong>CONCURS &#8220;LEMA 40 ANYS&#8221;<\/strong><\/a><\/h3>\n<\/td>\n<\/tr>\n<\/tbody>\n<\/table>\n<p>&nbsp;<\/p>\n","protected":false},"excerpt":{"rendered":"<p><a href=\"https:\/\/agora.xtec.cat\/credv\/40-aniversari\/organitzacio\/\">DIRECCI\u00d3<\/a><br \/>\n<a href=\"https:\/\/agora.xtec.cat\/credv\/40-aniversari\/comunicacio-premsa\/\">HIST\u00d2RIA<\/a><br \/>\nINSCRIPCIONS<br \/>\n<a href=\"https:\/\/agora.xtec.cat\/credv\/40-aniversari\/contacte-40-anys\/\">CONTACTE<\/a><\/p>\n<p>40 Anys del CREDV &#8211; CRE ONCE Barcelona<br \/>\n#CREDVONCE40<\/p>\n<p>&nbsp;<br \/>\nAmb motiu del 40\u00e8 aniversari de la signatura del primer conveni i del centre espec\u00edfic Joan Amades, 19 de novembre de 1985, des del CREDV-CRE ONCE Barcelona, organitzarem un seguit d&#8217;activitats per a tot l&#8217;any&hellip;  <a href=\"https:\/\/agora.xtec.cat\/credv\/40-aniversari\/\" title=\"Read 40 anys\">Llegeix m\u00e9s\u00bb<\/a><\/p>\n","protected":false},"author":1,"featured_media":0,"parent":0,"menu_order":0,"comment_status":"closed","ping_status":"closed","template":"","meta":{"_bbp_topic_count":0,"_bbp_reply_count":0,"_bbp_total_topic_count":0,"_bbp_total_reply_count":0,"_bbp_voice_count":0,"_bbp_anonymous_reply_count":0,"_bbp_topic_count_hidden":0,"_bbp_reply_count_hidden":0,"_bbp_forum_subforum_count":0,"footnotes":""},"class_list":["post-10878","page","type-page","status-publish","hentry"],"post_mailing_queue_ids":[],"_links":{"self":[{"href":"https:\/\/agora.xtec.cat\/credv\/wp-json\/wp\/v2\/pages\/10878","targetHints":{"allow":["GET"]}}],"collection":[{"href":"https:\/\/agora.xtec.cat\/credv\/wp-json\/wp\/v2\/pages"}],"about":[{"href":"https:\/\/agora.xtec.cat\/credv\/wp-json\/wp\/v2\/types\/page"}],"author":[{"embeddable":true,"href":"https:\/\/agora.xtec.cat\/credv\/wp-json\/wp\/v2\/users\/1"}],"replies":[{"embeddable":true,"href":"https:\/\/agora.xtec.cat\/credv\/wp-json\/wp\/v2\/comments?post=10878"}],"version-history":[{"count":6,"href":"https:\/\/agora.xtec.cat\/credv\/wp-json\/wp\/v2\/pages\/10878\/revisions"}],"predecessor-version":[{"id":11860,"href":"https:\/\/agora.xtec.cat\/credv\/wp-json\/wp\/v2\/pages\/10878\/revisions\/11860"}],"wp:attachment":[{"href":"https:\/\/agora.xtec.cat\/credv\/wp-json\/wp\/v2\/media?parent=10878"}],"curies":[{"name":"wp","href":"https:\/\/api.w.org\/{rel}","templated":true}]}}