{"id":10093,"date":"2021-06-01T10:55:16","date_gmt":"2021-06-01T08:55:16","guid":{"rendered":"http:\/\/agora.xtec.cat\/credv\/?page_id=10093"},"modified":"2025-02-10T11:04:58","modified_gmt":"2025-02-10T10:04:58","slug":"pautes-dobservacio","status":"publish","type":"page","link":"https:\/\/agora.xtec.cat\/credv\/guies\/pautes-dobservacio\/","title":{"rendered":"Pautes d&#8217;observaci\u00f3"},"content":{"rendered":"<p>Pautes d&#8217;observaci\u00f3 per detectar alumnat amb discapacitat visual greu<\/p>\n<ul>\n<li><a href=\"https:\/\/drive.google.com\/file\/d\/16sZcTzAEFXCnv0OtwobSgB4SIVbTQTfp\/view?usp=drive_link\">Pautes d&#8217;observaci\u00f3 Educaci\u00f3 Infantil<\/a><\/li>\n<li><a href=\"https:\/\/drive.google.com\/file\/d\/1o62uoPD0lwq7mGWjiIFiQKhXJ9ZgV6bJ\/view?usp=drive_link\">Pautes d&#8217;observaci\u00f3 Educaci\u00f3 Prim\u00e0ria<\/a><\/li>\n<li><a href=\"https:\/\/drive.google.com\/file\/d\/1dipSeDssoxIF5RV3hvK9yMYZ7_vYwTy1\/view?usp=drive_link\">Pautes d&#8217;observaci\u00f3 Educaci\u00f3 Secund\u00e0ria<\/a><\/li>\n<\/ul>\n","protected":false},"excerpt":{"rendered":"<p>Pautes d&#8217;observaci\u00f3 per detectar alumnat amb discapacitat visual greu<\/p>\n<ul>\n<li><a href=\"https:\/\/drive.google.com\/file\/d\/16sZcTzAEFXCnv0OtwobSgB4SIVbTQTfp\/view?usp=drive_link\">Pautes d&#8217;observaci\u00f3 Educaci\u00f3 Infantil<\/a><\/li>\n<li><a href=\"https:\/\/drive.google.com\/file\/d\/1o62uoPD0lwq7mGWjiIFiQKhXJ9ZgV6bJ\/view?usp=drive_link\">Pautes d&#8217;observaci\u00f3 Educaci\u00f3 Prim\u00e0ria<\/a><\/li>\n<li><a href=\"https:\/\/drive.google.com\/file\/d\/1dipSeDssoxIF5RV3hvK9yMYZ7_vYwTy1\/view?usp=drive_link\">Pautes d&#8217;observaci\u00f3 Educaci\u00f3 Secund\u00e0ria<\/a><\/li>\n<\/ul>\n","protected":false},"author":1,"featured_media":0,"parent":8432,"menu_order":0,"comment_status":"closed","ping_status":"closed","template":"","meta":{"_bbp_topic_count":0,"_bbp_reply_count":0,"_bbp_total_topic_count":0,"_bbp_total_reply_count":0,"_bbp_voice_count":0,"_bbp_anonymous_reply_count":0,"_bbp_topic_count_hidden":0,"_bbp_reply_count_hidden":0,"_bbp_forum_subforum_count":0,"footnotes":""},"class_list":["post-10093","page","type-page","status-publish","hentry"],"post_mailing_queue_ids":[],"_links":{"self":[{"href":"https:\/\/agora.xtec.cat\/credv\/wp-json\/wp\/v2\/pages\/10093","targetHints":{"allow":["GET"]}}],"collection":[{"href":"https:\/\/agora.xtec.cat\/credv\/wp-json\/wp\/v2\/pages"}],"about":[{"href":"https:\/\/agora.xtec.cat\/credv\/wp-json\/wp\/v2\/types\/page"}],"author":[{"embeddable":true,"href":"https:\/\/agora.xtec.cat\/credv\/wp-json\/wp\/v2\/users\/1"}],"replies":[{"embeddable":true,"href":"https:\/\/agora.xtec.cat\/credv\/wp-json\/wp\/v2\/comments?post=10093"}],"version-history":[{"count":4,"href":"https:\/\/agora.xtec.cat\/credv\/wp-json\/wp\/v2\/pages\/10093\/revisions"}],"predecessor-version":[{"id":11457,"href":"https:\/\/agora.xtec.cat\/credv\/wp-json\/wp\/v2\/pages\/10093\/revisions\/11457"}],"up":[{"embeddable":true,"href":"https:\/\/agora.xtec.cat\/credv\/wp-json\/wp\/v2\/pages\/8432"}],"wp:attachment":[{"href":"https:\/\/agora.xtec.cat\/credv\/wp-json\/wp\/v2\/media?parent=10093"}],"curies":[{"name":"wp","href":"https:\/\/api.w.org\/{rel}","templated":true}]}}