{"id":599,"date":"2021-02-04T11:50:16","date_gmt":"2021-02-04T10:50:16","guid":{"rendered":"https:\/\/agora.xtec.cat\/conservatoripirineus\/?page_id=599"},"modified":"2022-06-30T10:43:03","modified_gmt":"2022-06-30T08:43:03","slug":"especialitats-a-berga","status":"publish","type":"page","link":"https:\/\/agora.xtec.cat\/conservatoripirineus\/oferta-educativa\/especialitats-a-berga\/","title":{"rendered":"Especialitats a Berga"},"content":{"rendered":"<h2>\u00c0rea d&#8217;instruments de l&#8217;orquestra<\/h2>\n<ul>\n<li>Clarinet<\/li>\n<li>Contrabaix<\/li>\n<li>Flauta travessera<\/li>\n<li>Obo\u00e8<\/li>\n<li>Percussi\u00f3 (\u00e0rea dels instruments de l\u2019orquestra)<\/li>\n<li>Sax\u00f2fon<\/li>\n<li>Tromb\u00f3 (\u00e0rea instruments de l\u2019orquestra)<\/li>\n<li>Trompa<\/li>\n<li>Trompeta<\/li>\n<li>Tuba<\/li>\n<li>Viola<\/li>\n<li>Viol\u00ed<\/li>\n<li>Violoncel<\/li>\n<\/ul>\n<h2>\u00c0rea d&#8217;instruments polif\u00f2nics<\/h2>\n<ul>\n<li>Guitarra<\/li>\n<li>Piano<\/li>\n<\/ul>\n<h2>\u00c0rea d&#8217;instruments de la m\u00fasica moderna i el jazz<\/h2>\n<ul>\n<li>Baix el\u00e8ctric<\/li>\n<li>Guitarra el\u00e8ctrica<\/li>\n<li>Percussi\u00f3 (\u00e0rea dels instruments de la m\u00fasica moderna i el jazz)<\/li>\n<\/ul>\n<h2>\u00c0rea de m\u00fasica tradicional<\/h2>\n<ul>\n<li>Flabiol i tambor\u00ed<\/li>\n<\/ul>\n<h2>\u00c0rea de cant<\/h2>\n<ul>\n<li>Cant<\/li>\n<\/ul>\n","protected":false},"excerpt":{"rendered":"<p>\u00c0rea d&#8217;instruments de l&#8217;orquestra<\/p>\n<ul>\n<li>Clarinet<\/li>\n<li>Contrabaix<\/li>\n<li>Flauta travessera<\/li>\n<li>Obo\u00e8<\/li>\n<li>Percussi\u00f3 (\u00e0rea dels instruments de l\u2019orquestra)<\/li>\n<li>Sax\u00f2fon<\/li>\n<li>Tromb\u00f3 (\u00e0rea instruments de l\u2019orquestra)<\/li>\n<li>Trompa<\/li>\n<li>Trompeta<\/li>\n<li>Tuba<\/li>\n<li>Viola<\/li>\n<li>Viol\u00ed<\/li>\n<li>Violoncel<\/li>\n<\/ul>\n<p>\u00c0rea d&#8217;instruments polif\u00f2nics<\/p>\n<ul>\n<li>Guitarra<\/li>\n<li>Piano<\/li>\n<\/ul>\n<p>\u00c0rea d&#8217;instruments de la m\u00fasica moderna i el jazz<\/p>\n<ul>\n<li>Baix el\u00e8ctric<\/li>\n<li>Guitarra el\u00e8ctrica<\/li>\n<li>Percussi\u00f3 (\u00e0rea dels instruments de la m\u00fasica moderna i el jazz)<\/li>\n<\/ul>\n<p>\u00c0rea de m\u00fasica tradicional<\/p>\n<ul>\n<li>Flabiol i tambor\u00ed<\/li>\n<\/ul>\n<p>\u00c0rea de cant<\/p>\n<ul>\n<li>Cant<\/li>\n<\/ul>\n","protected":false},"author":1,"featured_media":0,"parent":195,"menu_order":0,"comment_status":"closed","ping_status":"closed","template":"page-templates\/side-menu.php","meta":{"_bbp_topic_count":0,"_bbp_reply_count":0,"_bbp_total_topic_count":0,"_bbp_total_reply_count":0,"_bbp_voice_count":0,"_bbp_anonymous_reply_count":0,"_bbp_topic_count_hidden":0,"_bbp_reply_count_hidden":0,"_bbp_forum_subforum_count":0,"footnotes":""},"class_list":["post-599","page","type-page","status-publish","hentry"],"post_mailing_queue_ids":[],"_links":{"self":[{"href":"https:\/\/agora.xtec.cat\/conservatoripirineus\/wp-json\/wp\/v2\/pages\/599","targetHints":{"allow":["GET"]}}],"collection":[{"href":"https:\/\/agora.xtec.cat\/conservatoripirineus\/wp-json\/wp\/v2\/pages"}],"about":[{"href":"https:\/\/agora.xtec.cat\/conservatoripirineus\/wp-json\/wp\/v2\/types\/page"}],"author":[{"embeddable":true,"href":"https:\/\/agora.xtec.cat\/conservatoripirineus\/wp-json\/wp\/v2\/users\/1"}],"replies":[{"embeddable":true,"href":"https:\/\/agora.xtec.cat\/conservatoripirineus\/wp-json\/wp\/v2\/comments?post=599"}],"version-history":[{"count":3,"href":"https:\/\/agora.xtec.cat\/conservatoripirineus\/wp-json\/wp\/v2\/pages\/599\/revisions"}],"predecessor-version":[{"id":3267,"href":"https:\/\/agora.xtec.cat\/conservatoripirineus\/wp-json\/wp\/v2\/pages\/599\/revisions\/3267"}],"up":[{"embeddable":true,"href":"https:\/\/agora.xtec.cat\/conservatoripirineus\/wp-json\/wp\/v2\/pages\/195"}],"wp:attachment":[{"href":"https:\/\/agora.xtec.cat\/conservatoripirineus\/wp-json\/wp\/v2\/media?parent=599"}],"curies":[{"name":"wp","href":"https:\/\/api.w.org\/{rel}","templated":true}]}}