{"id":577,"date":"2021-02-04T10:59:44","date_gmt":"2021-02-04T09:59:44","guid":{"rendered":"https:\/\/agora.xtec.cat\/conservatoripirineus\/?page_id=577"},"modified":"2026-02-23T19:40:59","modified_gmt":"2026-02-23T18:40:59","slug":"equip-docent","status":"publish","type":"page","link":"https:\/\/agora.xtec.cat\/conservatoripirineus\/elcentre\/equip-docent\/","title":{"rendered":"Equip docent"},"content":{"rendered":"<div id=\"content\" class=\"site-content\">\n<div class=\"wrap\">\n<div id=\"primary\" class=\"content-area\">\n<article id=\"post-609\" class=\"post-609 page type-page status-publish hentry\">\n<div class=\"entry-content\">\n<p><strong>Gisela Alegret P\u00e9rez \u00b7 <\/strong>Berga:\u00a0<strong>Trompeta<\/strong><\/p>\n<p><a href=\"mailto:alegretpg@conservatoripirineus.cat\">alegretpg@conservatoripirineus.cat<\/a><\/p>\n<hr \/>\n<p><strong>Adriana Alsina Escabosa \u00b7 <\/strong>Berga:\u00a0<strong>Violoncel<\/strong><\/p>\n<p><a href=\"mailto:alsinaea@conservatoripirineus.cat\">alsinaea@conservatoripirineus.cat<\/a><\/p>\n<hr \/>\n<p><strong>Francesc Xavier Alern V\u00e1zquez \u00b7 <\/strong>Puigcerd\u00e0: <strong>Guitarra<\/strong><\/p>\n<p><a href=\"mailto:alsinaea@conservatoripirineus.cat\">alernvf@conservatoripirineus.cat<\/a><\/p>\n<hr \/>\n<p><strong>Queralt Aymerich Torner\u00a0 \u00b7 <\/strong>Berga:\u00a0<strong>Cant<\/strong><\/p>\n<p><a href=\"mailto:aymerichtq@conservatoripirineus.cat\">aymerichtq@conservatoripirineus.cat<\/a><\/p>\n<hr \/>\n<p><strong>Montserrat Bella Roma \u00b7 <\/strong>Berga:\u00a0<strong>Cant<\/strong><\/p>\n<p><a href=\"mailto:bellarm@conservatoripirineus.cat\">bellarm@conservatoripirineus.cat<\/a><\/p>\n<hr \/>\n<p><strong>M\u00f2nica Blanque Herrero \u00b7\u00a0<\/strong>Berga:\u00a0<strong>Contrabaix<\/strong><\/p>\n<p><a href=\"mailto:blanquehm@conservatoripirineus.cat\">blanquehm@conservatoripirineus.cat<\/a><\/p>\n<hr \/>\n<p><strong>Jordi Boixader Casals \u00b7 <\/strong>Berga:<strong> \u00a0Sax\u00f2fon<\/strong><\/p>\n<p><a href=\"mailto:boixadercj@conservatoripirineus.cat\">boixadercj@conservatoripirineus.cat<\/a><\/p>\n<hr \/>\n<p><strong>David Calvet Amaro \u00b7 la Seu d&#8217;Urgell<\/strong>:<strong> \u00a0Trompeta \/ Banda<\/strong><\/p>\n<p><a href=\"mailto:calvetad@conservatoripirineus.cat\">calvetad@conservatoripirineus.cat<\/a><\/p>\n<hr \/>\n<p><strong>Gerard Comellas Badia \u00b7 <\/strong>Berga:<strong>\u00a0\u00a0Tenora \/ Tible \/ Cobla<\/strong><\/p>\n<p><a href=\"mailto:comellasbg@conservatoripirineus.cat\">comellasbg@conservatoripirineus.cat<\/a><\/p>\n<hr \/>\n<p><strong>Josep Comellas Rosi\u00f1ol \u00b7\u00a0<\/strong>Berga \u2013 Puigcerd\u00e0 \u2013 la Seu d\u2019Urgell:\u00a0<strong>Harmonia cl\u00e0ssica \/ Hist\u00f2ria de la m\u00fasica \u00a0\/ Llenguatge musical<\/strong><\/p>\n<p><a href=\"mailto:comellasrj@conservatoripirineus.cat\">comellasrj@conservatoripirineus.cat<\/a><\/p>\n<hr \/>\n<p><strong>Rosa Comellas Rosi\u00f1ol \u00b7 <\/strong>Puigcerd\u00e0: <strong>Piano<\/strong><\/p>\n<p><a href=\"mailto:comellasrr@conservatoripirineus.cat\">comellasrr@conservatoripirineus.cat<\/a><\/p>\n<hr \/>\n<p><strong>Alba Compte Rojas \u00b7 <\/strong>Berga: <strong>Orquestra de corda<\/strong><\/p>\n<p><a href=\"mailto:comptera@conservatoripirineus.cat\">comptera@conservatoripirineus.cat<\/a><\/p>\n<hr \/>\n<p><strong>Eudald Dan\u00ed Roura \u00b7 <\/strong>Puigcerd\u00e0: <strong>Piano \/ Llenguatge musical \/M\u00fasica de cambra<\/strong><\/p>\n<p><a href=\"mailto:comellasrr@conservatoripirineus.cat\">dantire@conservatoripirineus.cat<\/a><\/p>\n<hr \/>\n<p><strong>Marcel Escarr\u00e9 Valle \u00b7 <\/strong>Berga:\u00a0<strong>Piano \/ Conjunt \/ M\u00fasica de cambra<\/strong><\/p>\n<p><a href=\"mailto:escarrevm@conservatoripirineus.cat\">escarrevm@conservatoripirineus.cat<\/a><\/p>\n<hr \/>\n<p><strong>Jordi Farr\u00e9s Tom\u00e0s\u00a0\u00b7\u00a0<\/strong>Berga: <strong>Guitarra \/ Conjunt<\/strong><\/p>\n<p><a href=\"mailto:romerooa@conservatoripirineus.cat\">farrestj@conservatoripirineus.cat<\/a><\/p>\n<hr \/>\n<p><strong>Montserrat Gabarr\u00f3s Pey \u00b7 <\/strong>Berga<strong>: Piano<\/strong><\/p>\n<p><a href=\"mailto:gabarrospm@conservatoripirineus.cat\">gabarrospm@conservatoripirineus.cat<\/a><\/p>\n<hr \/>\n<p><strong>Llu\u00eds Gual Gasull \u00b7 <\/strong>Berga<strong>: Llenguatge musical<\/strong><\/p>\n<p><a href=\"mailto:gualgl@conservatoripirineus.cat\">gualgl@conservatoripirineus.cat<\/a><\/p>\n<hr \/>\n<p><strong>Josep Haro Sotoca \u00b7 <\/strong>Berga<strong>: Piano modern<\/strong><\/p>\n<p><a href=\"mailto:harosj@conservatoripirineus.cat\">harosj@conservatoripirineus.cat<\/a><\/p>\n<hr \/>\n<p><b>Jordi Junyent Castell\u00e0<strong>\u00a0\u00b7\u00a0<\/strong><\/b>Berga: <b><strong>Percussi\u00f3 en l&#8217;\u00e0mbit de la m\u00fasica moderna (bateria)<\/strong><\/b><\/p>\n<p><b><\/b><a href=\"mailto:junyentcj1@conservatoripirineus.cat\">junyentcj1@conservatoripirineus.cat<\/a><\/p>\n<hr \/>\n<p><b>Josep Junyent Castell\u00e0<strong>\u00a0\u00b7\u00a0<\/strong><\/b>Berga: <b><strong>Baix el\u00e8ctric \/ combo<\/strong><\/b><\/p>\n<p><b><\/b><a href=\"mailto:junyentcj@conservatoripirineus.cat\">junyentcj@conservatoripirineus.cat<\/a><\/p>\n<hr \/>\n<p><b>Beatriz L\u00f3pez \u00c1lvarez<strong>\u00a0\u00b7\u00a0<\/strong><\/b>la Seu d&#8217;Urgell: <strong>Cor<\/strong><\/p>\n<p><b><\/b><a href=\"mailto:lopezab@conservatoripirineus.cat\">lopezab@conservatoripirineus.cat<\/a><\/p>\n<hr \/>\n<p><b>Tom\u00e1s Lorenzo Bellido<strong>\u00a0\u00b7\u00a0<\/strong><\/b>Puigcerd\u00e0: <b><strong>Guitarra<\/strong><\/b><\/p>\n<p><b><\/b><a href=\"mailto:lorenzbt@conservatoripirineus.cat\">lorenzbt@conservatoripirineus.cat<\/a><\/p>\n<hr \/>\n<p><b><strong>Elisenda Mart\u00ed Valls \u00b7 <\/strong><\/b>Berga: <b><strong>Acompanyament<\/strong><\/b><\/p>\n<p><b><\/b><a href=\"mailto:martive@conservatoripirineus.cat\">martive@conservatoripirineus.cat<\/a><\/p>\n<hr \/>\n<p><b>Laia Mart\u00edn Hern\u00e1ndez<strong>\u00a0\u00b7\u00a0<\/strong><\/b>Puigcerd\u00e0:\u00a0<b><strong>Piano \/ Conjunt<\/strong><\/b><\/p>\n<p><b><\/b><a href=\"mailto:martinhl@conservatoripirineus.cat\">martinhl@conservatoripirineus.cat<\/a><\/p>\n<hr \/>\n<p><b>Albert Martinez Torrente<strong>\u00a0\u00b7\u00a0<\/strong><\/b>Puigcerd\u00e0: <strong>Baix el\u00e8ctric \/ <\/strong><b><strong>M\u00fasica i noves tecnologies<\/strong><\/b><\/p>\n<p><a href=\"mailto:martinezta@conservatoripirineus.cat\" target=\"_blank\" rel=\"noopener noreferrer\">martinezta@conservatoripirineus.cat<\/a><\/p>\n<hr \/>\n<p><b>Ana Martinez Tos<strong>\u00a0\u00b7\u00a0<\/strong><\/b>Puigcerd\u00e0: <b>Viol\u00ed<\/b><\/p>\n<p><a href=\"mailto:martinezta1@conservatoripirineus.cat\">martinezta1@conservatoripirineus.cat<\/a><\/p>\n<hr \/>\n<p><b>Carme Mascar\u00f3 Montany\u00e0<strong>\u00a0\u00b7\u00a0<\/strong><\/b>Berga:\u00a0<b><strong>Piano \/ M\u00fasica de cambra<\/strong><\/b><\/p>\n<p><a href=\"mailto:mascaromc@conservatoripirineus.cat\">mascaromc@conservatoripirineus.cat<\/a><\/p>\n<hr \/>\n<p><strong>Laia Motll\u00f3 Tejedor<\/strong> <b><strong>\u00b7<\/strong><\/b> Puigcerd\u00e0: <b>Flauta travessera<\/b><\/p>\n<p><a href=\"mailto:motllotl@conservatoripirineus.cat\">motllotl@conservatoripirineus.cat<\/a><\/p>\n<hr \/>\n<p><strong>Laia Motll\u00f3 Tejedor<\/strong> <b><strong>\u00b7<\/strong><\/b> Puigcerd\u00e0: <b>Sax\u00f2fon<\/b><\/p>\n<p><a style=\"font-family: inherit; font-size: 1em;\" href=\"mailto:motllotl@conservatoripirineus.cat\">motllotm@conservatoripirineus.cat<\/a><\/p>\n<hr \/>\n<p><b>N\u00faria Moreno Tella<strong>\u00a0\u00b7\u00a0<\/strong><\/b>Berga:\u00a0<b><strong>Obo\u00e8 <\/strong><\/b><\/p>\n<p><a href=\"mailto:morenotn@conservatoripirineus.cat\">morenotn@conservatoripirineus.cat<\/a><\/p>\n<hr \/>\n<p><b>Otaola Calonge Ivan<strong>\u00a0\u00b7\u00a0<\/strong><\/b>Berga &#8211; Puigcerd\u00e0: <b>Formaci\u00f3 corporal \/ interpretaci\u00f3 i escena<\/b><\/p>\n<p><a href=\"mailto:otalolaci@conservatoripirineus.cat\">otalolaci@conservatoripirineus.cat<\/a><\/p>\n<hr \/>\n<p><b>Jeroni Pagan P\u00e9rez<strong>\u00a0\u00b7\u00a0<\/strong><\/b>la Seu d&#8217;Urgell: <b><strong>Harmonia moderna \/ M\u00fasica i noves tecnologies<\/strong><\/b><\/p>\n<p><b><\/b><a href=\"mailto:paganpj@conservatoripirineus.cat\">paganpj@conservatoripirineus.cat<\/a><\/p>\n<hr \/>\n<p><b>Carles P\u00e9rez Alcaraz<strong> \u00b7 <\/strong><\/b>la Seu d&#8217;Urgell: <b><strong>Guitarra<\/strong><\/b><\/p>\n<p><a href=\"mailto:perezac@conservatoripirineus.cat\">perezac@conservatoripirineus.cat<\/a><\/p>\n<hr \/>\n<p><b><strong>Caterina Plana Cerd\u00e0\u00b7 <\/strong><\/b>la Seu d&#8217;Urgell: <strong>Acordi\u00f3 diat\u00f2nic<\/strong><\/p>\n<p><a href=\"mailto:planacc@conservatoripirineus.cat\">planacc@conservatoripirineus.cat<\/a><\/p>\n<hr \/>\n<p><b>Nina Planavila Vargas<strong>\u00a0\u00b7\u00a0<\/strong><\/b>la Seu d&#8217;Urgell: <b>Acordi\u00f3<\/b><\/p>\n<p><a href=\"mailto:planavilapm@conservatoripirineus.cat\">planavilapm@conservatoripirineus.cat<\/a><\/p>\n<hr \/>\n<p><b>Xavier Planes Gorina<strong>\u00a0\u00b7\u00a0<\/strong><\/b>Berga:\u00a0<b><strong>Trompeta<\/strong><\/b><\/p>\n<p><a href=\"mailto:planesgx@conservatoripirineus.cat\">planesgx@conservatoripirineus.cat<\/a><\/p>\n<hr \/>\n<p><b>Gemma Pujol Coderch<strong>\u00a0\u00b7\u00a0<\/strong><\/b>Berga:\u00a0<b><strong>Viola<\/strong><\/b><\/p>\n<p><a href=\"mailto:pujolcg@conservatoripirineus.cat\">pujolcg@conservatoripirineus.cat<\/a><\/p>\n<hr \/>\n<p><b>Lourdes Querencia Ju\u00e1rez<strong>\u00a0\u00b7\u00a0<\/strong><\/b>\u00a0la Seu d\u2019Urgell:\u00a0<b><strong>Violoncel \/ Piano \/ Llenguatge musical<\/strong><\/b><\/p>\n<p><a href=\"mailto:querenciajl@conservatoripirineus.cat\">querenciajl@conservatoripirineus.cat<\/a><\/p>\n<hr \/>\n<p><b>M\u00f2nica Roca Llad\u00f3<strong>\u00a0\u00b7\u00a0<\/strong><\/b>Berga: <b><strong>Viol\u00ed<\/strong><\/b><\/p>\n<p><b><\/b><a href=\"mailto:rocalm@conservatoripirineus.cat\">rocalm@conservatoripirineus.cat<\/a><\/p>\n<hr \/>\n<p><b>Denis Rojo Leno<strong>\u00a0\u00b7\u00a0<\/strong><\/b>Berga:\u00a0<b><strong>Flabiol i tambor\u00ed \/ Sax\u00f2fon \/ Banda<\/strong><\/b><\/p>\n<p><a href=\"mailto:rojold@conservatoripirineus.cat\">rojold@conservatoripirineus.cat<\/a><\/p>\n<hr \/>\n<p><b>Roger Sellart Bascompte<strong>\u00a0\u00b7\u00a0<\/strong><\/b>Berga:\u00a0<b><strong>Clarinet<\/strong><\/b><\/p>\n<p><a href=\"mailto:sellartbr@conservatoripirineus.cat\">sellartbr@conservatoripirineus.cat<\/a><\/p>\n<hr \/>\n<p><b>Zoryana Sokhatska<strong>\u00a0\u00b7\u00a0<\/strong><\/b>la Seu d\u2019Urgell:\u00a0<b><strong>Viol\u00ed\u00a0<\/strong><\/b><\/p>\n<p><a href=\"mailto:sokhatskaz@conservatoripirineus.cat\">sokhatskaz@conservatoripirineus.cat<\/a><\/p>\n<hr \/>\n<p><b>Yevhen Sokhatskyy<strong>\u00a0\u00b7\u00a0<\/strong><\/b>la Seu d\u2019Urgell:\u00a0<b><strong>Orquestra \/ M\u00fasica de cambra\u00a0<\/strong><\/b><\/p>\n<p><a href=\"mailto:sokhatskyy@conservatoripirineus.cat\">sokhatskyy@conservatoripirineus.cat<\/a><\/p>\n<hr \/>\n<p><b>Mariona Soldevila Sala<strong> \u00b7\u00a0<\/strong><\/b>Puigcerd\u00e0: <b><strong>Cant \/ Cor<\/strong><\/b><\/p>\n<p><a href=\"mailto:sokhatskyy@conservatoripirineus.cat\">soldevilasm@conservatoripirineus.cat<\/a><\/p>\n<hr \/>\n<p><b><strong>Manuel Su\u00e1rez de la Vega \u00b7 <\/strong><\/b>la Seu d\u2019Urgell: <strong>Guitarra El\u00e8ctrica<\/strong><\/p>\n<p><a href=\"mailto:suarezvm@conservatoripirineus.cat\">suarezvm@conservatoripirineus.cat<\/a><\/p>\n<hr \/>\n<p><b>Margarita Torner Pujol<strong>\u00a0\u00b7\u00a0<\/strong><\/b>Puigcerd\u00e0:\u00a0<b><strong>Acordi\u00f3\u00a0 \/ Llenguatge musical<\/strong><\/b><\/p>\n<p><a href=\"mailto:tornerpm@conservatoripirineus.cat\">tornerpm@conservatoripirineus.cat<\/a><\/p>\n<hr \/>\n<p><b>Esteve Vidal Selga<strong>\u00a0\u00b7\u00a0<\/strong><\/b>Berga:\u00a0<b>Flauta travessera<\/b><\/p>\n<p><a href=\"mailto:vidalse@conservatoripirineus.cat\">vidalse@conservatoripirineus.cat<\/a><\/p>\n<hr \/>\n<p><b>Mart\u00ed Villegas Pons<strong>\u00a0\u00b7\u00a0<\/strong><\/b>Berga:\u00a0<b>Tromb\u00f3 (instruments orquestra) \/ Fiscorn\/ Tuba \/ M\u00fasica i noves tecnologies.<\/b><\/p>\n<p><a href=\"mailto:villegaspm@conservatoripirineus.cat\" target=\"_blank\" rel=\"noopener noreferrer\">villegaspm@conservatoripirineus.cat<\/a><\/p>\n<hr \/>\n<p>&nbsp;<\/p>\n<\/div>\n<\/article>\n<\/div>\n<\/div>\n<\/div>\n","protected":false},"excerpt":{"rendered":"<p>Gisela Alegret P\u00e9rez \u00b7 Berga:\u00a0Trompeta<br \/>\n<a href=\"mailto:alegretpg@conservatoripirineus.cat\">alegretpg@conservatoripirineus.cat<\/a><\/p>\n<p>Adriana Alsina Escabosa \u00b7 Berga:\u00a0Violoncel<br \/>\n<a href=\"mailto:alsinaea@conservatoripirineus.cat\">alsinaea@conservatoripirineus.cat<\/a><\/p>\n<p>Francesc Xavier Alern V\u00e1zquez \u00b7 Puigcerd\u00e0: Guitarra<br \/>\n<a href=\"mailto:alsinaea@conservatoripirineus.cat\">alernvf@conservatoripirineus.cat<\/a><\/p>\n<p>Queralt Aymerich Torner\u00a0 \u00b7 Berga:\u00a0Cant<br \/>\n<a href=\"mailto:aymerichtq@conservatoripirineus.cat\">aymerichtq@conservatoripirineus.cat<\/a><\/p>\n<p>Montserrat Bella Roma \u00b7 Berga:\u00a0Cant<br \/>\n<a href=\"mailto:bellarm@conservatoripirineus.cat\">bellarm@conservatoripirineus.cat<\/a><\/p>\n<p>M\u00f2nica Blanque Herrero \u00b7\u00a0Berga:\u00a0Contrabaix<br \/>\n<a href=\"mailto:blanquehm@conservatoripirineus.cat\">blanquehm@conservatoripirineus.cat<\/a><\/p>\n<p>Jordi Boixader Casals \u00b7 Berga: \u00a0Sax\u00f2fon<br \/>\n<a href=\"mailto:boixadercj@conservatoripirineus.cat\">boixadercj@conservatoripirineus.cat<\/a><\/p>\n<p>David Calvet Amaro \u00b7 la Seu d&#8217;Urgell: \u00a0Trompeta&hellip;  <a href=\"https:\/\/agora.xtec.cat\/conservatoripirineus\/elcentre\/equip-docent\/\" title=\"Read Equip docent\">Llegeix m\u00e9s\u00bb<\/a><\/p>\n","protected":false},"author":1,"featured_media":0,"parent":19,"menu_order":4,"comment_status":"closed","ping_status":"closed","template":"page-templates\/side-menu.php","meta":{"_bbp_topic_count":0,"_bbp_reply_count":0,"_bbp_total_topic_count":0,"_bbp_total_reply_count":0,"_bbp_voice_count":0,"_bbp_anonymous_reply_count":0,"_bbp_topic_count_hidden":0,"_bbp_reply_count_hidden":0,"_bbp_forum_subforum_count":0,"footnotes":""},"class_list":["post-577","page","type-page","status-publish","hentry"],"post_mailing_queue_ids":[],"_links":{"self":[{"href":"https:\/\/agora.xtec.cat\/conservatoripirineus\/wp-json\/wp\/v2\/pages\/577","targetHints":{"allow":["GET"]}}],"collection":[{"href":"https:\/\/agora.xtec.cat\/conservatoripirineus\/wp-json\/wp\/v2\/pages"}],"about":[{"href":"https:\/\/agora.xtec.cat\/conservatoripirineus\/wp-json\/wp\/v2\/types\/page"}],"author":[{"embeddable":true,"href":"https:\/\/agora.xtec.cat\/conservatoripirineus\/wp-json\/wp\/v2\/users\/1"}],"replies":[{"embeddable":true,"href":"https:\/\/agora.xtec.cat\/conservatoripirineus\/wp-json\/wp\/v2\/comments?post=577"}],"version-history":[{"count":8,"href":"https:\/\/agora.xtec.cat\/conservatoripirineus\/wp-json\/wp\/v2\/pages\/577\/revisions"}],"predecessor-version":[{"id":4582,"href":"https:\/\/agora.xtec.cat\/conservatoripirineus\/wp-json\/wp\/v2\/pages\/577\/revisions\/4582"}],"up":[{"embeddable":true,"href":"https:\/\/agora.xtec.cat\/conservatoripirineus\/wp-json\/wp\/v2\/pages\/19"}],"wp:attachment":[{"href":"https:\/\/agora.xtec.cat\/conservatoripirineus\/wp-json\/wp\/v2\/media?parent=577"}],"curies":[{"name":"wp","href":"https:\/\/api.w.org\/{rel}","templated":true}]}}