{"id":46,"date":"2014-09-17T16:53:45","date_gmt":"2014-09-17T16:53:45","guid":{"rendered":"http:\/\/agora.xtec.cat\/conservatoripirineus\/?page_id=46"},"modified":"2025-09-07T19:42:37","modified_gmt":"2025-09-07T17:42:37","slug":"organigrama","status":"publish","type":"page","link":"https:\/\/agora.xtec.cat\/conservatoripirineus\/elcentre\/organigrama\/","title":{"rendered":"Organigrama"},"content":{"rendered":"<div id=\"content\" class=\"site-content\">\n<div class=\"wrap\">\n<div id=\"primary\" class=\"content-area\">\n<h2>Comissi\u00f3 de seguiment<\/h2>\n<ul>\n<li>Il\u00b7lm. Sr. Ivan Sanchez Rodriguez, alcalde de Berga<\/li>\n<li>Il\u00b7lm. Sr. Joan Manel Serra Arenas, alcalde de Puigcerd\u00e0<\/li>\n<li>Il\u00b7lm. Sr. Francesc Vilaplana Manresa, alcalde de La Seu d&#8217;Urgell<\/li>\n<li>Xavier Llobet Casas, director<\/li>\n<li>Margarita Torner Pujol, directora adjunta a Puigcerd\u00e0<\/li>\n<li>Sonia Lanau Morales, directora adjunta a La Seu d&#8217;Urgell<\/li>\n<\/ul>\n<h2><strong style=\"font-family: inherit; font-size: 1em;\">Equip directiu<\/strong><\/h2>\n<article id=\"post-653\" class=\"post-653 page type-page status-publish hentry\">\n<div class=\"entry-content\">\n<ul>\n<li>Director | Xavier Llobet Casas |\u00a0<a href=\"mailto:llobetcx@conservatoripirineus.cat\">llobetcx@conservatoripirineus.cat<\/a><\/li>\n<li>Directora adjunta a Puigcerd\u00e0 | Margarita Torner Pujol | <a href=\"mailto:tornerpm@conservatoripirineus.cat\">tornerpm@conservatoripirineus.cat<\/a><\/li>\n<li>Directora adjunta a La Seu d&#8217;Urgell | Sonia Lanau Morales | <a href=\"mailto:lanaums@conservatoripirineus.cat\">lanaums@conservatoripirineus.cat<\/a><\/li>\n<li>Cap d\u2019estudis | Josep Comellas Rosi\u00f1ol |\u00a0<a href=\"mailto:comellasrj@conservatoripirineus.cat\">comellasrj@conservatoripirineus.cat<\/a><\/li>\n<li>Secret\u00e0ria acad\u00e8mica | M\u00f2nica Roca Llad\u00f3| <a href=\"mailto:rocalm@conservatoripirineus.cat\">rocalm@conservatoripirineus.cat<\/a><\/li>\n<\/ul>\n<h2><strong>Consell de direcci\u00f3<\/strong><\/h2>\n<ul>\n<li>Director | Xavier Llobet Casas |\u00a0<a href=\"mailto:llobetcx@conservatoripirineus.cat\">llobetcx@conservatoripirineus.cat<\/a><\/li>\n<li>Directora adjunta de la Seu d\u2019Urgell | Sonia Lanau Morales |\u00a0<a href=\"mailto:lanaums@conservatoripirineus.cat\">lanaums@conservatoripirineus.cat<\/a><\/li>\n<li>Directora adjunta de Puigcerd\u00e0 | Margarita Torner Pujol |\u00a0<a href=\"mailto:btornerpm@conservatoripirineus.cat\">tornerpm@conservatoripirineus.cat<\/a><\/li>\n<li>Cap d\u2019estudis | Josep Comellas Rosi\u00f1ol |\u00a0<a href=\"mailto:comellasrj@conservatoripirineus.cat\">comellasrj@conservatoripirineus.cat<\/a><\/li>\n<li>Secret\u00e0ria acad\u00e8mica | M\u00f2nica Roca Llad\u00f3| <a href=\"mailto:rocalm@conservatoripirineus.cat\">rocalm@conservatoripirineus.cat<\/a><\/li>\n<li>Cap d\u2019estudis adjunt a la Seu d\u2019Urgell | Joan Carles Querencia Juarez | <a href=\"mailto:querenciajj@conservatoripirineus.cat\">querenciajj@conservatoripirineus.cat<\/a><\/li>\n<li>Secretari acad\u00e8mic adjunt a la Seu d\u2019Urgell | Manuel Su\u00e1rez de la Vega | <a href=\"mailto:suarezvm@conservatoripirineus.cat\">suarezvm<span class=\"\">@co<\/span>nservatoripirineus.cat<\/a><\/li>\n<\/ul>\n<h2><strong>Caps de departament<\/strong><\/h2>\n<ul>\n<li>Acordi\u00f3 | Cati Plana Cerd\u00e0 | <a href=\"mailto:planacc@conservatoripirineus.cat\"><span class=\"\">planacc@co<\/span>nservatoripirineus.cat<\/a><\/li>\n<li>Cant i cor | Mariona Soldevila Sala | <a href=\"mailto:soldevilasm@conservatoripirineus.cat\">soldevilasm@conservatoripirineus.cat<\/a><\/li>\n<li>Corda | Gemma Pujol Coderch | <a href=\"mailto:pujolcg@conservatoripirineus.cat\">pujolcg@conservatoripirineus.cat<\/a><\/li>\n<li>Llenguatge musical, creaci\u00f3 i cultura musical| Josep Comellas Rosi\u00f1ol | <a href=\"mailto:comellasrj@conservatoripirineus.cat\">comellasrj@conservatoripirineus.cat<\/a><\/li>\n<li>M\u00fasica Moderna i Guitarra | Carles P\u00e9rez Alcaraz | <a href=\"mailto:perezac@conservatoripirineus.cat\">perezac@conservatoripirineus.cat<\/a><\/li>\n<li>Piano | Rosa Comellas Rosi\u00f1ol| <a href=\"mailto:escarrevm@conservatoripirineus.cat\">comellasrr@conservatoripirineus.cat<\/a><\/li>\n<li>Vent \u2013 fusta | Esteve Vidal Selga | <a href=\"mailto:vidalse@conservatoripirineus.cat\">vidalse@conservatoripirineus.cat<\/a><\/li>\n<li>Vent \u2013 metall | Xavier Planes Gorina | <a href=\"mailto:planesgx@conservatoripirineus.cat\">planesgx@conservatoripirineus.cat<\/a><\/li>\n<\/ul>\n<h2><strong>Coordinacions<\/strong><\/h2>\n<ul>\n<li>Formacions | Manuel Su\u00e1rez de la Vega | <a href=\"mailto:suarezvm@conservatoripirineus.cat\">suarezvm<span class=\"\">@co<\/span>nservatoripirineus.cat<\/a><\/li>\n<li>M\u00fasica de cambra | Joan Carles Querencia Juarez | <a href=\"mailto:querenciajj@conservatoripirineus.cat\">querenciajj@conservatoripirineus.cat<\/a><\/li>\n<li>Comunicaci\u00f3 | Sonia Lanau Morales | <a href=\"mailto:lanaums@conservatoripirineus.cat\">lanaums@conservatoripirineus.cat<\/a><\/li>\n<\/ul>\n<\/div>\n<\/article>\n<\/div>\n<\/div>\n<\/div>\n","protected":false},"excerpt":{"rendered":"<p>Comissi\u00f3 de seguiment<\/p>\n<ul>\n<li>Il\u00b7lm. Sr. Ivan Sanchez Rodriguez, alcalde de Berga<\/li>\n<li>Il\u00b7lm. Sr. Joan Manel Serra Arenas, alcalde de Puigcerd\u00e0<\/li>\n<li>Il\u00b7lm. Sr. Francesc Vilaplana Manresa, alcalde de La Seu d&#8217;Urgell<\/li>\n<li>Xavier Llobet Casas, director<\/li>\n<li>Margarita Torner Pujol, directora adjunta a Puigcerd\u00e0<\/li>\n<li>Sonia Lanau Morales, directora adjunta a La Seu d&#8217;Urgell<\/li>\n<\/ul>\n<p>Equip directiu<\/p>\n<ul>\n<li>Director&hellip;  <a href=\"https:\/\/agora.xtec.cat\/conservatoripirineus\/elcentre\/organigrama\/\" title=\"Read Organigrama\">Llegeix m\u00e9s\u00bb<\/a><br \/>\n","protected":false},"author":1,"featured_media":0,"parent":19,"menu_order":3,"comment_status":"closed","ping_status":"closed","template":"page-templates\/side-menu.php","meta":{"_bbp_topic_count":0,"_bbp_reply_count":0,"_bbp_total_topic_count":0,"_bbp_total_reply_count":0,"_bbp_voice_count":0,"_bbp_anonymous_reply_count":0,"_bbp_topic_count_hidden":0,"_bbp_reply_count_hidden":0,"_bbp_forum_subforum_count":0,"footnotes":""},"class_list":["post-46","page","type-page","status-publish","hentry"],"post_mailing_queue_ids":[],"_links":{"self":[{"href":"https:\/\/agora.xtec.cat\/conservatoripirineus\/wp-json\/wp\/v2\/pages\/46","targetHints":{"allow":["GET"]}}],"collection":[{"href":"https:\/\/agora.xtec.cat\/conservatoripirineus\/wp-json\/wp\/v2\/pages"}],"about":[{"href":"https:\/\/agora.xtec.cat\/conservatoripirineus\/wp-json\/wp\/v2\/types\/page"}],"author":[{"embeddable":true,"href":"https:\/\/agora.xtec.cat\/conservatoripirineus\/wp-json\/wp\/v2\/users\/1"}],"replies":[{"embeddable":true,"href":"https:\/\/agora.xtec.cat\/conservatoripirineus\/wp-json\/wp\/v2\/comments?post=46"}],"version-history":[{"count":8,"href":"https:\/\/agora.xtec.cat\/conservatoripirineus\/wp-json\/wp\/v2\/pages\/46\/revisions"}],"predecessor-version":[{"id":4478,"href":"https:\/\/agora.xtec.cat\/conservatoripirineus\/wp-json\/wp\/v2\/pages\/46\/revisions\/4478"}],"up":[{"embeddable":true,"href":"https:\/\/agora.xtec.cat\/conservatoripirineus\/wp-json\/wp\/v2\/pages\/19"}],"wp:attachment":[{"href":"https:\/\/agora.xtec.cat\/conservatoripirineus\/wp-json\/wp\/v2\/media?parent=46"}],"curies":[{"name":"wp","href":"https:\/\/api.w.org\/{rel}","templated":true}]}}