{"id":43,"date":"2014-09-17T16:45:07","date_gmt":"2014-09-17T16:45:07","guid":{"rendered":"http:\/\/agora.xtec.cat\/conservatoripirineus\/?page_id=43"},"modified":"2025-11-28T11:58:04","modified_gmt":"2025-11-28T10:58:04","slug":"consell-escolar","status":"publish","type":"page","link":"https:\/\/agora.xtec.cat\/conservatoripirineus\/elcentre\/consell-escolar\/","title":{"rendered":"Consell escolar"},"content":{"rendered":"<p><span style=\"font-size: 2.3125em; font-weight: bold;\">Membres nats<\/span><\/p>\n<ul>\n<li>Llobet Casas, Xavier (Director)<\/li>\n<li>Torner Pujol, Margarita (Directora adjunta &#8211; Puigcerd\u00e0)<\/li>\n<li>Lanau Morales, Sonia (Directora adjunta &#8211; La Seu)<\/li>\n<li>Comellas Rosi\u00f1ol, Josep (Cap d&#8217;estudis)<\/li>\n<li>Roca Llad\u00f3, M\u00f2nica (Secret\u00e0ria acad\u00e8mica)<\/li>\n<li>Rodriguez Mal\u00e9, Rosa (Ajuntament &#8211; Berga)<\/li>\n<li><span data-sheets-root=\"1\">Mu\u00f1oz Ginesta, N\u00faria Laura (Ajuntament &#8211; Puigcerd\u00e0)<\/span><\/li>\n<li>Moreno Castro, Christina (Ajuntament &#8211; la Seu d&#8217;Urgell)<\/li>\n<\/ul>\n<h2>Professorat<\/h2>\n<ul>\n<li>Moreno Tella, N\u00faria (Berga) | Mandat fins: 2027<\/li>\n<li>Sellart Bascompte, Roger (Berga) | Mandat fins: 2029<\/li>\n<li>Vidal Selga, Esteve (Berga) | Mandat fins: 2029<\/li>\n<li>Montll\u00f3 Tejedor, Mar\u00e7al (Puigcerd\u00e0) | Mandat fins: 2029<\/li>\n<li>Pons Aubiny\u00e0, Marc Salvador (Puigcerd\u00e0) | Mandat fins: 2029<\/li>\n<li>Mart\u00ednez Tos, Anna (Puigcerd\u00e0) | Mandat fins: 2027<\/li>\n<li>Querencia Juarez, Maria (la Seu d&#8217;Urgell) | Mandat fins: 2027<\/li>\n<li>Garcia Grasa, Lourdes (la Seu d&#8217;Urgell) | Mandat fins: 2029<\/li>\n<li>Plana Cerd\u00e0, Caterina (la Seu d&#8217;Urgell )| Mandat fins: 2029<\/li>\n<\/ul>\n<h2>Pares i mares<\/h2>\n<ul>\n<li>Huerga P\u00e9rez, Efra\u00edn (la Seu d&#8217;Urgell) | Mandat fins: 2029<\/li>\n<li>Esquerra Mir\u00f3, Jordi (Berga) | Mandat fins: 2029<\/li>\n<li>Perla Hern\u00e1ndez, Guillerma COncepci\u00f3n (Puigcerd\u00e0 | Mandat fins: 2029<\/li>\n<li>Gascon Chopo, Annabel (La Seu d&#8217;Urgell) | Mandat fins: 2027<\/li>\n<li>Rosi\u00f1ol Mart\u00ednez, Jordi (Berga) | Mandat fins: 2027<\/li>\n<li>Respecte Pascual, Roser (Puigcerd\u00e0) | Mandat fins: 2027<\/li>\n<\/ul>\n<h2>Alumnat<\/h2>\n<ul>\n<li>Busquets Areny, Agust\u00ed (La Seu d&#8217;Urgell) | Mandat fins: 2029<\/li>\n<li>Vel\u00e1rdez Perla, Maite (Puigcerd\u00e0) | Mandat fins: 2029<\/li>\n<li>Caballol Herrada, Iris (Berga) | Mandat fins: 2029<\/li>\n<\/ul>\n<h2>Personal d&#8217;administraci\u00f3 i serveis<\/h2>\n<ul>\n<li>Carbonell Marin, Joan Ignasi (Mandat fins: 2027)<\/li>\n<\/ul>\n","protected":false},"excerpt":{"rendered":"<p>Membres nats<\/p>\n<ul>\n<li>Llobet Casas, Xavier (Director)<\/li>\n<li>Torner Pujol, Margarita (Directora adjunta &#8211; Puigcerd\u00e0)<\/li>\n<li>Lanau Morales, Sonia (Directora adjunta &#8211; La Seu)<\/li>\n<li>Comellas Rosi\u00f1ol, Josep (Cap d&#8217;estudis)<\/li>\n<li>Roca Llad\u00f3, M\u00f2nica (Secret\u00e0ria acad\u00e8mica)<\/li>\n<li>Rodriguez Mal\u00e9, Rosa (Ajuntament &#8211; Berga)<\/li>\n<li>Mu\u00f1oz Ginesta, N\u00faria Laura (Ajuntament &#8211; Puigcerd\u00e0)<\/li>\n<li>Moreno Castro, Christina (Ajuntament &#8211; la Seu d&#8217;Urgell)<\/li>\n<\/ul>\n<p>Professorat<\/p>\n<ul>\n<li>Moreno Tella,&hellip;  <a href=\"https:\/\/agora.xtec.cat\/conservatoripirineus\/elcentre\/consell-escolar\/\" title=\"Read Consell escolar\">Llegeix m\u00e9s\u00bb<\/a><br \/>\n","protected":false},"author":1,"featured_media":0,"parent":19,"menu_order":2,"comment_status":"closed","ping_status":"closed","template":"page-templates\/side-menu.php","meta":{"_bbp_topic_count":0,"_bbp_reply_count":0,"_bbp_total_topic_count":0,"_bbp_total_reply_count":0,"_bbp_voice_count":0,"_bbp_anonymous_reply_count":0,"_bbp_topic_count_hidden":0,"_bbp_reply_count_hidden":0,"_bbp_forum_subforum_count":0,"footnotes":""},"class_list":["post-43","page","type-page","status-publish","hentry"],"post_mailing_queue_ids":[],"_links":{"self":[{"href":"https:\/\/agora.xtec.cat\/conservatoripirineus\/wp-json\/wp\/v2\/pages\/43","targetHints":{"allow":["GET"]}}],"collection":[{"href":"https:\/\/agora.xtec.cat\/conservatoripirineus\/wp-json\/wp\/v2\/pages"}],"about":[{"href":"https:\/\/agora.xtec.cat\/conservatoripirineus\/wp-json\/wp\/v2\/types\/page"}],"author":[{"embeddable":true,"href":"https:\/\/agora.xtec.cat\/conservatoripirineus\/wp-json\/wp\/v2\/users\/1"}],"replies":[{"embeddable":true,"href":"https:\/\/agora.xtec.cat\/conservatoripirineus\/wp-json\/wp\/v2\/comments?post=43"}],"version-history":[{"count":7,"href":"https:\/\/agora.xtec.cat\/conservatoripirineus\/wp-json\/wp\/v2\/pages\/43\/revisions"}],"predecessor-version":[{"id":4521,"href":"https:\/\/agora.xtec.cat\/conservatoripirineus\/wp-json\/wp\/v2\/pages\/43\/revisions\/4521"}],"up":[{"embeddable":true,"href":"https:\/\/agora.xtec.cat\/conservatoripirineus\/wp-json\/wp\/v2\/pages\/19"}],"wp:attachment":[{"href":"https:\/\/agora.xtec.cat\/conservatoripirineus\/wp-json\/wp\/v2\/media?parent=43"}],"curies":[{"name":"wp","href":"https:\/\/api.w.org\/{rel}","templated":true}]}}