{"id":3446,"date":"2023-03-11T10:04:27","date_gmt":"2023-03-11T09:04:27","guid":{"rendered":"https:\/\/agora.xtec.cat\/conservatoripirineus\/?page_id=3446"},"modified":"2023-03-11T10:18:45","modified_gmt":"2023-03-11T09:18:45","slug":"qui-som","status":"publish","type":"page","link":"https:\/\/agora.xtec.cat\/conservatoripirineus\/elcentre\/qui-som\/","title":{"rendered":"Qui som"},"content":{"rendered":"<p>El Conservatori de M\u00fasica dels Pirineus \u00e9s un Centre p\u00fablic intercomarcal que ofereix ensenyaments de grau professional de m\u00fasica a Berga, Puigcerd\u00e0 i la Seu d\u2019Urgell.<\/p>\n<p>Va comen\u00e7ar a impartir aquests ensenyaments a les tres seus del centre l\u2019any 2015.<\/p>\n<p>El Conservatori de m\u00fasica dels Pirineus \u00e9s fruit d\u2019un conveni de col\u00b7laboraci\u00f3 entre els ajuntaments de Berga, Puigcerd\u00e0 i la Seu d\u2019Urgell. Els ensenyaments es cursen a les <a href=\"https:\/\/agora.xtec.cat\/conservatoripirineus\/elcentre\/on-som\/\">tres seus del centre<\/a>, Berga, Puigcerd\u00e0 i la Seu d\u2019Urgell.<\/p>\n<p>&nbsp;<\/p>\n<p><a href=\"https:\/\/agora.xtec.cat\/conservatoripirineus\/wp-content\/uploads\/usu2447\/2022\/02\/claustre.jpeg\"><img loading=\"lazy\" decoding=\"async\" class=\"alignnone size-large wp-image-3041\" src=\"https:\/\/agora.xtec.cat\/conservatoripirineus\/wp-content\/uploads\/usu2447\/2022\/02\/claustre-1024x768.jpeg\" alt=\"\" width=\"1024\" height=\"768\" srcset=\"https:\/\/agora.xtec.cat\/conservatoripirineus\/wp-content\/uploads\/usu2447\/2022\/02\/claustre-1024x768.jpeg 1024w, https:\/\/agora.xtec.cat\/conservatoripirineus\/wp-content\/uploads\/usu2447\/2022\/02\/claustre-300x225.jpeg 300w, https:\/\/agora.xtec.cat\/conservatoripirineus\/wp-content\/uploads\/usu2447\/2022\/02\/claustre-768x576.jpeg 768w, https:\/\/agora.xtec.cat\/conservatoripirineus\/wp-content\/uploads\/usu2447\/2022\/02\/claustre-1536x1152.jpeg 1536w, https:\/\/agora.xtec.cat\/conservatoripirineus\/wp-content\/uploads\/usu2447\/2022\/02\/claustre-200x150.jpeg 200w, https:\/\/agora.xtec.cat\/conservatoripirineus\/wp-content\/uploads\/usu2447\/2022\/02\/claustre.jpeg 2048w\" sizes=\"auto, (max-width: 1024px) 100vw, 1024px\" \/><\/a><\/p>\n","protected":false},"excerpt":{"rendered":"<p>El Conservatori de M\u00fasica dels Pirineus \u00e9s un Centre p\u00fablic intercomarcal que ofereix ensenyaments de grau professional de m\u00fasica a Berga, Puigcerd\u00e0 i la Seu d\u2019Urgell.<br \/>\nVa comen\u00e7ar a impartir aquests ensenyaments a les tres seus del centre l\u2019any 2015.<br \/>\nEl Conservatori de m\u00fasica dels Pirineus \u00e9s&hellip;  <a href=\"https:\/\/agora.xtec.cat\/conservatoripirineus\/elcentre\/qui-som\/\" title=\"Read Qui som\">Llegeix m\u00e9s\u00bb<\/a><\/p>\n","protected":false},"author":3,"featured_media":0,"parent":19,"menu_order":1,"comment_status":"closed","ping_status":"closed","template":"page-templates\/side-menu.php","meta":{"_bbp_topic_count":0,"_bbp_reply_count":0,"_bbp_total_topic_count":0,"_bbp_total_reply_count":0,"_bbp_voice_count":0,"_bbp_anonymous_reply_count":0,"_bbp_topic_count_hidden":0,"_bbp_reply_count_hidden":0,"_bbp_forum_subforum_count":0,"footnotes":""},"class_list":["post-3446","page","type-page","status-publish","hentry"],"post_mailing_queue_ids":[],"_links":{"self":[{"href":"https:\/\/agora.xtec.cat\/conservatoripirineus\/wp-json\/wp\/v2\/pages\/3446","targetHints":{"allow":["GET"]}}],"collection":[{"href":"https:\/\/agora.xtec.cat\/conservatoripirineus\/wp-json\/wp\/v2\/pages"}],"about":[{"href":"https:\/\/agora.xtec.cat\/conservatoripirineus\/wp-json\/wp\/v2\/types\/page"}],"author":[{"embeddable":true,"href":"https:\/\/agora.xtec.cat\/conservatoripirineus\/wp-json\/wp\/v2\/users\/3"}],"replies":[{"embeddable":true,"href":"https:\/\/agora.xtec.cat\/conservatoripirineus\/wp-json\/wp\/v2\/comments?post=3446"}],"version-history":[{"count":3,"href":"https:\/\/agora.xtec.cat\/conservatoripirineus\/wp-json\/wp\/v2\/pages\/3446\/revisions"}],"predecessor-version":[{"id":3454,"href":"https:\/\/agora.xtec.cat\/conservatoripirineus\/wp-json\/wp\/v2\/pages\/3446\/revisions\/3454"}],"up":[{"embeddable":true,"href":"https:\/\/agora.xtec.cat\/conservatoripirineus\/wp-json\/wp\/v2\/pages\/19"}],"wp:attachment":[{"href":"https:\/\/agora.xtec.cat\/conservatoripirineus\/wp-json\/wp\/v2\/media?parent=3446"}],"curies":[{"name":"wp","href":"https:\/\/api.w.org\/{rel}","templated":true}]}}