{"id":3368,"date":"2023-01-25T11:27:53","date_gmt":"2023-01-25T10:27:53","guid":{"rendered":"https:\/\/agora.xtec.cat\/conservatoripirineus\/?page_id=3368"},"modified":"2023-01-27T16:35:19","modified_gmt":"2023-01-27T15:35:19","slug":"projecte-simfonic","status":"publish","type":"page","link":"https:\/\/agora.xtec.cat\/conservatoripirineus\/projecte-simfonic\/","title":{"rendered":"Projecte Simf\u00f2nic"},"content":{"rendered":"<p>El projecte simf\u00f2nic \u00e9s una activitat de l&#8217;\u00e0rea d&#8217;instruments de l&#8217;orquestra que organitza el conservatori.<\/p>\n<hr \/>\n<p><strong>Projecte simf\u00f2nic \/ curs 2022 &#8211; 2023\u00a0<\/strong><\/p>\n<p><a href=\"https:\/\/agora.xtec.cat\/conservatoripirineus\/wp-content\/uploads\/usu2447\/2023\/01\/CMP-ProjecteSimfonic2023-cartell.jpg\"><img loading=\"lazy\" decoding=\"async\" class=\"alignnone  wp-image-3371\" src=\"https:\/\/agora.xtec.cat\/conservatoripirineus\/wp-content\/uploads\/usu2447\/2023\/01\/CMP-ProjecteSimfonic2023-cartell-724x1024.jpg\" alt=\"\" width=\"595\" height=\"842\" srcset=\"https:\/\/agora.xtec.cat\/conservatoripirineus\/wp-content\/uploads\/usu2447\/2023\/01\/CMP-ProjecteSimfonic2023-cartell-724x1024.jpg 724w, https:\/\/agora.xtec.cat\/conservatoripirineus\/wp-content\/uploads\/usu2447\/2023\/01\/CMP-ProjecteSimfonic2023-cartell-212x300.jpg 212w, https:\/\/agora.xtec.cat\/conservatoripirineus\/wp-content\/uploads\/usu2447\/2023\/01\/CMP-ProjecteSimfonic2023-cartell-768x1086.jpg 768w, https:\/\/agora.xtec.cat\/conservatoripirineus\/wp-content\/uploads\/usu2447\/2023\/01\/CMP-ProjecteSimfonic2023-cartell.jpg 842w\" sizes=\"auto, (max-width: 595px) 100vw, 595px\" \/><\/a><\/p>\n<p>Neus Camps, contrabaix<\/p>\n<p>Oleguer Aymam\u00ed, director<\/p>\n<p>&nbsp;<\/p>\n<p>Obres de: Bach, Bottesini Gabrieli, Mozart, Shore, i Txaikovski<\/p>\n<p>&nbsp;<\/p>\n<p>Preu: 10 \u20ac<\/p>\n<p>Venta d&#8217;entrades anticipada:<\/p>\n<ul>\n<li><a href=\"https:\/\/www.entrapolis.com\/entrades\/concert-simfonic-casino-cereta\" target=\"_blank\" rel=\"noopener\">ENTRADES \/ Concert a Puigcerd\u00e0 (ds 4 febr.)<\/a><\/li>\n<li><a href=\"https:\/\/entradas.codetickets.com\/entradas\/projecte-simfonic--escola-municipal-de-musica-i-conservatori\/36585\/laseu\/online\" target=\"_blank\" rel=\"noopener\">ENTRADES \/ Concert a la Seu d&#8217;Urgell (dg 5 febr.)<\/a><\/li>\n<\/ul>\n<p>&nbsp;<\/p>\n","protected":false},"excerpt":{"rendered":"<p>El projecte simf\u00f2nic \u00e9s una activitat de l&#8217;\u00e0rea d&#8217;instruments de l&#8217;orquestra que organitza el conservatori.<\/p>\n<p>Projecte simf\u00f2nic \/ curs 2022 &#8211; 2023\u00a0<br \/>\n<a href=\"https:\/\/agora.xtec.cat\/conservatoripirineus\/wp-content\/uploads\/usu2447\/2023\/01\/CMP-ProjecteSimfonic2023-cartell.jpg\"><\/a><br \/>\nNeus Camps, contrabaix<br \/>\nOleguer Aymam\u00ed, director<br \/>\n&nbsp;<br \/>\nObres de: Bach, Bottesini Gabrieli, Mozart, Shore, i Txaikovski<br \/>\n&nbsp;<br \/>\nPreu: 10 \u20ac<br \/>\nVenta d&#8217;entrades anticipada:<\/p>\n<ul>\n<li><a href=\"https:\/\/www.entrapolis.com\/entrades\/concert-simfonic-casino-cereta\" target=\"_blank\" rel=\"noopener\">ENTRADES \/ Concert a Puigcerd\u00e0&hellip;  <a href=\"https:\/\/agora.xtec.cat\/conservatoripirineus\/projecte-simfonic\/\" title=\"Read Projecte Simf\u00f2nic\">Llegeix m\u00e9s\u00bb<\/a><br \/>\n","protected":false},"author":4,"featured_media":0,"parent":0,"menu_order":0,"comment_status":"closed","ping_status":"closed","template":"","meta":{"_bbp_topic_count":0,"_bbp_reply_count":0,"_bbp_total_topic_count":0,"_bbp_total_reply_count":0,"_bbp_voice_count":0,"_bbp_anonymous_reply_count":0,"_bbp_topic_count_hidden":0,"_bbp_reply_count_hidden":0,"_bbp_forum_subforum_count":0,"footnotes":""},"class_list":["post-3368","page","type-page","status-publish","hentry"],"post_mailing_queue_ids":[],"_links":{"self":[{"href":"https:\/\/agora.xtec.cat\/conservatoripirineus\/wp-json\/wp\/v2\/pages\/3368","targetHints":{"allow":["GET"]}}],"collection":[{"href":"https:\/\/agora.xtec.cat\/conservatoripirineus\/wp-json\/wp\/v2\/pages"}],"about":[{"href":"https:\/\/agora.xtec.cat\/conservatoripirineus\/wp-json\/wp\/v2\/types\/page"}],"author":[{"embeddable":true,"href":"https:\/\/agora.xtec.cat\/conservatoripirineus\/wp-json\/wp\/v2\/users\/4"}],"replies":[{"embeddable":true,"href":"https:\/\/agora.xtec.cat\/conservatoripirineus\/wp-json\/wp\/v2\/comments?post=3368"}],"version-history":[{"count":3,"href":"https:\/\/agora.xtec.cat\/conservatoripirineus\/wp-json\/wp\/v2\/pages\/3368\/revisions"}],"predecessor-version":[{"id":3372,"href":"https:\/\/agora.xtec.cat\/conservatoripirineus\/wp-json\/wp\/v2\/pages\/3368\/revisions\/3372"}],"wp:attachment":[{"href":"https:\/\/agora.xtec.cat\/conservatoripirineus\/wp-json\/wp\/v2\/media?parent=3368"}],"curies":[{"name":"wp","href":"https:\/\/api.w.org\/{rel}","templated":true}]}}