{"id":3258,"date":"2022-06-29T21:07:41","date_gmt":"2022-06-29T19:07:41","guid":{"rendered":"https:\/\/agora.xtec.cat\/conservatoripirineus\/?page_id=3258"},"modified":"2023-06-06T13:41:12","modified_gmt":"2023-06-06T11:41:12","slug":"assignatures-optatives","status":"publish","type":"page","link":"https:\/\/agora.xtec.cat\/conservatoripirineus\/oferta-educativa\/assignatures-optatives\/","title":{"rendered":"Assignatures optatives"},"content":{"rendered":"<p>Les assignatures del curr\u00edculum de grau professional s\u00f3n de tres tipus: comunes (assignatures comunes a totes les especialitats), d&#8217;especialitat (assignatures pr\u00f2pies de cada especialitat), i optatives.<\/p>\n<p>&nbsp;<\/p>\n<p><span style=\"color: #33cccc;\">Quantes assignatures optatives he de realitzar?\u00a0<\/span><\/p>\n<p>Durant els sis cursos de grau professional, l&#8217;alumnat ha de realitzar 7 assignatures optatives (en el cas de l&#8217;especialitat Cant s\u00f3n 8 assignatures optatives), de les quals:<\/p>\n<ul>\n<li><span style=\"font-family: inherit; font-size: 1em;\">1 assignatura la determina el decret<\/span><\/li>\n<li><span style=\"font-family: inherit; font-size: 1em;\">3 assignatures les determina el centre (4 en el cas de l&#8217;especialitat Cant)<\/span><\/li>\n<li><span lang=\"CA\">3 assignatures s\u00f3n de lliure elecci\u00f3 per part de l&#8217;alumnat<\/span><\/li>\n<\/ul>\n<p>El decret estableix que s&#8217;ha de realitzar un curs de l&#8217;assignatura Hist\u00f2ria de la m\u00fasica. De les assignatures que determina el centre, totes les especialitats han de realitzar l&#8217;assignatura Educaci\u00f3 corporal i l&#8217;assignatura M\u00fasica i noves tecnologies, mentre que la tercera assignatura varia en funci\u00f3 de l&#8217;especialitat <span style=\"font-family: inherit; font-size: 1em;\">(consulteu el full d&#8217;orientaci\u00f3 acad\u00e8mica de la vostra especialitat).<\/span><\/p>\n<p>&nbsp;<\/p>\n<p><span style=\"color: #33cccc;\">Quantes assignatures optatives he de realitzar cada curs?<\/span><\/p>\n<p style=\"font-weight: 400;\">D&#8217;acord amb el que estableix l&#8217;article 4, c.3 del Decret 25\/2008, al Conservatori de m\u00fasica dels Pirineus l\u2019alumnat pot realitzar la distribuci\u00f3 de les assignatures optatives amb una certa flexibilitat. La distribuci\u00f3 d&#8217;assignatures optatives seguir\u00e0 els seg\u00fcents criteris:<\/p>\n<ul>\n<li>l&#8217;alumnat pot comen\u00e7ar a realitzar les assignatures optatives a patir de primer curs per\u00f2 tamb\u00e9 t\u00e9 l&#8217;opci\u00f3 de comen\u00e7ar-les a realitzar a partir de segon curs o de tercer curs.<\/li>\n<li><span style=\"font-family: inherit; font-size: 1em;\">a patir de tercer curs, l&#8217;alumnat ha de cursar com a m\u00ednim una assignatura optativa cada curs.<\/span><\/li>\n<\/ul>\n<p>L\u2019alumnat pot realitzar les assignatures optatives seguint una d\u2019aquestes tres opcions:<\/p>\n<table style=\"border-collapse: collapse; width: 76.718%; height: 128px;\">\n<tbody>\n<tr style=\"height: 32px;\">\n<td style=\"width: 7.51142%; height: 32px;\"><\/td>\n<td style=\"width: 10.7053%; height: 32px;\"><strong><span style=\"color: #33cccc;\">1r curs<\/span><\/strong><\/td>\n<td style=\"width: 11.4902%; height: 32px;\"><strong><span style=\"color: #33cccc;\">2n curs<\/span><\/strong><\/td>\n<td style=\"width: 46.0112%; height: 32px;\"><strong><span style=\"color: #33cccc;\">de 3r a 6\u00e8 curs<\/span><\/strong><\/td>\n<\/tr>\n<tr style=\"height: 32px;\">\n<td style=\"width: 7.51142%; height: 32px;\"><span style=\"color: #33cccc;\">opci\u00f3 1<\/span><\/td>\n<td style=\"width: 10.7053%; height: 32px;\"><strong>1 assignatura<\/strong><\/td>\n<td style=\"width: 11.4902%; height: 32px;\"><strong>1 assignatura<\/strong><\/td>\n<td style=\"width: 46.0112%; height: 32px;\"><strong>5 assignatures <\/strong>(realitzant com a m\u00ednim 1 assignatura per curs)<\/td>\n<\/tr>\n<tr style=\"height: 32px;\">\n<td style=\"width: 7.51142%; height: 32px;\"><span style=\"color: #33cccc;\">opci\u00f3 2<\/span><\/td>\n<td style=\"width: 10.7053%; height: 32px;\">&#8211;<\/td>\n<td style=\"width: 11.4902%; height: 32px;\"><strong>1 assignatura<\/strong><\/td>\n<td style=\"width: 46.0112%; height: 32px;\"><strong>6 assignatures <\/strong>(realitzant com a m\u00ednim 1 assignatura per curs)<\/td>\n<\/tr>\n<tr style=\"height: 32px;\">\n<td style=\"width: 7.51142%; height: 32px;\"><span style=\"color: #33cccc;\">opci\u00f3 3<\/span><\/td>\n<td style=\"width: 10.7053%; height: 32px;\">&#8211;<\/td>\n<td style=\"width: 11.4902%; height: 32px;\">&#8211;<\/td>\n<td style=\"width: 46.0112%; height: 32px;\"><strong>7 assignatures <\/strong>(realitzant com a m\u00ednim 1 assignatura per curs)<\/td>\n<\/tr>\n<\/tbody>\n<\/table>\n<p>&nbsp;<\/p>\n<h3><span style=\"color: #33cccc;\">Orientaci\u00f3 acad\u00e8mica<\/span><\/h3>\n<p>Per poder planificar les assignatures optatives, disposeu dels fulls d&#8217;orientaci\u00f3 acad\u00e8mica per a cadascuna de les especialitats.<\/p>\n<ul>\n<li><a href=\"https:\/\/agora.xtec.cat\/conservatoripirineus\/wp-content\/uploads\/usu2447\/2023\/06\/CMP-orientacio\u0301_acade\u0300mica-optatives-orquestra.pdf\" target=\"_blank\" rel=\"noopener\">especialitats de l&#8217;\u00e0rea d&#8217;instruments de l&#8217;orquestra<\/a><\/li>\n<li><a href=\"https:\/\/agora.xtec.cat\/conservatoripirineus\/wp-content\/uploads\/usu2447\/2023\/06\/CMP-orientacio\u0301_acade\u0300mica-optatives-polifonics.pdf\" target=\"_blank\" rel=\"noopener\">especialitats de l\u2019\u00e0rea d\u2019instruments polif\u00f2nics<\/a><\/li>\n<li><a href=\"https:\/\/agora.xtec.cat\/conservatoripirineus\/wp-content\/uploads\/usu2447\/2023\/06\/CMP-orientacio\u0301_acade\u0300mica-optatives-modern-i-jazz.pdf\" target=\"_blank\" rel=\"noopener\">especialitats de l\u2019\u00e0rea d&#8217;instruments de la m\u00fasica moderna i el jazz<\/a><\/li>\n<li><a href=\"https:\/\/agora.xtec.cat\/conservatoripirineus\/wp-content\/uploads\/usu2447\/2023\/06\/CMP-orientacio\u0301_acade\u0300mica-optatives-tradicionals-1.pdf\" target=\"_blank\" rel=\"noopener\">especialitats de l\u2019\u00e0rea d\u2019instruments tradicionals (1)<\/a><\/li>\n<li><a href=\"https:\/\/agora.xtec.cat\/conservatoripirineus\/wp-content\/uploads\/usu2447\/2023\/06\/CMP-orientacio\u0301_acade\u0300mica-optatives-tradicionals-2.pdf\" target=\"_blank\" rel=\"noopener\">especialitats de l\u2019\u00e0rea d\u2019instruments tradicionals (2)<\/a><\/li>\n<li><a href=\"https:\/\/agora.xtec.cat\/conservatoripirineus\/wp-content\/uploads\/usu2447\/2023\/06\/CMP-orientacio\u0301_acade\u0300mica-optatives-cant.pdf\" target=\"_blank\" rel=\"noopener\">especialitat de l\u2019\u00e0rea de cant<\/a><\/li>\n<\/ul>\n<p>&nbsp;<\/p>\n<h3><span style=\"color: #33cccc;\">Assignatures optatives<\/span><\/h3>\n<table style=\"border-collapse: collapse; width: 87.6196%; height: 1315px;\">\n<tbody>\n<tr style=\"height: 51px;\">\n<td style=\"width: 34.5613%; height: 51px;\"><span style=\"color: #33cccc;\">assignatura<\/span><\/td>\n<td style=\"width: 15.6215%; height: 51px;\"><span style=\"color: #33cccc;\">seu del CMP on es pot realitzar<\/span><\/td>\n<td style=\"width: 18.9165%; text-align: center; height: 51px;\"><span style=\"color: #33cccc;\">cursos<\/span><\/td>\n<td style=\"width: 54.7906%; height: 51px;\"><span style=\"color: #33cccc;\">descripci\u00f3<\/span><\/td>\n<\/tr>\n<tr style=\"height: 106px;\">\n<td style=\"width: 34.5613%; height: 106px;\"><strong>Conjunt complementari 1<\/strong><\/td>\n<td style=\"width: 15.6215%; height: 106px;\">\n<ul>\n<li>Berga<\/li>\n<li>Puigcerd\u00e0<\/li>\n<li>la Seu d&#8217;Urgell<\/li>\n<\/ul>\n<\/td>\n<td style=\"width: 18.9165%; text-align: center; height: 106px;\">1r \/ 2n \/ 3r \/ 4t<\/td>\n<td style=\"width: 54.7906%; height: 106px;\">Complementar la formaci\u00f3 musical amb algun conjunt que no sigui assignatura d&#8217;especialitat (Big band \/ Banda \/ Cobla \/ Combo \/ Conjunt \/ Orquestra \/ &#8230; )<\/td>\n<\/tr>\n<tr style=\"height: 100px;\">\n<td style=\"width: 34.5613%; height: 100px;\"><strong>Conjunt complementari 2<\/strong><\/td>\n<td style=\"width: 15.6215%; height: 100px;\">\n<ul>\n<li>Berga<\/li>\n<li>Puigcerd\u00e0<\/li>\n<li>la Seu d&#8217;Urgell<\/li>\n<\/ul>\n<\/td>\n<td style=\"width: 18.9165%; text-align: center; height: 100px;\">2n \/ 3r \/ 4t \/ 5\u00e8<\/td>\n<td style=\"width: 54.7906%; height: 100px;\">Complementar la formaci\u00f3 musical amb algun conjunt que no sigui assignatura d&#8217;especialitat (Big band \/ Banda \/ Cobla \/ Combo \/ Conjunt \/ Orquestra \/ &#8230; )<\/td>\n<\/tr>\n<tr style=\"height: 100px;\">\n<td style=\"width: 34.5613%; height: 100px;\"><strong>Conjunt vocal 1<\/strong><\/td>\n<td style=\"width: 15.6215%; height: 100px;\">\n<ul>\n<li>Berga<\/li>\n<li>Puigcerd\u00e0<\/li>\n<li>la Seu d&#8217;Urgell<\/li>\n<\/ul>\n<\/td>\n<td style=\"width: 18.9165%; text-align: center; height: 100px;\">1r \/ 2n \/ 3r \/ 4t \/ 5\u00e8 \/ 6\u00e8<\/td>\n<td style=\"width: 54.7906%; height: 100px;\">Complementar la formaci\u00f3 amb l&#8217;assignatura Cor.<\/td>\n<\/tr>\n<tr style=\"height: 100px;\">\n<td style=\"width: 34.5613%; height: 100px;\"><strong>Conjunt vocal 2<\/strong><\/td>\n<td style=\"width: 15.6215%; height: 100px;\">\n<ul>\n<li>Berga<\/li>\n<li>Puigcerd\u00e0<\/li>\n<li>la Seu d&#8217;Urgell<\/li>\n<\/ul>\n<\/td>\n<td style=\"width: 18.9165%; text-align: center; height: 100px;\">2n \/ 3r \/ 4t \/ 5\u00e8 \/ 6\u00e8<\/td>\n<td style=\"width: 54.7906%; height: 100px;\">Complementar la formaci\u00f3 amb l&#8217;assignatura Cor.<\/td>\n<\/tr>\n<tr style=\"height: 100px;\">\n<td style=\"width: 34.5613%; height: 100px;\"><strong>Conjunt vocal 3<\/strong><\/td>\n<td style=\"width: 15.6215%; height: 100px;\">\n<ul>\n<li>Berga<\/li>\n<li>Puigcerd\u00e0<\/li>\n<li>la Seu d&#8217;Urgell<\/li>\n<\/ul>\n<\/td>\n<td style=\"width: 18.9165%; text-align: center; height: 100px;\">3r \/ 4t \/ 5\u00e8 \/ 6\u00e8<\/td>\n<td style=\"width: 54.7906%; height: 100px;\">Complementar la formaci\u00f3 amb l&#8217;assignatura Cor.<\/td>\n<\/tr>\n<tr style=\"height: 56px;\">\n<td style=\"width: 34.5613%; height: 56px;\"><strong>Educaci\u00f3 corporal<\/strong><\/td>\n<td style=\"width: 15.6215%; height: 56px;\">\n<ul>\n<li>Berga<\/li>\n<li>Puigcerd\u00e0<\/li>\n<\/ul>\n<\/td>\n<td style=\"width: 18.9165%; text-align: center; height: 56px;\">1r \/ 2n \/ 3r \/ 4t<\/td>\n<td style=\"width: 54.7906%; height: 56px;\">Aprenentatges entorn el cos: h\u00e0bits i consci\u00e8ncia corporal, pres\u00e8ncia esc\u00e8nica.<\/td>\n<\/tr>\n<tr style=\"height: 78px;\">\n<td style=\"width: 34.5613%; height: 78px;\"><strong>Entrenament auditiu avan\u00e7at<\/strong><\/td>\n<td style=\"width: 15.6215%; height: 78px;\">\n<ul>\n<li>Berga<\/li>\n<li>la Seu d&#8217;Urgell<\/li>\n<\/ul>\n<\/td>\n<td style=\"width: 18.9165%; text-align: center; height: 78px;\">5\u00e8 \/ 6\u00e8<\/td>\n<td style=\"width: 54.7906%; height: 78px;\">Aprenentatges i activitats entorn la percepci\u00f3 auditiva per alumnat de 5\u00e8 o de 6\u00e8.<\/td>\n<\/tr>\n<tr style=\"height: 100px;\">\n<td style=\"width: 34.5613%; height: 100px;\"><strong>Hist\u00f2ria de la m\u00fasica<\/strong><\/td>\n<td style=\"width: 15.6215%; height: 100px;\">\n<ul>\n<li>Berga<\/li>\n<li>Puigcerd\u00e0<\/li>\n<li>la Seu d&#8217;Urgell<\/li>\n<\/ul>\n<\/td>\n<td style=\"width: 18.9165%; text-align: center; height: 100px;\">5\u00e8 \/ 6\u00e8<\/td>\n<td style=\"width: 54.7906%; height: 100px;\">Aprenentatge i coneixement de la m\u00fasica des de la perspectiva hist\u00f2rica.<\/td>\n<\/tr>\n<tr style=\"height: 100px;\">\n<td style=\"width: 34.5613%; height: 100px;\"><strong>Instrument secundari<\/strong><\/td>\n<td style=\"width: 15.6215%; height: 100px;\">\n<ul>\n<li>Berga<\/li>\n<li>Puigcerd\u00e0<\/li>\n<li>la Seu d&#8217;Urgell<\/li>\n<\/ul>\n<\/td>\n<td style=\"width: 18.9165%; text-align: center; height: 100px;\">1r \/ 2n \/ 3r \/ 4t \/ 5\u00e8 \/ 6\u00e8<\/td>\n<td style=\"width: 54.7906%; height: 100px;\">Complementar la formaci\u00f3 amb l&#8217;aprenentatge d&#8217;un instrument.<\/td>\n<\/tr>\n<tr style=\"height: 56px;\">\n<td style=\"width: 34.5613%; height: 56px;\"><strong>Introducci\u00f3 a la improvisaci\u00f3 per a instruments polif\u00f2nics<\/strong><\/td>\n<td style=\"width: 15.6215%; height: 56px;\">\n<ul>\n<li>la Seu d&#8217;Urgell<\/li>\n<\/ul>\n<\/td>\n<td style=\"width: 18.9165%; text-align: center; height: 56px;\">1r \/ 2n \/ 3r \/ 4t<\/td>\n<td style=\"width: 54.7906%; height: 56px;\">Assignatura per a instruments polif\u00f2nics.<\/td>\n<\/tr>\n<tr style=\"height: 100px;\">\n<td style=\"width: 34.5613%; height: 100px;\"><strong>M\u00fasica i noves tecnologies<\/strong><\/td>\n<td style=\"width: 15.6215%; height: 100px;\">\n<ul>\n<li>Berga<\/li>\n<li>Puigcerd\u00e0<\/li>\n<li>la Seu d&#8217;Urgell<\/li>\n<\/ul>\n<\/td>\n<td style=\"width: 18.9165%; text-align: center; height: 100px;\">1r \/ 2n \/ 3r \/ 4t<\/td>\n<td style=\"width: 54.7906%; height: 100px;\">Aprenentatge i coneixement de les eines i els recursos de les TIC per a la m\u00fasica.<\/td>\n<\/tr>\n<tr style=\"height: 56px;\">\n<td style=\"width: 34.5613%; height: 56px;\"><strong>Pr\u00e0ctica instrumental en \u00e0mbits complementaris:\u00a0<\/strong><strong>m\u00fasica moderna i jazz 1<\/strong><\/td>\n<td style=\"width: 15.6215%; height: 56px;\">\n<ul>\n<li>Berga<\/li>\n<\/ul>\n<\/td>\n<td style=\"width: 18.9165%; text-align: center; height: 56px;\">1r \/ 2n \/ 3r \/ 4t \/ 5\u00e8 \/ 6\u00e8<\/td>\n<td style=\"width: 54.7906%; height: 56px;\">Complementar la formaci\u00f3 amb l&#8217;aprenentatge d&#8217;un instrument d&#8217;aquest \u00e0mbit.<\/td>\n<\/tr>\n<tr style=\"height: 56px;\">\n<td style=\"width: 34.5613%; height: 56px;\"><strong>Pr\u00e0ctica instrumental en \u00e0mbits complementaris:\u00a0<\/strong><strong>m\u00fasica moderna i jazz 2<\/strong><\/td>\n<td style=\"width: 15.6215%; height: 56px;\">\n<ul>\n<li>Berga<\/li>\n<\/ul>\n<\/td>\n<td style=\"width: 18.9165%; text-align: center; height: 56px;\">2n \/ 3r \/ 4t \/ 5\u00e8 \/ 6\u00e8<\/td>\n<td style=\"width: 54.7906%; height: 56px;\">Complementar la formaci\u00f3 amb l&#8217;aprenentatge d&#8217;un instrument d&#8217;aquest \u00e0mbit.<\/td>\n<\/tr>\n<tr style=\"height: 56px;\">\n<td style=\"width: 34.5613%; height: 56px;\"><strong>Taller de canyes d\u2019obo\u00e8<\/strong><\/td>\n<td style=\"width: 15.6215%; height: 56px;\">\n<ul>\n<li>Berga<\/li>\n<\/ul>\n<\/td>\n<td style=\"width: 18.9165%; text-align: center; height: 56px;\">2n \/ 3r \/ 4t \/ 5\u00e8 \/ 6\u00e8<\/td>\n<td style=\"width: 54.7906%; height: 56px;\">Assignatura destinada a l&#8217;alumnat d&#8217;obo\u00e8.<\/td>\n<\/tr>\n<tr style=\"height: 100px;\">\n<td style=\"width: 34.5613%; height: 100px;\"><strong>Taller de m\u00fasica contempor\u00e0nia<\/strong><\/td>\n<td style=\"width: 15.6215%; height: 100px;\">\n<ul>\n<li>Berga<\/li>\n<li>Puigcerd\u00e0<\/li>\n<li>la Seu d&#8217;Urgell<\/li>\n<\/ul>\n<\/td>\n<td style=\"width: 18.9165%; text-align: center; height: 100px;\">3r \/ 4t \/ 5\u00e8 \/ 6\u00e8<\/td>\n<td style=\"width: 54.7906%; height: 100px;\">Aprenentatge i experimentaci\u00f3 del llenguatge musical de les m\u00fasiques post-tonals.<\/td>\n<\/tr>\n<\/tbody>\n<\/table>\n<p>&nbsp;<\/p>\n","protected":false},"excerpt":{"rendered":"<p>Les assignatures del curr\u00edculum de grau professional s\u00f3n de tres tipus: comunes (assignatures comunes a totes les especialitats), d&#8217;especialitat (assignatures pr\u00f2pies de cada especialitat), i optatives.<br \/>\n&nbsp;<br \/>\nQuantes assignatures optatives he de realitzar?\u00a0<br \/>\nDurant els sis cursos de grau professional, l&#8217;alumnat ha de realitzar 7 assignatures optatives (en&hellip;  <a href=\"https:\/\/agora.xtec.cat\/conservatoripirineus\/oferta-educativa\/assignatures-optatives\/\" title=\"Read Assignatures optatives\">Llegeix m\u00e9s\u00bb<\/a><\/p>\n","protected":false},"author":1,"featured_media":0,"parent":195,"menu_order":0,"comment_status":"closed","ping_status":"closed","template":"page-templates\/side-menu.php","meta":{"_bbp_topic_count":0,"_bbp_reply_count":0,"_bbp_total_topic_count":0,"_bbp_total_reply_count":0,"_bbp_voice_count":0,"_bbp_anonymous_reply_count":0,"_bbp_topic_count_hidden":0,"_bbp_reply_count_hidden":0,"_bbp_forum_subforum_count":0,"footnotes":""},"class_list":["post-3258","page","type-page","status-publish","hentry"],"post_mailing_queue_ids":[],"_links":{"self":[{"href":"https:\/\/agora.xtec.cat\/conservatoripirineus\/wp-json\/wp\/v2\/pages\/3258","targetHints":{"allow":["GET"]}}],"collection":[{"href":"https:\/\/agora.xtec.cat\/conservatoripirineus\/wp-json\/wp\/v2\/pages"}],"about":[{"href":"https:\/\/agora.xtec.cat\/conservatoripirineus\/wp-json\/wp\/v2\/types\/page"}],"author":[{"embeddable":true,"href":"https:\/\/agora.xtec.cat\/conservatoripirineus\/wp-json\/wp\/v2\/users\/1"}],"replies":[{"embeddable":true,"href":"https:\/\/agora.xtec.cat\/conservatoripirineus\/wp-json\/wp\/v2\/comments?post=3258"}],"version-history":[{"count":3,"href":"https:\/\/agora.xtec.cat\/conservatoripirineus\/wp-json\/wp\/v2\/pages\/3258\/revisions"}],"predecessor-version":[{"id":3742,"href":"https:\/\/agora.xtec.cat\/conservatoripirineus\/wp-json\/wp\/v2\/pages\/3258\/revisions\/3742"}],"up":[{"embeddable":true,"href":"https:\/\/agora.xtec.cat\/conservatoripirineus\/wp-json\/wp\/v2\/pages\/195"}],"wp:attachment":[{"href":"https:\/\/agora.xtec.cat\/conservatoripirineus\/wp-json\/wp\/v2\/media?parent=3258"}],"curies":[{"name":"wp","href":"https:\/\/api.w.org\/{rel}","templated":true}]}}