{"id":2933,"date":"2021-10-22T19:17:57","date_gmt":"2021-10-22T17:17:57","guid":{"rendered":"https:\/\/agora.xtec.cat\/conservatoripirineus\/?page_id=2933"},"modified":"2025-06-30T11:47:46","modified_gmt":"2025-06-30T09:47:46","slug":"convalidacions-eso-bat","status":"publish","type":"page","link":"https:\/\/agora.xtec.cat\/conservatoripirineus\/oferta-educativa\/convalidacions-eso-bat\/","title":{"rendered":"Convalidacions ESO-BAT"},"content":{"rendered":"<p>L&#8217;alumnat que cursa l&#8217;ESO i, simult\u00e0niament, estudis de m\u00fasica en conservatoris, centres professionals o escoles de m\u00fasica autoritzades, poden sol\u00b7licitar la convalidaci\u00f3 o el reconeixement de mat\u00e8ries d&#8217;ESO.<\/p>\n<p>At\u00e8s que totes aquestes possibilitats es fonamenten en el fet de simultaniejar estudis ordinaris amb els estudis de m\u00fasica, la sol\u00b7licitud s&#8217;ha de renovar cada curs. Els alumnes que ho vulguin poden sol\u00b7licitar la convalidaci\u00f3 o el reconeixement d&#8217;un nombre d&#8217;hores inferior a aquell a qu\u00e8 tenen dret.<\/p>\n<p>L&#8217;alumne o alumna que repeteix estudis de m\u00fasica no pot tornar a sol\u00b7licitar la convalidaci\u00f3 o el reconeixement de la reducci\u00f3 del nombre de mat\u00e8ries d&#8217;ESO de qu\u00e8 hagi gaudit en cursos acad\u00e8mics anteriors.<\/p>\n<p><strong>Alumnes d&#8217;ESO que cursen estudis de m\u00fasica en un conservatori\u00a0<\/strong><\/p>\n<p>Mat\u00e8ries convalidables<\/p>\n<p>Es poden convalidar les mat\u00e8ries seg\u00fcents:<\/p>\n<ul>\n<li>M\u00fasica (la mat\u00e8ria comuna de primer a tercer curs d&#8217;ESO).<\/li>\n<li>Les mat\u00e8ries optatives de primer a tercer curs d&#8217;ESO (2 hores setmanals per curs).<\/li>\n<li>Una mat\u00e8ria optativa de quart curs d&#8217;ESO (fins a un m\u00e0xim de 3 hores setmanals).<\/li>\n<li>No s\u00f3n convalidables les mat\u00e8ries de Cultura i Valors \u00c8tics ni de Religi\u00f3, el Treball de S\u00edntesi (de primer a tercer) ni el Projecte de Recerca de quart curs.<\/li>\n<\/ul>\n<p><strong>Alumnes de batxillerat que cursen estudis de m\u00fasica en un conservatori o en un centre professional\u00a0<\/strong><\/p>\n<p>Mat\u00e8ries convalidables<\/p>\n<ul>\n<li>Les mat\u00e8ries que es poden convalidar s\u00f3n les de la franja d&#8217;espec\u00edfiques (fins a un m\u00e0xim de 4 hores setmanals per curs).<\/li>\n<\/ul>\n<p>En els dos casos cal sol\u00b7licitar al centre de secund\u00e0ria la convalidaci\u00f3 de les mat\u00e8ries i a la secretaria del conservatori el certificat del nostre centre, acreditant que cursa els estudis del grau professional de m\u00fasica.<\/p>\n<ul>\n<li>Sens perjudici del que s&#8217;estableix a l&#8217;apartat Alumnes de batxillerat que cursen estudis de m\u00fasica en un conservatori o en un centre professional, l&#8217;alumnat que cursa ensenyaments professionals de m\u00fasica en un conservatori o en un centre professional i el batxillerat pot obtenir, del director o directora del centre, la convalidaci\u00f3 de determinades mat\u00e8ries de la modalitat d&#8217;arts del batxillerat, tal com disposa el Reial decret 242\/2009, de 27 de febrer, modificat pel Reial decret 14\/2023, de 17 de gener.<\/li>\n<\/ul>\n<p>Podeu trobar tota la informaci\u00f3 en aquest <a href=\"https:\/\/agora.xtec.cat\/conservatoripirineus\/wp-content\/uploads\/usu2447\/2025\/06\/CUR_Simultaneitat_musica-1.pdf\">document<\/a><\/p>\n","protected":false},"excerpt":{"rendered":"<p>L&#8217;alumnat que cursa l&#8217;ESO i, simult\u00e0niament, estudis de m\u00fasica en conservatoris, centres professionals o escoles de m\u00fasica autoritzades, poden sol\u00b7licitar la convalidaci\u00f3 o el reconeixement de mat\u00e8ries d&#8217;ESO.<br \/>\nAt\u00e8s que totes aquestes possibilitats es fonamenten en el fet de simultaniejar estudis ordinaris amb els estudis de&hellip;  <a href=\"https:\/\/agora.xtec.cat\/conservatoripirineus\/oferta-educativa\/convalidacions-eso-bat\/\" title=\"Read Convalidacions ESO-BAT\">Llegeix m\u00e9s\u00bb<\/a><\/p>\n","protected":false},"author":1,"featured_media":0,"parent":195,"menu_order":0,"comment_status":"closed","ping_status":"closed","template":"page-templates\/side-menu.php","meta":{"_bbp_topic_count":0,"_bbp_reply_count":0,"_bbp_total_topic_count":0,"_bbp_total_reply_count":0,"_bbp_voice_count":0,"_bbp_anonymous_reply_count":0,"_bbp_topic_count_hidden":0,"_bbp_reply_count_hidden":0,"_bbp_forum_subforum_count":0,"footnotes":""},"class_list":["post-2933","page","type-page","status-publish","hentry"],"post_mailing_queue_ids":[],"_links":{"self":[{"href":"https:\/\/agora.xtec.cat\/conservatoripirineus\/wp-json\/wp\/v2\/pages\/2933","targetHints":{"allow":["GET"]}}],"collection":[{"href":"https:\/\/agora.xtec.cat\/conservatoripirineus\/wp-json\/wp\/v2\/pages"}],"about":[{"href":"https:\/\/agora.xtec.cat\/conservatoripirineus\/wp-json\/wp\/v2\/types\/page"}],"author":[{"embeddable":true,"href":"https:\/\/agora.xtec.cat\/conservatoripirineus\/wp-json\/wp\/v2\/users\/1"}],"replies":[{"embeddable":true,"href":"https:\/\/agora.xtec.cat\/conservatoripirineus\/wp-json\/wp\/v2\/comments?post=2933"}],"version-history":[{"count":4,"href":"https:\/\/agora.xtec.cat\/conservatoripirineus\/wp-json\/wp\/v2\/pages\/2933\/revisions"}],"predecessor-version":[{"id":4448,"href":"https:\/\/agora.xtec.cat\/conservatoripirineus\/wp-json\/wp\/v2\/pages\/2933\/revisions\/4448"}],"up":[{"embeddable":true,"href":"https:\/\/agora.xtec.cat\/conservatoripirineus\/wp-json\/wp\/v2\/pages\/195"}],"wp:attachment":[{"href":"https:\/\/agora.xtec.cat\/conservatoripirineus\/wp-json\/wp\/v2\/media?parent=2933"}],"curies":[{"name":"wp","href":"https:\/\/api.w.org\/{rel}","templated":true}]}}