{"id":2666,"date":"2021-03-15T22:42:06","date_gmt":"2021-03-15T21:42:06","guid":{"rendered":"https:\/\/agora.xtec.cat\/conservatoripirineus\/?page_id=2666"},"modified":"2021-03-25T00:24:48","modified_gmt":"2021-03-24T23:24:48","slug":"trasllat-de-centre","status":"publish","type":"page","link":"https:\/\/agora.xtec.cat\/conservatoripirineus\/proves-dacces\/trasllat-de-centre\/","title":{"rendered":"Trasllat de centre"},"content":{"rendered":"<p><!-- Per tramitar el trasllat des d'un altre centre cal realitzar totes les seg\u00fcents actuacions:\n\n\n<ol>\n \t\n\n<li>Sol\u00b7licitar el trasllat a la seu corresponent:\n\n\n<ul>\n \t\n\n<li><a href=\"https:\/\/conservatoripirineus.gwido.cat\/inscripcio_ciutadana\/public\/periodes_oberts?c=1\" target=\"_blank\" rel=\"noopener noreferrer\">Berga<\/a><\/li>\n\n\n \t\n\n<li><a href=\"https:\/\/conservatoripirineus.gwido.cat\/inscripcio_ciutadana\/public\/periodes_oberts?c=3\" target=\"_blank\" rel=\"noopener noreferrer\">Puigcerd\u00e0<\/a><\/li>\n\n\n \t\n\n<li><a href=\"https:\/\/conservatoripirineus.gwido.cat\/inscripcio_ciutadana\/public\/periodes_oberts?c=2\" target=\"_blank\" rel=\"noopener noreferrer\">La Seu d'Urgell<\/a><\/li>\n\n\n<\/ul>\n\n\n<\/li>\n\n\n \t\n\n<li>Completar la sol\u00b7licitud de preinscripci\u00f3 (descarregar-la en <a href=\"https:\/\/agora.xtec.cat\/conservatoripirineus\/wp-content\/uploads\/usu2447\/2021\/03\/A48.pdf\" target=\"_blank\" rel=\"noopener noreferrer\">aquest enlla\u00e7<\/a>) i fer-la arribar a qualsevol de les seus presencialment o per correu electr\u00f2nic (signada digitalment) a <a href=\"provesacces@conservatoripirineus.cat\">provesacces@conservatoripirineus.cat.<\/a> Tamb\u00e9 cal aportar la seg\u00fcent documentaci\u00f3:\n\n\n<ul>\n \t\n\n<li>L'original i una c\u00f2pia del DNI, NIE o passaport de l'alumne\/a. Si es tracta d'estrangers comunitaris, el document d'identitat del pa\u00eds d'origen<\/li>\n\n\n \t\n\n<li>Si l'alumne\/a \u00e9s menor d'edat, l'original i una c\u00f2pia del llibre de fam\u00edlia o altres documents relatius a la filiaci\u00f3. Si est\u00e0 en situaci\u00f3 d'acolliment en fam\u00edlia o instituci\u00f3, la resoluci\u00f3 d'acolliment del Departament de Treball, Afers Socials i Fam\u00edlies<\/li>\n\n\n \t\n\n<li>Si l'alumne\/a \u00e9s menor d'edat, l'original i una c\u00f2pia del DNI de la persona sol\u00b7licitant (pare, mare, tutor\/a o guardador\/a de fet) o, si la persona sol\u00b7licitant \u00e9s estrangera, de la targeta de resid\u00e8ncia on consta el NIE o del passaport. Si es tracta d'estrangers comunitaris, document d'identitat del pa\u00eds d'origen<\/li>\n\n\n<\/ul>\n\n\n<\/li>\n\n\n<\/ol>\n\n\n--><br \/>\nUs podeu adre\u00e7ar a la secretaria de qualsevol de les seus o per correu electr\u00f2nic a <a href=\"mailto:info@conservatoripirineus.cat\">info@conservatoripirineus.cat.<\/a><\/p>\n","protected":false},"excerpt":{"rendered":"<p>Us podeu adre\u00e7ar a la secretaria de qualsevol de les seus o per correu electr\u00f2nic a <a href=\"mailto:info@conservatoripirineus.cat\">info@conservatoripirineus.cat.<\/a><\/p>\n","protected":false},"author":1,"featured_media":0,"parent":2589,"menu_order":2,"comment_status":"closed","ping_status":"closed","template":"page-templates\/side-menu.php","meta":{"_bbp_topic_count":0,"_bbp_reply_count":0,"_bbp_total_topic_count":0,"_bbp_total_reply_count":0,"_bbp_voice_count":0,"_bbp_anonymous_reply_count":0,"_bbp_topic_count_hidden":0,"_bbp_reply_count_hidden":0,"_bbp_forum_subforum_count":0,"footnotes":""},"class_list":["post-2666","page","type-page","status-publish","hentry"],"post_mailing_queue_ids":[],"_links":{"self":[{"href":"https:\/\/agora.xtec.cat\/conservatoripirineus\/wp-json\/wp\/v2\/pages\/2666","targetHints":{"allow":["GET"]}}],"collection":[{"href":"https:\/\/agora.xtec.cat\/conservatoripirineus\/wp-json\/wp\/v2\/pages"}],"about":[{"href":"https:\/\/agora.xtec.cat\/conservatoripirineus\/wp-json\/wp\/v2\/types\/page"}],"author":[{"embeddable":true,"href":"https:\/\/agora.xtec.cat\/conservatoripirineus\/wp-json\/wp\/v2\/users\/1"}],"replies":[{"embeddable":true,"href":"https:\/\/agora.xtec.cat\/conservatoripirineus\/wp-json\/wp\/v2\/comments?post=2666"}],"version-history":[{"count":3,"href":"https:\/\/agora.xtec.cat\/conservatoripirineus\/wp-json\/wp\/v2\/pages\/2666\/revisions"}],"predecessor-version":[{"id":2719,"href":"https:\/\/agora.xtec.cat\/conservatoripirineus\/wp-json\/wp\/v2\/pages\/2666\/revisions\/2719"}],"up":[{"embeddable":true,"href":"https:\/\/agora.xtec.cat\/conservatoripirineus\/wp-json\/wp\/v2\/pages\/2589"}],"wp:attachment":[{"href":"https:\/\/agora.xtec.cat\/conservatoripirineus\/wp-json\/wp\/v2\/media?parent=2666"}],"curies":[{"name":"wp","href":"https:\/\/api.w.org\/{rel}","templated":true}]}}