{"id":2589,"date":"2021-03-02T10:40:24","date_gmt":"2021-03-02T09:40:24","guid":{"rendered":"https:\/\/agora.xtec.cat\/conservatoripirineus\/?page_id=2589"},"modified":"2026-04-07T17:45:25","modified_gmt":"2026-04-07T15:45:25","slug":"proves-dacces","status":"publish","type":"page","link":"https:\/\/agora.xtec.cat\/conservatoripirineus\/proves-dacces\/","title":{"rendered":"Acc\u00e9s als estudis"},"content":{"rendered":"<p>El grau professional s\u2019estructura en sis cursos acad\u00e8mics. Per accedir a aquests ensenyaments cal superar una\u00a0<a href=\"https:\/\/triaeducativa.gencat.cat\/ca\/proves\/proves-acces\/musica-dansa-professionals\/musica\/\" target=\"_blank\" rel=\"noopener noreferrer\">prova espec\u00edfica<\/a>\u00a0que convoca anualment el Departament d\u2019Ensenyament. Aquest acc\u00e9s es pot fer a primer o a qualsevol dels altres cursos.<\/p>\n<p>L\u2019alumnat que superi els ensenyaments d\u2019aquesta etapa obtindr\u00e0 el t\u00edtol professional de m\u00fasica, en qu\u00e8 constar\u00e0 l\u2019especialitat cursada.<\/p>\n<p>El curr\u00edculum dels conservatoris i centres professionals es regulen pel <a href=\"https:\/\/dogc.gencat.cat\/ca\/pdogc_canals_interns\/pdogc_resultats_fitxa\/?documentId=468885&amp;language=ca_ES&amp;action=fitxa\">Decret 25\/2008<\/a>, de 29 de gener.<\/p>\n<hr \/>\n<p><strong>Per\u00edode d&#8217;inscripci\u00f3\u00a0<\/strong><\/p>\n<p>El per\u00edode d&#8217;inscripci\u00f3 per a les proves d&#8217;acc\u00e9s pel curs 2026-2027 est\u00e0 tancat. Si resten places disponibles, el mes de juny es publicar\u00e0 un nou per\u00edode per a les proves del mes de setembre.<\/p>\n<p>Cal anar a aquesta p\u00e0gina per a fer la inscripci\u00f3:<\/p>\n<blockquote class=\"wp-embedded-content\" data-secret=\"iKnfvtfF92\"><p><a href=\"https:\/\/agora.xtec.cat\/conservatoripirineus\/proves-dacces-inscripcio\/\">Proves d&#8217;acc\u00e9s curs 2026-2027<\/a><\/p><\/blockquote>\n<p><iframe loading=\"lazy\" class=\"wp-embedded-content\" sandbox=\"allow-scripts\" security=\"restricted\" style=\"position: absolute; visibility: hidden;\" title=\"&#8220;Proves d&#8217;acc\u00e9s curs 2026-2027&#8221; &#8212; Conservatori de M\u00fasica dels Pirineus\" src=\"https:\/\/agora.xtec.cat\/conservatoripirineus\/proves-dacces-inscripcio\/embed\/#?secret=hrtTwetZCN#?secret=iKnfvtfF92\" data-secret=\"iKnfvtfF92\" width=\"500\" height=\"282\" frameborder=\"0\" marginwidth=\"0\" marginheight=\"0\" scrolling=\"no\"><\/iframe><\/p>\n<p>&nbsp;<\/p>\n<h3>Orientacions<\/h3>\n<p>Les orientacions es poden consultar als seg\u00fcents enlla\u00e7os:<\/p>\n<ul>\n<li><a href=\"https:\/\/agora.xtec.cat\/conservatoripirineus\/proves-dacces\/proves-dacces-inscripcio\/orientacions-proves-dacces\/\">Primera part de la prova<\/a><\/li>\n<li><a href=\"https:\/\/agora.xtec.cat\/conservatoripirineus\/proves-dacces\/proves-dacces-inscripcio\/orientacions-segona-part-de-la-prova\/\">Segona part de la prova<\/a><\/li>\n<\/ul>\n<p>&nbsp;<\/p>\n<p><a href=\"https:\/\/agora.xtec.cat\/conservatoripirineus\/wp-content\/uploads\/usu2447\/2022\/02\/claustre.jpeg\"><img loading=\"lazy\" decoding=\"async\" class=\"alignnone size-large wp-image-3041\" src=\"https:\/\/agora.xtec.cat\/conservatoripirineus\/wp-content\/uploads\/usu2447\/2022\/02\/claustre-1024x768.jpeg\" alt=\"\" width=\"1024\" height=\"768\" srcset=\"https:\/\/agora.xtec.cat\/conservatoripirineus\/wp-content\/uploads\/usu2447\/2022\/02\/claustre-1024x768.jpeg 1024w, https:\/\/agora.xtec.cat\/conservatoripirineus\/wp-content\/uploads\/usu2447\/2022\/02\/claustre-300x225.jpeg 300w, https:\/\/agora.xtec.cat\/conservatoripirineus\/wp-content\/uploads\/usu2447\/2022\/02\/claustre-768x576.jpeg 768w, https:\/\/agora.xtec.cat\/conservatoripirineus\/wp-content\/uploads\/usu2447\/2022\/02\/claustre-1536x1152.jpeg 1536w, https:\/\/agora.xtec.cat\/conservatoripirineus\/wp-content\/uploads\/usu2447\/2022\/02\/claustre-200x150.jpeg 200w, https:\/\/agora.xtec.cat\/conservatoripirineus\/wp-content\/uploads\/usu2447\/2022\/02\/claustre.jpeg 2048w\" sizes=\"auto, (max-width: 1024px) 100vw, 1024px\" \/><\/a><\/p>\n","protected":false},"excerpt":{"rendered":"<p>El grau professional s\u2019estructura en sis cursos acad\u00e8mics. Per accedir a aquests ensenyaments cal superar una\u00a0<a href=\"https:\/\/triaeducativa.gencat.cat\/ca\/proves\/proves-acces\/musica-dansa-professionals\/musica\/\" target=\"_blank\" rel=\"noopener noreferrer\">prova espec\u00edfica<\/a>\u00a0que convoca anualment el Departament d\u2019Ensenyament. Aquest acc\u00e9s es pot fer a primer o a qualsevol dels altres cursos.<br \/>\nL\u2019alumnat que superi els ensenyaments d\u2019aquesta etapa&hellip;  <a href=\"https:\/\/agora.xtec.cat\/conservatoripirineus\/proves-dacces\/\" title=\"Read Acc\u00e9s als estudis\">Llegeix m\u00e9s\u00bb<\/a><\/p>\n","protected":false},"author":1,"featured_media":0,"parent":0,"menu_order":99,"comment_status":"closed","ping_status":"closed","template":"page-templates\/side-menu.php","meta":{"_bbp_topic_count":0,"_bbp_reply_count":0,"_bbp_total_topic_count":0,"_bbp_total_reply_count":0,"_bbp_voice_count":0,"_bbp_anonymous_reply_count":0,"_bbp_topic_count_hidden":0,"_bbp_reply_count_hidden":0,"_bbp_forum_subforum_count":0,"footnotes":""},"class_list":["post-2589","page","type-page","status-publish","hentry"],"post_mailing_queue_ids":[],"_links":{"self":[{"href":"https:\/\/agora.xtec.cat\/conservatoripirineus\/wp-json\/wp\/v2\/pages\/2589","targetHints":{"allow":["GET"]}}],"collection":[{"href":"https:\/\/agora.xtec.cat\/conservatoripirineus\/wp-json\/wp\/v2\/pages"}],"about":[{"href":"https:\/\/agora.xtec.cat\/conservatoripirineus\/wp-json\/wp\/v2\/types\/page"}],"author":[{"embeddable":true,"href":"https:\/\/agora.xtec.cat\/conservatoripirineus\/wp-json\/wp\/v2\/users\/1"}],"replies":[{"embeddable":true,"href":"https:\/\/agora.xtec.cat\/conservatoripirineus\/wp-json\/wp\/v2\/comments?post=2589"}],"version-history":[{"count":6,"href":"https:\/\/agora.xtec.cat\/conservatoripirineus\/wp-json\/wp\/v2\/pages\/2589\/revisions"}],"predecessor-version":[{"id":4613,"href":"https:\/\/agora.xtec.cat\/conservatoripirineus\/wp-json\/wp\/v2\/pages\/2589\/revisions\/4613"}],"wp:attachment":[{"href":"https:\/\/agora.xtec.cat\/conservatoripirineus\/wp-json\/wp\/v2\/media?parent=2589"}],"curies":[{"name":"wp","href":"https:\/\/api.w.org\/{rel}","templated":true}]}}