{"id":2499,"date":"2021-02-04T17:01:04","date_gmt":"2021-02-04T16:01:04","guid":{"rendered":"https:\/\/agora.xtec.cat\/conservatoripirineus\/?page_id=2499"},"modified":"2026-04-15T13:21:49","modified_gmt":"2026-04-15T11:21:49","slug":"proves-dacces-inscripcio","status":"publish","type":"page","link":"https:\/\/agora.xtec.cat\/conservatoripirineus\/proves-dacces-inscripcio\/","title":{"rendered":"Proves d&#8217;acc\u00e9s curs 2026-2027"},"content":{"rendered":"<h2 class=\"p1\"><b>Proves espec\u00edfiques d\u2019acc\u00e9s als ensenyaments de grau <\/b><b>professional per al curs 2026 \u2013 2027<\/b><\/h2>\n<p><a href=\"https:\/\/agora.xtec.cat\/conservatoripirineus\/wp-content\/uploads\/usu2447\/2026\/02\/20260206_Preinscripcio-i-matricula-CMP-curs-26-27.pdf\">Decret de preinscipci\u00f3 i matr\u00edcula<\/a><\/p>\n<p><a href=\"https:\/\/dogc.gencat.cat\/ca\/document-del-dogc\/?documentId=1038585\">Resoluci\u00f3 EDF\/542\/2026 de convocat\u00f2ria de les proves d&#8217;acces al Grau Professional de M\u00fasica per al curs 2026-2027<\/a><\/p>\n<hr \/>\n<h3><strong>Inscripci\u00f3<\/strong><\/h3>\n<h5>Per\u00edode d&#8217;inscripci\u00f3<\/h5>\n<p><strong>El per\u00edode d&#8217;inscripci\u00f3 per a les proves de maig est\u00e0 tancat.<\/strong> Si resten places disponibles, el mes de juny s&#8217;informar\u00e0 d&#8217;un nou per\u00edode per a les proves de setembre.<\/p>\n<h5>Com realitzar la inscripci\u00f3?<\/h5>\n<ul>\n<li>Cal r<span style=\"font-family: inherit; font-size: 1em;\">ealitzar la inscripci\u00f3 telem\u00e0tica a la prova d&#8217;acc\u00e9s <\/span><strong style=\"font-family: inherit; font-size: 1em;\">en el termini indicat<\/strong><span style=\"font-family: inherit; font-size: 1em;\"> segons la seu a la qual es vulgui estudiar:<\/span><\/li>\n<\/ul>\n<ol>\n<li style=\"list-style-type: none;\">\n<ul style=\"list-style-type: square;\">\n<li><a href=\"https:\/\/conservatoripirineus.gwido.cat\/inscripcio_ciutadana\/public\/periodes_oberts?c=2\">Inscripci\u00f3 a les proves<\/a><\/li>\n<\/ul>\n<\/li>\n<\/ol>\n<ul>\n<li>Completar la <a href=\"https:\/\/agora.xtec.cat\/conservatoripirineus\/wp-content\/uploads\/usu2447\/2023\/03\/A49_SOL_Inscripci_PPAA.pdf\">sol\u00b7licitud de preinscripci\u00f3<\/a> i fer-la arribar al qualsevol de les seus presencialment o per correu electr\u00f2nic (signada digitalment) a <a href=\"provesacces@conservatoripirineus.cat\">provesacces@conservatoripirineus.cat.<\/a> <strong>abans del primer dia de la realitzaci\u00f3 de la prova.<\/strong> Tamb\u00e9 cal aportar la seg\u00fcent documentaci\u00f3:<\/li>\n<\/ul>\n<ol>\n<li style=\"list-style-type: none;\">\n<ul>\n<li style=\"list-style-type: none;\">\n<ul>\n<li>L&#8217;original i una c\u00f2pia del DNI, NIE o passaport de l&#8217;alumne\/a. Si es tracta d&#8217;estrangers comunitaris, el document d&#8217;identitat del pa\u00eds d&#8217;origen<\/li>\n<li>Si l&#8217;alumne\/a \u00e9s menor d&#8217;edat, l&#8217;original i una c\u00f2pia del llibre de fam\u00edlia o altres documents relatius a la filiaci\u00f3. Si est\u00e0 en situaci\u00f3 d&#8217;acolliment en fam\u00edlia o instituci\u00f3, la resoluci\u00f3 d&#8217;acolliment del Departament de Treball, Afers Socials i Fam\u00edlies<\/li>\n<li>Si l&#8217;alumne\/a \u00e9s menor d&#8217;edat, l&#8217;original i una c\u00f2pia del DNI de la persona sol\u00b7licitant (pare, mare, tutor\/a o guardador\/a de fet) o, si la persona sol\u00b7licitant \u00e9s estrangera, de la targeta de resid\u00e8ncia on consta el NIE o del passaport. Si es tracta d&#8217;estrangers comunitaris, document d&#8217;identitat del pa\u00eds d&#8217;origen<\/li>\n<li>Realitzar el pagament de la taxa de la manera indicada al resguard que surt a la finalitzaci\u00f3 de la inscripci\u00f3.<\/li>\n<\/ul>\n<\/li>\n<\/ul>\n<\/li>\n<\/ol>\n<hr \/>\n<h3><strong>Orientacions<\/strong><\/h3>\n<p>Les orientacions es poden consultar als seg\u00fcents enlla\u00e7os:<\/p>\n<ul>\n<li><a href=\"https:\/\/agora.xtec.cat\/conservatoripirineus\/proves-dacces\/proves-dacces-inscripcio\/orientacions-proves-dacces\/\">Primera part de la prova<\/a><\/li>\n<li><a href=\"https:\/\/agora.xtec.cat\/conservatoripirineus\/proves-dacces\/proves-dacces-inscripcio\/orientacions-segona-part-de-la-prova\/\">Segona part de la prova<\/a><\/li>\n<\/ul>\n<hr \/>\n<h3><strong>Llistat d&#8217;admesos i exclosos<\/strong><\/h3>\n<p><a href=\"https:\/\/agora.xtec.cat\/conservatoripirineus\/wp-content\/uploads\/usu2447\/2026\/04\/CMP-public_Llistat-provisional-admesos-exclosos.pdf\">Llista definitiva d&#8217;admesos i exclosos<\/a><\/p>\n<hr \/>\n<h3><strong>Guia<\/strong><\/h3>\n<p>Abans de la prova es publicar\u00e0 una guia amb els horaris i les recomanacions per a les persones aspirants.<\/p>\n<hr \/>\n<h3><strong>Calendari i horaris<\/strong><\/h3>\n<p><strong>Part A (llenguatge musical)<\/strong><\/p>\n<p>Dimarts 19 de maig a les 10,00 h.<\/p>\n<p>&nbsp;<\/p>\n<p><strong>PART B (instrument)<\/strong><\/p>\n<p>Comissi\u00f3 avaluadora 1: Viol\u00ed, viola i acordi\u00f3 (tradicional)<\/p>\n<p>Divendres 22 de maig de 09.00 a 14.00 (properament es publicaran els horaris personalitzats per a cada persona asprirant)<\/p>\n<p>&nbsp;<\/p>\n<p><strong>Comissi\u00f3 avaluadora 2: Cant i piano<\/strong><\/p>\n<p>Dilluns 25 de maig de 09.00 a 14.00 (properament es publicaran els horaris personalitzats per a cada persona asprirant)<\/p>\n<p>&nbsp;<\/p>\n<p><strong>Comissi\u00f3 avaluadora 3: Clarinet, obo\u00e8, sax\u00f2fon i tromb\u00f3\u00a0<\/strong><\/p>\n<p>Dilluns 25 de maig de 09.00 a 14.00 (properament es publicaran els horaris personalitzats per a cada persona asprirant)<\/p>\n<p>&nbsp;<\/p>\n<p><strong>Comissi\u00f3 avaluadora 4: Acordi\u00f3 (polif\u00f2nics), contrabaix i flauta travessera<\/strong><\/p>\n<p>Dimarts 26 de maig de 09.00 a 14.00 (properament es publicaran els horaris personalitzats per a cada persona asprirant)<\/p>\n<p>&nbsp;<\/p>\n<p><strong>Comissi\u00f3 avaluadora 5: Guitarra el\u00e8ctrica, bateria i percussi\u00f3<\/strong><\/p>\n<p>Dimarts 26 de maig de 09.00 a 14.00 (properament es publicaran els horaris personalitzats per a cada persona asprirant)<\/p>\n<hr \/>\n<h3><strong>Repertori<\/strong><\/h3>\n<p>L\u2019aspirant ha de comunicar anticipadament el repertori que presentar\u00e0 a tant a la primera part de les proves (llenguatge musical\/cant coral) com <span class=\"Apple-converted-space\">\u00a0 <\/span>a la segona part de la prova (instrument\/cant).<\/p>\n<p>&nbsp;<\/p>\n<hr \/>\n<h3>Oferta de places<\/h3>\n<p><a href=\"https:\/\/agora.xtec.cat\/conservatoripirineus\/wp-content\/uploads\/usu2447\/2026\/04\/Oferta_places_2026-2027.docx.pdf\">Oferta de places curs 2026-2027<\/a><\/p>\n<hr \/>\n<h3><strong>Necessitats espec\u00edfiques<\/strong><\/h3>\n<p>Les persones aspirants amb necessitats espec\u00edfiques derivades de discapacitats o altres trastorns greus, que tinguin la declaraci\u00f3 legal de disminuci\u00f3, <strong>poden sol\u00b7licitar per escrit al centre on s&#8217;examinaran<\/strong> una adaptaci\u00f3 de la prova, aix\u00ed com els recursos addicionals necessaris per desenvolupar la prova d&#8217;acc\u00e9s.<\/p>\n<p>La sol\u00b7licitud es presenta d&#8217;acord amb <a href=\"https:\/\/documents.espai.educacio.gencat.cat\/FormularisModels\/CentresDocumentacioAcademica\/A226.pdf\">el model que est\u00e0 disponible a la p\u00e0gina web del Departament d&#8217;Educaci\u00f3<\/a>, adre\u00e7ada a la Direcci\u00f3 General d&#8217;Atenci\u00f3 a la Fam\u00edlia i Comunitat Educativa, dins del per\u00edode d&#8217;inscripci\u00f3 a les proves.<\/p>\n<p>A la sol\u00b7licitud, signada per la persona aspirant, o pel pare, la mare o la persona tutora legal, si \u00e9s menor d&#8217;edat, s&#8217;ha d&#8217;adjuntar la documentaci\u00f3 seg\u00fcent:<\/p>\n<p>a) C\u00f2pia de la sol\u00b7licitud d&#8217;inscripci\u00f3 a les proves.<\/p>\n<p>b) El certificat de reconeixement de discapacitat del Departament de Treball, Afers Socials i Fam\u00edlies que informi del grau i del tipus de discapacitat reconeguda; i\/o un certificat em\u00e8s per l&#8217;organisme acreditat corresponent, que informi de les caracter\u00edstiques de la discapacitat o trastorn que pateix la persona aspirant; i\/o dictamen d&#8217;escolaritzaci\u00f3 del Departament d&#8217;Educaci\u00f3 amb el detall de les adaptacions autoritzades durant els \u00faltims estudis cursats en el sistema educatiu.<\/p>\n<p>La Direcci\u00f3 General d&#8217;Atenci\u00f3 a la Fam\u00edlia i Comunitat Educativa determina, si escau, les mesures o recursos addicionals, i n&#8217;informa la persona interessada i la comissi\u00f3 avaluadora corresponent. La persona interessada pot presentar una reclamaci\u00f3 contra les mesures o recursos addicionals adoptats, en el termini de tres dies a partir de la notificaci\u00f3.<\/p>\n","protected":false},"excerpt":{"rendered":"<p>Proves espec\u00edfiques d\u2019acc\u00e9s als ensenyaments de grau professional per al curs 2026 \u2013 2027<br \/>\n<a href=\"https:\/\/agora.xtec.cat\/conservatoripirineus\/wp-content\/uploads\/usu2447\/2026\/02\/20260206_Preinscripcio-i-matricula-CMP-curs-26-27.pdf\">Decret de preinscipci\u00f3 i matr\u00edcula<\/a><br \/>\n<a href=\"https:\/\/dogc.gencat.cat\/ca\/document-del-dogc\/?documentId=1038585\">Resoluci\u00f3 EDF\/542\/2026 de convocat\u00f2ria de les proves d&#8217;acces al Grau Professional de M\u00fasica per al curs 2026-2027<\/a><\/p>\n<p>Inscripci\u00f3<br \/>\nPer\u00edode d&#8217;inscripci\u00f3<br \/>\nEl per\u00edode d&#8217;inscripci\u00f3 per a les proves de maig&hellip;  <a href=\"https:\/\/agora.xtec.cat\/conservatoripirineus\/proves-dacces-inscripcio\/\" title=\"Read Proves d&#8217;acc\u00e9s curs 2026-2027\">Llegeix m\u00e9s\u00bb<\/a><\/p>\n","protected":false},"author":1,"featured_media":0,"parent":0,"menu_order":1,"comment_status":"closed","ping_status":"closed","template":"page-templates\/side-menu.php","meta":{"_bbp_topic_count":0,"_bbp_reply_count":0,"_bbp_total_topic_count":0,"_bbp_total_reply_count":0,"_bbp_voice_count":0,"_bbp_anonymous_reply_count":0,"_bbp_topic_count_hidden":0,"_bbp_reply_count_hidden":0,"_bbp_forum_subforum_count":0,"footnotes":""},"class_list":["post-2499","page","type-page","status-publish","hentry"],"post_mailing_queue_ids":[],"_links":{"self":[{"href":"https:\/\/agora.xtec.cat\/conservatoripirineus\/wp-json\/wp\/v2\/pages\/2499","targetHints":{"allow":["GET"]}}],"collection":[{"href":"https:\/\/agora.xtec.cat\/conservatoripirineus\/wp-json\/wp\/v2\/pages"}],"about":[{"href":"https:\/\/agora.xtec.cat\/conservatoripirineus\/wp-json\/wp\/v2\/types\/page"}],"author":[{"embeddable":true,"href":"https:\/\/agora.xtec.cat\/conservatoripirineus\/wp-json\/wp\/v2\/users\/1"}],"replies":[{"embeddable":true,"href":"https:\/\/agora.xtec.cat\/conservatoripirineus\/wp-json\/wp\/v2\/comments?post=2499"}],"version-history":[{"count":7,"href":"https:\/\/agora.xtec.cat\/conservatoripirineus\/wp-json\/wp\/v2\/pages\/2499\/revisions"}],"predecessor-version":[{"id":4618,"href":"https:\/\/agora.xtec.cat\/conservatoripirineus\/wp-json\/wp\/v2\/pages\/2499\/revisions\/4618"}],"wp:attachment":[{"href":"https:\/\/agora.xtec.cat\/conservatoripirineus\/wp-json\/wp\/v2\/media?parent=2499"}],"curies":[{"name":"wp","href":"https:\/\/api.w.org\/{rel}","templated":true}]}}