{"id":2486,"date":"2021-02-04T14:40:03","date_gmt":"2021-02-04T13:40:03","guid":{"rendered":"https:\/\/agora.xtec.cat\/conservatoripirineus\/?page_id=2486"},"modified":"2026-03-06T19:10:45","modified_gmt":"2026-03-06T18:10:45","slug":"orientacions-proves-dacces","status":"publish","type":"page","link":"https:\/\/agora.xtec.cat\/conservatoripirineus\/proves-dacces-inscripcio\/orientacions-proves-dacces\/","title":{"rendered":"Orientacions: primera part de la prova"},"content":{"rendered":"<div class=\"page\" title=\"Page 1\">\n<div class=\"layoutArea\">\n<div class=\"column\">\n<p><strong style=\"color: #81adb5; font-size: 1.6875em;\">Llenguatge musical \/ Harmonia<\/strong><\/p>\n<\/div>\n<\/div>\n<\/div>\n<p style=\"text-align: left;\"><strong>Orientacions per cursos<\/strong><\/p>\n<hr \/>\n<table style=\"font-size: 1rem;\" width=\"100%\">\n<tbody>\n<tr>\n<td style=\"text-align: center;\" width=\"16%\"><a href=\"https:\/\/triaeducativa.gencat.cat\/web\/.content\/proves\/proves-acces\/musica-dansa-professionals\/musica\/continguts-mostres-orientacions\/orientacions-prova-especifica-musica-professional.pdf\" target=\"_blank\" rel=\"noopener noreferrer\">1r curs<\/a><\/td>\n<td style=\"text-align: center;\" width=\"16%\"><a href=\"https:\/\/agora.xtec.cat\/conservatoripirineus\/wp-content\/uploads\/usu2447\/2021\/03\/ProvesAcc\u00e9s-orientacions-LLENGUATGE-GP2.pdf\" target=\"_blank\" rel=\"noopener noreferrer\">2n curs<\/a><\/td>\n<td style=\"text-align: center;\" width=\"16%\"><a href=\"https:\/\/agora.xtec.cat\/conservatoripirineus\/wp-content\/uploads\/usu2447\/2021\/03\/ProvesAcc\u00e9s-orientacions-LLENGUATGE-GP3.pdf\" target=\"_blank\" rel=\"noopener noreferrer\">3r curs<\/a><\/td>\n<td style=\"text-align: center;\" width=\"16%\"><a href=\"https:\/\/agora.xtec.cat\/conservatoripirineus\/wp-content\/uploads\/usu2447\/2021\/03\/ProvesAcc\u00e9s-orientacions-LLENGUATGE-GP4.pdf\" target=\"_blank\" rel=\"noopener noreferrer\">4t curs<\/a><\/td>\n<td style=\"text-align: center;\" width=\"16%\"><a href=\"https:\/\/agora.xtec.cat\/conservatoripirineus\/wp-content\/uploads\/usu2447\/2021\/03\/ProvesAcc\u00e9s-orientacions-LLENGUATGE-GP5.pdf\">5\u00e8 curs<\/a><\/td>\n<td style=\"text-align: center;\" width=\"16%\"><a href=\"https:\/\/agora.xtec.cat\/conservatoripirineus\/wp-content\/uploads\/usu2447\/2021\/03\/ProvesAcc\u00e9s-orientacions-HARMONIA-CL\u00c0SSICA-GP6.pdf\" target=\"_blank\" rel=\"noopener noreferrer\">6\u00e8 curs<\/a><\/td>\n<\/tr>\n<\/tbody>\n<\/table>\n<p>Acc\u00e9s a 1r \u2192 <a href=\"https:\/\/agora.xtec.cat\/conservatoripirineus\/wp-content\/uploads\/usu2447\/2024\/02\/criteris-cancons.pdf\" target=\"_blank\" rel=\"noopener noreferrer\">Criteris d&#8217;avaluaci\u00f3 de l&#8217;apartat Can\u00e7\u00f3 <\/a><\/p>\n<p>Acc\u00e9s a 2n \/ 3r \/ 4t \/ 5\u00e8 \u2192 <strong>[nou document]<\/strong>\u00a0<a href=\"https:\/\/agora.xtec.cat\/conservatoripirineus\/wp-content\/uploads\/usu2447\/2025\/03\/ProvesAcces-orientacions-LLENGUATGE-MUSICAL-repertori2021_2022.pdf\" target=\"_blank\" rel=\"noopener\">Llistat de peces per a l\u2019exercici 1.a<\/a><\/p>\n<p style=\"text-align: left;\"><strong>Exemples i indicacions<\/strong><\/p>\n<hr \/>\n<p style=\"text-align: left;\"><span style=\"font-size: 16px;\">Acc\u00e9s a 1r curs<\/span><\/p>\n<p>Indicacions per al professorat<\/p>\n<div class=\"page\" title=\"Page 1\">\n<div class=\"layoutArea\">\n<div class=\"column\">\n<ul>\n<li style=\"list-style-type: none;\">\n<ul>\n<li><a href=\"https:\/\/agora.xtec.cat\/conservatoripirineus\/wp-content\/uploads\/usu2447\/2026\/03\/Model-C-PA25-professorat-Setembre.pdf\">Prova maig 2025<\/a><\/li>\n<li><a href=\"https:\/\/agora.xtec.cat\/conservatoripirineus\/wp-content\/uploads\/usu2447\/2026\/03\/Model-D-PA25-professorat-Conservatoris-i-Centres-Prof.pdf\">Prova setembre 2025<\/a><\/li>\n<li><a href=\"https:\/\/triaeducativa.gencat.cat\/web\/.content\/proves\/proves-acces\/musica-dansa-professionals\/musica\/continguts-mostres-orientacions\/model-prova-acces-professorat.pdf\">Model prova del Departament d&#8217;Educaci\u00f3<\/a><\/li>\n<\/ul>\n<\/li>\n<\/ul>\n<\/div>\n<\/div>\n<\/div>\n<p style=\"text-align: left;\">Model prova alumnat<\/p>\n<ul>\n<li style=\"list-style-type: none;\">\n<ul>\n<li><a href=\"https:\/\/agora.xtec.cat\/conservatoripirineus\/wp-content\/uploads\/usu2447\/2026\/03\/ALUMMODEL_C_2025-Setembre.pdf\">Prova maig 2025<\/a><\/li>\n<li><a href=\"https:\/\/agora.xtec.cat\/conservatoripirineus\/wp-content\/uploads\/usu2447\/2026\/03\/MODEL_D_2025-Conservatoris-i-Centres-Prof.pdf\">Prova setembre 2025<\/a><\/li>\n<li><a href=\"https:\/\/triaeducativa.gencat.cat\/web\/.content\/proves\/proves-acces\/musica-dansa-professionals\/musica\/continguts-mostres-orientacions\/model-prova-acces-alumnat.pdf\">Model prova del Departament d&#8217;Educaci\u00f3<\/a><\/li>\n<\/ul>\n<\/li>\n<\/ul>\n<ul>\n<li style=\"list-style-type: none;\"><\/li>\n<\/ul>\n<p><!-- \/wp:paragraph --><\/p>\n","protected":false},"excerpt":{"rendered":"<p>Llenguatge musical \/ Harmonia<\/p>\n<p>Orientacions per cursos<\/p>\n<p><a href=\"https:\/\/triaeducativa.gencat.cat\/web\/.content\/proves\/proves-acces\/musica-dansa-professionals\/musica\/continguts-mostres-orientacions\/orientacions-prova-especifica-musica-professional.pdf\" target=\"_blank\" rel=\"noopener noreferrer\">1r curs<\/a><br \/>\n<a href=\"https:\/\/agora.xtec.cat\/conservatoripirineus\/wp-content\/uploads\/usu2447\/2021\/03\/ProvesAcc\u00e9s-orientacions-LLENGUATGE-GP2.pdf\" target=\"_blank\" rel=\"noopener noreferrer\">2n curs<\/a><br \/>\n<a href=\"https:\/\/agora.xtec.cat\/conservatoripirineus\/wp-content\/uploads\/usu2447\/2021\/03\/ProvesAcc\u00e9s-orientacions-LLENGUATGE-GP3.pdf\" target=\"_blank\" rel=\"noopener noreferrer\">3r curs<\/a><br \/>\n<a href=\"https:\/\/agora.xtec.cat\/conservatoripirineus\/wp-content\/uploads\/usu2447\/2021\/03\/ProvesAcc\u00e9s-orientacions-LLENGUATGE-GP4.pdf\" target=\"_blank\" rel=\"noopener noreferrer\">4t curs<\/a><br \/>\n<a href=\"https:\/\/agora.xtec.cat\/conservatoripirineus\/wp-content\/uploads\/usu2447\/2021\/03\/ProvesAcc\u00e9s-orientacions-LLENGUATGE-GP5.pdf\">5\u00e8 curs<\/a><br \/>\n<a href=\"https:\/\/agora.xtec.cat\/conservatoripirineus\/wp-content\/uploads\/usu2447\/2021\/03\/ProvesAcc\u00e9s-orientacions-HARMONIA-CL\u00c0SSICA-GP6.pdf\" target=\"_blank\" rel=\"noopener noreferrer\">6\u00e8 curs<\/a><\/p>\n<p>Acc\u00e9s a 1r \u2192 <a href=\"https:\/\/agora.xtec.cat\/conservatoripirineus\/wp-content\/uploads\/usu2447\/2024\/02\/criteris-cancons.pdf\" target=\"_blank\" rel=\"noopener noreferrer\">Criteris d&#8217;avaluaci\u00f3 de l&#8217;apartat Can\u00e7\u00f3&hellip;  <a href=\"https:\/\/agora.xtec.cat\/conservatoripirineus\/proves-dacces-inscripcio\/orientacions-proves-dacces\/\" title=\"Read Orientacions: primera part de la prova\">Llegeix m\u00e9s\u00bb<\/a><\/p>\n","protected":false},"author":1,"featured_media":0,"parent":2499,"menu_order":1,"comment_status":"closed","ping_status":"closed","template":"page-templates\/side-menu.php","meta":{"_bbp_topic_count":0,"_bbp_reply_count":0,"_bbp_total_topic_count":0,"_bbp_total_reply_count":0,"_bbp_voice_count":0,"_bbp_anonymous_reply_count":0,"_bbp_topic_count_hidden":0,"_bbp_reply_count_hidden":0,"_bbp_forum_subforum_count":0,"footnotes":""},"class_list":["post-2486","page","type-page","status-publish","hentry"],"post_mailing_queue_ids":[],"_links":{"self":[{"href":"https:\/\/agora.xtec.cat\/conservatoripirineus\/wp-json\/wp\/v2\/pages\/2486","targetHints":{"allow":["GET"]}}],"collection":[{"href":"https:\/\/agora.xtec.cat\/conservatoripirineus\/wp-json\/wp\/v2\/pages"}],"about":[{"href":"https:\/\/agora.xtec.cat\/conservatoripirineus\/wp-json\/wp\/v2\/types\/page"}],"author":[{"embeddable":true,"href":"https:\/\/agora.xtec.cat\/conservatoripirineus\/wp-json\/wp\/v2\/users\/1"}],"replies":[{"embeddable":true,"href":"https:\/\/agora.xtec.cat\/conservatoripirineus\/wp-json\/wp\/v2\/comments?post=2486"}],"version-history":[{"count":7,"href":"https:\/\/agora.xtec.cat\/conservatoripirineus\/wp-json\/wp\/v2\/pages\/2486\/revisions"}],"predecessor-version":[{"id":4600,"href":"https:\/\/agora.xtec.cat\/conservatoripirineus\/wp-json\/wp\/v2\/pages\/2486\/revisions\/4600"}],"up":[{"embeddable":true,"href":"https:\/\/agora.xtec.cat\/conservatoripirineus\/wp-json\/wp\/v2\/pages\/2499"}],"wp:attachment":[{"href":"https:\/\/agora.xtec.cat\/conservatoripirineus\/wp-json\/wp\/v2\/media?parent=2486"}],"curies":[{"name":"wp","href":"https:\/\/api.w.org\/{rel}","templated":true}]}}