{"id":195,"date":"2014-09-22T10:39:39","date_gmt":"2014-09-22T10:39:39","guid":{"rendered":"http:\/\/agora.xtec.cat\/conservatoripirineus\/?page_id=195"},"modified":"2023-05-15T20:59:58","modified_gmt":"2023-05-15T18:59:58","slug":"oferta-educativa","status":"publish","type":"page","link":"https:\/\/agora.xtec.cat\/conservatoripirineus\/oferta-educativa\/","title":{"rendered":"Oferta educativa"},"content":{"rendered":"<p>El Conservatori de M\u00fasica dels Pirineus ofereix ensenyaments musicals de grau professional. Per accedir a aquests ensenyaments cal superar una prova espec\u00edfica que convoca anualment el Departament d&#8217;Educaci\u00f3. Aquest acc\u00e9s es pot fer a primer o a qualsevol dels altres cursos.<\/p>\n<p>L&#8217;alumnat que superi els ensenyaments d&#8217;aquesta etapa obtindr\u00e0 el t\u00edtol professional de m\u00fasica, en qu\u00e8 constar\u00e0 l&#8217;especialitat cursada.<\/p>\n<p>Els conservatoris i centres professionals es regulen pel <a title=\"Decret 25\/2008\" href=\"https:\/\/dogc.gencat.cat\/ca\/document-del-dogc\/?documentId=468885\" target=\"_blank\" rel=\"noopener noreferrer\">Decret 25\/2008<\/a>, de 29 de gener.<\/p>\n<hr \/>\n<h2>Cursos<\/h2>\n<p>El grau professional s&#8217;estructura en sis cursos acad\u00e8mics.<\/p>\n<h2><a href=\"https:\/\/agora.xtec.cat\/conservatoripirineus\/wp-content\/uploads\/usu2447\/2023\/05\/CMP-orientacio_academica-GP.004.jpeg\"><img loading=\"lazy\" decoding=\"async\" class=\"alignnone size-large wp-image-3639\" src=\"https:\/\/agora.xtec.cat\/conservatoripirineus\/wp-content\/uploads\/usu2447\/2023\/05\/CMP-orientacio_academica-GP.004-1024x576.jpeg\" alt=\"\" width=\"1024\" height=\"576\" srcset=\"https:\/\/agora.xtec.cat\/conservatoripirineus\/wp-content\/uploads\/usu2447\/2023\/05\/CMP-orientacio_academica-GP.004-1024x576.jpeg 1024w, https:\/\/agora.xtec.cat\/conservatoripirineus\/wp-content\/uploads\/usu2447\/2023\/05\/CMP-orientacio_academica-GP.004-300x169.jpeg 300w, https:\/\/agora.xtec.cat\/conservatoripirineus\/wp-content\/uploads\/usu2447\/2023\/05\/CMP-orientacio_academica-GP.004-768x432.jpeg 768w, https:\/\/agora.xtec.cat\/conservatoripirineus\/wp-content\/uploads\/usu2447\/2023\/05\/CMP-orientacio_academica-GP.004-1536x864.jpeg 1536w, https:\/\/agora.xtec.cat\/conservatoripirineus\/wp-content\/uploads\/usu2447\/2023\/05\/CMP-orientacio_academica-GP.004.jpeg 1920w\" sizes=\"auto, (max-width: 1024px) 100vw, 1024px\" \/><\/a><\/h2>\n<hr \/>\n<h2>Especialitats<\/h2>\n<p>Els ensenyaments de m\u00fasica de grau professional es poden cursar diferents especialitats, de les quals al Conservatori de M\u00fasica dels Pirineus n&#8217;ofereix 23.<\/p>\n<p><a href=\"https:\/\/agora.xtec.cat\/conservatoripirineus\/wp-content\/uploads\/usu2447\/2023\/05\/CMP-orientacio_academica-GP.003.jpeg\"><img loading=\"lazy\" decoding=\"async\" class=\"alignnone size-large wp-image-3638\" src=\"https:\/\/agora.xtec.cat\/conservatoripirineus\/wp-content\/uploads\/usu2447\/2023\/05\/CMP-orientacio_academica-GP.003-1024x576.jpeg\" alt=\"\" width=\"1024\" height=\"576\" srcset=\"https:\/\/agora.xtec.cat\/conservatoripirineus\/wp-content\/uploads\/usu2447\/2023\/05\/CMP-orientacio_academica-GP.003-1024x576.jpeg 1024w, https:\/\/agora.xtec.cat\/conservatoripirineus\/wp-content\/uploads\/usu2447\/2023\/05\/CMP-orientacio_academica-GP.003-300x169.jpeg 300w, https:\/\/agora.xtec.cat\/conservatoripirineus\/wp-content\/uploads\/usu2447\/2023\/05\/CMP-orientacio_academica-GP.003-768x432.jpeg 768w, https:\/\/agora.xtec.cat\/conservatoripirineus\/wp-content\/uploads\/usu2447\/2023\/05\/CMP-orientacio_academica-GP.003-1536x864.jpeg 1536w, https:\/\/agora.xtec.cat\/conservatoripirineus\/wp-content\/uploads\/usu2447\/2023\/05\/CMP-orientacio_academica-GP.003.jpeg 1920w\" sizes=\"auto, (max-width: 1024px) 100vw, 1024px\" \/><\/a><\/p>\n<ul>\n<li>\u2192 <a href=\"https:\/\/agora.xtec.cat\/conservatoripirineus\/oferta-educativa\/especialitats-a-berga\/\">Especialitats del CMP a Berga<\/a><\/li>\n<li>\u2192\u00a0<a href=\"https:\/\/agora.xtec.cat\/conservatoripirineus\/?page_id=603&amp;preview=true\">Especialitats del CMP a Puigcerd\u00e0<\/a><\/li>\n<li>\u2192 <a href=\"https:\/\/agora.xtec.cat\/conservatoripirineus\/oferta-educativa\/especialitats-a-la-seu-durgell\/\">Especialitats del CMP a la Seu d&#8217;Urgell<\/a><\/li>\n<\/ul>\n<hr \/>\n<h2>Assignatures<\/h2>\n<p><a href=\"https:\/\/agora.xtec.cat\/conservatoripirineus\/wp-content\/uploads\/usu2447\/2023\/05\/CMP-orientacio_academica-GP.005.jpeg\"><img loading=\"lazy\" decoding=\"async\" class=\"alignnone size-large wp-image-3640\" src=\"https:\/\/agora.xtec.cat\/conservatoripirineus\/wp-content\/uploads\/usu2447\/2023\/05\/CMP-orientacio_academica-GP.005-1024x576.jpeg\" alt=\"\" width=\"1024\" height=\"576\" \/><\/a><a href=\"https:\/\/agora.xtec.cat\/conservatoripirineus\/wp-content\/uploads\/usu2447\/2023\/05\/IMG_3423.jpeg\"><img loading=\"lazy\" decoding=\"async\" class=\"alignnone size-large wp-image-3654\" src=\"https:\/\/agora.xtec.cat\/conservatoripirineus\/wp-content\/uploads\/usu2447\/2023\/05\/IMG_3423-1024x576.jpeg\" alt=\"\" width=\"1024\" height=\"576\" srcset=\"https:\/\/agora.xtec.cat\/conservatoripirineus\/wp-content\/uploads\/usu2447\/2023\/05\/IMG_3423-1024x576.jpeg 1024w, https:\/\/agora.xtec.cat\/conservatoripirineus\/wp-content\/uploads\/usu2447\/2023\/05\/IMG_3423-300x169.jpeg 300w, https:\/\/agora.xtec.cat\/conservatoripirineus\/wp-content\/uploads\/usu2447\/2023\/05\/IMG_3423-768x432.jpeg 768w, https:\/\/agora.xtec.cat\/conservatoripirineus\/wp-content\/uploads\/usu2447\/2023\/05\/IMG_3423-1536x864.jpeg 1536w, https:\/\/agora.xtec.cat\/conservatoripirineus\/wp-content\/uploads\/usu2447\/2023\/05\/IMG_3423.jpeg 1920w\" sizes=\"auto, (max-width: 1024px) 100vw, 1024px\" \/><\/a><\/p>\n<ul>\n<li>\u2192 <a href=\"https:\/\/agora.xtec.cat\/conservatoripirineus\/oferta-educativa\/taules-curriculars\/\">Taules curriculars<\/a><\/li>\n<li>\u2192 <a href=\"https:\/\/agora.xtec.cat\/conservatoripirineus\/wp-admin\/post.php?post=3258&amp;action=edit\">Assignatures optatives<\/a><\/li>\n<\/ul>\n<hr \/>\n<p><b>Descarregar document<\/b>\u00a0\u2192 <a href=\"https:\/\/agora.xtec.cat\/conservatoripirineus\/wp-content\/uploads\/usu2447\/2023\/05\/CMP-orientacio_academica-GP.pdf\" target=\"_blank\" rel=\"noopener\">Orientaci\u00f3 acad\u00e8mica: el GP al CM dels Pirineus<\/a><\/p>\n","protected":false},"excerpt":{"rendered":"<p>El Conservatori de M\u00fasica dels Pirineus ofereix ensenyaments musicals de grau professional. Per accedir a aquests ensenyaments cal superar una prova espec\u00edfica que convoca anualment el Departament d&#8217;Educaci\u00f3. Aquest acc\u00e9s es pot fer a primer o a qualsevol dels altres cursos.<br \/>\nL&#8217;alumnat que superi els ensenyaments&hellip;  <a href=\"https:\/\/agora.xtec.cat\/conservatoripirineus\/oferta-educativa\/\" title=\"Read Oferta educativa\">Llegeix m\u00e9s\u00bb<\/a><\/p>\n","protected":false},"author":1,"featured_media":0,"parent":0,"menu_order":0,"comment_status":"closed","ping_status":"closed","template":"page-templates\/side-menu.php","meta":{"_bbp_topic_count":0,"_bbp_reply_count":0,"_bbp_total_topic_count":0,"_bbp_total_reply_count":0,"_bbp_voice_count":0,"_bbp_anonymous_reply_count":0,"_bbp_topic_count_hidden":0,"_bbp_reply_count_hidden":0,"_bbp_forum_subforum_count":0,"footnotes":""},"class_list":["post-195","page","type-page","status-publish","hentry"],"post_mailing_queue_ids":[],"_links":{"self":[{"href":"https:\/\/agora.xtec.cat\/conservatoripirineus\/wp-json\/wp\/v2\/pages\/195","targetHints":{"allow":["GET"]}}],"collection":[{"href":"https:\/\/agora.xtec.cat\/conservatoripirineus\/wp-json\/wp\/v2\/pages"}],"about":[{"href":"https:\/\/agora.xtec.cat\/conservatoripirineus\/wp-json\/wp\/v2\/types\/page"}],"author":[{"embeddable":true,"href":"https:\/\/agora.xtec.cat\/conservatoripirineus\/wp-json\/wp\/v2\/users\/1"}],"replies":[{"embeddable":true,"href":"https:\/\/agora.xtec.cat\/conservatoripirineus\/wp-json\/wp\/v2\/comments?post=195"}],"version-history":[{"count":4,"href":"https:\/\/agora.xtec.cat\/conservatoripirineus\/wp-json\/wp\/v2\/pages\/195\/revisions"}],"predecessor-version":[{"id":3655,"href":"https:\/\/agora.xtec.cat\/conservatoripirineus\/wp-json\/wp\/v2\/pages\/195\/revisions\/3655"}],"wp:attachment":[{"href":"https:\/\/agora.xtec.cat\/conservatoripirineus\/wp-json\/wp\/v2\/media?parent=195"}],"curies":[{"name":"wp","href":"https:\/\/api.w.org\/{rel}","templated":true}]}}