{"id":19,"date":"2014-09-17T14:56:56","date_gmt":"2014-09-17T14:56:56","guid":{"rendered":"http:\/\/agora.xtec.cat\/conservatoripirineus\/?page_id=19"},"modified":"2021-03-02T13:29:08","modified_gmt":"2021-03-02T12:29:08","slug":"elcentre","status":"publish","type":"page","link":"https:\/\/agora.xtec.cat\/conservatoripirineus\/elcentre\/","title":{"rendered":"El centre"},"content":{"rendered":"<p style=\"color: #444444;\">El Conservatori de M\u00fasica dels Pirineus es va crear el curs 2015-2016 amb la col\u00b7laboraci\u00f3 entre els ajuntaments de Berga, Puigcerd\u00e0 i la Seu d&#8217;Urgell. La implantaci\u00f3 del centre ha facilitat que l&#8217;alumnat del Bergued\u00e0, la Cerdanya i l&#8217;Alt Uregell, per\u00f2 tamb\u00e9 de comarques ve\u00efnes, puguin accedir al Grau professional de M\u00fasica que, fins aleshores, no era possible per sobre de l&#8217;Eix Transversal.<\/p>\n","protected":false},"excerpt":{"rendered":"<p>El Conservatori de M\u00fasica dels Pirineus es va crear el curs 2015-2016 amb la col\u00b7laboraci\u00f3 entre els ajuntaments de Berga, Puigcerd\u00e0 i la Seu d&#8217;Urgell. La implantaci\u00f3 del centre ha facilitat que l&#8217;alumnat del Bergued\u00e0, la Cerdanya i l&#8217;Alt Uregell, per\u00f2 tamb\u00e9 de comarques ve\u00efnes,&hellip;  <a href=\"https:\/\/agora.xtec.cat\/conservatoripirineus\/elcentre\/\" title=\"Read El centre\">Llegeix m\u00e9s\u00bb<\/a><\/p>\n","protected":false},"author":1,"featured_media":0,"parent":0,"menu_order":0,"comment_status":"closed","ping_status":"closed","template":"page-templates\/side-menu.php","meta":{"_bbp_topic_count":0,"_bbp_reply_count":0,"_bbp_total_topic_count":0,"_bbp_total_reply_count":0,"_bbp_voice_count":0,"_bbp_anonymous_reply_count":0,"_bbp_topic_count_hidden":0,"_bbp_reply_count_hidden":0,"_bbp_forum_subforum_count":0,"footnotes":""},"class_list":["post-19","page","type-page","status-publish","hentry"],"post_mailing_queue_ids":[],"_links":{"self":[{"href":"https:\/\/agora.xtec.cat\/conservatoripirineus\/wp-json\/wp\/v2\/pages\/19","targetHints":{"allow":["GET"]}}],"collection":[{"href":"https:\/\/agora.xtec.cat\/conservatoripirineus\/wp-json\/wp\/v2\/pages"}],"about":[{"href":"https:\/\/agora.xtec.cat\/conservatoripirineus\/wp-json\/wp\/v2\/types\/page"}],"author":[{"embeddable":true,"href":"https:\/\/agora.xtec.cat\/conservatoripirineus\/wp-json\/wp\/v2\/users\/1"}],"replies":[{"embeddable":true,"href":"https:\/\/agora.xtec.cat\/conservatoripirineus\/wp-json\/wp\/v2\/comments?post=19"}],"version-history":[{"count":2,"href":"https:\/\/agora.xtec.cat\/conservatoripirineus\/wp-json\/wp\/v2\/pages\/19\/revisions"}],"predecessor-version":[{"id":2607,"href":"https:\/\/agora.xtec.cat\/conservatoripirineus\/wp-json\/wp\/v2\/pages\/19\/revisions\/2607"}],"wp:attachment":[{"href":"https:\/\/agora.xtec.cat\/conservatoripirineus\/wp-json\/wp\/v2\/media?parent=19"}],"curies":[{"name":"wp","href":"https:\/\/api.w.org\/{rel}","templated":true}]}}