{"id":674,"date":"2016-07-12T00:30:38","date_gmt":"2016-07-11T23:30:38","guid":{"rendered":"http:\/\/agora.xtec.cat\/colsagradafamilia-larapita\/?page_id=674"},"modified":"2016-09-21T23:36:16","modified_gmt":"2016-09-21T22:36:16","slug":"projecte-descacs-a-lescola","status":"publish","type":"page","link":"https:\/\/agora.xtec.cat\/colsagradafamilia-larapita\/projectes\/projecte-descacs-a-lescola\/","title":{"rendered":"Projecte d&#8217;escacs a l&#8217;escola"},"content":{"rendered":"<p style=\"text-align: justify;\"><a href=\"http:\/\/agora.xtec.cat\/colsagradafamilia-larapita\/wp-content\/uploads\/usu1161\/2016\/07\/escacs_1.jpg\"><img loading=\"lazy\" decoding=\"async\" class=\"wp-image-757 alignright\" src=\"http:\/\/agora.xtec.cat\/colsagradafamilia-larapita\/wp-content\/uploads\/usu1161\/2016\/07\/escacs_1-1024x768.jpg\" alt=\"escacs_1\" width=\"361\" height=\"554\" \/><\/a>El Parlament de Catalunya, el juliol de 2010, declar\u00e0 els escacs d&#8217;utilitat p\u00fablica i n&#8217;insta al Govern de la Generalitat a difondre&#8217;ls, sobretot en l&#8217;\u00e0mbit educatiu, l\u00fadic i de la salut.<\/p>\n<p style=\"text-align: justify;\">Posteriorment, el juliol de 2012, el Parlament Europeu fa p\u00fablica una declaraci\u00f3 instant els diferents membres de la Comunitat Europea a introduir en els seus sistemes edcatius el programa &#8220;Escacs a l&#8217;escola&#8221;.<\/p>\n<p style=\"text-align: justify;\">A partir d&#8217;aquest moment, un total de 104 escoles catalanes comencen a promoure els escacs com a eina educativa en horari lectiu. El projecte escacs a l&#8217;escola permet a aquests centres participants poder desenvolupar a trav\u00e9s dels escacs aspectes com la concentraci\u00f3, el c\u00e0lcul mental, l&#8217;orientaci\u00f3 espacial, la mem\u00f2ria, les habilitats ling\u00fc\u00edstiques o la resoluci\u00f3 dels propis problemes i la posterior presa de decisions.<\/p>\n<p style=\"text-align: justify;\"><img loading=\"lazy\" decoding=\"async\" class=\" wp-image-761 alignright\" src=\"http:\/\/agora.xtec.cat\/colsagradafamilia-larapita\/wp-content\/uploads\/usu1161\/2016\/07\/escacs_5-1024x768.jpg\" alt=\"escacs_5\" width=\"359\" height=\"270\" srcset=\"https:\/\/agora.xtec.cat\/colsagradafamilia-larapita\/wp-content\/uploads\/usu1161\/2016\/07\/escacs_5-1024x768.jpg 1024w, https:\/\/agora.xtec.cat\/colsagradafamilia-larapita\/wp-content\/uploads\/usu1161\/2016\/07\/escacs_5-300x225.jpg 300w, https:\/\/agora.xtec.cat\/colsagradafamilia-larapita\/wp-content\/uploads\/usu1161\/2016\/07\/escacs_5-768x576.jpg 768w, https:\/\/agora.xtec.cat\/colsagradafamilia-larapita\/wp-content\/uploads\/usu1161\/2016\/07\/escacs_5-200x150.jpg 200w\" sizes=\"auto, (max-width: 359px) 100vw, 359px\" \/>La iniciativa est\u00e0 impulsada pel Departament d&#8217;Ensenyament, la Universitat de Girona, la Universitat de Lleida i la Federaci\u00f3 Catalana d&#8217;Escacs, i es va iniciar el passat curs escolar 2012-2013 en els diferents centres de Catalunya.<\/p>\n<p style=\"text-align: justify;\">El nostre centre es va voler adherir a la proposta feta pel Departament als centres educatius que hi volguessin participar. Aix\u00ed per tant, el curs 2013-2014 es va introduir com a eina educativa de 1r a 6\u00e8 de prim\u00e0ria.<\/p>\n<p style=\"text-align: justify;\">\u00c9s per a quest motiu, doncs que v\u00e0rem introd\u00efr els escacs dins l&#8217;\u00e0mbit curricular d&#8217;educaci\u00f3 prim\u00e0ria, i dins de l&#8217;horari lectiu.<\/p>\n<p style=\"text-align: justify;\">\nL&#8217;objectiu principal \u00e9s aconseguir que l&#8217;alumnat acabi l&#8217;educaci\u00f3 prim\u00e0ria jugant correctament als escacs, aix\u00ed com fomentar el seu valor educatiu.<\/p>\n<p style=\"text-align: justify;\"><img loading=\"lazy\" decoding=\"async\" class=\" wp-image-759 alignright\" src=\"http:\/\/agora.xtec.cat\/colsagradafamilia-larapita\/wp-content\/uploads\/usu1161\/2016\/07\/escacs_3-1024x768.jpg\" alt=\"escacs_3\" width=\"357\" height=\"268\" srcset=\"https:\/\/agora.xtec.cat\/colsagradafamilia-larapita\/wp-content\/uploads\/usu1161\/2016\/07\/escacs_3-1024x768.jpg 1024w, https:\/\/agora.xtec.cat\/colsagradafamilia-larapita\/wp-content\/uploads\/usu1161\/2016\/07\/escacs_3-300x225.jpg 300w, https:\/\/agora.xtec.cat\/colsagradafamilia-larapita\/wp-content\/uploads\/usu1161\/2016\/07\/escacs_3-768x576.jpg 768w, https:\/\/agora.xtec.cat\/colsagradafamilia-larapita\/wp-content\/uploads\/usu1161\/2016\/07\/escacs_3-200x150.jpg 200w\" sizes=\"auto, (max-width: 357px) 100vw, 357px\" \/>Aix\u00ed doncs, es pret\u00e9n aprendre el moviemnt de les peces i les normes b\u00e0siques del joc tot treballant la capacitat de concentraci\u00f3, i d&#8217;atenci\u00f3, el c\u00e0lcul mental, la creativitat, la imaginaci\u00f3 i la lateralitat i l&#8217;orientaci\u00f3 espacial. A m\u00e9s a m\u00e9s aprendre a resoldre els propis problemes i prendre decisions fomentant els valors com el respecte, l&#8217;hobestedat, l&#8217;empatia i l&#8217;autoestima. Tot aix\u00f2 respectant el propi torn i el saber esperar.<\/p>\n<p style=\"text-align: justify;\">Els docents del nostre centre s\u00f3n els encarregats d&#8217;impartir les sessions d&#8217;escacs a l&#8217;alumnat durant una hora setmanal a cada curs, amb un desdoblament del grup classe. \u00c9s a dir, la meitat del grup va a l&#8217;aula d&#8217;escacs mentrestant l&#8217;altra meitat es queda a la seva aula impartint metodologia TIC.<\/p>\n<p style=\"text-align: justify;\"><a href=\"http:\/\/agora.xtec.cat\/colsagradafamilia-larapita\/wp-content\/uploads\/usu1161\/2016\/07\/escacs_4.jpg\"><img loading=\"lazy\" decoding=\"async\" class=\"wp-image-760 alignright\" src=\"http:\/\/agora.xtec.cat\/colsagradafamilia-larapita\/wp-content\/uploads\/usu1161\/2016\/07\/escacs_4-1024x768.jpg\" alt=\"escacs_4\" width=\"356\" height=\"268\" srcset=\"https:\/\/agora.xtec.cat\/colsagradafamilia-larapita\/wp-content\/uploads\/usu1161\/2016\/07\/escacs_4-1024x768.jpg 1024w, https:\/\/agora.xtec.cat\/colsagradafamilia-larapita\/wp-content\/uploads\/usu1161\/2016\/07\/escacs_4-300x225.jpg 300w, https:\/\/agora.xtec.cat\/colsagradafamilia-larapita\/wp-content\/uploads\/usu1161\/2016\/07\/escacs_4-768x576.jpg 768w, https:\/\/agora.xtec.cat\/colsagradafamilia-larapita\/wp-content\/uploads\/usu1161\/2016\/07\/escacs_4-200x150.jpg 200w\" sizes=\"auto, (max-width: 356px) 100vw, 356px\" \/><\/a>L&#8217;aula on s&#8217;imarteixen les sessions d&#8217;escacs \u00e9s un espai adequat per a tal fi: una aula preparada amb tot el material necessari per poder aprendre a jugar a escacs. Disposem d&#8217;un escaquer imantat genat, fixat a la paret de l&#8217;aula, i altres escaquers amb les seves peces amb els quals l&#8217;alumnat fica en pr\u00e0ctica els coneixements adquirits durant les classes te\u00f2riques.<\/p>\n<p style=\"text-align: justify;\">Els continguts treballats per l&#8217;alumnat durant la sessi\u00f3 s\u00f3n diversos: la terminologia dels escacs, les peces i els moviments de les mateixes, el vaor que t\u00e9 cada pe\u00e7a, l&#8217;escac i mat, la disposici\u00f3 de les peces en l&#8217;escaquer, les simetries i les \u00e0rres de l&#8217;escaquer entre d&#8217;altres.<\/p>\n<p style=\"text-align: justify;\">Aix\u00ed per tant, podem treballar continguts dins l&#8217;\u00e0rea de les matem\u00e0tiques com s\u00f3n per exemple: L&#8217;orientaci\u00f3 espacial, les identificacions, el pensament l\u00f2gic i matem\u00e0tic, les operacions matem\u00e0tiques, etc. Per\u00f2 tamb\u00e9 treballem continguts de l&#8217;\u00e0rea de llengua com l&#8217;interpretaci\u00f3 d&#8217;imatges, la comprensi\u00f3 de textos a trav\u00e9s de la lectura i la cerca d&#8217;informaci\u00f3 i l&#8217;expressi\u00f3 oral.<\/p>\n<p>&nbsp;<\/p>\n","protected":false},"excerpt":{"rendered":"<p><a href=\"http:\/\/agora.xtec.cat\/colsagradafamilia-larapita\/wp-content\/uploads\/usu1161\/2016\/07\/escacs_1.jpg\"><\/a>El Parlament de Catalunya, el juliol de 2010, declar\u00e0 els escacs d&#8217;utilitat p\u00fablica i n&#8217;insta al Govern de la Generalitat a difondre&#8217;ls, sobretot en l&#8217;\u00e0mbit educatiu, l\u00fadic i de la salut.<br \/>\nPosteriorment, el juliol de 2012, el Parlament Europeu fa p\u00fablica una declaraci\u00f3 instant els&hellip;  <a href=\"https:\/\/agora.xtec.cat\/colsagradafamilia-larapita\/projectes\/projecte-descacs-a-lescola\/\" title=\"Read Projecte d&#8217;escacs a l&#8217;escola\">Llegeix m\u00e9s\u00bb<\/a><\/p>\n","protected":false},"author":1,"featured_media":0,"parent":644,"menu_order":55,"comment_status":"closed","ping_status":"closed","template":"page-templates\/side-menu.php","meta":{"_bbp_topic_count":0,"_bbp_reply_count":0,"_bbp_total_topic_count":0,"_bbp_total_reply_count":0,"_bbp_voice_count":0,"_bbp_anonymous_reply_count":0,"_bbp_topic_count_hidden":0,"_bbp_reply_count_hidden":0,"_bbp_forum_subforum_count":0,"footnotes":""},"class_list":["post-674","page","type-page","status-publish","hentry"],"post_mailing_queue_ids":[],"_links":{"self":[{"href":"https:\/\/agora.xtec.cat\/colsagradafamilia-larapita\/wp-json\/wp\/v2\/pages\/674","targetHints":{"allow":["GET"]}}],"collection":[{"href":"https:\/\/agora.xtec.cat\/colsagradafamilia-larapita\/wp-json\/wp\/v2\/pages"}],"about":[{"href":"https:\/\/agora.xtec.cat\/colsagradafamilia-larapita\/wp-json\/wp\/v2\/types\/page"}],"author":[{"embeddable":true,"href":"https:\/\/agora.xtec.cat\/colsagradafamilia-larapita\/wp-json\/wp\/v2\/users\/1"}],"replies":[{"embeddable":true,"href":"https:\/\/agora.xtec.cat\/colsagradafamilia-larapita\/wp-json\/wp\/v2\/comments?post=674"}],"version-history":[{"count":4,"href":"https:\/\/agora.xtec.cat\/colsagradafamilia-larapita\/wp-json\/wp\/v2\/pages\/674\/revisions"}],"predecessor-version":[{"id":876,"href":"https:\/\/agora.xtec.cat\/colsagradafamilia-larapita\/wp-json\/wp\/v2\/pages\/674\/revisions\/876"}],"up":[{"embeddable":true,"href":"https:\/\/agora.xtec.cat\/colsagradafamilia-larapita\/wp-json\/wp\/v2\/pages\/644"}],"wp:attachment":[{"href":"https:\/\/agora.xtec.cat\/colsagradafamilia-larapita\/wp-json\/wp\/v2\/media?parent=674"}],"curies":[{"name":"wp","href":"https:\/\/api.w.org\/{rel}","templated":true}]}}