{"id":637,"date":"2016-07-12T00:03:24","date_gmt":"2016-07-11T23:03:24","guid":{"rendered":"http:\/\/agora.xtec.cat\/colsagradafamilia-larapita\/?page_id=637"},"modified":"2016-09-21T23:32:10","modified_gmt":"2016-09-21T22:32:10","slug":"projecte-aicle-clil","status":"publish","type":"page","link":"https:\/\/agora.xtec.cat\/colsagradafamilia-larapita\/projectes\/projecte-aicle-clil\/","title":{"rendered":"Projecte AICLE (CLIL)"},"content":{"rendered":"<p style=\"text-align: justify;\"><img loading=\"lazy\" decoding=\"async\" class=\"wp-image-714 alignright\" src=\"http:\/\/agora.xtec.cat\/colsagradafamilia-larapita\/wp-content\/uploads\/usu1161\/2016\/07\/5\u00e8-E.P-fonix.-1024x768.jpg\" alt=\"5\u00e8 E.P fonix.\" width=\"465\" height=\"347\" srcset=\"https:\/\/agora.xtec.cat\/colsagradafamilia-larapita\/wp-content\/uploads\/usu1161\/2016\/07\/5\u00e8-E.P-fonix.-300x225.jpg 300w, https:\/\/agora.xtec.cat\/colsagradafamilia-larapita\/wp-content\/uploads\/usu1161\/2016\/07\/5\u00e8-E.P-fonix.-200x150.jpg 200w\" sizes=\"auto, (max-width: 465px) 100vw, 465px\" \/>L&#8217;aprenentatge Integrat de Continguts i Lleng\u00fces Estrangeres (AICLE; en angl\u00e8s, CLIL, Content Language Integrated Learning) proposa que l&#8217;aprenentatge de la llengua estrangera \u00e9s m\u00e9s efectiu a trav\u00e9s de mat\u00e8ries no ling\u00fc\u00edstiques que mitjan\u00e7ant la mat\u00e8ria comuna de llengua anglesa.<\/p>\n<p style=\"text-align: justify;\">Donat que la llengua anglesa \u00e9s la llengua global, i amb la voluntat d&#8217;aconseguir que els nostres alumnes puguin desenvolupar-se amb suficient flu\u00efdesa en aquesta llengua, no nom\u00e9s per tal de poder-se obrir portes en el seu futur m\u00f3n laboral, sin\u00f3 tamb\u00e9 en la vida en general, fa uns anys que el nostre centre va implantar el programa AICLE.<\/p>\n<p style=\"text-align: justify;\">\nCom ja hem dit, el projecte AICLE es basa en l&#8217;ensenyament de la llengua anglesa mitjan\u00e7ant mat\u00e8ries no ling\u00fc\u00edstiques, \u00e9s a dir, fent altres assignatures, a banda de la de llengua anglesa, en aquest idioma. A banda del c\u00f2mput d&#8217;hores de la mat\u00e8ria d&#8217;angl\u00e8s determinat dins del curr\u00edculum del Departament d&#8217;Ensenyament de la Generalitat, el nostre centre realitza altres assignatures en angl\u00e8s.<\/p>\n<p style=\"text-align: justify;\"><img loading=\"lazy\" decoding=\"async\" class=\"wp-image-713 alignright\" src=\"http:\/\/agora.xtec.cat\/colsagradafamilia-larapita\/wp-content\/uploads\/usu1161\/2016\/07\/2n-eso-fonix-1024x768.jpg\" alt=\"2n eso fonix\" width=\"465\" height=\"344\" \/>A Educaci\u00f3 prim\u00e0ria, fem la mat\u00e8ria de Visual i Pl\u00e0stica (Arts and Crafts).<\/p>\n<p style=\"text-align: justify;\">A banda, es fa una hora complement\u00e0ria d&#8217;inform\u00e0tica en angl\u00e8s. A secund\u00e0ria, tamb\u00e9 fem aquesta hora complement\u00e0ria d&#8217;angl\u00e8s, dedicada a l&#8217;expressi\u00f3 oral.<\/p>\n<p style=\"text-align: justify;\">\nA m\u00e9s, a tots els cursos d&#8217;ESO fem una unitat did\u00e0ctica de l&#8217;\u00e0rea de Religi\u00f3 en angl\u00e8s.<\/p>\n<p style=\"text-align: justify;\">A banda del programa AICLE, el nostre centre dedica moltes hores a l&#8217;ensenyament de l&#8217;angl\u00e8s.<\/p>\n<p style=\"text-align: justify;\">Les activitats extraescolars en angl\u00e8s (des de P4 a 4t d&#8217;ESO), les dediquem a preparar els nostres alumnes per als ex\u00e0mens oficials de Cambridge segons el seu nivell. Els alumnes de prim\u00e0ria es preparen per als Young Learners English (YLE), dividits en tres nivells: Starters, Movers i Flyers. Els alumnes d&#8217;ESO, per la seva banda, es presenten al Key English Test (KET) i al Preliminary English Test (PET).<\/p>\n<p style=\"text-align: justify;\"><img loading=\"lazy\" decoding=\"async\" class=\"wp-image-715 aligncenter\" src=\"http:\/\/agora.xtec.cat\/colsagradafamilia-larapita\/wp-content\/uploads\/usu1161\/2016\/07\/Cambridge-1024x768.jpg\" alt=\"Cambridge\" width=\"465\" height=\"349\" srcset=\"https:\/\/agora.xtec.cat\/colsagradafamilia-larapita\/wp-content\/uploads\/usu1161\/2016\/07\/Cambridge-1024x768.jpg 1024w, https:\/\/agora.xtec.cat\/colsagradafamilia-larapita\/wp-content\/uploads\/usu1161\/2016\/07\/Cambridge-300x225.jpg 300w, https:\/\/agora.xtec.cat\/colsagradafamilia-larapita\/wp-content\/uploads\/usu1161\/2016\/07\/Cambridge-768x576.jpg 768w, https:\/\/agora.xtec.cat\/colsagradafamilia-larapita\/wp-content\/uploads\/usu1161\/2016\/07\/Cambridge-200x150.jpg 200w\" sizes=\"auto, (max-width: 465px) 100vw, 465px\" \/><\/p>\n<p style=\"text-align: justify;\">Cada any participem en els concursos d&#8217;angl\u00e8s The Big Challenge, The Fonix i The English Festival.<\/p>\n<p style=\"text-align: justify;\"><img loading=\"lazy\" decoding=\"async\" class=\"wp-image-711 aligncenter\" src=\"http:\/\/agora.xtec.cat\/colsagradafamilia-larapita\/wp-content\/uploads\/usu1161\/2016\/07\/english-festival.jpg\" alt=\"english festival\" width=\"468\" height=\"263\" srcset=\"https:\/\/agora.xtec.cat\/colsagradafamilia-larapita\/wp-content\/uploads\/usu1161\/2016\/07\/english-festival.jpg 550w, https:\/\/agora.xtec.cat\/colsagradafamilia-larapita\/wp-content\/uploads\/usu1161\/2016\/07\/english-festival-300x169.jpg 300w\" sizes=\"auto, (max-width: 468px) 100vw, 468px\" \/><\/p>\n<p style=\"text-align: justify;\">Cada dos anys, juntament amb Home to Home, organitzem un viatge a Anglaterra, normalment d&#8217;una setmana de duraci\u00f3, amb els alumnes d&#8217;ESO que hi estiguin interessats. Aquesta estada al pa\u00eds d&#8217;origen de la llengua anglesa s&#8217;anomena English Culture Week, i \u00e9s una presa de contacte molt interessant i profitosa per als alumnes, ja que tenen l&#8217;oportunitat de tenir contacte directe amb la llengua, els parlants i la cultura angleses.<\/p>\n<p style=\"text-align: justify;\"><span style=\"color: #ff0000;\"><img loading=\"lazy\" decoding=\"async\" class=\"aligncenter size-large wp-image-712\" src=\"http:\/\/agora.xtec.cat\/colsagradafamilia-larapita\/wp-content\/uploads\/usu1161\/2016\/07\/IMG-20150407-WA0003.jpg\" alt=\"IMG-20150407-WA0003\" width=\"550\" height=\"309\" srcset=\"https:\/\/agora.xtec.cat\/colsagradafamilia-larapita\/wp-content\/uploads\/usu1161\/2016\/07\/IMG-20150407-WA0003.jpg 550w, https:\/\/agora.xtec.cat\/colsagradafamilia-larapita\/wp-content\/uploads\/usu1161\/2016\/07\/IMG-20150407-WA0003-300x169.jpg 300w\" sizes=\"auto, (max-width: 550px) 100vw, 550px\" \/><\/span><\/p>\n<p style=\"text-align: justify;\">Per acabar, el nostre centre ha obtingut recentment la certificaci\u00f3 d&#8217;Escola Multiling\u00fce, un reconeixement per totes les activitats que duem a terme per fomentar l&#8217;aprenentatge de l&#8217;angl\u00e8s.<\/p>\n<p style=\"text-align: justify;\"><a href=\"http:\/\/agora.xtec.cat\/colsagradafamilia-larapita\/wp-content\/uploads\/usu1161\/2016\/07\/Logo_multiling.jpg\"><img loading=\"lazy\" decoding=\"async\" class=\"aligncenter wp-image-716\" src=\"http:\/\/agora.xtec.cat\/colsagradafamilia-larapita\/wp-content\/uploads\/usu1161\/2016\/07\/Logo_multiling.jpg\" alt=\"Logo_multiling\" width=\"196\" height=\"183\" \/><\/a><\/p>\n","protected":false},"excerpt":{"rendered":"<p>L&#8217;aprenentatge Integrat de Continguts i Lleng\u00fces Estrangeres (AICLE; en angl\u00e8s, CLIL, Content Language Integrated Learning) proposa que l&#8217;aprenentatge de la llengua estrangera \u00e9s m\u00e9s efectiu a trav\u00e9s de mat\u00e8ries no ling\u00fc\u00edstiques que mitjan\u00e7ant la mat\u00e8ria comuna de llengua anglesa.<br \/>\nDonat que la llengua anglesa \u00e9s la&hellip;  <a href=\"https:\/\/agora.xtec.cat\/colsagradafamilia-larapita\/projectes\/projecte-aicle-clil\/\" title=\"Read Projecte AICLE (CLIL)\">Llegeix m\u00e9s\u00bb<\/a><\/p>\n","protected":false},"author":1,"featured_media":0,"parent":644,"menu_order":50,"comment_status":"closed","ping_status":"closed","template":"page-templates\/side-menu.php","meta":{"_bbp_topic_count":0,"_bbp_reply_count":0,"_bbp_total_topic_count":0,"_bbp_total_reply_count":0,"_bbp_voice_count":0,"_bbp_anonymous_reply_count":0,"_bbp_topic_count_hidden":0,"_bbp_reply_count_hidden":0,"_bbp_forum_subforum_count":0,"footnotes":""},"class_list":["post-637","page","type-page","status-publish","hentry"],"post_mailing_queue_ids":[],"_links":{"self":[{"href":"https:\/\/agora.xtec.cat\/colsagradafamilia-larapita\/wp-json\/wp\/v2\/pages\/637","targetHints":{"allow":["GET"]}}],"collection":[{"href":"https:\/\/agora.xtec.cat\/colsagradafamilia-larapita\/wp-json\/wp\/v2\/pages"}],"about":[{"href":"https:\/\/agora.xtec.cat\/colsagradafamilia-larapita\/wp-json\/wp\/v2\/types\/page"}],"author":[{"embeddable":true,"href":"https:\/\/agora.xtec.cat\/colsagradafamilia-larapita\/wp-json\/wp\/v2\/users\/1"}],"replies":[{"embeddable":true,"href":"https:\/\/agora.xtec.cat\/colsagradafamilia-larapita\/wp-json\/wp\/v2\/comments?post=637"}],"version-history":[{"count":4,"href":"https:\/\/agora.xtec.cat\/colsagradafamilia-larapita\/wp-json\/wp\/v2\/pages\/637\/revisions"}],"predecessor-version":[{"id":873,"href":"https:\/\/agora.xtec.cat\/colsagradafamilia-larapita\/wp-json\/wp\/v2\/pages\/637\/revisions\/873"}],"up":[{"embeddable":true,"href":"https:\/\/agora.xtec.cat\/colsagradafamilia-larapita\/wp-json\/wp\/v2\/pages\/644"}],"wp:attachment":[{"href":"https:\/\/agora.xtec.cat\/colsagradafamilia-larapita\/wp-json\/wp\/v2\/media?parent=637"}],"curies":[{"name":"wp","href":"https:\/\/api.w.org\/{rel}","templated":true}]}}