{"id":585,"date":"2016-07-11T22:00:35","date_gmt":"2016-07-11T21:00:35","guid":{"rendered":"http:\/\/agora.xtec.cat\/colsagradafamilia-larapita\/?page_id=585"},"modified":"2019-04-27T18:37:23","modified_gmt":"2019-04-27T16:37:23","slug":"activitats-complemetaries","status":"publish","type":"page","link":"https:\/\/agora.xtec.cat\/colsagradafamilia-larapita\/serveis\/activitats-complemetaries\/","title":{"rendered":"Activitats complemet\u00e0ries"},"content":{"rendered":"<p style=\"text-align: justify;\">La societat \u00e9s cada vegada m\u00e9s exigent en les seves demandes al sistema educatiu. D&#8217;una banda, es constata un increment de l&#8217;inter\u00e8s de les fam\u00edlies pels temes d&#8217;educaci\u00f3 i, d&#8217;una altra, un augment de la necessitat d&#8217;activitats i de serveis en els centres que permetin compaginar els horaris laborals amb els escolars.<\/p>\n<p style=\"text-align: justify;\">Actualment, les activitats extraescolars, els serveis i les activitats complement\u00e0ries constitueixen una realitat en la majoria dels centres privats; suposen un valor afegit que complementa i contribueix a enriquir l&#8217;oferta educativa que es realitza en horari lectiu i s&#8217;han convertit en un element important per a les fam\u00edlies a l&#8217;hora de triar escola.<\/p>\n<p style=\"text-align: justify;\">Per a la nostra comunitat escolar, les activitats complement\u00e0ries s\u00f3n enteses com un factor important\u00edssim en el desenvolupament el proc\u00e9s d&#8217;aprenentatge de l&#8217;alumnat del centre. \u00c9s per aix\u00f2 que a l&#8217;inici de curs es programa la gran majoria d&#8217;aquestes activitats per tal que es trobin vinculades el m\u00e0xim possible al curr\u00ediculum de l&#8217;alumnat, donant especial import\u00e0ncia a les mat\u00e8ries instrumentals, com s\u00f3n les matem\u00e0tiques i les lleng\u00fces i, dintre d&#8217;aquestes, donem especial import\u00e0ncia a la llengua anglesa.<\/p>\n","protected":false},"excerpt":{"rendered":"<p>La societat \u00e9s cada vegada m\u00e9s exigent en les seves demandes al sistema educatiu. D&#8217;una banda, es constata un increment de l&#8217;inter\u00e8s de les fam\u00edlies pels temes d&#8217;educaci\u00f3 i, d&#8217;una altra, un augment de la necessitat d&#8217;activitats i de serveis en els centres que permetin&hellip;  <a href=\"https:\/\/agora.xtec.cat\/colsagradafamilia-larapita\/serveis\/activitats-complemetaries\/\" title=\"Read Activitats complemet\u00e0ries\">Llegeix m\u00e9s\u00bb<\/a><\/p>\n","protected":false},"author":1,"featured_media":0,"parent":63,"menu_order":42,"comment_status":"closed","ping_status":"closed","template":"page-templates\/side-menu.php","meta":{"_bbp_topic_count":0,"_bbp_reply_count":0,"_bbp_total_topic_count":0,"_bbp_total_reply_count":0,"_bbp_voice_count":0,"_bbp_anonymous_reply_count":0,"_bbp_topic_count_hidden":0,"_bbp_reply_count_hidden":0,"_bbp_forum_subforum_count":0,"footnotes":""},"class_list":["post-585","page","type-page","status-publish","hentry"],"post_mailing_queue_ids":[],"_links":{"self":[{"href":"https:\/\/agora.xtec.cat\/colsagradafamilia-larapita\/wp-json\/wp\/v2\/pages\/585","targetHints":{"allow":["GET"]}}],"collection":[{"href":"https:\/\/agora.xtec.cat\/colsagradafamilia-larapita\/wp-json\/wp\/v2\/pages"}],"about":[{"href":"https:\/\/agora.xtec.cat\/colsagradafamilia-larapita\/wp-json\/wp\/v2\/types\/page"}],"author":[{"embeddable":true,"href":"https:\/\/agora.xtec.cat\/colsagradafamilia-larapita\/wp-json\/wp\/v2\/users\/1"}],"replies":[{"embeddable":true,"href":"https:\/\/agora.xtec.cat\/colsagradafamilia-larapita\/wp-json\/wp\/v2\/comments?post=585"}],"version-history":[{"count":3,"href":"https:\/\/agora.xtec.cat\/colsagradafamilia-larapita\/wp-json\/wp\/v2\/pages\/585\/revisions"}],"predecessor-version":[{"id":3068,"href":"https:\/\/agora.xtec.cat\/colsagradafamilia-larapita\/wp-json\/wp\/v2\/pages\/585\/revisions\/3068"}],"up":[{"embeddable":true,"href":"https:\/\/agora.xtec.cat\/colsagradafamilia-larapita\/wp-json\/wp\/v2\/pages\/63"}],"wp:attachment":[{"href":"https:\/\/agora.xtec.cat\/colsagradafamilia-larapita\/wp-json\/wp\/v2\/media?parent=585"}],"curies":[{"name":"wp","href":"https:\/\/api.w.org\/{rel}","templated":true}]}}