{"id":5513,"date":"2024-01-18T19:00:41","date_gmt":"2024-01-18T18:00:41","guid":{"rendered":"https:\/\/agora.xtec.cat\/colsagradafamilia-larapita\/?page_id=5513"},"modified":"2025-02-04T17:39:04","modified_gmt":"2025-02-04T16:39:04","slug":"metodologies-2","status":"publish","type":"page","link":"https:\/\/agora.xtec.cat\/colsagradafamilia-larapita\/educacio-infantil\/metodologies-2\/","title":{"rendered":"Metodologies"},"content":{"rendered":"<p style=\"text-align: justify;\">Les\u00a0metodologies que l\u2019equip docent utilitza per facilitar l\u2019aprenentatge tenen com a finalitat el desenvolupament cognitiu, motriu, socioemocional i art\u00edstic dels infants.<\/p>\n<p style=\"text-align: justify;\">S&#8217;aposta per la combinaci\u00f3 \u00e0mplia de recursos tradicionals amb metodologies actives i innovadores que fomenten la m\u00e0xima participaci\u00f3 dels petits en l&#8217;exploraci\u00f3 i descoberta de l&#8217;entorn amb inter\u00e8s i curiositat, generant din\u00e0miques de joc per potenciar la motivaci\u00f3, la concentraci\u00f3 i l&#8217;esfor\u00e7, tot donant valor al desenvolupament emcional pel que fa a l&#8217;adquisici\u00f3 de confian\u00e7a i seguretat i tamb\u00e9, pel que fa amb la interacci\u00f3 i relaci\u00f3 amb els altres. Tot aix\u00f2, establint al mateix temps mesures universals i d&#8217;atenci\u00f3 a la diversitat vetllant per la inclusi\u00f3.<\/p>\n<table style=\"height: 1454px; width: 101.204%; border-style: none;\">\n<tbody>\n<tr style=\"height: 115px;\">\n<td style=\"width: 31.4191%; height: 53px; border-style: none; text-align: center; vertical-align: middle;\"><iframe loading=\"lazy\" src=\"https:\/\/drive.google.com\/file\/d\/10m2h2EWG_nbYcVJPAhv2rrJoP9eypcRW\/preview\" width=\"640\" height=\"480\"><\/iframe><\/td>\n<td style=\"width: 31.6847%; height: 53px; border-style: none;\"><iframe loading=\"lazy\" src=\"https:\/\/drive.google.com\/file\/d\/1GyGhMypliQp0q9jSsrMVpeZ0pykL85vY\/preview\" width=\"640\" height=\"480\"><\/iframe><\/td>\n<\/tr>\n<tr style=\"height: 115px;\">\n<td style=\"width: 31.4191%; height: 53px; border-style: none; text-align: center; vertical-align: middle;\">\n<h4><strong><span style=\"color: #3366ff;\">Ludificaci\u00f3 i gamificaci\u00f3 amb Memoryteca<\/span><\/strong><\/h4>\n<\/td>\n<td style=\"width: 31.6847%; height: 53px; border-style: none; text-align: center;\">\n<h4><strong><span style=\"color: #3366ff;\">Joc simb\u00f2lic<\/span><\/strong><\/h4>\n<\/td>\n<\/tr>\n<tr style=\"height: 31px;\">\n<td style=\"width: 31.4191%; border-style: none; height: 10px;\"><iframe loading=\"lazy\" src=\"https:\/\/drive.google.com\/file\/d\/1h1wuKYKWd6Uqo0XqN11jZeB461HEC3M6\/preview\" width=\"640\" height=\"480\"><\/iframe><\/td>\n<td style=\"width: 31.6847%; border-style: none; height: 10px;\"><iframe loading=\"lazy\" src=\"https:\/\/drive.google.com\/file\/d\/14uvylJL4mi9NXmyRoEIzim_S25b_UdaB\/preview\" width=\"640\" height=\"480\"><\/iframe><\/td>\n<\/tr>\n<tr style=\"height: 115px;\">\n<td style=\"width: 31.4191%; height: 53px; border-style: none; vertical-align: middle; text-align: center;\">\n<h4><strong><span style=\"color: #3366ff;\">Psicomotricitat de Bernand Aucouturier<\/span><\/strong><\/h4>\n<\/td>\n<td style=\"width: 31.6847%; height: 53px; border-style: none; text-align: center;\">\n<h4><strong><span style=\"color: #3366ff;\">Art thinking<\/span><\/strong><\/h4>\n<\/td>\n<\/tr>\n<tr style=\"height: 546px;\">\n<td style=\"width: 31.4191%; border-style: none; vertical-align: middle; text-align: center; height: 546px;\">\n<h4><strong><span style=\"color: #3366ff;\"><iframe loading=\"lazy\" src=\"https:\/\/drive.google.com\/file\/d\/10WnHoNvgnXc8ieun-QwZD3n-1MWCR6Ff\/preview\" width=\"640\" height=\"480\"><\/iframe><\/span><\/strong><\/h4>\n<\/td>\n<td style=\"width: 31.6847%; border-style: none; text-align: center; height: 546px;\">\n<h4><strong><span style=\"color: #3366ff;\"><iframe loading=\"lazy\" src=\"https:\/\/drive.google.com\/file\/d\/1avvBJ7BLDWLuxuzF826f24rfvgojbXsZ\/preview\" width=\"640\" height=\"480\"><\/iframe><\/span><\/strong><\/h4>\n<\/td>\n<\/tr>\n<tr style=\"height: 96px;\">\n<td style=\"width: 31.4191%; border-style: none; vertical-align: middle; text-align: center; height: 10px;\">\n<h4><strong><span style=\"color: #3366ff;\">Tallers internivells<\/span><\/strong><\/h4>\n<\/td>\n<td style=\"width: 31.6847%; border-style: none; text-align: center; height: 10px;\">\n<h4><strong><span style=\"color: #3366ff;\">Tallers de contacontes<\/span><\/strong><strong><span style=\"color: #3366ff;\">\u00a0<\/span><\/strong><\/h4>\n<\/td>\n<\/tr>\n<tr style=\"height: 546px;\">\n<td style=\"width: 31.4191%; border-style: none; height: 546px;\">\n<h4 style=\"text-align: center;\"><strong><span style=\"color: #3366ff;\"><iframe loading=\"lazy\" src=\"https:\/\/drive.google.com\/file\/d\/1gpY4beVe9hV3rGOAV3pN5CLmC_XT91Vq\/preview\" width=\"640\" height=\"480\"><\/iframe><\/span><\/strong><\/h4>\n<\/td>\n<td style=\"width: 31.6847%; border-style: none; height: 546px;\"><iframe loading=\"lazy\" src=\"https:\/\/drive.google.com\/file\/d\/1KA_OSg23_5RPEqLVL0rUXOu3GHKUKt3l\/preview\" width=\"640\" height=\"480\"><\/iframe><\/td>\n<\/tr>\n<tr style=\"height: 31px;\">\n<td style=\"width: 31.4191%; border-style: none; height: 10px;\">\n<h4 style=\"text-align: center;\"><strong><span style=\"color: #3366ff;\">Racons<\/span><\/strong><\/h4>\n<\/td>\n<td style=\"width: 31.6847%; border-style: none; height: 10px;\">\n<h4 style=\"text-align: center;\"><strong><span style=\"color: #3366ff;\">Geometria a trav\u00e9s de l&#8217;art<\/span><\/strong><\/h4>\n<\/td>\n<\/tr>\n<tr style=\"height: 31px;\">\n<td style=\"width: 31.4191%; border-style: none; height: 31px;\"><\/td>\n<td style=\"width: 31.6847%; border-style: none; height: 31px;\"><\/td>\n<\/tr>\n<tr style=\"height: 31px;\">\n<td style=\"width: 31.4191%; border-style: none; height: 31px; text-align: center;\"><\/td>\n<td style=\"width: 31.6847%; border-style: none; height: 31px; text-align: center;\"><\/td>\n<\/tr>\n<tr style=\"height: 58px;\">\n<td style=\"width: 31.4191%; border-style: none; vertical-align: middle; text-align: center; height: 58px;\"><\/td>\n<td style=\"width: 31.6847%; border-style: none; text-align: center; height: 58px;\"><\/td>\n<\/tr>\n<tr style=\"height: 115px;\">\n<td style=\"width: 31.4191%; height: 53px; border-style: none; vertical-align: middle; text-align: center;\"><\/td>\n<td style=\"width: 31.6847%; height: 53px; border-style: none; text-align: center;\"><\/td>\n<\/tr>\n<\/tbody>\n<\/table>\n<table style=\"height: 63px; width: 101.204%; border-style: none;\">\n<tbody>\n<tr style=\"height: 115px;\">\n<td style=\"width: 31.4191%; height: 53px; border-style: none; text-align: center; vertical-align: middle;\"><\/td>\n<td style=\"width: 31.6847%; height: 53px; border-style: none;\"><\/td>\n<\/tr>\n<\/tbody>\n<\/table>\n","protected":false},"excerpt":{"rendered":"<p>Les\u00a0metodologies que l\u2019equip docent utilitza per facilitar l\u2019aprenentatge tenen com a finalitat el desenvolupament cognitiu, motriu, socioemocional i art\u00edstic dels infants.<br \/>\nS&#8217;aposta per la combinaci\u00f3 \u00e0mplia de recursos tradicionals amb metodologies actives i innovadores que fomenten la m\u00e0xima participaci\u00f3 dels petits en l&#8217;exploraci\u00f3 i descoberta de&hellip;  <a href=\"https:\/\/agora.xtec.cat\/colsagradafamilia-larapita\/educacio-infantil\/metodologies-2\/\" title=\"Read Metodologies\">Llegeix m\u00e9s\u00bb<\/a><\/p>\n","protected":false},"author":1,"featured_media":0,"parent":5494,"menu_order":912,"comment_status":"closed","ping_status":"closed","template":"page-templates\/side-menu.php","meta":{"_bbp_topic_count":0,"_bbp_reply_count":0,"_bbp_total_topic_count":0,"_bbp_total_reply_count":0,"_bbp_voice_count":0,"_bbp_anonymous_reply_count":0,"_bbp_topic_count_hidden":0,"_bbp_reply_count_hidden":0,"_bbp_forum_subforum_count":0,"footnotes":""},"class_list":["post-5513","page","type-page","status-publish","hentry"],"post_mailing_queue_ids":[],"_links":{"self":[{"href":"https:\/\/agora.xtec.cat\/colsagradafamilia-larapita\/wp-json\/wp\/v2\/pages\/5513","targetHints":{"allow":["GET"]}}],"collection":[{"href":"https:\/\/agora.xtec.cat\/colsagradafamilia-larapita\/wp-json\/wp\/v2\/pages"}],"about":[{"href":"https:\/\/agora.xtec.cat\/colsagradafamilia-larapita\/wp-json\/wp\/v2\/types\/page"}],"author":[{"embeddable":true,"href":"https:\/\/agora.xtec.cat\/colsagradafamilia-larapita\/wp-json\/wp\/v2\/users\/1"}],"replies":[{"embeddable":true,"href":"https:\/\/agora.xtec.cat\/colsagradafamilia-larapita\/wp-json\/wp\/v2\/comments?post=5513"}],"version-history":[{"count":6,"href":"https:\/\/agora.xtec.cat\/colsagradafamilia-larapita\/wp-json\/wp\/v2\/pages\/5513\/revisions"}],"predecessor-version":[{"id":6120,"href":"https:\/\/agora.xtec.cat\/colsagradafamilia-larapita\/wp-json\/wp\/v2\/pages\/5513\/revisions\/6120"}],"up":[{"embeddable":true,"href":"https:\/\/agora.xtec.cat\/colsagradafamilia-larapita\/wp-json\/wp\/v2\/pages\/5494"}],"wp:attachment":[{"href":"https:\/\/agora.xtec.cat\/colsagradafamilia-larapita\/wp-json\/wp\/v2\/media?parent=5513"}],"curies":[{"name":"wp","href":"https:\/\/api.w.org\/{rel}","templated":true}]}}