{"id":4850,"date":"2023-02-08T12:54:36","date_gmt":"2023-02-08T11:54:36","guid":{"rendered":"https:\/\/agora.xtec.cat\/colsagradafamilia-larapita\/?page_id=4850"},"modified":"2023-02-21T17:23:03","modified_gmt":"2023-02-21T16:23:03","slug":"estrategia-digital-de-centre","status":"publish","type":"page","link":"https:\/\/agora.xtec.cat\/colsagradafamilia-larapita\/estrategia-digital-de-centre\/","title":{"rendered":"Estrat\u00e8gia Digital de Centre"},"content":{"rendered":"<p style=\"text-align: justify;\">L\u2019Estrat\u00e8gia Digital de Centre (EDC) defineix i concreta les l\u00ednies d\u2019actuaci\u00f3 per tal de fer possible que docents, alumnat i centre educatiu assoleixin la compet\u00e8ncia digital. Per aconseguir aquesta compet\u00e8ncia digital, l\u2019EDC compr\u00e8n tots els \u00e0mbits del centre: organitzatius, metodol\u00f2gics, curriculars i comunicatius, els quals s\u2019han de veure necess\u00e0riament implicats i, si escau, transformats, des d\u2019una perspectiva d\u2019innovaci\u00f3 i de millora cont\u00ednua.<\/p>\n<p style=\"text-align: justify;\">Per aix\u00f2, tal com indica el Pla d\u2019Educaci\u00f3 Digital de Catalunya (PEDC) cal impulsar l\u2019\u00fas educatiu de la tecnologia per a l\u2019\u00e8xit educatiu i social, en el marc de la transformaci\u00f3 educativa.<\/p>\n<p style=\"text-align: justify;\">Per tant, els centres han de concretar l\u2019Estrat\u00e8gia Digital de Centre (EDC), tot tenint en compte les publicacions del Departament d\u2019Educaci\u00f3 sobre les orientacions per a l\u2019avaluaci\u00f3 de la compet\u00e8ncia digital de l\u2019alumnat (Infantil, Prim\u00e0ria i Secund\u00e0ria), els documents de suport per a la implementaci\u00f3 de les compet\u00e8ncies digitals que complementen el curr\u00edculum en l\u2019\u00e0mbit dels aprenentatges vinculats a les compet\u00e8ncies digitals\u00a0 el document de compet\u00e8ncies del professorat.<\/p>\n<p style=\"text-align: justify;\"><a href=\"https:\/\/agora.xtec.cat\/colsagradafamilia-larapita\/wp-content\/uploads\/usu1161\/2023\/02\/estrategia-digital.png\"><img loading=\"lazy\" decoding=\"async\" class=\"aligncenter size-full wp-image-4855\" src=\"https:\/\/agora.xtec.cat\/colsagradafamilia-larapita\/wp-content\/uploads\/usu1161\/2023\/02\/estrategia-digital.png\" alt=\"\" width=\"235\" height=\"215\" \/><\/a><\/p>\n","protected":false},"excerpt":{"rendered":"<p>L\u2019Estrat\u00e8gia Digital de Centre (EDC) defineix i concreta les l\u00ednies d\u2019actuaci\u00f3 per tal de fer possible que docents, alumnat i centre educatiu assoleixin la compet\u00e8ncia digital. Per aconseguir aquesta compet\u00e8ncia digital, l\u2019EDC compr\u00e8n tots els \u00e0mbits del centre: organitzatius, metodol\u00f2gics, curriculars i comunicatius, els quals&hellip;  <a href=\"https:\/\/agora.xtec.cat\/colsagradafamilia-larapita\/estrategia-digital-de-centre\/\" title=\"Read Estrat\u00e8gia Digital de Centre\">Llegeix m\u00e9s\u00bb<\/a><\/p>\n","protected":false},"author":1,"featured_media":0,"parent":0,"menu_order":111,"comment_status":"closed","ping_status":"closed","template":"page-templates\/side-menu.php","meta":{"_bbp_topic_count":0,"_bbp_reply_count":0,"_bbp_total_topic_count":0,"_bbp_total_reply_count":0,"_bbp_voice_count":0,"_bbp_anonymous_reply_count":0,"_bbp_topic_count_hidden":0,"_bbp_reply_count_hidden":0,"_bbp_forum_subforum_count":0,"footnotes":""},"class_list":["post-4850","page","type-page","status-publish","hentry"],"post_mailing_queue_ids":[],"_links":{"self":[{"href":"https:\/\/agora.xtec.cat\/colsagradafamilia-larapita\/wp-json\/wp\/v2\/pages\/4850","targetHints":{"allow":["GET"]}}],"collection":[{"href":"https:\/\/agora.xtec.cat\/colsagradafamilia-larapita\/wp-json\/wp\/v2\/pages"}],"about":[{"href":"https:\/\/agora.xtec.cat\/colsagradafamilia-larapita\/wp-json\/wp\/v2\/types\/page"}],"author":[{"embeddable":true,"href":"https:\/\/agora.xtec.cat\/colsagradafamilia-larapita\/wp-json\/wp\/v2\/users\/1"}],"replies":[{"embeddable":true,"href":"https:\/\/agora.xtec.cat\/colsagradafamilia-larapita\/wp-json\/wp\/v2\/comments?post=4850"}],"version-history":[{"count":4,"href":"https:\/\/agora.xtec.cat\/colsagradafamilia-larapita\/wp-json\/wp\/v2\/pages\/4850\/revisions"}],"predecessor-version":[{"id":4858,"href":"https:\/\/agora.xtec.cat\/colsagradafamilia-larapita\/wp-json\/wp\/v2\/pages\/4850\/revisions\/4858"}],"wp:attachment":[{"href":"https:\/\/agora.xtec.cat\/colsagradafamilia-larapita\/wp-json\/wp\/v2\/media?parent=4850"}],"curies":[{"name":"wp","href":"https:\/\/api.w.org\/{rel}","templated":true}]}}