{"id":69,"date":"2014-09-18T10:15:07","date_gmt":"2014-09-18T09:15:07","guid":{"rendered":"http:\/\/agora.xtec.cat\/colribas\/?page_id=69"},"modified":"2025-06-03T08:47:14","modified_gmt":"2025-06-03T06:47:14","slug":"https-agora-xtec-cat-colribas-wp-content-uploads-usu945-2019-01-menu-2ntrimestre-2018-19-campoestela-pdf","status":"publish","type":"page","link":"https:\/\/agora.xtec.cat\/colribas\/serveis\/https-agora-xtec-cat-colribas-wp-content-uploads-usu945-2019-01-menu-2ntrimestre-2018-19-campoestela-pdf\/","title":{"rendered":"Menjador Escolar"},"content":{"rendered":"<p style=\"color: #000000; text-align: justify;\"><span style=\"font-family: 'book antiqua', palatino, serif; font-size: 20px;\">El servei de menjador l&#8217;ofereix l&#8217;empresa <em>Campos Estela.<\/em><\/span><\/p>\n<p><span style=\"font-family: 'book antiqua', palatino, serif; font-size: 20px;\">L&#8217;horari d&#8217;atenci\u00f3 telef\u00f2nica de la coordinadora \u00e9s de dilluns a divendres de 10 a 10:30h. (639.286.528)<\/span><\/p>\n<p style=\"color: #000000; text-align: justify;\"><span style=\"font-family: 'book antiqua', palatino, serif; font-size: 20px;\"><strong>Preu fix<\/strong>: 8,50\u20ac\/dia\u00a0<\/span><\/p>\n<p style=\"color: #000000; text-align: justify;\"><span style=\"font-family: 'book antiqua', palatino, serif; font-size: 20px;\"><strong>Preu espor\u00e0dic<\/strong>: 9,00\u20ac\/dia<\/span><\/p>\n<p><span style=\"font-family: 'book antiqua', palatino, serif; font-size: 20px;\">Per altes i baixes di\u00e0ries del servei ho podeu fer per whatsapp, per l&#8217;App o per tel\u00e8fon, sempre <strong>abans de les 10:30h<\/strong> del mateix dia.<\/span><\/p>\n<p><span style=\"font-family: 'book antiqua', palatino, serif; font-size: 20px;\">Correu electr\u00f2nic: <strong>menjador.ribas@camposestela.com<\/strong><\/span><\/p>\n<p><a href=\"https:\/\/agora.xtec.cat\/colribas\/wp-content\/uploads\/usu945\/2025\/06\/Menu-Juny.pdf\">Menu\u0301 Juny<\/a><\/p>\n<p>&nbsp;<\/p>\n","protected":false},"excerpt":{"rendered":"<p>El servei de menjador l&#8217;ofereix l&#8217;empresa Campos Estela.<br \/>\nL&#8217;horari d&#8217;atenci\u00f3 telef\u00f2nica de la coordinadora \u00e9s de dilluns a divendres de 10 a 10:30h. (639.286.528)<br \/>\nPreu fix: 8,50\u20ac\/dia\u00a0<br \/>\nPreu espor\u00e0dic: 9,00\u20ac\/dia<br \/>\nPer altes i baixes di\u00e0ries del servei ho podeu fer per whatsapp, per l&#8217;App o per tel\u00e8fon, sempre abans&hellip;  <a href=\"https:\/\/agora.xtec.cat\/colribas\/serveis\/https-agora-xtec-cat-colribas-wp-content-uploads-usu945-2019-01-menu-2ntrimestre-2018-19-campoestela-pdf\/\" title=\"Read Menjador Escolar\">Llegeix m\u00e9s\u00bb<\/a><\/p>\n","protected":false},"author":1,"featured_media":0,"parent":63,"menu_order":2,"comment_status":"closed","ping_status":"closed","template":"page-templates\/side-menu.php","meta":{"_bbp_topic_count":0,"_bbp_reply_count":0,"_bbp_total_topic_count":0,"_bbp_total_reply_count":0,"_bbp_voice_count":0,"_bbp_anonymous_reply_count":0,"_bbp_topic_count_hidden":0,"_bbp_reply_count_hidden":0,"_bbp_forum_subforum_count":0,"footnotes":""},"class_list":["post-69","page","type-page","status-publish","hentry"],"post_mailing_queue_ids":[],"_links":{"self":[{"href":"https:\/\/agora.xtec.cat\/colribas\/wp-json\/wp\/v2\/pages\/69","targetHints":{"allow":["GET"]}}],"collection":[{"href":"https:\/\/agora.xtec.cat\/colribas\/wp-json\/wp\/v2\/pages"}],"about":[{"href":"https:\/\/agora.xtec.cat\/colribas\/wp-json\/wp\/v2\/types\/page"}],"author":[{"embeddable":true,"href":"https:\/\/agora.xtec.cat\/colribas\/wp-json\/wp\/v2\/users\/1"}],"replies":[{"embeddable":true,"href":"https:\/\/agora.xtec.cat\/colribas\/wp-json\/wp\/v2\/comments?post=69"}],"version-history":[{"count":7,"href":"https:\/\/agora.xtec.cat\/colribas\/wp-json\/wp\/v2\/pages\/69\/revisions"}],"predecessor-version":[{"id":6626,"href":"https:\/\/agora.xtec.cat\/colribas\/wp-json\/wp\/v2\/pages\/69\/revisions\/6626"}],"up":[{"embeddable":true,"href":"https:\/\/agora.xtec.cat\/colribas\/wp-json\/wp\/v2\/pages\/63"}],"wp:attachment":[{"href":"https:\/\/agora.xtec.cat\/colribas\/wp-json\/wp\/v2\/media?parent=69"}],"curies":[{"name":"wp","href":"https:\/\/api.w.org\/{rel}","templated":true}]}}