{"id":6574,"date":"2025-04-11T12:34:36","date_gmt":"2025-04-11T10:34:36","guid":{"rendered":"https:\/\/agora.xtec.cat\/colribas\/?page_id=6574"},"modified":"2025-04-24T10:32:44","modified_gmt":"2025-04-24T08:32:44","slug":"xxx-el-gust-per-la-lectura","status":"publish","type":"page","link":"https:\/\/agora.xtec.cat\/colribas\/actualitat\/xxx-el-gust-per-la-lectura\/","title":{"rendered":"XXX Concurs El Gust per la Lectura"},"content":{"rendered":"<p><span style=\"font-family: 'book antiqua', palatino, serif; font-size: 20px;\"><span style=\"font-weight: 400;\">Aquest any, com ja \u00e9s tradici\u00f3 des de fa unes quantes edicions, l\u2019alumnat de prim\u00e0ria de la nostra escola participa amb molta il\u00b7lusi\u00f3 al<\/span><b> \u201cXXX Concurs El Gust per la Lectura\u201d.<\/b><span style=\"font-weight: 400;\"> Aquesta proposta, que impulsa el gust per la lectura i la descoberta de llibres meravellosos, ens ha perm\u00e8s compartir moments de lectura molt especials a cada un dels grups.\u00a0<\/span><\/span><\/p>\n<p><span style=\"font-family: 'book antiqua', palatino, serif; font-size: 20px;\"><span style=\"font-weight: 400;\">En aquesta ocasi\u00f3, hem llegit llibres que giren entorn d\u2019un mateix eix tem\u00e0tic: <\/span><b>els llibres i les biblioteques<\/b><span style=\"font-weight: 400;\">. A trav\u00e9s de les lectures hem pogut descobrir biblioteques d\u2019escola, municipals i fins i tot una que s\u2019amaga en plena selva! Els llibres triats ens han fet viatjar, emocionar-nos i tamb\u00e9 riure, mentre descobr\u00edem aventures insospitades que passen entre prestatgeries plenes de llibres.<\/span><\/span><\/p>\n<p>&nbsp;<\/p>\n<p><span style=\"font-weight: 400; font-family: 'book antiqua', palatino, serif; font-size: 20px;\">Cada cicle ha llegit un llibre diferent, adaptat a la seva edat i interessos, i a partir d\u2019aix\u00f2, hem fet un treball col\u00b7lectiu que volem compartir amb vosaltres:<\/span><\/p>\n<ul>\n<li><span style=\"font-family: 'book antiqua', palatino, serif; font-size: 20px;\"><span style=\"font-family: 'book antiqua', palatino, serif; font-size: 20px;\"><strong><b>L\u2019alumnat de 2n de Cicle Inicial<\/b><span style=\"font-weight: 400;\"> ha llegit <\/span><i><span style=\"font-weight: 400;\">Embolic a la biblioselva<\/span><\/i><span style=\"font-weight: 400;\">, d\u2019Irene Verd\u00fa (La Galera, 2022). \u00c9s una hist\u00f2ria plena d\u2019humor que ens porta a una biblioteca molt especial situada al cor de la selva, on tenen lloc situacions sorprenents. Gr\u00e0cies a aquest conte, hem apr\u00e8s que els llibres poden arribar a qualsevol indret del planeta, fins i tot als llocs m\u00e9s inesperats!<\/span><\/strong><\/span><\/span><br \/>\n<span style=\"font-size: 20px;\"><a href=\"https:\/\/youtu.be\/C-iGXkS8InI\"><span style=\"font-weight: 400;\">TITELLES A LA BIBLIOSELVA<\/span><\/a><\/p>\n<p><\/span><\/li>\n<\/ul>\n<ul>\n<li style=\"font-weight: 400;\" aria-level=\"1\"><span style=\"font-family: 'book antiqua', palatino, serif; font-size: 20px;\"><b>L\u2019alumnat de 1r de Cicle Mitj\u00e0<\/b><span style=\"font-weight: 400;\"> ha gaudit amb la lectura d\u2019<\/span><i><span style=\"font-weight: 400;\">El segrest de la bibliotec\u00e0ria<\/span><\/i><span style=\"font-weight: 400;\">, de Margaret Mahy (Viena, 2018). Aquest llibre ens ha fet reflexionar sobre com estimar els llibres i sobre el poder que t\u00e9 la lectura per canviar les persones, fins i tot aquelles que, al principi, no semblen gaire bones.<br \/>\n<\/span><\/span><span style=\"font-size: 20px;\"><a href=\"https:\/\/youtu.be\/B2Y4BAXLwtU\">EL SEGREST (REAL) DE LA BIBLIOTEC\u00c0RIA!<\/a><\/p>\n<p><\/span><\/li>\n<\/ul>\n<ul>\n<li style=\"font-weight: 400;\" aria-level=\"1\"><span style=\"font-family: 'book antiqua', palatino, serif; font-size: 20px;\"><b>L\u2019alumnat de 1r de Cicle Superior<\/b><span style=\"font-weight: 400;\"> ha llegit <\/span><i><span style=\"font-weight: 400;\">L\u2019Amy i la biblioteca secreta<\/span><\/i><span style=\"font-weight: 400;\">, d\u2019Alan Gratz (Takatuka, 2021), una aventura plena d\u2019acci\u00f3 i misteri, on la llibertat de llegir i d\u2019expressar-se es converteix en el centre de la hist\u00f2ria. Aquest llibre ens ha fet reflexionar sobre la censura i el valor de defensar all\u00f2 que creiem just i veure les biblioteques com a espais de coneixement.<br \/>\n<\/span><\/span><span style=\"font-size: 20px;\"><a style=\"font-family: 'book antiqua', palatino, serif;\" href=\"https:\/\/www.canva.com\/design\/DAGkiu5Mt5E\/2rPPGnF2NBONQCxeLUKrcg\/edit\">A LA RECERCA DE GRANS BIBLIOTEQUES<\/a><\/span><\/li>\n<\/ul>\n<p>&nbsp;<\/p>\n<p><span style=\"font-family: 'book antiqua', palatino, serif; font-size: 20px;\"><b>Esperem que us agradin molt els nostres treballs i que us despertin les ganes de llegir aquestes hist\u00f2ries tan especials.<\/b><span style=\"font-weight: 400;\"> Segur que, com a nosaltres, us faran veure les biblioteques amb nous ulls i a visitar-les ben sovint, ja que estan plenes de tresors!<\/span><\/span><\/p>\n<p>&nbsp;<\/p>\n","protected":false},"excerpt":{"rendered":"<p>Aquest any, com ja \u00e9s tradici\u00f3 des de fa unes quantes edicions, l\u2019alumnat de prim\u00e0ria de la nostra escola participa amb molta il\u00b7lusi\u00f3 al \u201cXXX Concurs El Gust per la Lectura\u201d. Aquesta proposta, que impulsa el gust per la lectura i la descoberta de llibres&hellip;  <a href=\"https:\/\/agora.xtec.cat\/colribas\/actualitat\/xxx-el-gust-per-la-lectura\/\" title=\"Read XXX Concurs El Gust per la Lectura\">Llegeix m\u00e9s\u00bb<\/a><\/p>\n","protected":false},"author":1,"featured_media":0,"parent":1908,"menu_order":5,"comment_status":"closed","ping_status":"closed","template":"page-templates\/side-menu.php","meta":{"_bbp_topic_count":0,"_bbp_reply_count":0,"_bbp_total_topic_count":0,"_bbp_total_reply_count":0,"_bbp_voice_count":0,"_bbp_anonymous_reply_count":0,"_bbp_topic_count_hidden":0,"_bbp_reply_count_hidden":0,"_bbp_forum_subforum_count":0,"footnotes":""},"class_list":["post-6574","page","type-page","status-publish","hentry"],"post_mailing_queue_ids":[],"_links":{"self":[{"href":"https:\/\/agora.xtec.cat\/colribas\/wp-json\/wp\/v2\/pages\/6574","targetHints":{"allow":["GET"]}}],"collection":[{"href":"https:\/\/agora.xtec.cat\/colribas\/wp-json\/wp\/v2\/pages"}],"about":[{"href":"https:\/\/agora.xtec.cat\/colribas\/wp-json\/wp\/v2\/types\/page"}],"author":[{"embeddable":true,"href":"https:\/\/agora.xtec.cat\/colribas\/wp-json\/wp\/v2\/users\/1"}],"replies":[{"embeddable":true,"href":"https:\/\/agora.xtec.cat\/colribas\/wp-json\/wp\/v2\/comments?post=6574"}],"version-history":[{"count":7,"href":"https:\/\/agora.xtec.cat\/colribas\/wp-json\/wp\/v2\/pages\/6574\/revisions"}],"predecessor-version":[{"id":6598,"href":"https:\/\/agora.xtec.cat\/colribas\/wp-json\/wp\/v2\/pages\/6574\/revisions\/6598"}],"up":[{"embeddable":true,"href":"https:\/\/agora.xtec.cat\/colribas\/wp-json\/wp\/v2\/pages\/1908"}],"wp:attachment":[{"href":"https:\/\/agora.xtec.cat\/colribas\/wp-json\/wp\/v2\/media?parent=6574"}],"curies":[{"name":"wp","href":"https:\/\/api.w.org\/{rel}","templated":true}]}}