{"id":642,"date":"2016-05-02T16:39:04","date_gmt":"2016-05-02T15:39:04","guid":{"rendered":"http:\/\/agora.xtec.cat\/colribas\/?page_id=642"},"modified":"2021-11-05T10:21:10","modified_gmt":"2021-11-05T09:21:10","slug":"ampa","status":"publish","type":"page","link":"https:\/\/agora.xtec.cat\/colribas\/ampa\/","title":{"rendered":"AFA"},"content":{"rendered":"<p style=\"text-align: justify;\"><span style=\"font-family: 'book antiqua', palatino, serif; font-size: 24px;\">L&#8217;associaci\u00f3 de fam\u00edlies col\u00b7labora amb el centre per tal de garantir l&#8217;oferta d&#8217;una educaci\u00f3 que promogui el ple desenvolupament de la personalitat dels alumnes d&#8217;acord amb el Projecte Educatiu.<\/span><\/p>\n<p style=\"text-align: justify;\"><span style=\"font-family: 'book antiqua', palatino, serif; font-size: 24px;\">Totes les fam\u00edlies d&#8217;alumnes s\u00f3n convidades a donar-se d&#8217;alta en l&#8217;associaci\u00f3, ja que aix\u00ed podran assolir m\u00e9s f\u00e0cilment les finalitats de l&#8217;escola i de l&#8217;associaci\u00f3, i es facilita la relaci\u00f3 escola-fam\u00edlia.\u00a0<\/span><\/p>\n<p style=\"text-align: justify;\"><span style=\"font-family: 'book antiqua', palatino, serif; font-size: 24px;\">La presid\u00e8ncia i la junta de l&#8217;associaci\u00f3 mantenen una relaci\u00f3 freq\u00fcent amb la Direcci\u00f3 del centre, per tal d&#8217;assegurar la m\u00e0xima col\u00b7laboraci\u00f3 en l&#8217;acci\u00f3 educativa i aix\u00ed aconseguir el m\u00e0xim benefici per als alumnes.<\/span><\/p>\n<p><strong>\u00a0\u00a0\u00a0\u00a0\u00a0\u00a0\u00a0\u00a0\u00a0\u00a0\u00a0\u00a0\u00a0\u00a0\u00a0\u00a0\u00a0\u00a0\u00a0\u00a0\u00a0\u00a0\u00a0\u00a0\u00a0\u00a0\u00a0\u00a0\u00a0\u00a0\u00a0\u00a0\u00a0\u00a0\u00a0\u00a0\u00a0\u00a0\u00a0\u00a0\u00a0\u00a0\u00a0\u00a0\u00a0\u00a0\u00a0\u00a0\u00a0\u00a0\u00a0\u00a0\u00a0\u00a0\u00a0\u00a0\u00a0\u00a0\u00a0\u00a0 <\/strong><\/p>\n","protected":false},"excerpt":{"rendered":"<p>L&#8217;associaci\u00f3 de fam\u00edlies col\u00b7labora amb el centre per tal de garantir l&#8217;oferta d&#8217;una educaci\u00f3 que promogui el ple desenvolupament de la personalitat dels alumnes d&#8217;acord amb el Projecte Educatiu.<br \/>\nTotes les fam\u00edlies d&#8217;alumnes s\u00f3n convidades a donar-se d&#8217;alta en l&#8217;associaci\u00f3, ja que aix\u00ed podran assolir m\u00e9s&hellip;  <a href=\"https:\/\/agora.xtec.cat\/colribas\/ampa\/\" title=\"Read AFA\">Llegeix m\u00e9s\u00bb<\/a><\/p>\n","protected":false},"author":1,"featured_media":0,"parent":0,"menu_order":0,"comment_status":"closed","ping_status":"closed","template":"page-templates\/side-menu.php","meta":{"_bbp_topic_count":0,"_bbp_reply_count":0,"_bbp_total_topic_count":0,"_bbp_total_reply_count":0,"_bbp_voice_count":0,"_bbp_anonymous_reply_count":0,"_bbp_topic_count_hidden":0,"_bbp_reply_count_hidden":0,"_bbp_forum_subforum_count":0,"footnotes":""},"class_list":["post-642","page","type-page","status-publish","hentry"],"post_mailing_queue_ids":[],"_links":{"self":[{"href":"https:\/\/agora.xtec.cat\/colribas\/wp-json\/wp\/v2\/pages\/642","targetHints":{"allow":["GET"]}}],"collection":[{"href":"https:\/\/agora.xtec.cat\/colribas\/wp-json\/wp\/v2\/pages"}],"about":[{"href":"https:\/\/agora.xtec.cat\/colribas\/wp-json\/wp\/v2\/types\/page"}],"author":[{"embeddable":true,"href":"https:\/\/agora.xtec.cat\/colribas\/wp-json\/wp\/v2\/users\/1"}],"replies":[{"embeddable":true,"href":"https:\/\/agora.xtec.cat\/colribas\/wp-json\/wp\/v2\/comments?post=642"}],"version-history":[{"count":4,"href":"https:\/\/agora.xtec.cat\/colribas\/wp-json\/wp\/v2\/pages\/642\/revisions"}],"predecessor-version":[{"id":3565,"href":"https:\/\/agora.xtec.cat\/colribas\/wp-json\/wp\/v2\/pages\/642\/revisions\/3565"}],"wp:attachment":[{"href":"https:\/\/agora.xtec.cat\/colribas\/wp-json\/wp\/v2\/media?parent=642"}],"curies":[{"name":"wp","href":"https:\/\/api.w.org\/{rel}","templated":true}]}}