{"id":57,"date":"2014-09-17T17:01:07","date_gmt":"2014-09-17T17:01:07","guid":{"rendered":"http:\/\/agora.xtec.cat\/colribas\/?page_id=57"},"modified":"2024-01-15T16:30:34","modified_gmt":"2024-01-15T15:30:34","slug":"projecte-educatiu","status":"publish","type":"page","link":"https:\/\/agora.xtec.cat\/colribas\/linstitut\/projecte-educatiu\/","title":{"rendered":"Projecte Educatiu"},"content":{"rendered":"<p style=\"text-align: justify;\"><span style=\"font-weight: 400; font-family: 'book antiqua', palatino, serif; font-size: 20px;\">El nostre <strong>Projecte Educatiu<\/strong> aporta al Centre una identitat pr\u00f2pia. Segons el nostre ideari, la finalitat primordial de l\u2019educaci\u00f3 en el nostre centre \u00e9s la <strong>formaci\u00f3 integral de l\u2019alumnat<\/strong> en la seva triple dimensi\u00f3: personal, social i religiosa, des d\u2019una concepci\u00f3 cristiana de la vida. El centre imparteix la Religi\u00f3 Cat\u00f2lica, sempre amb el respecte envers la llibertat del que professi una altra religi\u00f3.<\/span><\/p>\n<p style=\"text-align: justify;\"><span style=\"font-weight: 400; font-family: 'book antiqua', palatino, serif; font-size: 20px;\">El desenvolupament i\u00a0 la <strong>consolidaci\u00f3 de la pr\u00f2pia personalitat i l\u2019adquisici\u00f3 de la llibertat responsable<\/strong> s\u00f3n pilars de la nostra identitat. L\u2019educaci\u00f3 en la seva dimensi\u00f3 democr\u00e0tica, \u00e9s a dir, en el respecte cap als altres, i en el sentit ple de la solidaritat amb la comunitat humana a favor de la just\u00edcia i del b\u00e9 com\u00fa.<\/span><\/p>\n<p style=\"text-align: justify;\"><span style=\"font-weight: 400; font-family: 'book antiqua', palatino, serif; font-size: 20px;\">L\u2019objectiu principal \u00e9s aportar a l&#8217;alumnat una <strong>educaci\u00f3 basada en valors<\/strong> que fomentin els h\u00e0bits del respecte, la toler\u00e0ncia, la responsabilitat, la puntualitat, una bona conviv\u00e8ncia, la participaci\u00f3, l\u2019esperit cr\u00edtic, la sinceritat, la capacitat de decisi\u00f3, discussi\u00f3 i la capacitat de resoldre qualsevol situaci\u00f3, aportant idees i solucions. <\/span><\/p>\n<p style=\"text-align: justify;\"><span style=\"font-weight: 400; font-family: 'book antiqua', palatino, serif; font-size: 20px;\">L\u2019alumnat, des de ben petit, adquireix rutines positives que mica en mica es converteixen en <strong>h\u00e0bits adquirits<\/strong> i que culminen amb el pas del temps en aquests <strong>valors assolits<\/strong>. Promovem en tot moment <strong>l\u2019esfor\u00e7<\/strong> com a element clau del proc\u00e9s d\u2019aprenentatge i la <strong>superaci\u00f3<\/strong> personal que afavoreix la seva <strong>l\u2019autoestima<\/strong>.\u00a0 Ens esforcem perqu\u00e8 arribin a ser persones <strong>\u00edntegres<\/strong>, <strong>ciutadans i ciutadanes lliures<\/strong> i <strong>responsables<\/strong> i <strong>professionals competents<\/strong>.<\/span><\/p>\n<p style=\"text-align: justify;\"><span style=\"font-weight: 400; font-family: 'book antiqua', palatino, serif; font-size: 20px;\">Finalment, a m\u00e9s d\u2019una bona formaci\u00f3 de la persona com un dels nostres pilars fonamentals, treballem per aconseguir <strong>l&#8217;exel\u00b7l\u00e8ncia acad\u00e8mica<\/strong> en totes les \u00e0rees de coneixement. El Centre aposta clarament per la <strong>integraci\u00f3 de les noves tecnologies<\/strong> i les <strong>lleng\u00fces estrangeres<\/strong> en les metodologies per l\u2019adquisici\u00f3 de les <strong>compet\u00e8ncies b\u00e0siques<\/strong>. <\/span><\/p>\n<p style=\"text-align: justify;\"><span style=\"font-weight: 400; font-family: 'book antiqua', palatino, serif; font-size: 20px;\">Dins del nostre <strong>projecte ling\u00fc\u00edstic<\/strong>, es contemplen les quatre lleng\u00fces treballades a l\u2019escola. Es garanteix la compet\u00e8ncia tant en llengua catalana com en llengua castellana, i es potencia el domini de l\u2019angl\u00e8s i el coneixement d\u2019una segona llengua estrangera (franc\u00e8s).<\/span><\/p>\n","protected":false},"excerpt":{"rendered":"<p>El nostre Projecte Educatiu aporta al Centre una identitat pr\u00f2pia. Segons el nostre ideari, la finalitat primordial de l\u2019educaci\u00f3 en el nostre centre \u00e9s la formaci\u00f3 integral de l\u2019alumnat en la seva triple dimensi\u00f3: personal, social i religiosa, des d\u2019una concepci\u00f3 cristiana de la vida.&hellip;  <a href=\"https:\/\/agora.xtec.cat\/colribas\/linstitut\/projecte-educatiu\/\" title=\"Read Projecte Educatiu\">Llegeix m\u00e9s\u00bb<\/a><\/p>\n","protected":false},"author":1,"featured_media":0,"parent":19,"menu_order":1,"comment_status":"closed","ping_status":"closed","template":"page-templates\/side-menu.php","meta":{"_bbp_topic_count":0,"_bbp_reply_count":0,"_bbp_total_topic_count":0,"_bbp_total_reply_count":0,"_bbp_voice_count":0,"_bbp_anonymous_reply_count":0,"_bbp_topic_count_hidden":0,"_bbp_reply_count_hidden":0,"_bbp_forum_subforum_count":0,"footnotes":""},"class_list":["post-57","page","type-page","status-publish","hentry"],"post_mailing_queue_ids":[],"_links":{"self":[{"href":"https:\/\/agora.xtec.cat\/colribas\/wp-json\/wp\/v2\/pages\/57","targetHints":{"allow":["GET"]}}],"collection":[{"href":"https:\/\/agora.xtec.cat\/colribas\/wp-json\/wp\/v2\/pages"}],"about":[{"href":"https:\/\/agora.xtec.cat\/colribas\/wp-json\/wp\/v2\/types\/page"}],"author":[{"embeddable":true,"href":"https:\/\/agora.xtec.cat\/colribas\/wp-json\/wp\/v2\/users\/1"}],"replies":[{"embeddable":true,"href":"https:\/\/agora.xtec.cat\/colribas\/wp-json\/wp\/v2\/comments?post=57"}],"version-history":[{"count":5,"href":"https:\/\/agora.xtec.cat\/colribas\/wp-json\/wp\/v2\/pages\/57\/revisions"}],"predecessor-version":[{"id":5494,"href":"https:\/\/agora.xtec.cat\/colribas\/wp-json\/wp\/v2\/pages\/57\/revisions\/5494"}],"up":[{"embeddable":true,"href":"https:\/\/agora.xtec.cat\/colribas\/wp-json\/wp\/v2\/pages\/19"}],"wp:attachment":[{"href":"https:\/\/agora.xtec.cat\/colribas\/wp-json\/wp\/v2\/media?parent=57"}],"curies":[{"name":"wp","href":"https:\/\/api.w.org\/{rel}","templated":true}]}}