{"id":5458,"date":"2024-01-15T15:24:06","date_gmt":"2024-01-15T14:24:06","guid":{"rendered":"https:\/\/agora.xtec.cat\/colribas\/?page_id=5458"},"modified":"2024-01-15T16:34:20","modified_gmt":"2024-01-15T15:34:20","slug":"valors","status":"publish","type":"page","link":"https:\/\/agora.xtec.cat\/colribas\/linstitut\/valors\/","title":{"rendered":"Valors"},"content":{"rendered":"<p><strong><span style=\"color: #000000; font-family: 'book antiqua', palatino, serif; font-size: 20px;\">Els nostres Valors:\u00a0 Com som?<\/span><\/strong><\/p>\n<p style=\"text-align: justify;\"><span style=\"color: #000000; font-family: 'book antiqua', palatino, serif; font-size: 20px;\">Per aconseguir la nostra missi\u00f3 treballem els valors humans com a pilars de la formaci\u00f3 integral del nostre alumnat. Els valors m\u00e9s significatius que configuren la nostra identitat i ens orienten davant les decisions o reptes de futur s\u00f3n els seg\u00fcents:<\/span><\/p>\n<ul style=\"text-align: justify;\">\n<li><span style=\"color: #000000; font-family: 'book antiqua', palatino, serif; font-size: 20px;\">Llibertat responsable, fomentant la llibertat de pensament i expressi\u00f3 tot promovent la responsabilitat individual alhora que es fan paleses les implicacions \u00e8tiques i socials de les nostres accions.<\/span><\/li>\n<li><span style=\"color: #000000; font-family: 'book antiqua', palatino, serif; font-size: 20px;\">\u00c8tica i responsabilitat social, inculcant principis \u00e8tics s\u00f2lids i la responsabilitat social en les nostres accions di\u00e0ries per contribuir sempre al benestar col.lectiu.<\/span><\/li>\n<li><span style=\"color: #000000; font-family: 'book antiqua', palatino, serif; font-size: 20px;\">Excel\u00b7l\u00e8ncia acad\u00e8mica i desenvolupament integral, exigint-nos sempre la qualitat i la millora educativa, i conreant habilitats socials, emocionals i \u00e8tiques que preparin als i les alumnes a enfrontar els desafiaments de la vida amb confian\u00e7a i resili\u00e8ncia.<\/span><\/li>\n<li><span style=\"color: #000000; font-family: 'book antiqua', palatino, serif; font-size: 20px;\">Autonomia, esfor\u00e7 i dedicaci\u00f3 a la feina ben feta.<\/span><\/li>\n<li><span style=\"color: #000000; font-family: 'book antiqua', palatino, serif; font-size: 20px;\">Cerca de la veritat, di\u00e0leg, coher\u00e8ncia, objectivitat i sentit cr\u00edtic.<\/span><\/li>\n<li><span style=\"color: #000000; font-family: 'book antiqua', palatino, serif; font-size: 20px;\">Acceptaci\u00f3, solidaritat i comprom\u00eds.<\/span><\/li>\n<li><span style=\"color: #000000; font-family: 'book antiqua', palatino, serif; font-size: 20px;\">Est\u00edmul de la curiositat cultural i de la creativitat.<\/span><\/li>\n<li><span style=\"color: #000000; font-family: 'book antiqua', palatino, serif; font-size: 20px;\">Participaci\u00f3 respectuosa, positiva i responsable.<\/span><\/li>\n<li><span style=\"color: #000000; font-family: 'book antiqua', palatino, serif; font-size: 20px;\">Proximitat i cordialitat en el tracte, contribuint aix\u00ed al benestar dels infants i a la millora de la qualitat en l\u2019experi\u00e8ncia educativa. A m\u00e9s, la familiaritat en el centre possibilita relacions m\u00e9s positives que permeten construir ponts entre escola i fam\u00edlia, enfortint aix\u00ed la connexi\u00f3 entre les dues parts i afavorint significativament l\u2019\u00e8xit educatiu del nostre alumnat.<\/span><\/li>\n<li><span style=\"color: #000000; font-family: 'book antiqua', palatino, serif; font-size: 20px;\">Sostenibilitat i consci\u00e8ncia ambiental, contribuint a la preservaci\u00f3 del medi ambient i la construcci\u00f3 d\u2019un m\u00f3n m\u00e9s sostenible.<\/span><\/li>\n<\/ul>\n<p style=\"text-align: justify;\"><span style=\"color: #000000; font-family: 'book antiqua', palatino, serif; font-size: 20px;\">El Claustre de professors i professores i la Direcci\u00f3 del Centre accepta i assumeix la responsabilitat de participar activament en la millora de la qualitat i en la consecuci\u00f3 dels objectius establerts per tal de complir la missi\u00f3 que tenim encomanada.<\/span><\/p>\n","protected":false},"excerpt":{"rendered":"<p>Els nostres Valors:\u00a0 Com som?<br \/>\nPer aconseguir la nostra missi\u00f3 treballem els valors humans com a pilars de la formaci\u00f3 integral del nostre alumnat. Els valors m\u00e9s significatius que configuren la nostra identitat i ens orienten davant les decisions o reptes de futur s\u00f3n els seg\u00fcents:\n<ul&hellip;  <a href=\"https:\/\/agora.xtec.cat\/colribas\/linstitut\/valors\/\" title=\"Read Valors\">Llegeix m\u00e9s\u00bb<\/a><\/p>\n","protected":false},"author":1,"featured_media":0,"parent":19,"menu_order":7,"comment_status":"closed","ping_status":"closed","template":"page-templates\/side-menu.php","meta":{"_bbp_topic_count":0,"_bbp_reply_count":0,"_bbp_total_topic_count":0,"_bbp_total_reply_count":0,"_bbp_voice_count":0,"_bbp_anonymous_reply_count":0,"_bbp_topic_count_hidden":0,"_bbp_reply_count_hidden":0,"_bbp_forum_subforum_count":0,"footnotes":""},"class_list":["post-5458","page","type-page","status-publish","hentry"],"post_mailing_queue_ids":[],"_links":{"self":[{"href":"https:\/\/agora.xtec.cat\/colribas\/wp-json\/wp\/v2\/pages\/5458","targetHints":{"allow":["GET"]}}],"collection":[{"href":"https:\/\/agora.xtec.cat\/colribas\/wp-json\/wp\/v2\/pages"}],"about":[{"href":"https:\/\/agora.xtec.cat\/colribas\/wp-json\/wp\/v2\/types\/page"}],"author":[{"embeddable":true,"href":"https:\/\/agora.xtec.cat\/colribas\/wp-json\/wp\/v2\/users\/1"}],"replies":[{"embeddable":true,"href":"https:\/\/agora.xtec.cat\/colribas\/wp-json\/wp\/v2\/comments?post=5458"}],"version-history":[{"count":7,"href":"https:\/\/agora.xtec.cat\/colribas\/wp-json\/wp\/v2\/pages\/5458\/revisions"}],"predecessor-version":[{"id":5507,"href":"https:\/\/agora.xtec.cat\/colribas\/wp-json\/wp\/v2\/pages\/5458\/revisions\/5507"}],"up":[{"embeddable":true,"href":"https:\/\/agora.xtec.cat\/colribas\/wp-json\/wp\/v2\/pages\/19"}],"wp:attachment":[{"href":"https:\/\/agora.xtec.cat\/colribas\/wp-json\/wp\/v2\/media?parent=5458"}],"curies":[{"name":"wp","href":"https:\/\/api.w.org\/{rel}","templated":true}]}}