{"id":5454,"date":"2024-01-15T15:23:45","date_gmt":"2024-01-15T14:23:45","guid":{"rendered":"https:\/\/agora.xtec.cat\/colribas\/?page_id=5454"},"modified":"2024-01-15T16:32:12","modified_gmt":"2024-01-15T15:32:12","slug":"missio","status":"publish","type":"page","link":"https:\/\/agora.xtec.cat\/colribas\/linstitut\/missio\/","title":{"rendered":"Missi\u00f3"},"content":{"rendered":"<h1><strong><span style=\"font-family: 'book antiqua', palatino, serif; font-size: 20px; color: #000000;\">La nostra Missi\u00f3:\u00a0 Qui som i qu\u00e8 fem?<\/span><\/strong><\/h1>\n<p style=\"text-align: justify;\"><span style=\"font-family: 'book antiqua', palatino, serif; font-size: 20px; color: #000000;\">L\u2019Escola Ribas som una instituci\u00f3 educativa al servei de la societat, oberta a tothom i vinculada a l\u2019entorn que t\u00e9 com a prop\u00f2sit fonamental l\u2019educaci\u00f3 integral dels nens i nenes de 3 a 16 anys en les seves quatre dimensions: personal, social, intelectual i espiritual, des d\u2019una concepci\u00f3 cristiana de la vida. El centre imparteix la Religi\u00f3 Cat\u00f2lica, sempre amb respecte envers la llibertat del que professi una altra religi\u00f3.<\/span><\/p>\n<p style=\"text-align: justify;\"><span style=\"font-family: 'book antiqua', palatino, serif; font-size: 20px; color: #000000;\">Per aconseguir el nostre prop\u00f2sit, acompanyem constantment als i les alumnes en el seu proc\u00e9s de creixement personal i acad\u00e8mic, sempre atents al seu benestar emocional, i cerquem la consolidaci\u00f3 de la pr\u00f2pia personalitat i l\u2019adquisici\u00f3 de la llibertat responsable, grans pilars de la identitat del nostre centre.<\/span><\/p>\n<p style=\"text-align: justify;\"><span style=\"font-family: 'book antiqua', palatino, serif; font-size: 20px; color: #000000;\">L\u2019objectiu principal \u00e9s, doncs, aportar a l\u2019alumnat una educaci\u00f3 basada en valors:<\/span><\/p>\n<ul style=\"text-align: justify;\">\n<li><span style=\"font-family: 'book antiqua', palatino, serif; font-size: 20px; color: #000000;\"><em>Creiem en una <strong><u>llibertat<\/u> <\/strong>que s\u2019exerceix amb <strong><u>respecte<\/u> <\/strong>pels altres i amb consci\u00e8ncia de les implicacions \u00e8tiques i socials de les nostres accions.<\/em><\/span><em style=\"color: #000000; font-family: 'book antiqua', palatino, serif; font-size: 20px;\">\u00a0<\/em><\/li>\n<\/ul>\n<ul style=\"text-align: justify;\">\n<li><span style=\"font-family: 'book antiqua', palatino, serif; font-size: 20px; color: #000000;\"><em>Promovem <u>l\u2019<strong>esfor\u00e7<\/strong><\/u> com a element clau del proc\u00e9s d\u2019aprenentatge i la <strong><u>superaci\u00f3 personal<\/u> <\/strong>que afavoreix l\u2019autoestima.<\/em><\/span><\/li>\n<\/ul>\n<ul style=\"text-align: justify;\">\n<li><span style=\"font-family: 'book antiqua', palatino, serif; font-size: 20px; color: #000000;\"><em>Valorem la <strong><span style=\"text-decoration: underline;\">col\u00b7laboraci\u00f3<\/span> <\/strong>com una eina fonamental per a l\u2019aprenentatge i la resoluci\u00f3 de problemes, reconeixent aix\u00ed que junts podem aconseguir m\u00e9s.<\/em><\/span><\/li>\n<\/ul>\n<ul style=\"text-align: justify;\">\n<li><span style=\"font-family: 'book antiqua', palatino, serif; font-size: 20px; color: #000000;\"><em>Guiats per la visi\u00f3 de l&#8217;Agenda 2030, inculquem principis \u00e8tics s\u00f2lids per formar ciutadans amb un sentit de <strong><u>responsabilitat<\/u> <\/strong>cap a la societat, motivats pels desig de contribuir al benestar col\u00b7lectiu i a la construcci\u00f3 d\u2019un m\u00f3n m\u00e9s just, sostenible i en pau.<\/em><\/span><\/li>\n<\/ul>\n<p style=\"text-align: justify;\"><span style=\"font-family: 'book antiqua', palatino, serif; font-size: 20px; color: #000000;\">Per altra banda, oferim una formaci\u00f3 acad\u00e8mica de qualitat, esfor\u00e7ant-nos dia a dia per aconseguir l\u2019excel.l\u00e8ncia acad\u00e8mica en totes les \u00e0rees de coneixement. A m\u00e9s, el centre aposta clarament per la integraci\u00f3 de les noves tecnologies i les lleng\u00fces estrangeres en les metodologies per l\u2019adquisici\u00f3 de totes les compet\u00e8ncies b\u00e0siques. La sensibilitzaci\u00f3 en els aspectes musicals i art\u00edstics, i conviure en un espai agradable i acollidor per crear un clima de treball adequat, s\u00f3n tamb\u00e9 per nosaltres aspectes importants.<\/span><\/p>\n<p style=\"text-align: justify;\"><span style=\"font-family: 'book antiqua', palatino, serif; font-size: 20px; color: #000000;\">En definitiva, ens esforcem en crear un sistema comprensiu, per\u00f2 exigent i disciplinat, que potencii l\u2019esfor\u00e7, els h\u00e0bits de treball, la responsabilitat i el respecte a les persones i l\u2019entorn perqu\u00e8 esdevinguin nois i noies aut\u00f2noms amb recursos per aprendre, amb esperit cr\u00edtic, que arribin a ser ciutadans i ciutadanes \u00edntegres, respectuoses, lliures i responsables, i professionals competents.<\/span><\/p>\n","protected":false},"excerpt":{"rendered":"<p>La nostra Missi\u00f3:\u00a0 Qui som i qu\u00e8 fem?<br \/>\nL\u2019Escola Ribas som una instituci\u00f3 educativa al servei de la societat, oberta a tothom i vinculada a l\u2019entorn que t\u00e9 com a prop\u00f2sit fonamental l\u2019educaci\u00f3 integral dels nens i nenes de 3 a 16 anys en les seves&hellip;  <a href=\"https:\/\/agora.xtec.cat\/colribas\/linstitut\/missio\/\" title=\"Read Missi\u00f3\">Llegeix m\u00e9s\u00bb<\/a><\/p>\n","protected":false},"author":1,"featured_media":0,"parent":19,"menu_order":5,"comment_status":"closed","ping_status":"closed","template":"page-templates\/side-menu.php","meta":{"_bbp_topic_count":0,"_bbp_reply_count":0,"_bbp_total_topic_count":0,"_bbp_total_reply_count":0,"_bbp_voice_count":0,"_bbp_anonymous_reply_count":0,"_bbp_topic_count_hidden":0,"_bbp_reply_count_hidden":0,"_bbp_forum_subforum_count":0,"footnotes":""},"class_list":["post-5454","page","type-page","status-publish","hentry"],"post_mailing_queue_ids":[],"_links":{"self":[{"href":"https:\/\/agora.xtec.cat\/colribas\/wp-json\/wp\/v2\/pages\/5454","targetHints":{"allow":["GET"]}}],"collection":[{"href":"https:\/\/agora.xtec.cat\/colribas\/wp-json\/wp\/v2\/pages"}],"about":[{"href":"https:\/\/agora.xtec.cat\/colribas\/wp-json\/wp\/v2\/types\/page"}],"author":[{"embeddable":true,"href":"https:\/\/agora.xtec.cat\/colribas\/wp-json\/wp\/v2\/users\/1"}],"replies":[{"embeddable":true,"href":"https:\/\/agora.xtec.cat\/colribas\/wp-json\/wp\/v2\/comments?post=5454"}],"version-history":[{"count":7,"href":"https:\/\/agora.xtec.cat\/colribas\/wp-json\/wp\/v2\/pages\/5454\/revisions"}],"predecessor-version":[{"id":5502,"href":"https:\/\/agora.xtec.cat\/colribas\/wp-json\/wp\/v2\/pages\/5454\/revisions\/5502"}],"up":[{"embeddable":true,"href":"https:\/\/agora.xtec.cat\/colribas\/wp-json\/wp\/v2\/pages\/19"}],"wp:attachment":[{"href":"https:\/\/agora.xtec.cat\/colribas\/wp-json\/wp\/v2\/media?parent=5454"}],"curies":[{"name":"wp","href":"https:\/\/api.w.org\/{rel}","templated":true}]}}