{"id":4919,"date":"2023-02-14T09:06:12","date_gmt":"2023-02-14T08:06:12","guid":{"rendered":"https:\/\/agora.xtec.cat\/colribas\/?page_id=4919"},"modified":"2023-02-14T09:10:12","modified_gmt":"2023-02-14T08:10:12","slug":"coeducacio","status":"publish","type":"page","link":"https:\/\/agora.xtec.cat\/colribas\/estudis\/coeducacio\/","title":{"rendered":"Coeducaci\u00f3"},"content":{"rendered":"<p style=\"text-align: justify;\"><span style=\"font-family: 'book antiqua', palatino, serif; font-size: 20px;\">Programem activitats amb un enfocament coeducador transversal que vagi m\u00e9s enll\u00e0 d&#8217;una actuaci\u00f3 puntual. Per tant, revisem sabers des d&#8217;una perspectiva de g\u00e8nere per afavorir el desenvolupament de les persones al marge dels estereotips i rols en funci\u00f3 del sexe, l&#8217;orientaci\u00f3 sexual, la identitat o expressi\u00f3 de g\u00e8nere.<\/span><\/p>\n","protected":false},"excerpt":{"rendered":"<p>Programem activitats amb un enfocament coeducador transversal que vagi m\u00e9s enll\u00e0 d&#8217;una actuaci\u00f3 puntual. Per tant, revisem sabers des d&#8217;una perspectiva de g\u00e8nere per afavorir el desenvolupament de les persones al marge dels estereotips i rols en funci\u00f3 del sexe, l&#8217;orientaci\u00f3 sexual, la identitat o&hellip;  <a href=\"https:\/\/agora.xtec.cat\/colribas\/estudis\/coeducacio\/\" title=\"Read Coeducaci\u00f3\">Llegeix m\u00e9s\u00bb<\/a><\/p>\n","protected":false},"author":1,"featured_media":0,"parent":195,"menu_order":8,"comment_status":"closed","ping_status":"closed","template":"page-templates\/side-menu.php","meta":{"_bbp_topic_count":0,"_bbp_reply_count":0,"_bbp_total_topic_count":0,"_bbp_total_reply_count":0,"_bbp_voice_count":0,"_bbp_anonymous_reply_count":0,"_bbp_topic_count_hidden":0,"_bbp_reply_count_hidden":0,"_bbp_forum_subforum_count":0,"footnotes":""},"class_list":["post-4919","page","type-page","status-publish","hentry"],"post_mailing_queue_ids":[],"_links":{"self":[{"href":"https:\/\/agora.xtec.cat\/colribas\/wp-json\/wp\/v2\/pages\/4919","targetHints":{"allow":["GET"]}}],"collection":[{"href":"https:\/\/agora.xtec.cat\/colribas\/wp-json\/wp\/v2\/pages"}],"about":[{"href":"https:\/\/agora.xtec.cat\/colribas\/wp-json\/wp\/v2\/types\/page"}],"author":[{"embeddable":true,"href":"https:\/\/agora.xtec.cat\/colribas\/wp-json\/wp\/v2\/users\/1"}],"replies":[{"embeddable":true,"href":"https:\/\/agora.xtec.cat\/colribas\/wp-json\/wp\/v2\/comments?post=4919"}],"version-history":[{"count":3,"href":"https:\/\/agora.xtec.cat\/colribas\/wp-json\/wp\/v2\/pages\/4919\/revisions"}],"predecessor-version":[{"id":4923,"href":"https:\/\/agora.xtec.cat\/colribas\/wp-json\/wp\/v2\/pages\/4919\/revisions\/4923"}],"up":[{"embeddable":true,"href":"https:\/\/agora.xtec.cat\/colribas\/wp-json\/wp\/v2\/pages\/195"}],"wp:attachment":[{"href":"https:\/\/agora.xtec.cat\/colribas\/wp-json\/wp\/v2\/media?parent=4919"}],"curies":[{"name":"wp","href":"https:\/\/api.w.org\/{rel}","templated":true}]}}