{"id":459,"date":"2016-04-28T08:06:30","date_gmt":"2016-04-28T07:06:30","guid":{"rendered":"http:\/\/agora.xtec.cat\/colribas\/intraweb\/pina-de-prova\/"},"modified":"2016-04-28T08:06:30","modified_gmt":"2016-04-28T07:06:30","slug":"pina-de-prova","status":"publish","type":"page","link":"https:\/\/agora.xtec.cat\/colribas\/intraweb\/pina-de-prova\/","title":{"rendered":"P\u00e0gina de prova"},"content":{"rendered":"<div align=\"center\" style=\"color: #000000; background-color: #ffd278;\">\n<h1><font size=\"7\" style=\"color: #054b05;\"><strong>Origen del Col\u00b7legi Ribas<br \/><\/strong><\/font><\/h1>\n<\/p><\/div>\n<p><\/p>\n<div align=\"justify\" style=\"background-color: #ffd278; \">\n<p><font size=\"3\" face=\"arial,helvetica,sans-serif\"><em><strong><font color=\"#000033\">En<br \/>\n                      el primer quart del segle passat, des d&#8217;un poble del Baix<br \/>\n                      Llobregat, es trasllada a Barcelona un vailet, fill d&#8217;una<br \/>\n                      fam\u00edlia de petits agricultors, amb moltes ganes de<br \/>\n                      treballar i fer-se home.<\/font><br \/><font color=\"#000033\"> <\/font><\/strong><\/em><\/font><\/p>\n<p><font size=\"3\" face=\"arial,helvetica,sans-serif\"><em><strong><font color=\"#000033\">Barcelona era, aleshores, una ciutat encotillada encara<br \/>\n                      per les darreres muralles&nbsp; que ja l&#8217;ofegaven. Els barris<br \/>\n                      de Sant Mart\u00ed de Proven\u00e7als, Sant Andreu de<br \/>\n                      Palomar, Horta, Gr\u00e0cia, Sants, Les<u> <\/u>corts,<br \/>\n                      Sant Gervasi de Cassoles i Sarri\u00e0 eren peculiars<br \/>\n                      i encantadors poble de la rodalia ben delimitats, separats<br \/>\n                      entre ella com de la pr\u00f2pia Barcelona.<\/font><br \/><font color=\"#000033\"> <\/font><\/strong><\/em><\/font><\/p>\n<p><font size=\"3\" face=\"arial,helvetica,sans-serif\"><em><strong><font color=\"#000033\">Aquell miny\u00f3 s&#8217;empleix d&#8217;aprenent en un comer\u00e7<br \/>\n                      del barri del Raval. Aquell petits establiments on ells<br \/>\n                      aprenents, en especial els vinguts de fora, feien vida total<br \/>\n                      a casa. Es a dir hi treballaven a tota hora, hi menjaven<br \/>\n                      i fins en molts casos dormien a la rebotiga.<\/font><\/strong> <strong><br \/><font color=\"#000033\"><br \/>\n                      El noi era treballador, espavilat i tamb\u00e9, potser,<br \/>\n                      la sort li era prop\u00edcia.<\/font><br \/><font color=\"#000033\"> <\/font><\/strong><\/em><\/font><\/p>\n<p><font size=\"3\" face=\"arial,helvetica,sans-serif\"><em><strong><font color=\"#000033\">Amb el temps es el capdavanter del negoci. Despr\u00e9s<br \/>\n                      en casa i successivament neixen cinc fills, tres nois i<br \/>\n                      dues noies.<\/font><\/strong> <strong><br \/><font color=\"#000033\"><br \/>\n                      Per a portar endavant tota la fam\u00edlia instal\u00b7laren<br \/>\n                      una telers d&#8217;aquells que funcionaven amb els peus i les<br \/>\n                      mans, treballant-hi pares i fills.<\/font><\/strong> <strong><br \/><font color=\"#000033\"><br \/>\n                      Amb l&#8217;esfor\u00e7 de tots i&nbsp; que la feina no falta,<br \/>\n                      el negoci segueix per camins pr\u00f2spers, tant que es<br \/>\n                      fa prec\u00eds engrandir-lo i traslladar-se al barri de<br \/>\n                      Gr\u00e0cia on ja \u00e9s una f\u00e0brica de relativa<br \/>\n                      import\u00e0ncia.<\/font><br \/><font color=\"#000033\"> <\/font><\/strong><\/em><\/font><\/p>\n<p><font size=\"3\" face=\"arial,helvetica,sans-serif\"><em><strong><font color=\"#000033\">Som temps de bonan\u00e7a, de creaci\u00f3 de les grans<br \/>\n                      ind\u00fastries t\u00e8xtils que han subsistit fins<br \/>\n                      fa poc i que, malauradament, han desaparegut moltes d&#8217;elles<br \/>\n                      degut a convulsions econ\u00f2miques alienes al pa\u00eds.<br \/>\n                      Abans que s&#8217;acabi el segle XIX; la manufactura de la fam\u00edlia<br \/>\n                      Ribas exigeix, pel seu desenvolupament una f\u00e0brica<br \/>\n                      mes gran i \u00e9s quan es trasllada a Rub\u00ed, assentant-se<br \/>\n                      a la dreta de la riera i se la coneix pel &quot;Vapor Nou&quot;, perqu\u00e8<br \/>\n                      en aquella \u00e8poca tot funcionava encara per la for\u00e7a<br \/>\n                      del vapor. Actualment es poden veure restes de la f\u00e0brica<br \/>\n                      i la casa-torre on visqu\u00e9 Don Frederic Ribas, qui<br \/>\n                      era el que dirigia la fabricaci\u00f3, amb la seva esposa<br \/>\n                      D\u00aa Carme Gual.<\/font><\/strong> <strong><br \/><font color=\"#000033\"><br \/>\n                      Els germans Ribas amb la seva important ind\u00fastria<br \/>\n                      feren possible la creaci\u00f3 de les Escoles Ribas que<br \/>\n                      tant dignament porten el seu nom.<\/font><\/strong> <strong><br \/><font color=\"#000033\"><br \/>\n                      Don Frederic, amb el tracte quotidi\u00e0 amb els seus<br \/>\n                      empleats i un coneixement de les necessitats del poble de<br \/>\n                      Rub\u00ed va intuir la necessitat de la construcci\u00f3<br \/>\n                      d&#8217;unes escoles on els infants de la vila, preferentment<br \/>\n                      els fills dels treballadors de la casa Ribas, poguessin<br \/>\n                      assolir una completa educaci\u00f3.<\/font><br \/><font color=\"#000033\"><br \/>\n                      El que la idea de la creaci\u00f3 de les Escoles Ribas<br \/>\n                      \u00e9s atribu\u00efble a Don Frederic, qued\u00e0 pal\u00e8s<br \/>\n                      en el seu testament al disposar que el seu germ\u00e0<br \/>\n                      Don Llu\u00eds s&#8217;encarregui de fer-ho, intuint que potser<br \/>\n                      la vida no li donaria temps a ell.<\/font><br \/><font color=\"#000033\"> <\/font><\/strong><\/em><\/font><\/p>\n<p><font size=\"3\" face=\"arial,helvetica,sans-serif\"><em><strong><font color=\"#000033\">Malauradament a Don Llu\u00eds tampoc li fou possible<br \/>\n                      en vida, per\u00f2 es ben clar que pensava realitzar-ho<br \/>\n                      perqu\u00e8 en la seva darrera voluntat va encomanar als<br \/>\n                      seus hereus de confian\u00e7a, la creaci\u00f3 d&#8217;unes<br \/>\n                      escoles al poble de Rub\u00ed &quot;si no haguessin estat constru\u00efdes<br \/>\n                      ja&quot;.<\/font><\/strong> <strong><br \/><font color=\"#000033\"><br \/>\n                      Van \u00e9sser constru\u00efdes&nbsp; entre els anys 1.912-1.915<br \/>\n                      per l&#8217;arquitecte Emili Sala i Cort\u00e9s sobre un terreny<br \/>\n                      de 18.350 m<sup>2<\/sup> d&#8217;una sola planta de 2.917 m<sup>2<\/sup>, dos patis&nbsp;&nbsp;&nbsp;<br \/>\n                      interiors de 680 m<sup>2<\/sup> i porteria de 80 m<sup>2<\/sup>.<\/font><\/strong> <strong><br \/><font color=\"#000033\"> <\/font><\/strong><\/em><\/font><\/p>\n<p><font size=\"3\" face=\"arial,helvetica,sans-serif\"><em><strong><font color=\"#000033\">Comen\u00e7a l&#8217;activitat docent el dia 1 de setembre de<br \/>\n                      1.916.<\/font><\/strong><\/em><\/font><\/p>\n<\/p><\/div>\n<p align=\"left\" class=\"texto\" style=\"background-color: #ffd278; \">\n<p><\/p>\n","protected":false},"excerpt":{"rendered":"<p>Origen del Col\u00b7legi Ribas<\/p>\n<p>En<br \/>\n                      el primer quart del segle passat, des d&#8217;un poble del Baix<br \/>\n         &hellip;  <a href=\"https:\/\/agora.xtec.cat\/colribas\/intraweb\/pina-de-prova\/\" title=\"Read P\u00e0gina de prova\">Llegeix m\u00e9s\u00bb<\/a><\/p>\n","protected":false},"author":1,"featured_media":0,"parent":415,"menu_order":0,"comment_status":"open","ping_status":"open","template":"page-templates\/side-menu.php","meta":{"_bbp_topic_count":0,"_bbp_reply_count":0,"_bbp_total_topic_count":0,"_bbp_total_reply_count":0,"_bbp_voice_count":0,"_bbp_anonymous_reply_count":0,"_bbp_topic_count_hidden":0,"_bbp_reply_count_hidden":0,"_bbp_forum_subforum_count":0,"footnotes":""},"class_list":["post-459","page","type-page","status-publish","hentry"],"post_mailing_queue_ids":[],"_links":{"self":[{"href":"https:\/\/agora.xtec.cat\/colribas\/wp-json\/wp\/v2\/pages\/459","targetHints":{"allow":["GET"]}}],"collection":[{"href":"https:\/\/agora.xtec.cat\/colribas\/wp-json\/wp\/v2\/pages"}],"about":[{"href":"https:\/\/agora.xtec.cat\/colribas\/wp-json\/wp\/v2\/types\/page"}],"author":[{"embeddable":true,"href":"https:\/\/agora.xtec.cat\/colribas\/wp-json\/wp\/v2\/users\/1"}],"replies":[{"embeddable":true,"href":"https:\/\/agora.xtec.cat\/colribas\/wp-json\/wp\/v2\/comments?post=459"}],"version-history":[{"count":0,"href":"https:\/\/agora.xtec.cat\/colribas\/wp-json\/wp\/v2\/pages\/459\/revisions"}],"up":[{"embeddable":true,"href":"https:\/\/agora.xtec.cat\/colribas\/wp-json\/wp\/v2\/pages\/415"}],"wp:attachment":[{"href":"https:\/\/agora.xtec.cat\/colribas\/wp-json\/wp\/v2\/media?parent=459"}],"curies":[{"name":"wp","href":"https:\/\/api.w.org\/{rel}","templated":true}]}}