{"id":446,"date":"2016-04-28T08:06:30","date_gmt":"2016-04-28T07:06:30","guid":{"rendered":"http:\/\/agora.xtec.cat\/colribas\/intraweb\/vine-i-diverteix-te\/"},"modified":"2016-04-28T08:06:30","modified_gmt":"2016-04-28T07:06:30","slug":"vine-i-diverteix-te","status":"publish","type":"page","link":"https:\/\/agora.xtec.cat\/colribas\/intraweb\/vine-i-diverteix-te\/","title":{"rendered":"Vine i diverteix-te!!!"},"content":{"rendered":"<p>\n<table cellspacing=\"2\" cellpadding=\"2\" style=\"width: 700px; border: 0px dotted; border-collapse: collapse; display: table;\" class=\" htmtableborders\">\n<tbody>\n<tr align=\"justify\">\n<td style=\"border: 0px dotted;\"><font face=\"georgia,times new roman,times,serif\" size=\"4\">Estimados padres y madres,<\/p>\n<p>Les informamos que los d\u00edas 11 y 18 de abril se realizaran tres actividades \u201cVine i diverteix-te\u201d&nbsp; para los alumnos socios del AMPA. <\/p>\n<p><strong>D\u00eda 11 de abril: 17:00h<\/strong> Espect\u00e1culo \u201cEnig-Magic\u201d con el Mago Ra\u00fal, para los alumnos de <span style=\"color: #0003ff;\"><strong>1\u00ba, 2\u00ba, 3\u00ba y 4\u00ba de ESO.<\/strong><\/span><\/p>\n<p><strong>D\u00eda 18 de abril: 17:00h<\/strong> Espect\u00e1culo \u201cYin Yang Lock\u201d, para los alumnos de <span style=\"color: #0003ff;\"><strong>P3, P4, P5 y 1\u00ba de Primaria.<\/strong><\/span><\/p>\n<p><strong>D\u00eda 18 de abril: 17:00h<\/strong> Espect\u00e1culo \u201cVareta M\u00e0gica\u201d con el Mago Ra\u00fal, para los alumnos de <span style=\"color: #0003ff;\"><strong>2\u00ba, 3\u00ba, 4\u00ba, 5\u00ba y 6\u00ba de Primaria.<\/strong><\/span><\/p>\n<p>Los alumnos socios del AMPA que participen de la actividad deber\u00e1n quedarse en el Centro a las 17:00h. La duraci\u00f3n de la actividad ser\u00e1 de una hora aproximadamente. <\/p>\n<p>El acceso a la actividad ser\u00e1 <strong>exclusivo para los alumnos socios del AMPA<\/strong>. Los no-socios podr\u00e1n acudir a la actividad haciendo efectivo la cuota del AMPA en la Secretar\u00eda del Centro dentro del horario habitual. <\/p>\n<p>Atentamente,<\/p>\n<p><strong>AMPA<\/strong><\/font><\/td>\n<\/tr>\n<tr align=\"justify\">\n<td style=\"border: 0px dotted;\">\n<p><font face=\"georgia,times new roman,times,serif\" size=\"4\">Benvolguts pares i mares,<\/p>\n<p>Els&nbsp; informem que els dies 11 i 18 d\u2019abril es realitzaran tres activitats \u201cVine i diverteix-te\u201d per als alumnes socis del AMPA. <\/p>\n<p><strong>Dia 11 d\u2019abril: 17:00h<\/strong> Espectacle \u201cEnig-Magic\u201d amb el Mag Ra\u00fal, per als alumnes de <span style=\"color: #0003ff;\"><strong>1r, 2n, 3r i 4t d\u2019ESO.<\/strong><\/span><\/p>\n<p><strong>Dia 18 d\u2019abril: 17:00h<\/strong> Espectacle \u201cYin Yang Lock\u201d, per als alumnes de <span style=\"color: #0003ff;\"><strong>P3, P4, P5 i 1r de Prim\u00e0ria.<\/strong><\/span><\/p>\n<p><strong>Dia 18 d\u2019abril: 17:00h<\/strong> Espectacle \u201cVareta M\u00e0gica\u201d amb el Mag Ra\u00fal, per als alumnes de <span style=\"color: #0003ff;\"><strong>2n, 3r, 4t, 5\u00e8 i 6\u00e8 de Prim\u00e0ria.<\/strong><\/span><\/p>\n<p>Els alumnes socis de l\u2019AMPA que participin de l\u2019activitat hauran de quedar-se en el Centre a les 17:00h. La durada de l\u2019activitat ser\u00e0 d\u2019una hora aproximadament.<\/p>\n<p>L\u2019acc\u00e9s a l\u2019activitat ser\u00e0 <strong>exclusiu per als alumnes socis de l\u2019AMPA<\/strong>. Els no-socis podran acudir a l\u2019activitat fent efectiu la quota de l\u2019AMPA a la Secretaria del Centre dins l\u2019horari habitual.<\/p>\n<p>Atentament,<\/p>\n<p>AMPA<br \/><\/font><\/p>\n<\/td>\n<\/tr>\n<\/tbody>\n<\/table>\n<p><\/p>\n","protected":false},"excerpt":{"rendered":"<p>Estimados padres y madres,<br \/>\nLes informamos que los d\u00edas 11 y 18 de abril se realizaran tres actividades \u201cVine i diverteix-te\u201d&nbsp; para los alumnos socios del AMPA.<br \/>\nD\u00eda 11 de abril: 17:00h Espect\u00e1culo \u201cEnig-Magic\u201d con el Mago Ra\u00fal, para los alumnos de 1\u00ba, 2\u00ba, 3\u00ba y&hellip;  <a href=\"https:\/\/agora.xtec.cat\/colribas\/intraweb\/vine-i-diverteix-te\/\" title=\"Read Vine i diverteix-te!!!\">Llegeix m\u00e9s\u00bb<\/a><\/p>\n","protected":false},"author":1,"featured_media":0,"parent":415,"menu_order":0,"comment_status":"open","ping_status":"open","template":"page-templates\/side-menu.php","meta":{"_bbp_topic_count":0,"_bbp_reply_count":0,"_bbp_total_topic_count":0,"_bbp_total_reply_count":0,"_bbp_voice_count":0,"_bbp_anonymous_reply_count":0,"_bbp_topic_count_hidden":0,"_bbp_reply_count_hidden":0,"_bbp_forum_subforum_count":0,"footnotes":""},"class_list":["post-446","page","type-page","status-publish","hentry"],"post_mailing_queue_ids":[],"_links":{"self":[{"href":"https:\/\/agora.xtec.cat\/colribas\/wp-json\/wp\/v2\/pages\/446","targetHints":{"allow":["GET"]}}],"collection":[{"href":"https:\/\/agora.xtec.cat\/colribas\/wp-json\/wp\/v2\/pages"}],"about":[{"href":"https:\/\/agora.xtec.cat\/colribas\/wp-json\/wp\/v2\/types\/page"}],"author":[{"embeddable":true,"href":"https:\/\/agora.xtec.cat\/colribas\/wp-json\/wp\/v2\/users\/1"}],"replies":[{"embeddable":true,"href":"https:\/\/agora.xtec.cat\/colribas\/wp-json\/wp\/v2\/comments?post=446"}],"version-history":[{"count":0,"href":"https:\/\/agora.xtec.cat\/colribas\/wp-json\/wp\/v2\/pages\/446\/revisions"}],"up":[{"embeddable":true,"href":"https:\/\/agora.xtec.cat\/colribas\/wp-json\/wp\/v2\/pages\/415"}],"wp:attachment":[{"href":"https:\/\/agora.xtec.cat\/colribas\/wp-json\/wp\/v2\/media?parent=446"}],"curies":[{"name":"wp","href":"https:\/\/api.w.org\/{rel}","templated":true}]}}