{"id":440,"date":"2016-04-28T08:06:30","date_gmt":"2016-04-28T07:06:30","guid":{"rendered":"http:\/\/agora.xtec.cat\/colribas\/intraweb\/junta-directiva-a-m-p-a-2012-2013\/"},"modified":"2021-11-05T11:52:52","modified_gmt":"2021-11-05T10:52:52","slug":"junta-directiva-a-m-p-a-2012-2013","status":"publish","type":"page","link":"https:\/\/agora.xtec.cat\/colribas\/ampa\/junta-directiva-a-m-p-a-2012-2013\/","title":{"rendered":"Junta Directiva"},"content":{"rendered":"<table class=\" htmtableborders\" style=\"width: 531px; height: 717px; display: table;\" cellspacing=\"0\" cellpadding=\"0\" align=\"left\">\n<tbody>\n<tr style=\"height: 6px;\">\n<td style=\"text-align: justify; width: 228px; height: 6px;\"><span style=\"font-family: 'book antiqua', palatino, serif; font-size: 20px;\"><strong>Presidenta<\/strong><\/span><\/td>\n<td style=\"text-align: justify; width: 297px; height: 6px;\"><span style=\"font-family: 'book antiqua', palatino, serif; font-size: 20px;\">Miriam Hern\u00e1ndez Barrilado<\/span><\/td>\n<\/tr>\n<tr style=\"height: 14px;\">\n<td style=\"text-align: justify; width: 228px; height: 14px;\"><span style=\"font-family: 'book antiqua', palatino, serif; font-size: 20px;\"><strong>Vicepresidenta<\/strong><\/span><\/td>\n<td style=\"text-align: justify; width: 297px; height: 14px;\"><span style=\"font-family: 'book antiqua', palatino, serif; font-size: 20px;\">Goretti Hern\u00e1ndez Oliva<\/span><\/td>\n<\/tr>\n<tr style=\"height: 7px;\">\n<td style=\"text-align: justify; width: 228px; height: 7px;\"><span style=\"font-family: 'book antiqua', palatino, serif; font-size: 20px;\"><strong>Secretaria<\/strong><\/span><\/td>\n<td style=\"text-align: justify; width: 297px; height: 7px;\"><span style=\"font-family: 'book antiqua', palatino, serif; font-size: 20px;\">Blanca G\u00f3mez Garc\u00eda<\/span><\/td>\n<\/tr>\n<tr style=\"height: 11px;\">\n<td style=\"text-align: justify; width: 228px; height: 11px;\"><span style=\"font-family: 'book antiqua', palatino, serif; font-size: 20px;\"><strong>Secretaria substituta<\/strong><\/span><\/td>\n<td style=\"text-align: justify; width: 297px; height: 11px;\"><span style=\"font-family: 'book antiqua', palatino, serif; font-size: 20px;\">Jessica Hern\u00e1ndez Membrilla<\/span><\/td>\n<\/tr>\n<tr style=\"height: 8px;\">\n<td style=\"text-align: justify; width: 228px; height: 8px;\"><span style=\"font-family: 'book antiqua', palatino, serif; font-size: 20px;\"><strong>Vocales<\/strong><\/span><\/td>\n<td style=\"text-align: justify; width: 297px; height: 8px;\"><span style=\"font-family: 'book antiqua', palatino, serif; font-size: 20px;\">Isabel Fuente Pereda<\/span><\/td>\n<\/tr>\n<tr style=\"height: 10px;\">\n<td style=\"text-align: justify; width: 228px; height: 10px;\"><span style=\"font-family: 'book antiqua', palatino, serif; font-size: 20px;\">\u00a0<\/span><\/td>\n<td style=\"text-align: justify; width: 297px; height: 10px;\"><span style=\"font-family: 'book antiqua', palatino, serif; font-size: 20px;\">N\u00faria S\u00e1nchez Garc\u00eda<\/span><\/td>\n<\/tr>\n<tr style=\"height: 12px;\">\n<td style=\"text-align: justify; width: 228px; height: 12px;\"><span style=\"font-family: 'book antiqua', palatino, serif; font-size: 20px;\">\u00a0<\/span><\/td>\n<td style=\"text-align: justify; width: 297px; height: 12px;\"><span style=\"font-family: 'book antiqua', palatino, serif; font-size: 20px;\">Raquel Garc\u00eda Arco<\/span><\/td>\n<\/tr>\n<tr style=\"height: 4px;\">\n<td style=\"text-align: justify; width: 228px; height: 4px;\"><span style=\"font-family: 'book antiqua', palatino, serif; font-size: 20px;\">\u00a0<\/span><\/td>\n<td style=\"text-align: justify; width: 297px; height: 4px;\"><span style=\"font-family: 'book antiqua', palatino, serif; font-size: 20px;\">Silvia Ortega Mezquita<\/span><\/td>\n<\/tr>\n<tr style=\"height: 14px;\">\n<td style=\"text-align: justify; width: 228px; height: 14px;\"><span style=\"font-family: 'book antiqua', palatino, serif; font-size: 20px;\">\u00a0<\/span><\/td>\n<td style=\"text-align: justify; width: 297px; height: 14px;\"><span style=\"font-family: 'book antiqua', palatino, serif; font-size: 20px;\">Susana Gim\u00e9nez Belmonte<\/span><\/td>\n<\/tr>\n<tr style=\"height: 64px;\">\n<td style=\"text-align: justify; width: 228px; height: 64px;\" align=\"center\"><span style=\"font-family: 'book antiqua', palatino, serif; font-size: 20px;\"><strong>Contacte<\/strong><\/span><\/td>\n<td style=\"text-align: justify; width: 297px; height: 64px;\"><span style=\"font-family: 'book antiqua', palatino, serif; font-size: 20px;\">\u00a0ampa<span class=\"\">@<\/span>escolaribas.org<\/span><\/td>\n<\/tr>\n<\/tbody>\n<\/table>\n<p><!-- .Estilo1 {font-family: Georgia, \"Times New Roman\", Times, serif} .Estilo3 { font-family: Georgia, \"Times New Roman\", Times, serif; color: #008040; font-weight: bold; } --><\/p>\n<p>&nbsp;<\/p>\n<p>&nbsp;<\/p>\n<p>&nbsp;<\/p>\n<p>&nbsp;<\/p>\n<p>&nbsp;<\/p>\n<p>&nbsp;<\/p>\n<p>&nbsp;<\/p>\n<p>&nbsp;<\/p>\n<p>&nbsp;<\/p>\n<p>&nbsp;<\/p>\n<p>&nbsp;<\/p>\n<p>&nbsp;<\/p>\n<p>&nbsp;<\/p>\n<p>&nbsp;<\/p>\n<p>&nbsp;<\/p>\n<p>&nbsp;<\/p>\n<p>&nbsp;<\/p>\n<p style=\"text-align: justify;\"><span style=\"font-family: 'book antiqua', palatino, serif; font-size: 24px; color: #0a82aa;\">Aportacions de l&#8217;AFA<\/span><\/p>\n<ul style=\"list-style-type: disc;\">\n<li style=\"text-align: justify;\"><span style=\"font-family: 'book antiqua', palatino, serif; font-size: 20px;\">L&#8217;AFA convida als nostres fills i filles al berenar del dia de la Festa dels Fundadors, aix\u00ed com col\u00b7labora econ\u00f2micament amb les activitats que el col\u00b7legi\u00a0 fa aquest dia per l&#8217;alumnat.<\/span><\/li>\n<li style=\"text-align: justify;\"><span style=\"font-family: 'book antiqua', palatino, serif; font-size: 20px;\">Ajuda al centre amb la compra de material inform\u00e0tic i de noves tecnologies: pissarres digitals, ordinadors, tauletes&#8230;<\/span><\/li>\n<li style=\"text-align: justify;\"><span style=\"font-family: 'book antiqua', palatino, serif; font-size: 20px;\">Col\u00b7labora amb el viatge de fi de curs aix\u00ed com tamb\u00e9 ho fa amb la festa de graduaci\u00f3 de 4t d&#8217;ESO.<\/span><\/li>\n<li style=\"text-align: justify;\"><span style=\"font-family: 'book antiqua', palatino, serif; font-size: 20px;\">Fa de nexe d&#8217;uni\u00f3 entre fam\u00edlies i Centre.<\/span><\/li>\n<\/ul>\n","protected":false},"excerpt":{"rendered":"<p>Presidenta<br \/>\nMiriam Hern\u00e1ndez Barrilado<\/p>\n<p>Vicepresidenta<br \/>\nGoretti Hern\u00e1ndez Oliva<\/p>\n<p>Secretaria<br \/>\nBlanca G\u00f3mez Garc\u00eda<\/p>\n<p>Secretaria substituta<br \/>\nJessica Hern\u00e1ndez Membrilla<\/p>\n<p>Vocales<br \/>\nIsabel Fuente Pereda<\/p>\n<p>\u00a0<br \/>\nN\u00faria S\u00e1nchez Garc\u00eda<\/p>\n<p>\u00a0<br \/>\nRaquel Garc\u00eda Arco<\/p>\n<p>\u00a0<br \/>\nSilvia Ortega Mezquita<\/p>\n<p>\u00a0<br \/>\nSusana Gim\u00e9nez Belmonte<\/p>\n<p>Contacte<br \/>\n\u00a0ampa@escolaribas.org<\/p>\n<p>&nbsp;<br \/>\n&nbsp;<br \/>\n&nbsp;<br \/>\n&nbsp;<br \/>\n&nbsp;<br \/>\n&nbsp;<br \/>\n&nbsp;<br \/>\n&nbsp;<br \/>\n&nbsp;<br \/>\n&nbsp;<br \/>\n&nbsp;<br \/>\n&nbsp;<br \/>\n&nbsp;<br \/>\n&nbsp;<br \/>\n&nbsp;<br \/>\n&nbsp;<br \/>\n&nbsp;<br \/>\nAportacions de l&#8217;AFA<\/p>\n<ul style=\"list-style-type: disc;\">\n<li style=\"text-align: justify;\">L&#8217;AFA convida als nostres fills i filles al berenar del dia de la Festa dels Fundadors, aix\u00ed com col\u00b7labora econ\u00f2micament&hellip;  <a href=\"https:\/\/agora.xtec.cat\/colribas\/ampa\/junta-directiva-a-m-p-a-2012-2013\/\" title=\"Read Junta Directiva\">Llegeix m\u00e9s\u00bb<\/a><br \/>\n","protected":false},"author":1,"featured_media":0,"parent":642,"menu_order":1,"comment_status":"closed","ping_status":"closed","template":"page-templates\/side-menu.php","meta":{"_bbp_topic_count":0,"_bbp_reply_count":0,"_bbp_total_topic_count":0,"_bbp_total_reply_count":0,"_bbp_voice_count":0,"_bbp_anonymous_reply_count":0,"_bbp_topic_count_hidden":0,"_bbp_reply_count_hidden":0,"_bbp_forum_subforum_count":0,"footnotes":""},"class_list":["post-440","page","type-page","status-publish","hentry"],"post_mailing_queue_ids":[],"_links":{"self":[{"href":"https:\/\/agora.xtec.cat\/colribas\/wp-json\/wp\/v2\/pages\/440","targetHints":{"allow":["GET"]}}],"collection":[{"href":"https:\/\/agora.xtec.cat\/colribas\/wp-json\/wp\/v2\/pages"}],"about":[{"href":"https:\/\/agora.xtec.cat\/colribas\/wp-json\/wp\/v2\/types\/page"}],"author":[{"embeddable":true,"href":"https:\/\/agora.xtec.cat\/colribas\/wp-json\/wp\/v2\/users\/1"}],"replies":[{"embeddable":true,"href":"https:\/\/agora.xtec.cat\/colribas\/wp-json\/wp\/v2\/comments?post=440"}],"version-history":[{"count":3,"href":"https:\/\/agora.xtec.cat\/colribas\/wp-json\/wp\/v2\/pages\/440\/revisions"}],"predecessor-version":[{"id":3596,"href":"https:\/\/agora.xtec.cat\/colribas\/wp-json\/wp\/v2\/pages\/440\/revisions\/3596"}],"up":[{"embeddable":true,"href":"https:\/\/agora.xtec.cat\/colribas\/wp-json\/wp\/v2\/pages\/642"}],"wp:attachment":[{"href":"https:\/\/agora.xtec.cat\/colribas\/wp-json\/wp\/v2\/media?parent=440"}],"curies":[{"name":"wp","href":"https:\/\/api.w.org\/{rel}","templated":true}]}}