{"id":435,"date":"2016-04-28T08:06:29","date_gmt":"2016-04-28T07:06:29","guid":{"rendered":"http:\/\/agora.xtec.cat\/colribas\/intraweb\/sant-jordi-2012\/"},"modified":"2016-04-28T08:06:29","modified_gmt":"2016-04-28T07:06:29","slug":"sant-jordi-2012","status":"publish","type":"page","link":"https:\/\/agora.xtec.cat\/colribas\/intraweb\/sant-jordi-2012\/","title":{"rendered":"Sant Jordi 2012"},"content":{"rendered":"<table width=\"700\" height=\"217\" cellspacing=\"1\" cellpadding=\"5\" style=\"border: 0px dotted; border-collapse: collapse;\">\n<tbody>\n<tr>\n<td style=\"border: 0px dotted;\">\n<p> <span style=\"color: #297800;\"><font size=\"6\" face=\"georgia,times new roman,times,serif\">Sant Jordi 2012<\/font><\/span><\/p>\n<p align=\"justify\"><font size=\"4\" face=\"georgia,times new roman,times,serif\"><strong>PR\u00d2LEG<\/strong><br \/>A la nostra escola, el dia 23 d\u2019abril commemorem la diada de Sant Jordi i el Dia Internacional del Llibre. Amb motiu d\u2019aquesta festivitat, enguany, hem decidit que la millor manera de celebrar-ho era fent, entre tots, el nostre propi llibre. En aquest exemplar es mostren una selecci\u00f3 dels textos i dibuixos realitzats pels nostres alumnes amb el pretext d\u2019explicar les seves viv\u00e8ncies dins l\u2019escola.<\/font><\/p>\n<p align=\"justify\"><font size=\"4\" face=\"georgia,times new roman,times,serif\"><br \/>Els alumnes viuen i conviuen entre aquestes parets, i el recull d\u2019escrits aix\u00ed ho reflecteix. D\u2019aqu\u00ed tenen bons records que conservaran per sempre, i experi\u00e8ncies inoblidables que de ben segur els ajudaran a ser millor persones. S\u00f3n textos espontanis, que per uns instants ens permeten viure amb ulls de petits i joves el que vol dir cr\u00e9ixer formant part del nostre Col\u00b7legi Ribas. Volem que totes les hist\u00f2ries del llibre siguin una finestra oberta al nostre petit m\u00f3n, al nostre dia a dia, a les nostres dificultats i als nostres \u00e8xits.<\/font><\/p>\n<p align=\"justify\"><font size=\"4\" face=\"georgia,times new roman,times,serif\"><br \/>Esperem que gaudiu de la lectura d\u2019aquest llibre tant com n\u2019hem gaudit tots els que hem col\u00b7laborat en la seva edici\u00f3.<\/font><\/p>\n<p align=\"justify\"><font size=\"4\" face=\"georgia,times new roman,times,serif\"><br \/>Rub\u00ed, juny de 2012<\/font> <\/p>\n<p align=\"justify\"><em>*Aquest llibre \u00e9s propietat de l&#8217;Escola Ribas. Queda prohibida la c\u00f2pia total o parcial del mateix.<\/em><\/p>\n<\/td>\n<\/tr>\n<tr>\n<td style=\"border: 0px dotted;\">\n<p><font size=\"4\" face=\"georgia,times new roman,times,serif\">&#8211; <a <a href=\"http:\/\/agora.xtec.cat\/colribas\/wp-content\/uploads\/usu945\/2016\/04\/SantJordiInfantil2012.pdf\" target=\"_blank\">Infantil<\/a><\/font><\/p>\n<p><font size=\"4\" face=\"georgia,times new roman,times,serif\">&#8211; <a <a href=\"http:\/\/agora.xtec.cat\/colribas\/wp-content\/uploads\/usu945\/2016\/04\/SantJordiPrimaria2012.pdf\" target=\"_blank\">Prim\u00e0ria<\/a><\/font><\/p>\n<p><font size=\"4\" face=\"georgia,times new roman,times,serif\">&#8211; <a <a href=\"http:\/\/agora.xtec.cat\/colribas\/wp-content\/uploads\/usu945\/2016\/04\/SantJordiSecundaria2012.pdf\" target=\"_blank\">Secund\u00e0ria<\/a><\/font><\/p>\n<\/td>\n<\/tr>\n<\/tbody>\n<\/table>\n<p><\/p>\n","protected":false},"excerpt":{"rendered":"<p> Sant Jordi 2012<br \/>\nPR\u00d2LEGA la nostra escola, el dia 23 d\u2019abril commemorem la diada de Sant Jordi i el Dia Internacional del Llibre. Amb motiu d\u2019aquesta festivitat, enguany, hem decidit que la millor manera de celebrar-ho era fent, entre tots, el nostre propi llibre. En&hellip;  <a href=\"https:\/\/agora.xtec.cat\/colribas\/intraweb\/sant-jordi-2012\/\" title=\"Read Sant Jordi 2012\">Llegeix m\u00e9s\u00bb<\/a><\/p>\n","protected":false},"author":1,"featured_media":0,"parent":415,"menu_order":0,"comment_status":"open","ping_status":"open","template":"page-templates\/side-menu.php","meta":{"_bbp_topic_count":0,"_bbp_reply_count":0,"_bbp_total_topic_count":0,"_bbp_total_reply_count":0,"_bbp_voice_count":0,"_bbp_anonymous_reply_count":0,"_bbp_topic_count_hidden":0,"_bbp_reply_count_hidden":0,"_bbp_forum_subforum_count":0,"footnotes":""},"class_list":["post-435","page","type-page","status-publish","hentry"],"post_mailing_queue_ids":[],"_links":{"self":[{"href":"https:\/\/agora.xtec.cat\/colribas\/wp-json\/wp\/v2\/pages\/435","targetHints":{"allow":["GET"]}}],"collection":[{"href":"https:\/\/agora.xtec.cat\/colribas\/wp-json\/wp\/v2\/pages"}],"about":[{"href":"https:\/\/agora.xtec.cat\/colribas\/wp-json\/wp\/v2\/types\/page"}],"author":[{"embeddable":true,"href":"https:\/\/agora.xtec.cat\/colribas\/wp-json\/wp\/v2\/users\/1"}],"replies":[{"embeddable":true,"href":"https:\/\/agora.xtec.cat\/colribas\/wp-json\/wp\/v2\/comments?post=435"}],"version-history":[{"count":0,"href":"https:\/\/agora.xtec.cat\/colribas\/wp-json\/wp\/v2\/pages\/435\/revisions"}],"up":[{"embeddable":true,"href":"https:\/\/agora.xtec.cat\/colribas\/wp-json\/wp\/v2\/pages\/415"}],"wp:attachment":[{"href":"https:\/\/agora.xtec.cat\/colribas\/wp-json\/wp\/v2\/media?parent=435"}],"curies":[{"name":"wp","href":"https:\/\/api.w.org\/{rel}","templated":true}]}}