{"id":431,"date":"2016-04-28T08:03:01","date_gmt":"2016-04-28T07:03:01","guid":{"rendered":"http:\/\/agora.xtec.cat\/colribas\/intraweb\/calendari-reunions-ampa\/"},"modified":"2025-07-28T11:33:03","modified_gmt":"2025-07-28T09:33:03","slug":"calendari-reunions-ampa","status":"publish","type":"page","link":"https:\/\/agora.xtec.cat\/colribas\/ampa\/calendari-reunions-ampa\/","title":{"rendered":"Calendari Reunions"},"content":{"rendered":"<p style=\"text-align: justify;\"><span style=\"font-family: 'book antiqua', palatino, serif; font-size: 20px;\">El calendari de reunions de l&#8217;AFA del curs 2025-2026 no s&#8217;ha concretat encara.<\/span><\/p>\n<p style=\"text-align: justify;\"><span style=\"font-family: 'book antiqua', palatino, serif; font-size: 20px;\">Actualment, s&#8217;envia un correu electr\u00f2nic i un missatge a l&#8217;APP de l&#8217;Alexia quan hi ha un assumpte d&#8217;inter\u00e8s: reunions, cobraments, activitats i d&#8217;altres.<\/span><\/p>\n<p style=\"text-align: justify;\"><span style=\"font-family: 'book antiqua', palatino, serif; font-size: 20px;\">L&#8217;adre\u00e7a de correu electr\u00f2nic de l&#8217;AFA \u00e9s: <strong>ampa@escolaribas.org<\/strong><\/span><\/p>\n<p>&nbsp;<\/p>\n","protected":false},"excerpt":{"rendered":"<p>El calendari de reunions de l&#8217;AFA del curs 2025-2026 no s&#8217;ha concretat encara.<br \/>\nActualment, s&#8217;envia un correu electr\u00f2nic i un missatge a l&#8217;APP de l&#8217;Alexia quan hi ha un assumpte d&#8217;inter\u00e8s: reunions, cobraments, activitats i d&#8217;altres.<br \/>\nL&#8217;adre\u00e7a de correu electr\u00f2nic de l&#8217;AFA \u00e9s: ampa@escolaribas.org<br \/>\n&nbsp;<\/p>\n","protected":false},"author":1,"featured_media":0,"parent":642,"menu_order":2,"comment_status":"open","ping_status":"closed","template":"page-templates\/side-menu.php","meta":{"_bbp_topic_count":0,"_bbp_reply_count":0,"_bbp_total_topic_count":0,"_bbp_total_reply_count":0,"_bbp_voice_count":0,"_bbp_anonymous_reply_count":0,"_bbp_topic_count_hidden":0,"_bbp_reply_count_hidden":0,"_bbp_forum_subforum_count":0,"footnotes":""},"class_list":["post-431","page","type-page","status-publish","hentry"],"post_mailing_queue_ids":[],"_links":{"self":[{"href":"https:\/\/agora.xtec.cat\/colribas\/wp-json\/wp\/v2\/pages\/431","targetHints":{"allow":["GET"]}}],"collection":[{"href":"https:\/\/agora.xtec.cat\/colribas\/wp-json\/wp\/v2\/pages"}],"about":[{"href":"https:\/\/agora.xtec.cat\/colribas\/wp-json\/wp\/v2\/types\/page"}],"author":[{"embeddable":true,"href":"https:\/\/agora.xtec.cat\/colribas\/wp-json\/wp\/v2\/users\/1"}],"replies":[{"embeddable":true,"href":"https:\/\/agora.xtec.cat\/colribas\/wp-json\/wp\/v2\/comments?post=431"}],"version-history":[{"count":6,"href":"https:\/\/agora.xtec.cat\/colribas\/wp-json\/wp\/v2\/pages\/431\/revisions"}],"predecessor-version":[{"id":6662,"href":"https:\/\/agora.xtec.cat\/colribas\/wp-json\/wp\/v2\/pages\/431\/revisions\/6662"}],"up":[{"embeddable":true,"href":"https:\/\/agora.xtec.cat\/colribas\/wp-json\/wp\/v2\/pages\/642"}],"wp:attachment":[{"href":"https:\/\/agora.xtec.cat\/colribas\/wp-json\/wp\/v2\/media?parent=431"}],"curies":[{"name":"wp","href":"https:\/\/api.w.org\/{rel}","templated":true}]}}