{"id":429,"date":"2016-04-28T08:03:01","date_gmt":"2016-04-28T07:03:01","guid":{"rendered":"http:\/\/agora.xtec.cat\/colribas\/intraweb\/custodia\/"},"modified":"2024-01-15T16:36:56","modified_gmt":"2024-01-15T15:36:56","slug":"custodia","status":"publish","type":"page","link":"https:\/\/agora.xtec.cat\/colribas\/serveis\/custodia\/","title":{"rendered":"Acollida Matinal"},"content":{"rendered":"<table style=\"height: 139px;\" width=\"640\">\n<tbody>\n<tr>\n<td style=\"text-align: left; width: 227px;\"><span style=\"font-family: 'book antiqua', palatino, serif; font-size: 20px;\">De dilluns a divendres<\/span><\/td>\n<td style=\"width: 185px;\"><span style=\"font-family: 'book antiqua', palatino, serif; font-size: 20px;\">De 8 a 9 hores<\/span><\/td>\n<td style=\"width: 218px;\"><span style=\"font-family: 'book antiqua', palatino, serif; font-size: 20px;\">50 \u20ac\/mes per fam\u00edlia<\/span><\/td>\n<\/tr>\n<tr>\n<td style=\"text-align: left; width: 227px;\"><span style=\"font-family: 'book antiqua', palatino, serif; font-size: 20px;\">De dilluns a divendres<\/span><\/td>\n<td style=\"width: 185px;\"><span style=\"font-family: 'book antiqua', palatino, serif; font-size: 20px;\">De 8:30 a 9 hores<\/span><\/td>\n<td style=\"text-align: left; vertical-align: middle; width: 218px;\"><span style=\"font-family: 'book antiqua', palatino, serif; font-size: 20px;\">25 \u20ac\/mes per fam\u00edlia<\/span><\/td>\n<\/tr>\n<tr>\n<td style=\"text-align: left; width: 227px;\"><span style=\"font-family: 'book antiqua', palatino, serif; font-size: 20px;\">Dies puntuals<\/span><\/td>\n<td style=\"width: 185px;\"><span style=\"font-family: 'book antiqua', palatino, serif; font-size: 20px;\">De 8 a 9 hores \u00a0 \u00a0 <\/span><\/td>\n<td style=\"text-align: left; width: 218px;\"><span style=\"font-family: 'book antiqua', palatino, serif; font-size: 20px;\">4\u20ac\/dia per fam\u00edlia<\/span><\/td>\n<\/tr>\n<\/tbody>\n<\/table>\n<ul>\n<li><span style=\"font-family: 'book antiqua', palatino, serif; font-size: 20px;\">Per utilitzar aquest servei no es necessari avisar amb antelaci\u00f3.<\/span><\/li>\n<li><span style=\"font-family: 'book antiqua', palatino, serif; font-size: 20px;\">Es comptabilitzar\u00e0 sempre de la manera que m\u00e9s afavoreixi a la fam\u00edlia.<\/span><\/li>\n<li><span style=\"font-family: 'book antiqua', palatino, serif; font-size: 20px;\">L&#8217;import s&#8217;inclour\u00e0 al rebut de la quota mensual del mes seg\u00fcent.<\/span><\/li>\n<li><span style=\"font-family: 'book antiqua', palatino, serif; font-size: 20px;\">En cas que es quedi m\u00e9s d&#8217;un germ\u00e0 nom\u00e9s es cobrar\u00e0 un d&#8217;ells.<\/span><\/li>\n<\/ul>\n","protected":false},"excerpt":{"rendered":"<p>De dilluns a divendres<br \/>\nDe 8 a 9 hores<br \/>\n50 \u20ac\/mes per fam\u00edlia<\/p>\n<p>De dilluns a divendres<br \/>\nDe 8:30 a 9 hores<br \/>\n25 \u20ac\/mes per fam\u00edlia<\/p>\n<p>Dies puntuals<br \/>\nDe 8 a 9 hores \u00a0 \u00a0<br \/>\n4\u20ac\/dia per fam\u00edlia<\/p>\n<ul>\n<li>Per utilitzar aquest servei no es necessari avisar amb antelaci\u00f3.<\/li>\n<li>Es comptabilitzar\u00e0 sempre de la manera&hellip;  <a href=\"https:\/\/agora.xtec.cat\/colribas\/serveis\/custodia\/\" title=\"Read Acollida Matinal\">Llegeix m\u00e9s\u00bb<\/a><br \/>\n","protected":false},"author":1,"featured_media":0,"parent":63,"menu_order":4,"comment_status":"closed","ping_status":"closed","template":"page-templates\/side-menu.php","meta":{"_bbp_topic_count":0,"_bbp_reply_count":0,"_bbp_total_topic_count":0,"_bbp_total_reply_count":0,"_bbp_voice_count":0,"_bbp_anonymous_reply_count":0,"_bbp_topic_count_hidden":0,"_bbp_reply_count_hidden":0,"_bbp_forum_subforum_count":0,"footnotes":""},"class_list":["post-429","page","type-page","status-publish","hentry"],"post_mailing_queue_ids":[],"_links":{"self":[{"href":"https:\/\/agora.xtec.cat\/colribas\/wp-json\/wp\/v2\/pages\/429","targetHints":{"allow":["GET"]}}],"collection":[{"href":"https:\/\/agora.xtec.cat\/colribas\/wp-json\/wp\/v2\/pages"}],"about":[{"href":"https:\/\/agora.xtec.cat\/colribas\/wp-json\/wp\/v2\/types\/page"}],"author":[{"embeddable":true,"href":"https:\/\/agora.xtec.cat\/colribas\/wp-json\/wp\/v2\/users\/1"}],"replies":[{"embeddable":true,"href":"https:\/\/agora.xtec.cat\/colribas\/wp-json\/wp\/v2\/comments?post=429"}],"version-history":[{"count":6,"href":"https:\/\/agora.xtec.cat\/colribas\/wp-json\/wp\/v2\/pages\/429\/revisions"}],"predecessor-version":[{"id":5512,"href":"https:\/\/agora.xtec.cat\/colribas\/wp-json\/wp\/v2\/pages\/429\/revisions\/5512"}],"up":[{"embeddable":true,"href":"https:\/\/agora.xtec.cat\/colribas\/wp-json\/wp\/v2\/pages\/63"}],"wp:attachment":[{"href":"https:\/\/agora.xtec.cat\/colribas\/wp-json\/wp\/v2\/media?parent=429"}],"curies":[{"name":"wp","href":"https:\/\/api.w.org\/{rel}","templated":true}]}}