{"id":423,"date":"2016-04-28T08:02:54","date_gmt":"2016-04-28T07:02:54","guid":{"rendered":"http:\/\/agora.xtec.cat\/colribas\/intraweb\/secretaria\/"},"modified":"2020-11-12T11:45:01","modified_gmt":"2020-11-12T10:45:01","slug":"secretaria","status":"publish","type":"page","link":"https:\/\/agora.xtec.cat\/colribas\/serveis\/secretaria\/","title":{"rendered":"Secretaria"},"content":{"rendered":"<p><span style=\"font-family: 'book antiqua', palatino, serif; font-size: 20px;\">Les fam\u00edlies es podran adre\u00e7ar a secretaria per a realitzar diferents gestions, com per exemple:\u00a0<\/span><\/p>\n<ul>\n<li><span style=\"font-family: 'book antiqua', palatino, serif; font-size: 20px;\">Demanar informaci\u00f3 general del Centre.<\/span><\/li>\n<li><span style=\"font-family: 'book antiqua', palatino, serif; font-size: 20px;\">Sol\u00b7licitud de documents (certificats, t\u00edtols, justificants, &#8230;).<\/span><\/li>\n<li><span style=\"font-family: 'book antiqua', palatino, serif; font-size: 20px;\">Tramitaci\u00f3 de beques i ajuts.<\/span><\/li>\n<li><span style=\"font-family: 'book antiqua', palatino, serif; font-size: 20px;\">Actualitzaci\u00f3 de dades dels alumnes i les fam\u00edlies (tel\u00e8fons, emails, adreces, &#8230;).<\/span><\/li>\n<li><span style=\"font-family: 'book antiqua', palatino, serif; font-size: 20px;\">Liquidaci\u00f3 de rebuts pendents.<\/span><\/li>\n<li><span style=\"font-family: 'book antiqua', palatino, serif; font-size: 20px;\">Concertar visites amb el Director.<\/span><\/li>\n<\/ul>\n<p><span style=\"font-family: 'book antiqua', palatino, serif; font-size: 20px;\"><strong>Horari d&#8217;atenci\u00f3:<\/strong><\/span><\/p>\n<p><span style=\"font-family: 'book antiqua', palatino, serif; font-size: 20px;\">De dilluns a divendres de 8 a 13h i de 15 a 17:30h<\/span><\/p>\n<p>&nbsp;<\/p>\n","protected":false},"excerpt":{"rendered":"<p>Les fam\u00edlies es podran adre\u00e7ar a secretaria per a realitzar diferents gestions, com per exemple:\u00a0<\/p>\n<ul>\n<li>Demanar informaci\u00f3 general del Centre.<\/li>\n<li>Sol\u00b7licitud de documents (certificats, t\u00edtols, justificants, &#8230;).<\/li>\n<li>Tramitaci\u00f3 de beques i ajuts.<\/li>\n<li>Actualitzaci\u00f3 de dades dels alumnes i les fam\u00edlies (tel\u00e8fons, emails, adreces, &#8230;).<\/li>\n<li>Liquidaci\u00f3 de rebuts pendents.<\/li>\n<li>Concertar visites amb&hellip;  <a href=\"https:\/\/agora.xtec.cat\/colribas\/serveis\/secretaria\/\" title=\"Read Secretaria\">Llegeix m\u00e9s\u00bb<\/a><br \/>\n","protected":false},"author":1,"featured_media":0,"parent":63,"menu_order":1,"comment_status":"closed","ping_status":"closed","template":"page-templates\/side-menu.php","meta":{"_bbp_topic_count":0,"_bbp_reply_count":0,"_bbp_total_topic_count":0,"_bbp_total_reply_count":0,"_bbp_voice_count":0,"_bbp_anonymous_reply_count":0,"_bbp_topic_count_hidden":0,"_bbp_reply_count_hidden":0,"_bbp_forum_subforum_count":0,"footnotes":""},"class_list":["post-423","page","type-page","status-publish","hentry"],"post_mailing_queue_ids":[],"_links":{"self":[{"href":"https:\/\/agora.xtec.cat\/colribas\/wp-json\/wp\/v2\/pages\/423","targetHints":{"allow":["GET"]}}],"collection":[{"href":"https:\/\/agora.xtec.cat\/colribas\/wp-json\/wp\/v2\/pages"}],"about":[{"href":"https:\/\/agora.xtec.cat\/colribas\/wp-json\/wp\/v2\/types\/page"}],"author":[{"embeddable":true,"href":"https:\/\/agora.xtec.cat\/colribas\/wp-json\/wp\/v2\/users\/1"}],"replies":[{"embeddable":true,"href":"https:\/\/agora.xtec.cat\/colribas\/wp-json\/wp\/v2\/comments?post=423"}],"version-history":[{"count":4,"href":"https:\/\/agora.xtec.cat\/colribas\/wp-json\/wp\/v2\/pages\/423\/revisions"}],"predecessor-version":[{"id":2957,"href":"https:\/\/agora.xtec.cat\/colribas\/wp-json\/wp\/v2\/pages\/423\/revisions\/2957"}],"up":[{"embeddable":true,"href":"https:\/\/agora.xtec.cat\/colribas\/wp-json\/wp\/v2\/pages\/63"}],"wp:attachment":[{"href":"https:\/\/agora.xtec.cat\/colribas\/wp-json\/wp\/v2\/media?parent=423"}],"curies":[{"name":"wp","href":"https:\/\/api.w.org\/{rel}","templated":true}]}}