{"id":419,"date":"2016-04-28T08:02:54","date_gmt":"2016-04-28T07:02:54","guid":{"rendered":"http:\/\/agora.xtec.cat\/colribas\/intraweb\/ideari\/"},"modified":"2024-03-13T10:03:45","modified_gmt":"2024-03-13T09:03:45","slug":"ideari","status":"publish","type":"page","link":"https:\/\/agora.xtec.cat\/colribas\/linstitut\/ideari\/","title":{"rendered":"Carta de Comprom\u00eds Educatiu"},"content":{"rendered":"<p style=\"text-align: justify;\"><span style=\"color: #000000; font-size: 24px;\"><span style=\"font-family: 'book antiqua', palatino, serif;\"><strong>Carta de comprom\u00eds educatiu<br \/>\n<\/strong><\/span><span style=\"font-family: 'book antiqua', palatino, serif;\"><strong>Col\u00b7legi Ribas-Fam\u00edlies<\/strong><\/span><\/span><\/p>\n<p style=\"text-align: justify;\"><span style=\"font-family: 'book antiqua', palatino, serif; font-size: 20px;\"><strong>Les persones sotasignades, Ram\u00f3n Jos\u00e9 And\u00fajar Linares, Director del Col\u00b7legi Ribas, i<\/strong> &#8230;&#8230;&#8230;&#8230;&#8230;&#8230;&#8230;&#8230;&#8230;&#8230;&#8230;&#8230;&#8230;&#8230;&#8230;&#8230;&#8230;&#8230;&#8230;&#8230;&#8230;&#8230;&#8230;. <strong>(nom i cognoms), <\/strong><strong>(pare, mare, tutor\/a) de l\u2019alumne\/a <\/strong>&#8230;&#8230;&#8230;&#8230;&#8230;&#8230;&#8230;&#8230;&#8230;&#8230;&#8230;&#8230;&#8230;&#8230;&#8230;&#8230;&#8230;&#8230;&#8230;&#8230;&#8230;&#8230;&#8230; <strong>, <\/strong><strong>reunits a Rub\u00ed, amb data <\/strong>&#8230;&#8230;&#8230;&#8230;&#8230;&#8230;&#8230;&#8230;&#8230;&#8230;&#8230;&#8230;&#8230;&#8230;&#8230;&#8230;..<br \/>\n<\/span><span style=\"font-family: 'book antiqua', palatino, serif; font-size: 20px;\"><strong>Conscients que l\u2019educaci\u00f3 d\u2019infants i adolescents implica l\u2019acci\u00f3 conjunta de la fam\u00edlia i de l\u2019escola, signen aquesta carta de comprom\u00eds educatiu, la qual comporta els seg\u00fcents:<\/strong><\/span><\/p>\n<p>&nbsp;<\/p>\n<p><strong><span style=\"font-family: 'book antiqua', palatino, serif; font-size: 20px;\">COMPROMISOS<\/span><\/strong><\/p>\n<p><strong><span style=\"font-family: 'book antiqua', palatino, serif; font-size: 20px;\">Per part de la fam\u00edlia i dels seus fills\/es<\/span><\/strong><\/p>\n<p><em><span style=\"font-family: 'book antiqua', palatino, serif; font-size: 20px;\">A) Respecte a les normes de conviv\u00e8ncia:<\/span><\/em><\/p>\n<ul>\n<li style=\"text-align: justify;\"><span style=\"font-family: 'book antiqua', palatino, serif; font-size: 20px;\">Con\u00e8ixer i respectar el car\u00e0cter propi del centre i el seu model educatiu, aix\u00ed com respectar i obeir a tot el professorat i a la resta de personal que hi treballa en abs\u00e8ncia dels professors\/es.<\/span><\/li>\n<li style=\"text-align: justify;\"><span style=\"font-family: 'book antiqua', palatino, serif; font-size: 20px;\">Utilitzar de forma natural les formes de cortesia en el tracte amb el professorat i amb les persones majors, com el tractament de &#8216;vost\u00e8&#8217;.<\/span><\/li>\n<li style=\"text-align: justify;\"><span style=\"font-family: 'book antiqua', palatino, serif; font-size: 20px;\">Recolzar les decisions de la Direcci\u00f3 i el Consell Escolar dins de les seves respectives compet\u00e8ncies, demostrant aix\u00ed la seva corresponsabilitat en la gesti\u00f3 del centre.<\/span><\/li>\n<li style=\"text-align: justify;\"><span style=\"font-family: 'book antiqua', palatino, serif; font-size: 20px;\">Participar en les reunions convocades pel Centre, aix\u00ed com acudir a les convocat\u00f2ries d\u2019entrevistes i adoptar criteris i mesures consensuades amb l\u2019escola per afavorir el rendiment escolar del fill o filla.<\/span><\/li>\n<li style=\"text-align: justify;\"><span style=\"font-family: 'book antiqua', palatino, serif; font-size: 20px;\">Adre\u00e7ar-se directament al Centre amb cita pr\u00e8via i, en tot cas, a la persona que pertoca, per contrastar les discrep\u00e0ncies, coincid\u00e8ncies o suggeriments que afecten a la formaci\u00f3 del nen o nena.<\/span><\/li>\n<li style=\"text-align: justify;\"><span style=\"font-family: 'book antiqua', palatino, serif; font-size: 20px;\">Mantenir una relaci\u00f3 fluida amb els tutors i tutores dels seus fills i filles, proporcionant-los la informaci\u00f3 que sol\u00b7licitin per a garantir la deguda orientaci\u00f3 del proc\u00e9s educatiu o les informacions que siguin rellevants per al correcte desenvolupament personal de l&#8217;alumnat o la seva salut.<\/span><\/li>\n<li style=\"text-align: justify;\"><span style=\"font-family: 'book antiqua', palatino, serif; font-size: 20px;\">Participar activa i col\u00b7laborativament en la vida escolar amb la resta dels membres de la comunitat educativa.\u00a0<\/span><\/li>\n<li style=\"text-align: justify;\"><span style=\"font-family: 'book antiqua', palatino, serif; font-size: 20px;\">No discriminar cap membre de la comunitat educativa per motiu de naixement, ra\u00e7a, g\u00e8nere o una altra circumst\u00e0ncia personal o social.<\/span><\/li>\n<li style=\"text-align: justify;\"><span style=\"font-family: 'book antiqua', palatino, serif; font-size: 20px;\">Respectar la llibertat de consci\u00e8ncia i les conviccions religioses, morals i ideol\u00f2giques, aix\u00ed com la dignitat, integritat i privacitat de tots els membres de la comunitat educativa.<\/span><\/li>\n<li style=\"text-align: justify;\"><span style=\"font-family: 'book antiqua', palatino, serif; font-size: 20px;\">Fomentar un ambient de conviv\u00e8ncia i respectar el dret dels altres membres a no ser molestats en la seva activitat normal a l&#8217;Escola.<\/span><\/li>\n<li style=\"text-align: justify;\"><span style=\"font-family: 'book antiqua', palatino, serif; font-size: 20px;\">Instar el fill o filla a ser responsable de l\u2019entorn escolar, a col\u00b7laborar i participar del bon funcionament de l\u2019escola (a l\u2019aula, a les activitats curriculars, al menjador ), i a respectar les propietats dels altres.<\/span><\/li>\n<li style=\"text-align: justify;\"><span style=\"font-family: 'book antiqua', palatino, serif; font-size: 20px;\">Instar el fill o filla a ajudar en la neteja de tots els espais del recinte escolar i el seu entorn, dipositant les deixalles en els llocs adequats, i a tenir cura de totes les instal\u00b7lacions i materials que l&#8217;escola proporciona al seu alumnat amb la finalitat de garantir-los una formaci\u00f3 completa i una conviv\u00e8ncia agradable al Centre.<\/span><\/li>\n<\/ul>\n<p>&nbsp;<\/p>\n<p style=\"text-align: justify;\"><span style=\"font-family: 'book antiqua', palatino, serif; font-size: 20px;\"><em>B) Respecte a les normes generals:<\/em><\/span><\/p>\n<ul>\n<li style=\"text-align: justify;\"><span style=\"font-family: 'book antiqua', palatino, serif; font-size: 20px;\">Garantir l\u2019assist\u00e8ncia dels fills\/filles al Col\u00b7legi de forma constant i Tota falta d\u2019assist\u00e8ncia deur\u00e0 justificar-se pel pare, mare o tutor\/a legal.<\/span><\/li>\n<li style=\"text-align: justify;\"><span style=\"font-family: 'book antiqua', palatino, serif; font-size: 20px;\">Garantir la puntualitat, que ha de complir-se en totes les activitats escolars.<\/span><\/li>\n<li style=\"text-align: justify;\"><span style=\"font-family: 'book antiqua', palatino, serif; font-size: 20px;\">Adquirir els llibres i material d&#8217;ensenyament necessaris per a complir amb les tasques escolars.<\/span><\/li>\n<li style=\"text-align: justify;\"><span style=\"font-family: 'book antiqua', palatino, serif; font-size: 20px;\">Instar el fill o filla que realitzi de manera regular les tasques escolars posant-hi el treball i l\u2019esfor\u00e7 necessari, i ajudar-lo en la creaci\u00f3 i manteniment d&#8217;uns h\u00e0bits de treball constants que li benefici\u00efn al llarg de tota la seva vida acad\u00e8mica.<\/span><\/li>\n<li style=\"text-align: justify;\"><span style=\"font-family: 'book antiqua', palatino, serif; font-size: 20px;\">Vetllar per tal que l\u2019alumne\/a porti l\u2019uniforme escollit pel Centre en l\u2019\u00e0mbit escolar i en les sortides proposades pel Centre. Aquest haur\u00e0 de mantenir-se net i ben conservat.<\/span><\/li>\n<li style=\"text-align: justify;\"><span style=\"font-family: 'book antiqua', palatino, serif; font-size: 20px;\">Instar el fill o filla a vestir de manera apropiada i respectuosa, seguint les pautes establertes en el nostre codi de vestimenta. Mantenir una bona imatge personal no sols contribueix a l&#8217;ambient positiu de la nostra escola, sin\u00f3 que tamb\u00e9 crea un entorn propici per a l&#8217;aprenentatge. En aquest sentit, s\u2019evitar\u00e0 portar elements que puguin resultar disruptius per a la conviv\u00e8ncia, com a p\u00edrcings visibles (nom\u00e9s permeses les arracades a l\u2019orella) i tatuatges o tallades de cabells cridaners. Entenem i respectem l&#8217;expressi\u00f3 personal per\u00f2, en un entorn educatiu, \u00e9s fonamental que aquests elements no distreguin ni pertorbin l&#8217;ambient d&#8217;aprenentatge.<\/span><\/li>\n<li style=\"text-align: justify;\"><span style=\"font-family: 'book antiqua', palatino, serif; font-size: 20px;\">Portar l&#8217;equip d&#8217;Educaci\u00f3 F\u00edsica en els dies establerts pel Centre.<\/span><\/li>\n<li style=\"text-align: justify;\"><span style=\"font-family: 'book antiqua', palatino, serif; font-size: 20px;\">Abonar les quotes de material i sortides en el termini establert pel centre per garantir una adequada gesti\u00f3 dels recursos econ\u00f2mics per dur a terme la seva activitat escolar.<\/span><\/li>\n<li style=\"text-align: justify;\"><span style=\"font-family: 'book antiqua', palatino, serif; font-size: 20px;\">Evitar portar objectes de valor o perillosos al Centre, sent la fam\u00edlia responsable de qualsevol p\u00e8rdua o mal sofert.<\/span><\/li>\n<li style=\"text-align: justify;\"><span style=\"font-family: 'book antiqua', palatino, serif; font-size: 20px;\">Respectar les normes d&#8217;organitzaci\u00f3 i funcionament del centre (NOFC) i la regulaci\u00f3 dels tel\u00e8fons m\u00f2bils que s&#8217;hi especifica: en cas que l\u2019alumnat porti dispositius electr\u00f2nics, mantenir-los <u>totalment desconnectats<\/u> dins del recinte escolar. Per a establir contacte alumne-fam\u00edlia, s\u2019utilitzaran els tel\u00e8fons proporcionats per la Secretaria de l\u2019escola. El mal \u00fas d&#8217;aquests dispositius, dins o fora de l&#8217;horari lectiu i del recinte escolar, que atempti contra la privacitat, l&#8217;honor i la imatge de qualsevol persona, constituir\u00e0 un delicte tipificat en el Codi Penal, a m\u00e9s de mesures disciplin\u00e0ries internes segons sigui necessari.<\/span><\/li>\n<li style=\"text-align: justify;\"><span style=\"font-family: 'book antiqua', palatino, serif; font-size: 20px;\">No fumar dins del recinte escolar ni en els accessos immediats ni voravies que l\u2019envolten. Per la Llei 42\/2010 que inclou la protecci\u00f3 dels ciutadans no fumadors -especialment menors d\u2019edat- est\u00e0 prohibit fumar en espais a l&#8217;aire lliure de centres educatius.<\/span><\/li>\n<li style=\"text-align: justify;\"><span style=\"font-family: 'book antiqua', palatino, serif; font-size: 20px;\">Vetllar pel compliment de tots els drets i deures del seu fill o filla.<\/span><\/li>\n<\/ul>\n<p>&nbsp;<\/p>\n<p><strong><span style=\"font-family: 'book antiqua', palatino, serif; font-size: 20px;\">Per part del centre<\/span><\/strong><\/p>\n<ul>\n<li><span style=\"font-family: 'book antiqua', palatino, serif; font-size: 20px;\">Vetllar per l\u2019acompliment dels drets i deures de l\u2019alumnat i de les NOFC (Normes d\u2019Organitzaci\u00f3 i Funcionament del Centre) que defineixen el car\u00e0cter propi de la nostra escola.<\/span><\/li>\n<li><span style=\"font-family: 'book antiqua', palatino, serif; font-size: 20px;\">Informar la fam\u00edlia del projecte educatiu de centre (PEC) i de les normes d&#8217;organitzaci\u00f3 i funcionament del centre (NOFC), incloent-hi els acords de centre sobre l&#8217;\u00fas dels tel\u00e8fons m\u00f2bils.<\/span><\/li>\n<li><span style=\"font-family: 'book antiqua', palatino, serif; font-size: 20px;\">Educar sota un vessant democr\u00e0tic de la vida evitant qualsevol discriminaci\u00f3 i oferint una base de di\u00e0leg on tots els que hi participen se\u2019n senten corresponsables.<\/span><\/li>\n<li><span style=\"font-family: 'book antiqua', palatino, serif; font-size: 20px;\">Promoure un entorn basat en el respecte i la conviv\u00e8ncia.<\/span><\/li>\n<li><span style=\"font-family: 'book antiqua', palatino, serif; font-size: 20px;\">Vetllar per l\u2019acompliment dels drets i deures de l\u2019alumnat i de les NOFC (Normes d\u2019Organitzaci\u00f3 i Funcionament del Centre) que defineixen el car\u00e0cter propi de la nostra escola.<\/span><\/li>\n<li><span style=\"font-family: 'book antiqua', palatino, serif; font-size: 20px;\">Desenvolupar i consolidar la personalitat de l&#8217;alumnat promovent l&#8217;adquisici\u00f3 d&#8217;una llibertat responsable.<\/span><\/li>\n<li><span style=\"font-family: 'book antiqua', palatino, serif; font-size: 20px;\">Facilitar una formaci\u00f3 que contribueixi al desenvolupament integral de la personalitat de l\u2019alumnat i capacitar-lo professionalment per a la seva integraci\u00f3 a la societat potenciant al m\u00e0xim les seves aptituds i capacitats.<\/span><\/li>\n<li><span style=\"font-family: 'book antiqua', palatino, serif; font-size: 20px;\">Assegurar que l\u2019alumnat assoleix els coneixements te\u00f2rics i pr\u00e0ctics necessaris per promoure el desenvolupament sostenible mitjan\u00e7ant l\u2019educaci\u00f3 i els estils de vida sostenibles, els drets humans, la igualtat de g\u00e8nere, la promoci\u00f3 d\u2019una cultura de pau i no-viol\u00e8ncia, i la valoraci\u00f3 de la diversitat cultural.<\/span><\/li>\n<li><span style=\"font-family: 'book antiqua', palatino, serif; font-size: 20px;\">Adoptar les mesures educatives alternatives o complement\u00e0ries adients per atendre les necessitats espec\u00edfiques de l\u2019alumne\/a i mantenir-ne informada la fam\u00edlia.<\/span><\/li>\n<li><span style=\"font-family: 'book antiqua', palatino, serif; font-size: 20px;\">Fomentar el contacte amb la fam\u00edlia per a crear un vincle d&#8217;interessos i col\u00b7laboraci\u00f3, i mantenir una comunicaci\u00f3 regular amb ella per informar-la de l\u2019evoluci\u00f3 acad\u00e8mica i personal del seu fill o filla.<\/span><\/li>\n<li><span style=\"font-family: 'book antiqua', palatino, serif; font-size: 20px;\">Practicar virtuts b\u00e0siques de conviv\u00e8ncia: companyonia, respecte a les idees dels altres i esperit de treball.<\/span><\/li>\n<li><span style=\"font-family: 'book antiqua', palatino, serif; font-size: 20px;\">Utilitzar com a llengua vehicular el catal\u00e0 sense perjudici d\u2019emprar qualsevol de les dues lleng\u00fces oficials a Catalunya.<\/span><\/li>\n<li><span style=\"font-family: 'book antiqua', palatino, serif; font-size: 20px;\">Impartir la Religi\u00f3 Cat\u00f2lica tot respectant les conviccions religioses, morals i ideol\u00f2giques de la fam\u00edlia i de l\u2019alumne o alumna.<\/span><\/li>\n<\/ul>\n<p>&nbsp;<\/p>\n<p><span style=\"font-family: 'book antiqua', palatino, serif; font-size: 20px;\">Apreciem el seu comprom\u00eds amb l&#8217;educaci\u00f3 dels seus fills i filles i agra\u00efm la seva col\u00b7laboraci\u00f3 en la construcci\u00f3 d&#8217;un ambient educatiu enriquidor i respectu\u00f3s.<\/span><\/p>\n","protected":false},"excerpt":{"rendered":"<p>Carta de comprom\u00eds educatiu<br \/>\nCol\u00b7legi Ribas-Fam\u00edlies<br \/>\nLes persones sotasignades, Ram\u00f3n Jos\u00e9 And\u00fajar Linares, Director del Col\u00b7legi Ribas, i &#8230;&#8230;&#8230;&#8230;&#8230;&#8230;&#8230;&#8230;&#8230;&#8230;&#8230;&#8230;&#8230;&#8230;&#8230;&#8230;&#8230;&#8230;&#8230;&#8230;&#8230;&#8230;&#8230;. (nom i cognoms), (pare, mare, tutor\/a) de l\u2019alumne\/a &#8230;&#8230;&#8230;&#8230;&#8230;&#8230;&#8230;&#8230;&#8230;&#8230;&#8230;&#8230;&#8230;&#8230;&#8230;&#8230;&#8230;&#8230;&#8230;&#8230;&#8230;&#8230;&#8230; , reunits a Rub\u00ed, amb data &#8230;&#8230;&#8230;&#8230;&#8230;&#8230;&#8230;&#8230;&#8230;&#8230;&#8230;&#8230;&#8230;&#8230;&#8230;&#8230;..<br \/>\nConscients que l\u2019educaci\u00f3 d\u2019infants i adolescents implica l\u2019acci\u00f3 conjunta de la fam\u00edlia i&hellip;  <a href=\"https:\/\/agora.xtec.cat\/colribas\/linstitut\/ideari\/\" title=\"Read Carta de Comprom\u00eds Educatiu\">Llegeix m\u00e9s\u00bb<\/a><\/p>\n","protected":false},"author":1,"featured_media":0,"parent":19,"menu_order":4,"comment_status":"closed","ping_status":"closed","template":"page-templates\/side-menu.php","meta":{"_bbp_topic_count":0,"_bbp_reply_count":0,"_bbp_total_topic_count":0,"_bbp_total_reply_count":0,"_bbp_voice_count":0,"_bbp_anonymous_reply_count":0,"_bbp_topic_count_hidden":0,"_bbp_reply_count_hidden":0,"_bbp_forum_subforum_count":0,"footnotes":""},"class_list":["post-419","page","type-page","status-publish","hentry"],"post_mailing_queue_ids":[],"_links":{"self":[{"href":"https:\/\/agora.xtec.cat\/colribas\/wp-json\/wp\/v2\/pages\/419","targetHints":{"allow":["GET"]}}],"collection":[{"href":"https:\/\/agora.xtec.cat\/colribas\/wp-json\/wp\/v2\/pages"}],"about":[{"href":"https:\/\/agora.xtec.cat\/colribas\/wp-json\/wp\/v2\/types\/page"}],"author":[{"embeddable":true,"href":"https:\/\/agora.xtec.cat\/colribas\/wp-json\/wp\/v2\/users\/1"}],"replies":[{"embeddable":true,"href":"https:\/\/agora.xtec.cat\/colribas\/wp-json\/wp\/v2\/comments?post=419"}],"version-history":[{"count":6,"href":"https:\/\/agora.xtec.cat\/colribas\/wp-json\/wp\/v2\/pages\/419\/revisions"}],"predecessor-version":[{"id":6238,"href":"https:\/\/agora.xtec.cat\/colribas\/wp-json\/wp\/v2\/pages\/419\/revisions\/6238"}],"up":[{"embeddable":true,"href":"https:\/\/agora.xtec.cat\/colribas\/wp-json\/wp\/v2\/pages\/19"}],"wp:attachment":[{"href":"https:\/\/agora.xtec.cat\/colribas\/wp-json\/wp\/v2\/media?parent=419"}],"curies":[{"name":"wp","href":"https:\/\/api.w.org\/{rel}","templated":true}]}}