{"id":416,"date":"2016-04-28T08:02:54","date_gmt":"2016-04-28T07:02:54","guid":{"rendered":"http:\/\/agora.xtec.cat\/colribas\/intraweb\/col-legi-ribas\/"},"modified":"2024-01-15T15:37:40","modified_gmt":"2024-01-15T14:37:40","slug":"col-legi-ribas","status":"publish","type":"page","link":"https:\/\/agora.xtec.cat\/colribas\/linstitut\/col-legi-ribas\/","title":{"rendered":"Origen i Himne"},"content":{"rendered":"<table style=\"width: 850px; border: 1px solid #ffffff; border-collapse: collapse; height: 1434px;\" cellpadding=\"5\" align=\"justify\">\n<tbody>\n<tr>\n<td style=\"border: 1px solid #ffffff;\">\n<div align=\"justify\"><\/div>\n<p style=\"text-align: justify;\" align=\"justify\"><span style=\"font-family: 'book antiqua', palatino, serif; font-size: 20px;\">En el primer quart del segle passat, des d&#8217;un poble\u00a0del Baix Llobregat, es trasllada a Barcelona un vailet, fill d&#8217;una\u00a0fam\u00edlia de petits agricultors, amb moltes ganes de treballar i fer-se\u00a0home. <\/span><\/p>\n<p style=\"text-align: justify;\" align=\"justify\"><span style=\"font-family: 'book antiqua', palatino, serif; font-size: 20px;\">Barcelona era, aleshores, una ciutat encotillada encara per\u00a0les darreres muralles\u00a0 que ja l&#8217;ofegaven. Els barris de Sant Mart\u00ed de\u00a0Proven\u00e7als, Sant Andreu de Palomar, Horta, Gr\u00e0cia, Sants, Les Corts,\u00a0Sant Gervasi de Cassoles i Sarri\u00e0 eren peculiars i encantadors pobles de\u00a0la rodalia ben delimitats, separats entre ells aix\u00ed com de la pr\u00f2pia\u00a0Barcelona. <\/span><\/p>\n<p style=\"text-align: justify;\" align=\"justify\"><span style=\"font-family: 'book antiqua', palatino, serif; font-size: 20px;\">Aquell miny\u00f3 comen\u00e7a d&#8217;aprenent en un comer\u00e7 del barri del Raval. Aquells petits establiments on els aprenents, en especial els vinguts de fora, feien vida total a casa. \u00c9s a dir, hi treballaven a tota hora, hi menjaven i fins en molts casos dormien a la rebotiga. <\/span><\/p>\n<p style=\"text-align: justify;\" align=\"justify\"><span style=\"font-family: 'book antiqua', palatino, serif; font-size: 20px;\">El noi era treballador, espavilat i tamb\u00e9, potser, la sort\u00a0li era prop\u00edcia. Amb el temps \u00e9s el capdavanter del negoci. Despr\u00e9s es\u00a0casa i successivament neixen cinc fills, tres nois i dues noies. Per a\u00a0portar endavant tota la fam\u00edlia instal\u00b7laren uns telers d&#8217;aquells que\u00a0funcionaven amb els peus i les mans, treballant-hi pares i fills.<\/span><\/p>\n<p style=\"text-align: justify;\" align=\"justify\"><span style=\"font-family: 'book antiqua', palatino, serif; font-size: 20px; line-height: 1.6;\">Amb l&#8217;esfor\u00e7 de tots i\u00a0 que la feina no falta, el\u00a0negoci segueix per camins pr\u00f2spers, tant que es fa prec\u00eds engrandir-lo i\u00a0traslladar-se al barri de Gr\u00e0cia on ja \u00e9s una f\u00e0brica de relativa\u00a0import\u00e0ncia.<\/span><\/p>\n<p style=\"text-align: justify;\" align=\"justify\"><span style=\"font-family: 'book antiqua', palatino, serif; font-size: 20px;\">Som temps de bonan\u00e7a, de creaci\u00f3 de les grans ind\u00fastries t\u00e8xtils que han subsistit fins fa poc i que, malauradament, han desaparegut moltes d&#8217;elles degut a convulsions econ\u00f2miques alienes al pa\u00eds. Abans que s&#8217;acabi el segle XIX; la manufactura de la fam\u00edlia Ribas exigeix, pel seu desenvolupament una f\u00e0brica m\u00e9s gran i \u00e9s quan es trasllada a Rub\u00ed, establint-se a la dreta de la riera i se la coneix pel &#8220;Vapor Nou&#8221;, perqu\u00e8 en aquella \u00e8poca tot funcionava encara per la for\u00e7a del vapor. Actualment es poden veure restes de la f\u00e0brica i la casa-torre on visqu\u00e9 Don Frederic Ribas, qui era el que dirigia la fabricaci\u00f3, amb la seva esposa D\u00aa Carme Gual. <\/span><\/p>\n<p style=\"text-align: justify;\" align=\"justify\"><span style=\"font-family: 'book antiqua', palatino, serif; font-size: 20px;\">Els germans Ribas amb la seva important ind\u00fastria\u00a0feren possible la creaci\u00f3 de les Escoles Ribas que tan dignament porten\u00a0el seu nom. Don Frederic, amb el tracte quotidi\u00e0 amb els seus empleats i\u00a0un coneixement de les necessitats del poble de Rub\u00ed va intuir la\u00a0necessitat de la construcci\u00f3 d&#8217;unes escoles on els infants de la vila,\u00a0preferentment els fills dels treballadors de la casa Ribas, poguessin\u00a0assolir una completa educaci\u00f3.<\/span><\/p>\n<p style=\"text-align: justify;\" align=\"justify\"><span style=\"font-size: 20px; font-family: 'book antiqua', palatino, serif;\">El que la idea de la creaci\u00f3 de les Escoles Ribas \u00e9s atribu\u00efble a Don Frederic, qued\u00e0 pal\u00e8s en el seu testament en disposar que el seu germ\u00e0 Don Llu\u00eds s&#8217;encarregui de fer-ho, intuint que potser la vida no li donaria temps a ell. Malauradament a Don Llu\u00eds tampoc li fou possible en vida, per\u00f2 \u00e9s ben clar que pensava realitzar-ho perqu\u00e8 en la seva darrera voluntat va encomanar als seus hereus de confian\u00e7a, la <span style=\"line-height: 1.6;\">creaci\u00f3 d&#8217;unes escoles al poble de Rub\u00ed &#8220;si no\u00a0haguessin estat constru\u00efdes ja&#8221;.<\/span><\/span><\/p>\n<p style=\"text-align: justify;\" align=\"justify\"><span style=\"font-family: 'book antiqua', palatino, serif; font-size: 20px;\">Van \u00e9sser constru\u00efdes\u00a0 entre els anys 1.912-1.915\u00a0per l&#8217;arquitecte Emili Sala i Cort\u00e9s sobre un terreny de 18.350 m<sup>2<\/sup> d&#8217;una\u00a0sola planta de 2.917 m<sup>2<\/sup>, dos patis\u00a0\u00a0\u00a0 interiors de 680 m<sup>2<\/sup> i porteria de\u00a080 m<sup>2<\/sup>. <\/span><\/p>\n<p style=\"text-align: justify;\" align=\"justify\"><span style=\"font-family: 'book antiqua', palatino, serif; font-size: 20px;\">Comen\u00e7a l&#8217;activitat docent el dia 1 de setembre de 1.916.<\/span><\/p>\n<p style=\"text-align: justify;\" align=\"justify\"><span style=\"color: #0a82aa; font-family: 'book antiqua', palatino, serif; font-size: 20px; background-color: #ffffff;\">Testament<\/span><\/p>\n<p style=\"text-align: justify;\"><span style=\"font-family: 'book antiqua', palatino, serif; font-size: 20px;\">Els\u00a0germans Ribas (Rosend, Frederic i Llu\u00eds) constitu\u00efen un lloc\u00a0privilegiat en la localitat de Rub\u00ed, on hi tenien ubicada una f\u00e0brica de\u00a0velluts, la qual va prosperar molt. Es tractava d\u00b4una fam\u00edlia que\u00a0disposava de grans b\u00e9ns materials i van reflectir un singular inter\u00e8s en\u00a0el millorament de la condici\u00f3 dels infants.<\/span><\/p>\n<p style=\"text-align: justify;\"><span style=\"font-family: 'book antiqua', palatino, serif; font-size: 20px;\">D\u00b4acord amb la voluntat testament\u00e0ria d\u00b4en Llu\u00eds\u00a0Ribas i Regordosa, l&#8217;\u00faltim dels germans Ribas en morir, s\u00b4havien de\u00a0construir unes Escoles i un Orfenat, gratu\u00efts, per tal d\u00b4educar i\u00a0assistir a nens.<\/span><\/p>\n<p style=\"text-align: justify;\"><span style=\"font-family: 'book antiqua', palatino, serif; font-size: 20px;\">Els hereus de confian\u00e7a del Sr. Ribas: Sr. Jaume\u00a0Carner, Sr. Eduard Amat i Sr. Josep Ventolra, constitu\u00efts en Patronat,\u00a0van prendre la iniciativa fent construir les Escoles Ribas a Rub\u00ed i\u00a0l&#8217;Orferinat Ribas a Barcelona, tal com manava el testament (1-05-1911):<br \/>\n<\/span><\/p>\n<p style=\"text-align: justify;\" align=\"justify\"><span style=\"font-family: 'book antiqua', palatino, serif; font-size: 20px;\"><em>&#8220;Nomeno als hereus de confian\u00e7a perqu\u00e8 realitzin\u00a0tots els meus bens amb la major promptitud que els sigui possible, i\u00a0inverteixin el seu producte en\u00a0\u00a0 l&#8217;al\u00e7ament d\u00b4un edifici escola en el\u00a0poble de Rub\u00ed, en el cas que en aquella data no s\u00b4hagu\u00e9s constru\u00eft ja; i\u00a0un altre edifici en el lloc que escolleixin en aquesta ciutat\u00a0(Barcelona), destinat aquest \u00faltim a recollir i educar a nens i nenes\u00a0orfes de pares (amb prefer\u00e8ncia als d\u00b4aquesta ciutat), devent-se les\u00a0quantitats que es destinessin a les dites institucions dividir-se una\u00a0part en la construcci\u00f3 i\u00a0 instal\u00b7laci\u00f3, i un altra a la formaci\u00f3 de\u00a0capital pel seu sosteniment, facultant als meus citats hereus perqu\u00e8,\u00a0segons les instruccions que els hi hagi donat de paraula o per escrit\u00a0[&#8230;]<\/em><\/span><\/p>\n<\/td>\n<\/tr>\n<\/tbody>\n<\/table>\n<table style=\"border: 5px solid #2e8700; border-collapse: collapse; width: 850px; height: 866px; display: table;\" align=\"absmiddle\">\n<tbody>\n<tr>\n<td style=\"border: 5px solid #0a82aa; width: 425px; text-align: center; vertical-align: top; background-color: #e7f0d4;\" align=\"center\">\n<div>\n<p><span style=\"font-family: 'book antiqua', palatino, serif; font-size: 18pt;\"><strong>HIMNE A LES ESCOLES RIBAS<\/strong><\/span><\/p>\n<p><span style=\"font-family: 'book antiqua', palatino, serif; font-size: 12pt;\"><strong>1.919<\/strong><\/span><\/p>\n<\/div>\n<p><span style=\"font-family: 'book antiqua', palatino, serif; font-size: 12pt;\">Sou grans, sou belles, sou riques<br \/>\nper vostre objecte i dest\u00ed.<br \/>\nDe les joies d\u00b4aquest poble<br \/>\nen sou un preuat rob\u00ed.\u00a0 (2 veg.)<\/span><\/p>\n<p><span style=\"font-family: 'book antiqua', palatino, serif; font-size: 12pt;\"><br \/>\nBella \u00e9s vostra arquitectura<br \/>\nbelles sou de fora i dins<br \/>\nmes la bellesa suprema<br \/>\nes reflexa en vostres fins.<\/span><\/p>\n<p><span style=\"font-family: 'book antiqua', palatino, serif; font-size: 12pt;\"><br \/>\nVostra principal riquesa<br \/>\nno est\u00e0 pas en lo que es veu<br \/>\nest\u00e0 en l\u00b4obra educadora<br \/>\namor i pau que aqu\u00ed feu.<\/span><\/p>\n<p><span style=\"font-family: 'book antiqua', palatino, serif; font-size: 12pt;\"><br \/>\nGrans sou per vostra pres\u00e8ncia<br \/>\nvostre esperit \u00e9s molt major<br \/>\nper\u00f2 m\u00e9s gran seria encara<br \/>\nel qui us fund\u00e0 lo cor.<\/span><\/p>\n<p><span style=\"font-family: 'book antiqua', palatino, serif; font-size: 12pt;\"><br \/>\nSou grans, sou belles, sou riques<br \/>\nper vostres objecte i dest\u00ed.<br \/>\nDe les joies d\u00b4aquest poble<br \/>\nen sou un preuat rob\u00ed.<\/span><\/p>\n<p><em><span style=\"font-family: 'book antiqua', palatino, serif; font-size: 12pt;\">Lletra de J. BOSCH CUS\u00cd<\/span><\/em><br \/>\n<em><span style=\"font-family: 'book antiqua', palatino, serif; font-size: 12pt;\"> M\u00fasica de J. SENT\u00cd<\/span><\/em><\/td>\n<td style=\"border: 5px solid #0a82aa; width: 425px; text-align: center; vertical-align: top; background-color: #e7f0d4;\" align=\"center\"><span style=\"font-family: 'book antiqua', palatino, serif; font-size: 18pt;\"><strong>HIMNE A LES ESCOLES RIBAS<\/strong><\/span><\/p>\n<p><span style=\"font-family: 'book antiqua', palatino, serif; font-size: 12pt;\"><strong>1.918<\/strong><\/span><\/p>\n<p><span style=\"font-family: 'book antiqua', palatino, serif; font-size: 12pt;\">TORNADA<br \/>\nDe Rub\u00ed, la flor xamosa<br \/>\nque&#8217;l Vall\u00e9s deixa flair\u00e2,<br \/>\nsom brotada generosa<br \/>\nd&#8217;un nou d\u00eda que vindr\u00e0&#8230;<br \/>\n\u00a1 Quin despert\u00e2!<br \/>\nI<br \/>\nLa mirada sempre enlaire<br \/>\ndret on volen nostres cors,<br \/>\ny aqu\u00ed baix deixant la laire,<br \/>\ncom la deixen tantes flors,<br \/>\nels espais, com l&#8217;au cantaire,<br \/>\nab les ales batent l&#8217;aire<br \/>\ncantarem sembrant amors.<br \/>\nII<br \/>\nF\u00e8 y Treball ser\u00e0n la gu\u00eda;<br \/>\nla Virtut el mell\u00f4 estel;<br \/>\nassolint, quan l&#8217;hora s\u00eda,<br \/>\nlo rich fruit del nostre anhel.\u00a0 Que floreixi l&#8217;alegr\u00eda<br \/>\nentre onades de poes\u00eda,<br \/>\ny la terra ser\u00e0 un cel.<br \/>\nIII<br \/>\nNostra Escola l&#8217;han al\u00e7ada<br \/>\nal impuls d&#8217;un ideal,<br \/>\nuns bons fills de l&#8217;encontrada,<br \/>\nquin recort ser\u00e0 inmortal.<br \/>\nQuan comenci la creuada<br \/>\nanirem a l&#8217;aven\u00e7ada,<br \/>\nser\u00e8&#8217;l seny y el front ben alt.<\/span><\/p>\n<p><span style=\"font-family: 'book antiqua', palatino, serif; font-size: 12pt;\">TORNADA<\/span><br \/>\n<span style=\"font-family: 'book antiqua', palatino, serif; font-size: 12pt;\"> De Rub\u00ed, la flor xamosa<\/span><br \/>\n<span style=\"font-family: 'book antiqua', palatino, serif; font-size: 12pt;\"> que&#8217;l Vall\u00e8s deixa flair\u00e2,<\/span><br \/>\n<span style=\"font-family: 'book antiqua', palatino, serif; font-size: 12pt;\"> som brotada generosa<\/span><br \/>\n<span style=\"font-family: 'book antiqua', palatino, serif; font-size: 12pt;\"> d&#8217;un nou d\u00eda que vindr\u00e0&#8230;<\/span><br \/>\n<span style=\"font-family: 'book antiqua', palatino, serif; font-size: 12pt;\"> \u00a1Quin despert\u00e2!<\/span><\/p>\n<p><em><span style=\"font-family: 'book antiqua', palatino, serif; font-size: 12pt;\">ANT\u00d3N BUSQUETS Y\u00a0 PUNSET<\/span><\/em><br \/>\n<em><span style=\"font-family: 'book antiqua', palatino, serif; font-size: 12pt;\"> Escriptor i Mestre. (1876-1934)<\/span><\/em><br \/>\n<span style=\"font-size: 10pt;\"><em><span style=\"font-family: 'book antiqua', palatino, serif;\"> Text original de la \u00e8poca<\/span><\/em><\/span><\/p>\n<p><span style=\"font-family: 'book antiqua', palatino, serif; font-size: 12pt;\">\u00a0<\/span><\/td>\n<\/tr>\n<\/tbody>\n<\/table>\n<p>&nbsp;<\/p>\n<p>&nbsp;<\/p>\n<p>&nbsp;<\/p>\n","protected":false},"excerpt":{"rendered":"<p>En el primer quart del segle passat, des d&#8217;un poble\u00a0del Baix Llobregat, es trasllada a Barcelona un vailet, fill d&#8217;una\u00a0fam\u00edlia de petits agricultors, amb moltes ganes de treballar i fer-se\u00a0home.<br \/>\nBarcelona era, aleshores, una ciutat encotillada encara per\u00a0les darreres muralles\u00a0 que ja l&#8217;ofegaven. Els barris&hellip;  <a href=\"https:\/\/agora.xtec.cat\/colribas\/linstitut\/col-legi-ribas\/\" title=\"Read Origen i Himne\">Llegeix m\u00e9s\u00bb<\/a><\/p>\n","protected":false},"author":1,"featured_media":0,"parent":19,"menu_order":8,"comment_status":"closed","ping_status":"closed","template":"page-templates\/side-menu.php","meta":{"_bbp_topic_count":0,"_bbp_reply_count":0,"_bbp_total_topic_count":0,"_bbp_total_reply_count":0,"_bbp_voice_count":0,"_bbp_anonymous_reply_count":0,"_bbp_topic_count_hidden":0,"_bbp_reply_count_hidden":0,"_bbp_forum_subforum_count":0,"footnotes":""},"class_list":["post-416","page","type-page","status-publish","hentry"],"post_mailing_queue_ids":[],"_links":{"self":[{"href":"https:\/\/agora.xtec.cat\/colribas\/wp-json\/wp\/v2\/pages\/416","targetHints":{"allow":["GET"]}}],"collection":[{"href":"https:\/\/agora.xtec.cat\/colribas\/wp-json\/wp\/v2\/pages"}],"about":[{"href":"https:\/\/agora.xtec.cat\/colribas\/wp-json\/wp\/v2\/types\/page"}],"author":[{"embeddable":true,"href":"https:\/\/agora.xtec.cat\/colribas\/wp-json\/wp\/v2\/users\/1"}],"replies":[{"embeddable":true,"href":"https:\/\/agora.xtec.cat\/colribas\/wp-json\/wp\/v2\/comments?post=416"}],"version-history":[{"count":3,"href":"https:\/\/agora.xtec.cat\/colribas\/wp-json\/wp\/v2\/pages\/416\/revisions"}],"predecessor-version":[{"id":5465,"href":"https:\/\/agora.xtec.cat\/colribas\/wp-json\/wp\/v2\/pages\/416\/revisions\/5465"}],"up":[{"embeddable":true,"href":"https:\/\/agora.xtec.cat\/colribas\/wp-json\/wp\/v2\/pages\/19"}],"wp:attachment":[{"href":"https:\/\/agora.xtec.cat\/colribas\/wp-json\/wp\/v2\/media?parent=416"}],"curies":[{"name":"wp","href":"https:\/\/api.w.org\/{rel}","templated":true}]}}