{"id":2346,"date":"2020-02-13T11:14:52","date_gmt":"2020-02-13T10:14:52","guid":{"rendered":"http:\/\/agora.xtec.cat\/colribas\/?page_id=2346"},"modified":"2024-02-09T10:21:59","modified_gmt":"2024-02-09T09:21:59","slug":"experimentacio-i-impuls-per-la-ciencia","status":"publish","type":"page","link":"https:\/\/agora.xtec.cat\/colribas\/estudis\/experimentacio-i-impuls-per-la-ciencia\/","title":{"rendered":"Experimentaci\u00f3 i Impuls per la Ci\u00e8ncia"},"content":{"rendered":"<p style=\"text-align: justify;\"><span style=\"font-family: 'book antiqua', palatino, serif; font-size: 20px;\">La nostra escola creu indispensable despertar l\u2019inter\u00e8s per la Ci\u00e8ncia des de\u00a0 les etapes m\u00e9s primerenques de la inf\u00e0ncia. Tenir una formaci\u00f3 cient\u00edfica i tecnol\u00f2gica, \u00e9s important per entendre el m\u00f3n i el seu funcionament. <\/span><\/p>\n<p style=\"text-align: justify;\"><span style=\"font-family: 'book antiqua', palatino, serif; font-size: 20px;\">El nostres objectius s\u00f3n:<\/span><\/p>\n<ul style=\"text-align: justify;\">\n<li><span style=\"font-family: 'book antiqua', palatino, serif; font-size: 20px;\">Formar persones amb uns coneixements i habilitats que els hi permetin buscar respostes innovadores en una societat canviant.<\/span><\/li>\n<li><span style=\"font-family: 'book antiqua', palatino, serif; font-size: 20px;\">Desenvolupar el pensament i raonament cient\u00edfic, creant situacions on l\u2019alumnat sigui el protagonista del seu propi aprenentatge i sigui capa\u00e7 d\u2019aprendre d\u2019una manera aut\u00f2noma i buscar solucions als problemes de la vida real.<\/span><\/li>\n<li><span style=\"font-family: 'book antiqua', palatino, serif; font-size: 20px;\">Treballar per donar una formaci\u00f3 cient\u00edfica de qualitat, aconseguint un aprenentatge significatiu.<\/span><\/li>\n<\/ul>\n<p style=\"text-align: justify;\"><span style=\"font-family: 'book antiqua', palatino, serif; font-size: 20px;\">Per nosaltres \u00e9s prioritari l\u2019impuls per les Ci\u00e8ncies apropant-les mitjan\u00e7ant l\u2019experimentaci\u00f3 i\u00a0 la investigaci\u00f3 amb diferents pr\u00e0ctiques, despertant l\u2019inter\u00e8s i el gust per les Ci\u00e8ncies i aix\u00ed contribuir en la formaci\u00f3 de futurs professionals d\u2019aquestes branques del coneixement.<\/span><\/p>\n<p style=\"text-align: justify;\"><span style=\"font-family: 'book antiqua', palatino, serif; font-size: 20px;\">Comencem a l\u2019etapa d\u2019Infantil amb petits experiments relacionats amb la vida quotidiana dins dels projectes globals que es treballen familiaritzant-los amb l&#8217;observaci\u00f3, la recollida de dades, l&#8217;an\u00e0lisi i l&#8217;extracci\u00f3 de petites conclusions entre tots plegats.<\/span><\/p>\n<p style=\"text-align: justify;\"><span style=\"font-family: 'book antiqua', palatino, serif; font-size: 20px;\">Continuem a l\u2019etapa de Prim\u00e0ria amb el desenvolupament dels continguts curriculars dins de l\u2019\u00e0rea de Coneixement del Medi Natural, Social i Cultural, emprant una metodologia activa i experimental, potenciant el treball cooperatiu. Introdu\u00efm pr\u00e0ctiques al laboratori i aix\u00ed es familiaritzen amb el material i la metodologia.<\/span><\/p>\n<p style=\"text-align: justify;\"><span style=\"font-family: 'book antiqua', palatino, serif; font-size: 20px;\">Finalitzem a l\u2019etapa de Secund\u00e0ria amb una sistematitzaci\u00f3 de les pr\u00e0ctiques de laboratori i un aprofundiment del treball cient\u00edfic experimental dins de les assignatures de Biologia i Geologia, F\u00edsica i Qu\u00edmica. \u00c9s important continuar potenciant el treball cooperatiu, estimulant la creativitat i innovaci\u00f3, i a la vegada impulsant el rigor cient\u00edfic, emprant metodologies que despertin l\u2019inter\u00e8s per la Ci\u00e8ncia. L\u2019alumnat ha de ser capa\u00e7 de fer deduccions, exercitant les seves habilitats i estrat\u00e8gies\u00a0 per deduir i crear les seves hip\u00f2tesis davant un fet.<\/span><\/p>\n<p style=\"text-align: justify;\"><span style=\"font-family: 'book antiqua', palatino, serif; font-size: 20px;\">Completem aquest impuls per la ci\u00e8ncia amb el Taller STEAM (Science, Technology, Engineering, Arts and Mathematics) en totes les etapes educatives. Es tracta d\u2019un taller totalment experimental que pret\u00e9n un enfocament interdisciplinari del proc\u00e9s d\u2019ensenyament i aprenentatge en un context real i proper.<\/span><\/p>\n","protected":false},"excerpt":{"rendered":"<p>La nostra escola creu indispensable despertar l\u2019inter\u00e8s per la Ci\u00e8ncia des de\u00a0 les etapes m\u00e9s primerenques de la inf\u00e0ncia. Tenir una formaci\u00f3 cient\u00edfica i tecnol\u00f2gica, \u00e9s important per entendre el m\u00f3n i el seu funcionament.<br \/>\nEl nostres objectius s\u00f3n:<\/p>\n<ul style=\"text-align: justify;\">\n<li>Formar persones amb uns coneixements&hellip;  <a href=\"https:\/\/agora.xtec.cat\/colribas\/estudis\/experimentacio-i-impuls-per-la-ciencia\/\" title=\"Read Experimentaci\u00f3 i Impuls per la Ci\u00e8ncia\">Llegeix m\u00e9s\u00bb<\/a><br \/>\n","protected":false},"author":1,"featured_media":0,"parent":195,"menu_order":5,"comment_status":"closed","ping_status":"closed","template":"page-templates\/side-menu.php","meta":{"_bbp_topic_count":0,"_bbp_reply_count":0,"_bbp_total_topic_count":0,"_bbp_total_reply_count":0,"_bbp_voice_count":0,"_bbp_anonymous_reply_count":0,"_bbp_topic_count_hidden":0,"_bbp_reply_count_hidden":0,"_bbp_forum_subforum_count":0,"footnotes":""},"class_list":["post-2346","page","type-page","status-publish","hentry"],"post_mailing_queue_ids":[],"_links":{"self":[{"href":"https:\/\/agora.xtec.cat\/colribas\/wp-json\/wp\/v2\/pages\/2346","targetHints":{"allow":["GET"]}}],"collection":[{"href":"https:\/\/agora.xtec.cat\/colribas\/wp-json\/wp\/v2\/pages"}],"about":[{"href":"https:\/\/agora.xtec.cat\/colribas\/wp-json\/wp\/v2\/types\/page"}],"author":[{"embeddable":true,"href":"https:\/\/agora.xtec.cat\/colribas\/wp-json\/wp\/v2\/users\/1"}],"replies":[{"embeddable":true,"href":"https:\/\/agora.xtec.cat\/colribas\/wp-json\/wp\/v2\/comments?post=2346"}],"version-history":[{"count":6,"href":"https:\/\/agora.xtec.cat\/colribas\/wp-json\/wp\/v2\/pages\/2346\/revisions"}],"predecessor-version":[{"id":6212,"href":"https:\/\/agora.xtec.cat\/colribas\/wp-json\/wp\/v2\/pages\/2346\/revisions\/6212"}],"up":[{"embeddable":true,"href":"https:\/\/agora.xtec.cat\/colribas\/wp-json\/wp\/v2\/pages\/195"}],"wp:attachment":[{"href":"https:\/\/agora.xtec.cat\/colribas\/wp-json\/wp\/v2\/media?parent=2346"}],"curies":[{"name":"wp","href":"https:\/\/api.w.org\/{rel}","templated":true}]}}