{"id":195,"date":"2014-09-22T10:39:39","date_gmt":"2014-09-22T10:39:39","guid":{"rendered":"http:\/\/agora.xtec.cat\/colribas\/?page_id=195"},"modified":"2020-03-02T10:49:01","modified_gmt":"2020-03-02T09:49:01","slug":"estudis","status":"publish","type":"page","link":"https:\/\/agora.xtec.cat\/colribas\/estudis\/","title":{"rendered":"Oferta educativa"},"content":{"rendered":"<p><span style=\"font-family: 'book antiqua', palatino, serif; font-size: 24px;\">L&#8217;Escola Ribas som un centre d&#8217;una \u00fanica l\u00ednia que imparteix les seg\u00fcents etapes educatives:<\/span><\/p>\n<p><span style=\"font-family: 'book antiqua', palatino, serif; font-size: 24px;\">&#8211;<strong>Educaci\u00f3 Infantil:<\/strong> dels 3 als 6 anys.<\/span><\/p>\n<p><span style=\"font-family: 'book antiqua', palatino, serif; font-size: 24px;\">&#8211;<strong>Educaci\u00f3 Prim\u00e0ria:<\/strong> dels 6 als 12 anys.<\/span><\/p>\n<p><span style=\"font-family: 'book antiqua', palatino, serif; font-size: 24px;\">&#8211;<strong>Educaci\u00f3 Secund\u00e0ria:<\/strong> dels 12 als 16 anys.<\/span><\/p>\n","protected":false},"excerpt":{"rendered":"<p>L&#8217;Escola Ribas som un centre d&#8217;una \u00fanica l\u00ednia que imparteix les seg\u00fcents etapes educatives:<br \/>\n&#8211;Educaci\u00f3 Infantil: dels 3 als 6 anys.<br \/>\n&#8211;Educaci\u00f3 Prim\u00e0ria: dels 6 als 12 anys.<br \/>\n&#8211;Educaci\u00f3 Secund\u00e0ria: dels 12 als 16 anys.<\/p>\n","protected":false},"author":1,"featured_media":0,"parent":0,"menu_order":0,"comment_status":"closed","ping_status":"closed","template":"page-templates\/side-menu.php","meta":{"_bbp_topic_count":0,"_bbp_reply_count":0,"_bbp_total_topic_count":0,"_bbp_total_reply_count":0,"_bbp_voice_count":0,"_bbp_anonymous_reply_count":0,"_bbp_topic_count_hidden":0,"_bbp_reply_count_hidden":0,"_bbp_forum_subforum_count":0,"footnotes":""},"class_list":["post-195","page","type-page","status-publish","hentry"],"post_mailing_queue_ids":[],"_links":{"self":[{"href":"https:\/\/agora.xtec.cat\/colribas\/wp-json\/wp\/v2\/pages\/195","targetHints":{"allow":["GET"]}}],"collection":[{"href":"https:\/\/agora.xtec.cat\/colribas\/wp-json\/wp\/v2\/pages"}],"about":[{"href":"https:\/\/agora.xtec.cat\/colribas\/wp-json\/wp\/v2\/types\/page"}],"author":[{"embeddable":true,"href":"https:\/\/agora.xtec.cat\/colribas\/wp-json\/wp\/v2\/users\/1"}],"replies":[{"embeddable":true,"href":"https:\/\/agora.xtec.cat\/colribas\/wp-json\/wp\/v2\/comments?post=195"}],"version-history":[{"count":3,"href":"https:\/\/agora.xtec.cat\/colribas\/wp-json\/wp\/v2\/pages\/195\/revisions"}],"predecessor-version":[{"id":2406,"href":"https:\/\/agora.xtec.cat\/colribas\/wp-json\/wp\/v2\/pages\/195\/revisions\/2406"}],"wp:attachment":[{"href":"https:\/\/agora.xtec.cat\/colribas\/wp-json\/wp\/v2\/media?parent=195"}],"curies":[{"name":"wp","href":"https:\/\/api.w.org\/{rel}","templated":true}]}}