{"id":1905,"date":"2020-01-16T17:20:55","date_gmt":"2020-01-16T16:20:55","guid":{"rendered":"http:\/\/agora.xtec.cat\/colribas\/?page_id=1905"},"modified":"2020-10-15T08:19:00","modified_gmt":"2020-10-15T06:19:00","slug":"orientacio-psicopedagogica","status":"publish","type":"page","link":"https:\/\/agora.xtec.cat\/colribas\/serveis\/orientacio-psicopedagogica\/","title":{"rendered":"Orientaci\u00f3 Psicopedag\u00f2gica"},"content":{"rendered":"<p style=\"text-align: justify;\"><span style=\"font-family: 'book antiqua', palatino, serif; font-size: 20px;\">L\u2019equip psicopedag\u00f2gic del centre realitza el seguiment de l\u2019alumnat en les etapes d\u2019Educaci\u00f3 Infantil, Prim\u00e0ria i Secund\u00e0ria i t\u00e9 com a objectiu atendre les necessitats de tots aquells aspectes que intervenen en el seu desenvolupament escolar mitjan\u00e7ant la prevenci\u00f3, detecci\u00f3 i intervenci\u00f3 de dificultats, a m\u00e9s a m\u00e9s de donar suport en la seva orientaci\u00f3 vocacional un cop finalitzen l\u2019etapa de l\u2019ESO.<\/span><\/p>\n<p style=\"text-align: justify;\"><span style=\"font-family: 'book antiqua', palatino, serif; font-size: 20px;\">Tot aix\u00f2 es realitza en col\u00b7laboraci\u00f3 amb el personal docent i les fam\u00edlies.<\/span><\/p>\n<p style=\"text-align: justify;\"><span style=\"font-family: 'book antiqua', palatino, serif; font-size: 20px;\">Els serveis que aquest departament ofereix s\u00f3n els seg\u00fcents:<\/span><\/p>\n<p style=\"text-align: justify;\"><span style=\"font-size: 20px;\"><strong><span style=\"font-family: 'book antiqua', palatino, serif;\">Valoraci\u00f3 i Orientaci\u00f3:<\/span><\/strong><\/span><\/p>\n<ul style=\"text-align: justify;\">\n<li><span style=\"font-family: 'book antiqua', palatino, serif; font-size: 20px;\">Aplicaci\u00f3 i realitzaci\u00f3 de proves psicopedag\u00f2giques i tasques d\u2019observaci\u00f3 a l\u2019alumnat que ho necessiti.<\/span><\/li>\n<\/ul>\n<ul style=\"text-align: justify;\">\n<li><span style=\"font-family: 'book antiqua', palatino, serif; font-size: 20px;\">Proves col\u00b7lectives per a l\u2019avaluaci\u00f3 de diferents \u00e0rees, segons es precisi en cada moment evolutiu.<\/span><\/li>\n<\/ul>\n<p style=\"text-align: justify;\"><span style=\"font-size: 20px;\"><strong><span style=\"font-family: 'book antiqua', palatino, serif;\">Suport psicopedag\u00f2gic i atenci\u00f3 a la diversitat:<\/span><\/strong><\/span><\/p>\n<ul style=\"text-align: justify;\">\n<li><span style=\"font-family: 'book antiqua', palatino, serif; font-size: 20px;\">Facilitar pautes i mesures de tipus universal, addicionals i intensives als mestres i a les fam\u00edlies quan sigui necessari.<\/span><\/li>\n<li><span style=\"font-family: 'book antiqua', palatino, serif; font-size: 20px;\">Prevenir i detectar possibles dificultats d\u2019adaptaci\u00f3, llenguatge, comportament i acad\u00e8miques mitjan\u00e7ant la coordinaci\u00f3 amb el tutor.<\/span><\/li>\n<li><span style=\"font-family: 'book antiqua', palatino, serif; font-size: 20px;\">Seguiment amb els tutors i les fam\u00edlies al llarg de la seva etapa educativa dels alumnes amb necessitats.<\/span><\/li>\n<\/ul>\n<p style=\"text-align: justify;\"><span style=\"font-size: 20px;\"><strong><span style=\"font-family: 'book antiqua', palatino, serif;\">Adaptacions curriculars individualitzades:<\/span><\/strong><\/span><\/p>\n<ul style=\"text-align: justify;\">\n<li><span style=\"font-family: 'book antiqua', palatino, serif; font-size: 20px;\">Col\u00b7laboraci\u00f3 amb el tutor\/a en l\u2019elaboraci\u00f3 dels Plans Individualitzats.<\/span><\/li>\n<li><span style=\"font-family: 'book antiqua', palatino, serif; font-size: 20px;\">Refor\u00e7ament i treball individualitzat amb alumnes de Secund\u00e0ria que tenen adaptacions curriculars.<\/span><\/li>\n<\/ul>\n<p style=\"text-align: justify;\"><span style=\"font-size: 20px;\"><strong><span style=\"font-family: 'book antiqua', palatino, serif;\">Orientaci\u00f3 en interessos professionals:<\/span><\/strong><\/span><\/p>\n<ul style=\"text-align: justify;\">\n<li><span style=\"font-family: 'book antiqua', palatino, serif; font-size: 20px;\">Passar proves destinades a trobar els estudis i professions que m\u00e9s s\u2019adapten als interessos i personalitat de l\u2019alumne, elaborant un informe per la fam\u00edlia.<\/span><\/li>\n<\/ul>\n<p style=\"text-align: justify;\"><span style=\"font-family: 'book antiqua', palatino, serif; font-size: 20px;\">Tot aix\u00f2, en col\u00b7laboraci\u00f3 i coordinaci\u00f3 amb centres externs i l\u2019EAP sempre que sigui necessari.<\/span><\/p>\n","protected":false},"excerpt":{"rendered":"<p>L\u2019equip psicopedag\u00f2gic del centre realitza el seguiment de l\u2019alumnat en les etapes d\u2019Educaci\u00f3 Infantil, Prim\u00e0ria i Secund\u00e0ria i t\u00e9 com a objectiu atendre les necessitats de tots aquells aspectes que intervenen en el seu desenvolupament escolar mitjan\u00e7ant la prevenci\u00f3, detecci\u00f3 i intervenci\u00f3 de dificultats, a&hellip;  <a href=\"https:\/\/agora.xtec.cat\/colribas\/serveis\/orientacio-psicopedagogica\/\" title=\"Read Orientaci\u00f3 Psicopedag\u00f2gica\">Llegeix m\u00e9s\u00bb<\/a><\/p>\n","protected":false},"author":1,"featured_media":0,"parent":63,"menu_order":6,"comment_status":"closed","ping_status":"closed","template":"page-templates\/side-menu.php","meta":{"_bbp_topic_count":0,"_bbp_reply_count":0,"_bbp_total_topic_count":0,"_bbp_total_reply_count":0,"_bbp_voice_count":0,"_bbp_anonymous_reply_count":0,"_bbp_topic_count_hidden":0,"_bbp_reply_count_hidden":0,"_bbp_forum_subforum_count":0,"footnotes":""},"class_list":["post-1905","page","type-page","status-publish","hentry"],"post_mailing_queue_ids":[],"_links":{"self":[{"href":"https:\/\/agora.xtec.cat\/colribas\/wp-json\/wp\/v2\/pages\/1905","targetHints":{"allow":["GET"]}}],"collection":[{"href":"https:\/\/agora.xtec.cat\/colribas\/wp-json\/wp\/v2\/pages"}],"about":[{"href":"https:\/\/agora.xtec.cat\/colribas\/wp-json\/wp\/v2\/types\/page"}],"author":[{"embeddable":true,"href":"https:\/\/agora.xtec.cat\/colribas\/wp-json\/wp\/v2\/users\/1"}],"replies":[{"embeddable":true,"href":"https:\/\/agora.xtec.cat\/colribas\/wp-json\/wp\/v2\/comments?post=1905"}],"version-history":[{"count":4,"href":"https:\/\/agora.xtec.cat\/colribas\/wp-json\/wp\/v2\/pages\/1905\/revisions"}],"predecessor-version":[{"id":2964,"href":"https:\/\/agora.xtec.cat\/colribas\/wp-json\/wp\/v2\/pages\/1905\/revisions\/2964"}],"up":[{"embeddable":true,"href":"https:\/\/agora.xtec.cat\/colribas\/wp-json\/wp\/v2\/pages\/63"}],"wp:attachment":[{"href":"https:\/\/agora.xtec.cat\/colribas\/wp-json\/wp\/v2\/media?parent=1905"}],"curies":[{"name":"wp","href":"https:\/\/api.w.org\/{rel}","templated":true}]}}