{"id":1904,"date":"2020-01-16T17:20:55","date_gmt":"2020-01-16T16:20:55","guid":{"rendered":"http:\/\/agora.xtec.cat\/colribas\/?page_id=1904"},"modified":"2020-03-02T10:51:41","modified_gmt":"2020-03-02T09:51:41","slug":"educacio-secundaria","status":"publish","type":"page","link":"https:\/\/agora.xtec.cat\/colribas\/estudis\/educacio-secundaria\/","title":{"rendered":"Educaci\u00f3 Secund\u00e0ria"},"content":{"rendered":"<p style=\"text-align: center;\"><span style=\"font-family: helvetica, arial, sans-serif; font-size: 32px;\"><em>Consolidem els coneixements i ens projectem cap al futur<\/em><\/span><\/p>\n<p><span style=\"font-family: 'book antiqua', palatino, serif; font-size: 20px;\"><b>OBJECTIUS D&#8217;APRENENTATGE<\/b><\/span><\/p>\n<p><span style=\"font-family: 'book antiqua', palatino, serif; font-size: 20px;\"><span style=\"font-weight: 400;\"><span style=\"font-weight: 400;\">-A<\/span>dquirir les compet\u00e8ncies b\u00e0siques per tal que els alumnes entenguin el m\u00f3n i esdevinguin persones capaces d\u2019intervenir activament i amb criteri en la societat plural.<br \/>\n<\/span>-Potenciar l\u2019autonomia de l\u2019alumne.<br \/>\n-Millorar la capacitat comunicativa de l\u2019alumnat.<br \/>\n-Con\u00e8ixer i expressar-se de manera adequada en una o m\u00e9s lleng\u00fces estrangeres.<br \/>\n<span style=\"font-weight: 400;\"><span style=\"font-weight: 400;\">-C<\/span><\/span>omprendre que el coneixement cient\u00edfic \u00e9s un saber integrat que s\u2019estructura en diverses disciplines. Aplicar els m\u00e8todes de la ci\u00e8ncia per identificar problemes en diferents \u00e0mbits.<br \/>\n<span style=\"font-weight: 400;\"><span style=\"font-weight: 400;\">-A<\/span><\/span>prendre a conviure recorrent al di\u00e0leg com a base d\u2019una conviv\u00e8ncia tolerant i respectuosa.<\/span><\/p>\n<p><span style=\"font-family: 'book antiqua', palatino, serif; font-size: 20px;\"><b>COM ELS ACONSEGUIM?<\/b><\/span><\/p>\n<ul>\n<li><span style=\"font-family: 'book antiqua', palatino, serif; font-size: 20px;\"><b>Metodologia diversa i innovadora<\/b><\/span><\/li>\n<\/ul>\n<p style=\"text-align: justify;\"><span style=\"font-weight: 400; font-family: 'book antiqua', palatino, serif; font-size: 20px;\">La valoraci\u00f3 del nostre alumnat es realitza a trav\u00e9s d\u2019una avaluaci\u00f3 cont\u00ednua on es t\u00e9 en compte els seg\u00fcents aspectes: treball diari, esfor\u00e7 i const\u00e0ncia.<\/span><\/p>\n<p style=\"text-align: justify;\"><span style=\"font-family: 'book antiqua', palatino, serif; font-size: 20px;\"><span style=\"font-weight: 400;\">Apliquem una metodologia motivadora i innovadora per aconseguir\u00a0 els nostres objectius: l\u2019<\/span><span style=\"font-weight: 400;\">aprenentatge cooperatiu com el treball en equip, exposicions orals, gravaci\u00f3 de v\u00eddeos, booktrailers, representaci\u00f3 d\u2019obres de teatre, debats&#8230;\u00a0<\/span><\/span><\/p>\n<p style=\"text-align: justify;\"><span style=\"font-family: 'book antiqua', palatino, serif; font-size: 20px;\"><span style=\"font-weight: 400;\">Realitzem projectes en continguts d\u2019algunes \u00e0rees que es<\/span><span style=\"font-weight: 400;\"> basen en la investigaci\u00f3, reflexi\u00f3 i ampliaci\u00f3 dels coneixements de forma interdisciplinar sobre temes del seu inter\u00e8s i de l\u2019entorn.\u00a0<\/span><\/span><\/p>\n<p style=\"text-align: justify;\"><span style=\"font-weight: 400; font-family: 'book antiqua', palatino, serif; font-size: 20px;\">Participem en el projecte eTwinning, que pertany al programa Erasmus. En aquest projecte internacional, els nostres alumnes aprenen, es relacionen i posen en pr\u00e0ctica els seus coneixements, col.laborant amb alumnes d\u2019altres escoles europees.<\/span><\/p>\n<ul>\n<li><span style=\"font-family: 'book antiqua', palatino, serif; font-size: 20px;\"><b>Atenci\u00f3 individualitzada<\/b><\/span><\/li>\n<\/ul>\n<p style=\"text-align: justify;\"><span style=\"font-weight: 400; font-family: 'book antiqua', palatino, serif; font-size: 20px;\">Organitzem i gestionem espais de treball per afavorir als alumnes que presenten dificultats en l&#8217;aprenentatge. L\u2019equip psicopedag\u00f2gic t\u00e9 com a objectiu atendre les necessitats de tots aquells aspectes que intervenen en el seu desenvolupament escolar mitjan\u00e7ant la prevenci\u00f3, detecci\u00f3 i intervenci\u00f3 de dificultats.<\/span><\/p>\n<ul>\n<li><span style=\"font-family: 'book antiqua', palatino, serif; font-size: 20px;\"><b>Acci\u00f3 tutorial<\/b><\/span><\/li>\n<\/ul>\n<p><span style=\"font-weight: 400; font-family: 'book antiqua', palatino, serif; font-size: 20px;\">Orientar i acompanyar l\u2019alumne durant tota l\u2019etapa, tant des del punt de vista acad\u00e8mic com personal.<\/span><\/p>\n<p style=\"text-align: justify;\">\n","protected":false},"excerpt":{"rendered":"<p>Consolidem els coneixements i ens projectem cap al futur<br \/>\nOBJECTIUS D&#8217;APRENENTATGE<br \/>\n-Adquirir les compet\u00e8ncies b\u00e0siques per tal que els alumnes entenguin el m\u00f3n i esdevinguin persones capaces d\u2019intervenir activament i amb criteri en la societat plural.<br \/>\n-Potenciar l\u2019autonomia de l\u2019alumne.<br \/>\n-Millorar la capacitat comunicativa de l\u2019alumnat.<br \/>\n-Con\u00e8ixer i expressar-se de&hellip;  <a href=\"https:\/\/agora.xtec.cat\/colribas\/estudis\/educacio-secundaria\/\" title=\"Read Educaci\u00f3 Secund\u00e0ria\">Llegeix m\u00e9s\u00bb<\/a><\/p>\n","protected":false},"author":1,"featured_media":0,"parent":195,"menu_order":3,"comment_status":"closed","ping_status":"closed","template":"page-templates\/side-menu.php","meta":{"_bbp_topic_count":0,"_bbp_reply_count":0,"_bbp_total_topic_count":0,"_bbp_total_reply_count":0,"_bbp_voice_count":0,"_bbp_anonymous_reply_count":0,"_bbp_topic_count_hidden":0,"_bbp_reply_count_hidden":0,"_bbp_forum_subforum_count":0,"footnotes":""},"class_list":["post-1904","page","type-page","status-publish","hentry"],"post_mailing_queue_ids":[],"_links":{"self":[{"href":"https:\/\/agora.xtec.cat\/colribas\/wp-json\/wp\/v2\/pages\/1904","targetHints":{"allow":["GET"]}}],"collection":[{"href":"https:\/\/agora.xtec.cat\/colribas\/wp-json\/wp\/v2\/pages"}],"about":[{"href":"https:\/\/agora.xtec.cat\/colribas\/wp-json\/wp\/v2\/types\/page"}],"author":[{"embeddable":true,"href":"https:\/\/agora.xtec.cat\/colribas\/wp-json\/wp\/v2\/users\/1"}],"replies":[{"embeddable":true,"href":"https:\/\/agora.xtec.cat\/colribas\/wp-json\/wp\/v2\/comments?post=1904"}],"version-history":[{"count":4,"href":"https:\/\/agora.xtec.cat\/colribas\/wp-json\/wp\/v2\/pages\/1904\/revisions"}],"predecessor-version":[{"id":2337,"href":"https:\/\/agora.xtec.cat\/colribas\/wp-json\/wp\/v2\/pages\/1904\/revisions\/2337"}],"up":[{"embeddable":true,"href":"https:\/\/agora.xtec.cat\/colribas\/wp-json\/wp\/v2\/pages\/195"}],"wp:attachment":[{"href":"https:\/\/agora.xtec.cat\/colribas\/wp-json\/wp\/v2\/media?parent=1904"}],"curies":[{"name":"wp","href":"https:\/\/api.w.org\/{rel}","templated":true}]}}